{"id":7068,"date":"2022-02-23T19:05:10","date_gmt":"2022-02-23T19:05:10","guid":{"rendered":"https:\/\/mundo.seashell.pt\/?post_type=product&#038;p=7068"},"modified":"2022-02-23T19:05:12","modified_gmt":"2022-02-23T19:05:12","slug":"pato-discos-ativos","status":"publish","type":"product","link":"https:\/\/mundo.seashell.pt\/?product=pato-discos-ativos","title":{"rendered":"Pato Discos Ativos"},"content":{"rendered":"<p>Preocupado com os blocos sanit\u00e1rios tradicionais que acumulam germes? Pato\u00ae Discos Activos \u00e9 a solu\u00e7\u00e3o! Com uma f\u00f3rmula \u00e0 base de gel que adere \u00e0 sanita, os discos ativos impedem a forma\u00e7\u00e3o de manchas de calc\u00e1rio e focos de germes. Basta colar um disco para manter a sanita limpa e com um perfume fresco. Sem tocar na sanita ou esfregar, apenas uma a\u00e7\u00e3o refrescante autom\u00e1tica a cada descarga. F\u00e1cil, n\u00e3o \u00e9?<\/p>\n<h3>Benef\u00edcios:<\/h3>\n<p>&#8211; Frescura a cada descarga;<br \/>&#8211; Frag\u00e2ncia fresca e duradoura;<br \/>&#8211; N\u00e3o acumula germes nem forma manchas.<\/p>\n<h3>Conselhos de utiliza\u00e7\u00e3o:<\/h3>\n<p>Alinhe o bot\u00e3o maior da recarga com os orif\u00edcios do dispensador. Insira at\u00e9 o bot\u00e3o fazer um \u2018click\u2019 no primeiro orif\u00edcio. Retire a tampa e mantenha. Coloque a abertura do aplicador de gel de encontro \u00e0 parede interna da sanita, onde a \u00e1gua cai quando se aciona o autoclismo. Mantenha o bot\u00e3o pressionado enquanto empurra o cabo contra a parede interna da sanita at\u00e9 que o bot\u00e3o entre no orif\u00edcio seguinte. Retire o dispensador e o disco de gel vai ficar depositado na sanita. Recoloque a tampa firmemente. Acione o autoclismo para ativar o disco de gel. Guarde o dispensador.<\/p>\n<p><\/p>\n<p><\/p>\n","protected":false},"excerpt":{"rendered":"<p>Preocupado com os blocos sanit\u00e1rios tradicionais que acumulam germes? Pato\u00ae Discos Activos \u00e9 a solu\u00e7\u00e3o! Com uma f\u00f3rmula \u00e0 base de gel que adere \u00e0 sanita, os discos ativos impedem a forma\u00e7\u00e3o de manchas de calc\u00e1rio e focos de germes. Basta colar um disco para manter a sanita limpa e com um perfume fresco. Sem tocar na sanita ou esfregar, apenas&#8230;<\/p>\n","protected":false},"featured_media":7069,"template":"","meta":{"spay_email":""},"product_cat":[15],"product_tag":[],"class_list":{"0":"post-7068","1":"product","2":"type-product","3":"status-publish","4":"has-post-thumbnail","6":"product_cat-sem-categoria","8":"first","9":"instock","10":"taxable","11":"shipping-taxable","12":"purchasable","13":"product-type-simple"},"acf":[],"jetpack-related-posts":[{"id":7062,"url":"https:\/\/mundo.seashell.pt\/?product=sonasol-poder-ativo","url_meta":{"origin":7068,"position":0},"title":"Sonasol Poder Ativo","date":"Fevereiro 23, 2022","format":false,"excerpt":"Frag\u00e2ncia e perfume intensos da primeira \u00e0 \u00faltima descarga.Benef\u00edcios: - Limpeza profunda a cada descarga;- Previne a forma\u00e7\u00e3o de calc\u00e1rio;- Combate a acumula\u00e7\u00e3o de manchas;- Perfume fresco e muito agrad\u00e1vel a cada descarga. Conselhos de utiliza\u00e7\u00e3o: Basta colocar o suporte no rebordo da sanita.","rel":"","context":"Similar post","img":{"alt_text":"","src":"https:\/\/i0.wp.com\/mundo.seashell.pt\/wp-content\/uploads\/2022\/02\/4798956-frente.jpeg?resize=350%2C200&ssl=1","width":350,"height":200},"classes":[]},{"id":6319,"url":"https:\/\/mundo.seashell.pt\/?product=domestos-lixivia-espessa-075l","url_meta":{"origin":7068,"position":1},"title":"Domestos Lix\u00edvia Espessa 750ml","date":"Fevereiro 23, 2022","format":false,"excerpt":"Domestos lix\u00edvia espessa foi desenvolvida para garantir um prote\u00e7\u00e3o mais duradoura contra os germes, juntamente com um a\u00e7\u00e3o de limpeza profunda. Tipo de produto: Lix\u00edvia Gel Benef\u00edcios: - Desinfecta, limpa e d\u00e1 frescura;- Prote\u00e7\u00e3o e elimina\u00e7\u00e3o mais duradoura de germes;- Remo\u00e7\u00e3o de manchas. Conse...","rel":"","context":"Similar post","img":{"alt_text":"","src":"https:\/\/i0.wp.com\/mundo.seashell.pt\/wp-content\/uploads\/2022\/02\/DOMESTOS_LIXI_VIA_ESPESSA_-_750ml_8410437001082.png?resize=350%2C200&ssl=1","width":350,"height":200},"classes":[]},{"id":7066,"url":"https:\/\/mundo.seashell.pt\/?product=pato-active-clen-blocos-de-sanita","url_meta":{"origin":7068,"position":2},"title":"Pato Active Clean Blocos de Sanita","date":"Fevereiro 23, 2022","format":false,"excerpt":"Pato\u00ae Active Clean proporciona \u00e0 sua sanita uma frescura renovada a cada descarga, combinando a a\u00e7\u00e3o de limpeza da espuma com uma fabulosa fragr\u00e2ncia. Coloque Pato\u00ae Active Clean na sanita para transformar cada descarga numa onda de bolhas que mant\u00e9m a sanita limpa e perfumada at\u00e9 3 semanas. Benef\u00edcios: -\u2026","rel":"","context":"Similar post","img":{"alt_text":"","src":"https:\/\/i0.wp.com\/mundo.seashell.pt\/wp-content\/uploads\/2022\/02\/6826418-frente.jpeg?resize=350%2C200&ssl=1","width":350,"height":200},"classes":[]},{"id":7088,"url":"https:\/\/mundo.seashell.pt\/?product=domestos-abrasivo-sanitario-gel-desinfetante","url_meta":{"origin":7068,"position":3},"title":"Domestos Abrasivo Sanit\u00e1rio Gel Desinfetante","date":"Fevereiro 23, 2022","format":false,"excerpt":"De uso f\u00e1cil e pr\u00e1tico para uma sanita limpa, desinfetada e livre de calc\u00e1rio.Benef\u00edcios: - Prote\u00e7\u00e3o contra o calc\u00e1rio;- Mata os germes, bact\u00e9rias, fungos e v\u00edrus;- Prote\u00e7\u00e3o eficaz da sanita com a sua fun\u00e7\u00e3o multi-jet. Conselhos de utiliza\u00e7\u00e3o: Desenrosque a tampa e coloque o gel de forma continua so...","rel":"","context":"Similar post","img":{"alt_text":"","src":"https:\/\/i0.wp.com\/mundo.seashell.pt\/wp-content\/uploads\/2022\/02\/5620625-frente.jpeg?resize=350%2C200&ssl=1","width":350,"height":200},"classes":[]},{"id":7080,"url":"https:\/\/mundo.seashell.pt\/?product=pato-wc-liquido-750ml","url_meta":{"origin":7068,"position":4},"title":"Pato WC L\u00edquido 750ml","date":"Fevereiro 23, 2022","format":false,"excerpt":"Um melhor alcance debaixo do rebordo da sua sanita para uma limpeza profunda.Descri\u00e7\u00e3o: Limpar a sanita nunca foi t\u00e3o f\u00e1cil, com Pato\u00ae.\u00a0 Combina o efeito branqueador da lix\u00edvia com o poder da espuma num s\u00f3 produto. O formato \u00fanico da sua embalagem permite um melhor alcance debaixo do rebordo da\u2026","rel":"","context":"Similar post","img":{"alt_text":"","src":"https:\/\/i0.wp.com\/mundo.seashell.pt\/wp-content\/uploads\/2022\/02\/314394_3_pato-wc-100-anticalcario-750ml.jpeg?resize=350%2C200&ssl=1","width":350,"height":200},"classes":[]},{"id":6077,"url":"https:\/\/mundo.seashell.pt\/?product=fun-wc-gel-750ml","url_meta":{"origin":7068,"position":5},"title":"Fun WC Gel 750ML","date":"Fevereiro 23, 2022","format":false,"excerpt":"E\u0301 um produto de cor azul, viscoso e perfumado, especialmente concebido para a higienizac\u0327a\u0303o de instalac\u0327o\u0303es sanita\u0301rias Para ale\u0301m do elevado poder de limpeza, deixa um aroma bastante agrada\u0301vel.","rel":"","context":"Similar post","img":{"alt_text":"","src":"https:\/\/i0.wp.com\/mundo.seashell.pt\/wp-content\/uploads\/2022\/02\/FUN_WC_GEL_750ML_PhotoRoom_20210402_103426.jpg?resize=350%2C200&ssl=1","width":350,"height":200},"classes":[]}],"_links":{"self":[{"href":"https:\/\/mundo.seashell.pt\/index.php?rest_route=\/wp\/v2\/product\/7068","targetHints":{"allow":["GET"]}}],"collection":[{"href":"https:\/\/mundo.seashell.pt\/index.php?rest_route=\/wp\/v2\/product"}],"about":[{"href":"https:\/\/mundo.seashell.pt\/index.php?rest_route=\/wp\/v2\/types\/product"}],"wp:featuredmedia":[{"embeddable":true,"href":"https:\/\/mundo.seashell.pt\/index.php?rest_route=\/wp\/v2\/media\/7069"}],"wp:attachment":[{"href":"https:\/\/mundo.seashell.pt\/index.php?rest_route=%2Fwp%2Fv2%2Fmedia&parent=7068"}],"wp:term":[{"taxonomy":"product_cat","embeddable":true,"href":"https:\/\/mundo.seashell.pt\/index.php?rest_route=%2Fwp%2Fv2%2Fproduct_cat&post=7068"},{"taxonomy":"product_tag","embeddable":true,"href":"https:\/\/mundo.seashell.pt\/index.php?rest_route=%2Fwp%2Fv2%2Fproduct_tag&post=7068"}],"curies":[{"name":"wp","href":"https:\/\/api.w.org\/{rel}","templated":true}]}}