{"id":7064,"date":"2022-02-23T19:05:01","date_gmt":"2022-02-23T19:05:01","guid":{"rendered":"https:\/\/mundo.seashell.pt\/?post_type=product&#038;p=7064"},"modified":"2022-02-23T19:05:03","modified_gmt":"2022-02-23T19:05:03","slug":"flor-viva-bloco-sanitario-2x50gr","status":"publish","type":"product","link":"https:\/\/mundo.seashell.pt\/?product=flor-viva-bloco-sanitario-2x50gr","title":{"rendered":"Flor Viva Bloco Sanit\u00e1rio 2x50gr"},"content":{"rendered":"<p>Anti-Calc\u00e1rio<\/p>\n<p>Espuma Ativa<\/p>\n<p>Perfume Fresco e Constante<\/p>\n","protected":false},"excerpt":{"rendered":"<p>Anti-Calc\u00e1rio<br \/>\nEspuma Ativa<br \/>\nPerfume Fresco e Constante<\/p>\n","protected":false},"featured_media":7065,"template":"","meta":{"spay_email":""},"product_cat":[15],"product_tag":[],"class_list":{"0":"post-7064","1":"product","2":"type-product","3":"status-publish","4":"has-post-thumbnail","6":"product_cat-sem-categoria","8":"first","9":"instock","10":"taxable","11":"shipping-taxable","12":"purchasable","13":"product-type-simple"},"acf":[],"jetpack-related-posts":[{"id":7068,"url":"https:\/\/mundo.seashell.pt\/?product=pato-discos-ativos","url_meta":{"origin":7064,"position":0},"title":"Pato Discos Ativos","date":"Fevereiro 23, 2022","format":false,"excerpt":"Preocupado com os blocos sanit\u00e1rios tradicionais que acumulam germes? Pato\u00ae Discos Activos \u00e9 a solu\u00e7\u00e3o! Com uma f\u00f3rmula \u00e0 base de gel que adere \u00e0 sanita, os discos ativos impedem a forma\u00e7\u00e3o de manchas de calc\u00e1rio e focos de germes. Basta colar um disco para manter a sanita limpa e\u2026","rel":"","context":"Similar post","img":{"alt_text":"","src":"https:\/\/i0.wp.com\/mundo.seashell.pt\/wp-content\/uploads\/2022\/02\/4905310-frente.jpeg?resize=350%2C200&ssl=1","width":350,"height":200},"classes":[]},{"id":7072,"url":"https:\/\/mundo.seashell.pt\/?product=domestos-power-5-bloco-de-sanita","url_meta":{"origin":7064,"position":1},"title":"Domestos Power 5 Bloco de Sanita","date":"Fevereiro 23, 2022","format":false,"excerpt":"O bloco Domestos Power 5 deixa a sua sanita limpa e brilhante. Mant\u00ea-la fresca e com uma limpeza duradoura nunca foi t\u00e3o f\u00e1cil.Benef\u00edcios: - Preven\u00e7\u00e3o de calc\u00e1rio;- Fragr\u00e2ncia de longa dura\u00e7\u00e3o;- Espuma rica;- Brilho;- Higiene. Conselhos de utiliza\u00e7\u00e3o: Desdobre o gancho, ajuste a altura do gancho...","rel":"","context":"Similar post","img":{"alt_text":"","src":"https:\/\/i0.wp.com\/mundo.seashell.pt\/wp-content\/uploads\/2022\/02\/002240895.jpeg?resize=350%2C200&ssl=1","width":350,"height":200},"classes":[]},{"id":7062,"url":"https:\/\/mundo.seashell.pt\/?product=sonasol-poder-ativo","url_meta":{"origin":7064,"position":2},"title":"Sonasol Poder Ativo","date":"Fevereiro 23, 2022","format":false,"excerpt":"Frag\u00e2ncia e perfume intensos da primeira \u00e0 \u00faltima descarga.Benef\u00edcios: - Limpeza profunda a cada descarga;- Previne a forma\u00e7\u00e3o de calc\u00e1rio;- Combate a acumula\u00e7\u00e3o de manchas;- Perfume fresco e muito agrad\u00e1vel a cada descarga. Conselhos de utiliza\u00e7\u00e3o: Basta colocar o suporte no rebordo da sanita.","rel":"","context":"Similar post","img":{"alt_text":"","src":"https:\/\/i0.wp.com\/mundo.seashell.pt\/wp-content\/uploads\/2022\/02\/4798956-frente.jpeg?resize=350%2C200&ssl=1","width":350,"height":200},"classes":[]},{"id":7066,"url":"https:\/\/mundo.seashell.pt\/?product=pato-active-clen-blocos-de-sanita","url_meta":{"origin":7064,"position":3},"title":"Pato Active Clean Blocos de Sanita","date":"Fevereiro 23, 2022","format":false,"excerpt":"Pato\u00ae Active Clean proporciona \u00e0 sua sanita uma frescura renovada a cada descarga, combinando a a\u00e7\u00e3o de limpeza da espuma com uma fabulosa fragr\u00e2ncia. Coloque Pato\u00ae Active Clean na sanita para transformar cada descarga numa onda de bolhas que mant\u00e9m a sanita limpa e perfumada at\u00e9 3 semanas. Benef\u00edcios: -\u2026","rel":"","context":"Similar post","img":{"alt_text":"","src":"https:\/\/i0.wp.com\/mundo.seashell.pt\/wp-content\/uploads\/2022\/02\/6826418-frente.jpeg?resize=350%2C200&ssl=1","width":350,"height":200},"classes":[]},{"id":7074,"url":"https:\/\/mundo.seashell.pt\/?product=harpic-active-fresh-blocos-de-sanita","url_meta":{"origin":7064,"position":4},"title":"Harpic Active Fresh Blocos de Sanita","date":"Fevereiro 23, 2022","format":false,"excerpt":"Uma sanita brilhante e perfumada a cada descarga, com um bloco sanit\u00e1rio pr\u00e1tico de colocar.Benef\u00edcios: - Efic\u00e1cia e frescura superiores;- Extra brilho;- Remo\u00e7\u00e3o da sujidade;- F\u00f3rmula anticalc\u00e1rio;- Dura\u00e7\u00e3o at\u00e9 4 semanas;- Perfume intenso;- Espuma de limpeza. Conselhos de utiliza\u00e7\u00e3o:","rel":"","context":"Similar post","img":{"alt_text":"","src":"https:\/\/i0.wp.com\/mundo.seashell.pt\/wp-content\/uploads\/2022\/02\/815055_1.jpeg?resize=350%2C200&ssl=1","width":350,"height":200},"classes":[]},{"id":6393,"url":"https:\/\/mundo.seashell.pt\/?product=neoblanc-spray-banho-05l","url_meta":{"origin":7064,"position":5},"title":"Neoblanc Spray Banho 500ml","date":"Fevereiro 23, 2022","format":false,"excerpt":"Gra\u00e7as \u00e0 sua f\u00f3rmula especial com Barreira Antigotas, remove o calc\u00e1rio e previne a sua forma\u00e7\u00e3o, deixando as superf\u00edcies brilhantes por muito tempo. Al\u00e9m disso, a sua utiliza\u00e7\u00e3o \u00e9 segura em elementos cromados e espalha na casa de banho um perfume fresco com notas de eucalipto e menta. Conselhos de\u2026","rel":"","context":"Similar post","img":{"alt_text":"","src":"https:\/\/i0.wp.com\/mundo.seashell.pt\/wp-content\/uploads\/2022\/02\/NEOBLANC_SPRAY_BANHO_500ml_8001480703209.png?resize=350%2C200&ssl=1","width":350,"height":200},"classes":[]}],"_links":{"self":[{"href":"https:\/\/mundo.seashell.pt\/index.php?rest_route=\/wp\/v2\/product\/7064","targetHints":{"allow":["GET"]}}],"collection":[{"href":"https:\/\/mundo.seashell.pt\/index.php?rest_route=\/wp\/v2\/product"}],"about":[{"href":"https:\/\/mundo.seashell.pt\/index.php?rest_route=\/wp\/v2\/types\/product"}],"wp:featuredmedia":[{"embeddable":true,"href":"https:\/\/mundo.seashell.pt\/index.php?rest_route=\/wp\/v2\/media\/7065"}],"wp:attachment":[{"href":"https:\/\/mundo.seashell.pt\/index.php?rest_route=%2Fwp%2Fv2%2Fmedia&parent=7064"}],"wp:term":[{"taxonomy":"product_cat","embeddable":true,"href":"https:\/\/mundo.seashell.pt\/index.php?rest_route=%2Fwp%2Fv2%2Fproduct_cat&post=7064"},{"taxonomy":"product_tag","embeddable":true,"href":"https:\/\/mundo.seashell.pt\/index.php?rest_route=%2Fwp%2Fv2%2Fproduct_tag&post=7064"}],"curies":[{"name":"wp","href":"https:\/\/api.w.org\/{rel}","templated":true}]}}