{"id":7062,"date":"2022-02-23T19:04:59","date_gmt":"2022-02-23T19:04:59","guid":{"rendered":"https:\/\/mundo.seashell.pt\/?post_type=product&#038;p=7062"},"modified":"2022-02-23T19:05:01","modified_gmt":"2022-02-23T19:05:01","slug":"sonasol-poder-ativo","status":"publish","type":"product","link":"https:\/\/mundo.seashell.pt\/?product=sonasol-poder-ativo","title":{"rendered":"Sonasol Poder Ativo"},"content":{"rendered":"<p>Frag\u00e2ncia e perfume intensos da primeira \u00e0 \u00faltima descarga.<\/p>\n<h3>Benef\u00edcios:<\/h3>\n<p>&#8211; Limpeza profunda a cada descarga;<br \/>&#8211; Previne a forma\u00e7\u00e3o de calc\u00e1rio;<br \/>&#8211; Combate a acumula\u00e7\u00e3o de manchas;<br \/>&#8211; Perfume fresco e muito agrad\u00e1vel a cada descarga.<\/p>\n<h3>Conselhos de utiliza\u00e7\u00e3o:<\/h3>\n<p>Basta colocar o suporte no rebordo da sanita.<\/p>\n","protected":false},"excerpt":{"rendered":"<p>Frag\u00e2ncia e perfume intensos da primeira \u00e0 \u00faltima descarga.Benef\u00edcios:<br \/>\n&#8211; Limpeza profunda a cada descarga;- Previne a forma\u00e7\u00e3o de calc\u00e1rio;- Combate a acumula\u00e7\u00e3o de manchas;- Perfume fresco e muito agrad\u00e1vel a cada descarga.<br \/>\nConselhos de utiliza\u00e7\u00e3o:<br \/>\nBasta colocar o suporte no rebordo da sanita.<\/p>\n","protected":false},"featured_media":7063,"template":"","meta":{"spay_email":""},"product_cat":[15],"product_tag":[],"class_list":{"0":"post-7062","1":"product","2":"type-product","3":"status-publish","4":"has-post-thumbnail","6":"product_cat-sem-categoria","8":"first","9":"instock","10":"taxable","11":"shipping-taxable","12":"purchasable","13":"product-type-simple"},"acf":[],"jetpack-related-posts":[{"id":7068,"url":"https:\/\/mundo.seashell.pt\/?product=pato-discos-ativos","url_meta":{"origin":7062,"position":0},"title":"Pato Discos Ativos","date":"Fevereiro 23, 2022","format":false,"excerpt":"Preocupado com os blocos sanit\u00e1rios tradicionais que acumulam germes? Pato\u00ae Discos Activos \u00e9 a solu\u00e7\u00e3o! Com uma f\u00f3rmula \u00e0 base de gel que adere \u00e0 sanita, os discos ativos impedem a forma\u00e7\u00e3o de manchas de calc\u00e1rio e focos de germes. Basta colar um disco para manter a sanita limpa e\u2026","rel":"","context":"Similar post","img":{"alt_text":"","src":"https:\/\/i0.wp.com\/mundo.seashell.pt\/wp-content\/uploads\/2022\/02\/4905310-frente.jpeg?resize=350%2C200&ssl=1","width":350,"height":200},"classes":[]},{"id":7066,"url":"https:\/\/mundo.seashell.pt\/?product=pato-active-clen-blocos-de-sanita","url_meta":{"origin":7062,"position":1},"title":"Pato Active Clean Blocos de Sanita","date":"Fevereiro 23, 2022","format":false,"excerpt":"Pato\u00ae Active Clean proporciona \u00e0 sua sanita uma frescura renovada a cada descarga, combinando a a\u00e7\u00e3o de limpeza da espuma com uma fabulosa fragr\u00e2ncia. Coloque Pato\u00ae Active Clean na sanita para transformar cada descarga numa onda de bolhas que mant\u00e9m a sanita limpa e perfumada at\u00e9 3 semanas. Benef\u00edcios: -\u2026","rel":"","context":"Similar post","img":{"alt_text":"","src":"https:\/\/i0.wp.com\/mundo.seashell.pt\/wp-content\/uploads\/2022\/02\/6826418-frente.jpeg?resize=350%2C200&ssl=1","width":350,"height":200},"classes":[]},{"id":7074,"url":"https:\/\/mundo.seashell.pt\/?product=harpic-active-fresh-blocos-de-sanita","url_meta":{"origin":7062,"position":2},"title":"Harpic Active Fresh Blocos de Sanita","date":"Fevereiro 23, 2022","format":false,"excerpt":"Uma sanita brilhante e perfumada a cada descarga, com um bloco sanit\u00e1rio pr\u00e1tico de colocar.Benef\u00edcios: - Efic\u00e1cia e frescura superiores;- Extra brilho;- Remo\u00e7\u00e3o da sujidade;- F\u00f3rmula anticalc\u00e1rio;- Dura\u00e7\u00e3o at\u00e9 4 semanas;- Perfume intenso;- Espuma de limpeza. Conselhos de utiliza\u00e7\u00e3o:","rel":"","context":"Similar post","img":{"alt_text":"","src":"https:\/\/i0.wp.com\/mundo.seashell.pt\/wp-content\/uploads\/2022\/02\/815055_1.jpeg?resize=350%2C200&ssl=1","width":350,"height":200},"classes":[]},{"id":6077,"url":"https:\/\/mundo.seashell.pt\/?product=fun-wc-gel-750ml","url_meta":{"origin":7062,"position":3},"title":"Fun WC Gel 750ML","date":"Fevereiro 23, 2022","format":false,"excerpt":"E\u0301 um produto de cor azul, viscoso e perfumado, especialmente concebido para a higienizac\u0327a\u0303o de instalac\u0327o\u0303es sanita\u0301rias Para ale\u0301m do elevado poder de limpeza, deixa um aroma bastante agrada\u0301vel.","rel":"","context":"Similar post","img":{"alt_text":"","src":"https:\/\/i0.wp.com\/mundo.seashell.pt\/wp-content\/uploads\/2022\/02\/FUN_WC_GEL_750ML_PhotoRoom_20210402_103426.jpg?resize=350%2C200&ssl=1","width":350,"height":200},"classes":[]},{"id":6079,"url":"https:\/\/mundo.seashell.pt\/?product=fun-wc-lixivia-750ml","url_meta":{"origin":7062,"position":4},"title":"Fun WC Lixivia 750ML","date":"Fevereiro 23, 2022","format":false,"excerpt":"E\u0301 um produto incolor, viscoso levemente perfumado, especialmente concebido para a limpeza de instalac\u0327o\u0303es sanita\u0301rias.","rel":"","context":"Similar post","img":{"alt_text":"","src":"https:\/\/i0.wp.com\/mundo.seashell.pt\/wp-content\/uploads\/2022\/02\/FUN_WC_LIXI_VIA_750ML_PhotoRoom_20210402_103049.jpg?resize=350%2C200&ssl=1","width":350,"height":200},"classes":[]},{"id":7080,"url":"https:\/\/mundo.seashell.pt\/?product=pato-wc-liquido-750ml","url_meta":{"origin":7062,"position":5},"title":"Pato WC L\u00edquido 750ml","date":"Fevereiro 23, 2022","format":false,"excerpt":"Um melhor alcance debaixo do rebordo da sua sanita para uma limpeza profunda.Descri\u00e7\u00e3o: Limpar a sanita nunca foi t\u00e3o f\u00e1cil, com Pato\u00ae.\u00a0 Combina o efeito branqueador da lix\u00edvia com o poder da espuma num s\u00f3 produto. O formato \u00fanico da sua embalagem permite um melhor alcance debaixo do rebordo da\u2026","rel":"","context":"Similar post","img":{"alt_text":"","src":"https:\/\/i0.wp.com\/mundo.seashell.pt\/wp-content\/uploads\/2022\/02\/314394_3_pato-wc-100-anticalcario-750ml.jpeg?resize=350%2C200&ssl=1","width":350,"height":200},"classes":[]}],"_links":{"self":[{"href":"https:\/\/mundo.seashell.pt\/index.php?rest_route=\/wp\/v2\/product\/7062","targetHints":{"allow":["GET"]}}],"collection":[{"href":"https:\/\/mundo.seashell.pt\/index.php?rest_route=\/wp\/v2\/product"}],"about":[{"href":"https:\/\/mundo.seashell.pt\/index.php?rest_route=\/wp\/v2\/types\/product"}],"wp:featuredmedia":[{"embeddable":true,"href":"https:\/\/mundo.seashell.pt\/index.php?rest_route=\/wp\/v2\/media\/7063"}],"wp:attachment":[{"href":"https:\/\/mundo.seashell.pt\/index.php?rest_route=%2Fwp%2Fv2%2Fmedia&parent=7062"}],"wp:term":[{"taxonomy":"product_cat","embeddable":true,"href":"https:\/\/mundo.seashell.pt\/index.php?rest_route=%2Fwp%2Fv2%2Fproduct_cat&post=7062"},{"taxonomy":"product_tag","embeddable":true,"href":"https:\/\/mundo.seashell.pt\/index.php?rest_route=%2Fwp%2Fv2%2Fproduct_tag&post=7062"}],"curies":[{"name":"wp","href":"https:\/\/api.w.org\/{rel}","templated":true}]}}