{"id":7060,"date":"2022-02-23T19:04:59","date_gmt":"2022-02-23T19:04:59","guid":{"rendered":"https:\/\/mundo.seashell.pt\/?post_type=product&#038;p=7060"},"modified":"2022-02-23T19:04:59","modified_gmt":"2022-02-23T19:04:59","slug":"splendor-impermeabilizador-spray-incolor-200ml","status":"publish","type":"product","link":"https:\/\/mundo.seashell.pt\/?product=splendor-impermeabilizador-spray-incolor-200ml","title":{"rendered":"Splendor Impermeabilizador Spray Incolor 200ml"},"content":{"rendered":"<p>Splendor Impermeabilizador Spray Incolor 200ml<\/p>\n<p><strong>Fun\u00e7\u00e3o<\/strong><br \/>Impermeabiliza todo o tipo de peles.<\/p>\n<p><strong>Modo de Utiliza\u00e7\u00e3o<\/strong><br \/>Em sapatos usados, escovar bem antes de aplicar o impermeabilizador. Em sapatos novos, aplicar diretamente o produto. Agitar a embalagem antes de usar. Vaporizar uniformemente. Deixar secar.<\/p>\n<p><strong>Observa\u00e7\u00f5es<\/strong><br \/>Para todas as cores. N\u00e3o utilizar em peles sint\u00e9ticas, superf\u00edcies de vinil ou pl\u00e1sticas. Prolonga a vida do cal\u00e7ado. Cor: Incolor.<\/p>\n","protected":false},"excerpt":{"rendered":"<p>Splendor Impermeabilizador Spray Incolor 200ml<br \/>\nFun\u00e7\u00e3oImpermeabiliza todo o tipo de peles.<br \/>\nModo de Utiliza\u00e7\u00e3oEm sapatos usados, escovar bem antes de aplicar o impermeabilizador. Em sapatos novos, aplicar diretamente o produto. Agitar a embalagem antes de usar. Vaporizar uniformemente. Dei&#8230;<\/p>\n","protected":false},"featured_media":7061,"template":"","meta":{"spay_email":""},"product_cat":[15],"product_tag":[],"class_list":{"0":"post-7060","1":"product","2":"type-product","3":"status-publish","4":"has-post-thumbnail","6":"product_cat-sem-categoria","8":"first","9":"instock","10":"taxable","11":"shipping-taxable","12":"purchasable","13":"product-type-simple"},"acf":[],"jetpack-related-posts":[{"id":5921,"url":"https:\/\/mundo.seashell.pt\/?product=meteor-extra-solv-5lt","url_meta":{"origin":7060,"position":0},"title":"Cera Meteor Extra Solv 5Lt","date":"Fevereiro 23, 2022","format":false,"excerpt":"Cera l\u00edquida com solvente para parquet e terracota","rel":"","context":"Similar post","img":{"alt_text":"","src":"https:\/\/i0.wp.com\/mundo.seashell.pt\/wp-content\/uploads\/2022\/02\/meteor_extra_solv.jpg?resize=350%2C200&ssl=1","width":350,"height":200},"classes":[]},{"id":6633,"url":"https:\/\/mundo.seashell.pt\/?product=iberia-espuma-tira-nodoas-a-seco-02l","url_meta":{"origin":7060,"position":1},"title":"Ib\u00e9ria Espuma Tira-Nodoas a Seco 200ml","date":"Fevereiro 23, 2022","format":false,"excerpt":"Iberia tira n\u00f3doas a seco \u00e9 um pr\u00e1tico spray que elimina n\u00f3doas dif\u00edceis da roupa sem necessitar de \u00e1gua. Tipo de produto: Tira N\u00f3doasBenef\u00edcios: - Solu\u00e7\u00e3o pr\u00e1tica, r\u00e1pida e f\u00e1cil de usar no momento em que mais precisa;- Escova de limpeza incorporada para resultados fant\u00e1sticos sem danificar os tecidos e\u2026","rel":"","context":"Similar post","img":{"alt_text":"","src":"https:\/\/i0.wp.com\/mundo.seashell.pt\/wp-content\/uploads\/2022\/02\/IBE_RIA_REVOLUTION_TIRA_NO_DOAS_SEC_200ml_8411660211118.png?resize=350%2C200&ssl=1","width":350,"height":200},"classes":[]},{"id":6848,"url":"https:\/\/mundo.seashell.pt\/?product=nivea-men-dry-impact-desodorizante-200ml","url_meta":{"origin":7060,"position":2},"title":"Nivea Men dry impact Desodorizante 200ml","date":"Fevereiro 23, 2022","format":false,"excerpt":"Experimente e avalie a qualidade dos produtos Nivea. Desde 1911 a cuidar de si!Descri\u00e7\u00e3o: Regula eficazmente a transpira\u00e7\u00e3o durante 48h, garantindo axilas agrad\u00e1velmente secas e cuidadas durante todo o dia: anti-transpirante que elimina o odor corporal. Com uma suave fragr\u00e2ncia masculina . Tipo de produto: Deso...","rel":"","context":"Similar post","img":{"alt_text":"","src":"https:\/\/i0.wp.com\/mundo.seashell.pt\/wp-content\/uploads\/2022\/02\/81605-07405-39_Spray_Dry_Men_Impact_200ml_4005808727186.png?resize=350%2C200&ssl=1","width":350,"height":200},"classes":[]},{"id":6020,"url":"https:\/\/mundo.seashell.pt\/?product=if-110-5lt","url_meta":{"origin":7060,"position":3},"title":"Impermeabilizante IF 110 5Lt","date":"Fevereiro 23, 2022","format":false,"excerpt":"Concebido especificamente para o tratamento hidro-\u00f3leo repelente de pavimentos em tijoleira e pedra natural. Permite uma \u00f3tima impermeabiliza\u00e7\u00e3o sem alterar o aspeto est\u00e9tico","rel":"","context":"Similar post","img":{"alt_text":"","src":"https:\/\/i0.wp.com\/mundo.seashell.pt\/wp-content\/uploads\/2022\/02\/if_110.jpg?resize=350%2C200&ssl=1","width":350,"height":200},"classes":[]},{"id":5862,"url":"https:\/\/mundo.seashell.pt\/?product=solim-loica-neutro-5l-loica-manual","url_meta":{"origin":7060,"position":4},"title":"Solim Loi\u00e7a Neutro 5L &#8211; Loi\u00e7a Manual","date":"Fevereiro 23, 2022","format":false,"excerpt":"Detergente l\u00edquido para lavagem manual de loi\u00e7a","rel":"","context":"Similar post","img":{"alt_text":"","src":"https:\/\/i0.wp.com\/mundo.seashell.pt\/wp-content\/uploads\/2022\/02\/SOLIM_LOIC_A_NEUTRO_PhotoRoom_20210402_103243.jpg?resize=350%2C200&ssl=1","width":350,"height":200},"classes":[]},{"id":5864,"url":"https:\/\/mundo.seashell.pt\/?product=solim-loica-higiene-5l-loica-manual","url_meta":{"origin":7060,"position":5},"title":"Solim Loi\u00e7a Higiene 5L &#8211; Loi\u00e7a Manual","date":"Fevereiro 23, 2022","format":false,"excerpt":"Detergente l\u00edquido higienizante para lavagem manual de loi\u00e7a.","rel":"","context":"Similar post","img":{"alt_text":"","src":"https:\/\/i0.wp.com\/mundo.seashell.pt\/wp-content\/uploads\/2022\/02\/SOLIM_LOIC_A_HIGIENIZANTE_PhotoRoom_20210402_103557.jpg?resize=350%2C200&ssl=1","width":350,"height":200},"classes":[]}],"_links":{"self":[{"href":"https:\/\/mundo.seashell.pt\/index.php?rest_route=\/wp\/v2\/product\/7060","targetHints":{"allow":["GET"]}}],"collection":[{"href":"https:\/\/mundo.seashell.pt\/index.php?rest_route=\/wp\/v2\/product"}],"about":[{"href":"https:\/\/mundo.seashell.pt\/index.php?rest_route=\/wp\/v2\/types\/product"}],"wp:featuredmedia":[{"embeddable":true,"href":"https:\/\/mundo.seashell.pt\/index.php?rest_route=\/wp\/v2\/media\/7061"}],"wp:attachment":[{"href":"https:\/\/mundo.seashell.pt\/index.php?rest_route=%2Fwp%2Fv2%2Fmedia&parent=7060"}],"wp:term":[{"taxonomy":"product_cat","embeddable":true,"href":"https:\/\/mundo.seashell.pt\/index.php?rest_route=%2Fwp%2Fv2%2Fproduct_cat&post=7060"},{"taxonomy":"product_tag","embeddable":true,"href":"https:\/\/mundo.seashell.pt\/index.php?rest_route=%2Fwp%2Fv2%2Fproduct_tag&post=7060"}],"curies":[{"name":"wp","href":"https:\/\/api.w.org\/{rel}","templated":true}]}}