{"id":7056,"date":"2022-02-23T19:04:53","date_gmt":"2022-02-23T19:04:53","guid":{"rendered":"https:\/\/mundo.seashell.pt\/?post_type=product&#038;p=7056"},"modified":"2022-02-23T19:04:54","modified_gmt":"2022-02-23T19:04:54","slug":"sanytol-desinfetante-150ml","status":"publish","type":"product","link":"https:\/\/mundo.seashell.pt\/?product=sanytol-desinfetante-150ml","title":{"rendered":"Sanytol Desinfetante 150ml"},"content":{"rendered":"<p>Higiene e frescura para todo o tipo de cal\u00e7ado.<\/p>\n<h3>Descri\u00e7\u00e3o:<\/h3>\n<p>As bact\u00e9rias, o mofo e os fungos que existem nos sapatos s\u00e3o respons\u00e1veis pelos maus odores e podem provocar doen\u00e7as ou irrita\u00e7\u00f5es na pele. Desinfete e desodorize o cal\u00e7ado, eliminando os micr\u00f3bios respons\u00e1veis pelos maus odores, prevenindo assim o aparecimento de micoses e p\u00e9 de atleta.<\/p>\n<h3>Benef\u00edcios:<\/h3>\n<p>&#8211; Elimina bact\u00e9rias, fungos e v\u00edrus;<br \/>&#8211; Absorve os maus odores;<br \/>&#8211; Desinfeta em profundidade;<br \/>&#8211; Agrad\u00e1vel sensa\u00e7\u00e3o de frescura.<\/p>\n<h3>Conselhos de utiliza\u00e7\u00e3o:<\/h3>\n<p>Agite antes de utilizar. Pulverizae o interior do cal\u00e7ado. Deixe atuar durante uns minutos. Repita o processo quantas vezes achar necess\u00e1rio. N\u00e3o mancha e n\u00e3o engordura.<\/p>\n<p><\/p>\n<p><\/p>\n<ul><\/ul>\n","protected":false},"excerpt":{"rendered":"<p>Higiene e frescura para todo o tipo de cal\u00e7ado.Descri\u00e7\u00e3o:<br \/>\nAs bact\u00e9rias, o mofo e os fungos que existem nos sapatos s\u00e3o respons\u00e1veis pelos maus odores e podem provocar doen\u00e7as ou irrita\u00e7\u00f5es na pele. Desinfete e desodorize o cal\u00e7ado, eliminando os micr\u00f3bios respons\u00e1veis pelos maus odores, prevenindo assim o aparecimento de micos&#8230;<\/p>\n","protected":false},"featured_media":7057,"template":"","meta":{"spay_email":""},"product_cat":[15],"product_tag":[],"class_list":{"0":"post-7056","1":"product","2":"type-product","3":"status-publish","4":"has-post-thumbnail","6":"product_cat-sem-categoria","8":"first","9":"instock","10":"taxable","11":"shipping-taxable","12":"purchasable","13":"product-type-simple"},"acf":[],"jetpack-related-posts":[{"id":6653,"url":"https:\/\/mundo.seashell.pt\/?product=lysol-higiene-450gr","url_meta":{"origin":7056,"position":0},"title":"Lysol Higiene 450Gr","date":"Fevereiro 23, 2022","format":false,"excerpt":"Remover as n\u00f3doas pode parecer um verdadeiro desafio, mas com Lysol higi\u00e9nico tira-n\u00f3doas em p\u00f3 vai perceber que \u00e9 simples manter a roupa limpa, sem precisar de esfregar. Garanta uma higiene e frescura prolongada da sua roupa. A marca Lysol existe h\u00e1 mais de 100 anos e \u00e9 uma marca\u2026","rel":"","context":"Similar post","img":{"alt_text":"","src":"https:\/\/i0.wp.com\/mundo.seashell.pt\/wp-content\/uploads\/2022\/02\/Lysol_Higie_nico_Tira_No_doas_Roupa_Po__450G_x6_5601217134462.png?resize=350%2C200&ssl=1","width":350,"height":200},"classes":[]},{"id":7218,"url":"https:\/\/mundo.seashell.pt\/?product=destop-manutencao-canalizacao-750ml","url_meta":{"origin":7056,"position":1},"title":"Destop Manuten\u00e7\u00e3o Canaliza\u00e7\u00e3o 750ml","date":"Fevereiro 23, 2022","format":false,"excerpt":"Destop gel Manute\u00e7\u00e3o limpa e desinfeta as suas canaliza\u00e7\u00f5es, evitando todos os inconvenientes associados a uma m\u00e1 manuten\u00e7\u00e3o das mesmas tais como entupimentos, acumula\u00e7\u00e3o de res\u00edduos, maus odores e prolifera\u00e7\u00e3o de bact\u00e9rias. Pode ser utilizado em todos os tipos de canaliza\u00e7\u00f5es.Benef\u00edcios: - Elimina os odores;- Previne a ac...","rel":"","context":"Similar post","img":{"alt_text":"","src":"https:\/\/i0.wp.com\/mundo.seashell.pt\/wp-content\/uploads\/2022\/02\/5063304-frente.jpeg?resize=350%2C200&ssl=1","width":350,"height":200},"classes":[]},{"id":7058,"url":"https:\/\/mundo.seashell.pt\/?product=kiwi-shoe-fresh-100ml","url_meta":{"origin":7056,"position":2},"title":"Kiwi Shoe Fresh 100ml","date":"Fevereiro 23, 2022","format":false,"excerpt":"Controla o odor dos sapatos e dos t\u00e9nis durante todo dia.Benef\u00edcios: - Absorve os maus odores;- Desinfeta em profundidade;- Elimina bact\u00e9rias; - Perfuma e refresca o cal\u00e7ado. Conselhos de utiliza\u00e7\u00e3o: Agite bem, mantendo a base da lata voltada para baixo. Desbloqueie, rodando a rosca da base para a esque...","rel":"","context":"Similar post","img":{"alt_text":"","src":"https:\/\/i0.wp.com\/mundo.seashell.pt\/wp-content\/uploads\/2022\/02\/transferir__16_.jpeg?resize=350%2C200&ssl=1","width":350,"height":200},"classes":[]},{"id":6271,"url":"https:\/\/mundo.seashell.pt\/?product=sanytol-desinfetante-de-roupa-500ml","url_meta":{"origin":7056,"position":3},"title":"Sanytol Desinfetante de Roupa 500ml","date":"Fevereiro 23, 2022","format":false,"excerpt":"Desinfetante De Roupa \u2013 Flores Brancas DESCRI\u00c7\u00c3O A roupa lavada a baixa temperatura n\u00e3o est\u00e1 totalmente livre de micr\u00f3bios e pode ser a origem de maus odores e doen\u00e7as de pele ou irrita\u00e7\u00f5es. Apenas as lavagens a 90\u00b0C eliminam 100% dos micr\u00f3bios da roupa. O desinfetante de roupa SANYTOL elimina\u2026","rel":"","context":"Similar post","img":{"alt_text":"","src":"https:\/\/i0.wp.com\/mundo.seashell.pt\/wp-content\/uploads\/2022\/02\/SANYTOL_DESINFECTANTE_DE_ROUPA_500ml_3045200760009.png?resize=350%2C200&ssl=1","width":350,"height":200},"classes":[]},{"id":6275,"url":"https:\/\/mundo.seashell.pt\/?product=skip-desinfetante-de-roupa-12l","url_meta":{"origin":7056,"position":4},"title":"Skip Desinfetante de Roupa 1,2l","date":"Fevereiro 23, 2022","format":false,"excerpt":"Desinfeta a sua roupa, eliminando bact\u00e9rias.Caracteristicas:Elimina 99,9% dos v\u00edrus e bact\u00e9riasRemove os maus odoresPreserva as cores e as fibras dos tecidosEficaz em ciclos curtos e baixas temperaturas","rel":"","context":"Similar post","img":{"alt_text":"","src":"https:\/\/i0.wp.com\/mundo.seashell.pt\/wp-content\/uploads\/2022\/02\/SKIP_Desinfetante_Roupa_1.2_Lts_8720181116162.png?resize=350%2C200&ssl=1","width":350,"height":200},"classes":[]},{"id":6708,"url":"https:\/\/mundo.seashell.pt\/?product=lysol-desinfetante-025l","url_meta":{"origin":7056,"position":5},"title":"Lysol Desinfetante 0,25L","date":"Fevereiro 23, 2022","format":false,"excerpt":"Limpeza e Tratamento da M\u00e1quina - Limpa e desinfeta a m\u00e1quina - Ilimina bact\u00e9rias que causam maus odores; - Elimina calc\u00e1rio, sujidade e res\u00edduos de detergente.","rel":"","context":"Similar post","img":{"alt_text":"","src":"https:\/\/i0.wp.com\/mundo.seashell.pt\/wp-content\/uploads\/2022\/02\/Lysol_Desinfetante_Limpa_Ma_quinas_Roupa_1D_x12_5601217134479.png?resize=350%2C200&ssl=1","width":350,"height":200},"classes":[]}],"_links":{"self":[{"href":"https:\/\/mundo.seashell.pt\/index.php?rest_route=\/wp\/v2\/product\/7056","targetHints":{"allow":["GET"]}}],"collection":[{"href":"https:\/\/mundo.seashell.pt\/index.php?rest_route=\/wp\/v2\/product"}],"about":[{"href":"https:\/\/mundo.seashell.pt\/index.php?rest_route=\/wp\/v2\/types\/product"}],"wp:featuredmedia":[{"embeddable":true,"href":"https:\/\/mundo.seashell.pt\/index.php?rest_route=\/wp\/v2\/media\/7057"}],"wp:attachment":[{"href":"https:\/\/mundo.seashell.pt\/index.php?rest_route=%2Fwp%2Fv2%2Fmedia&parent=7056"}],"wp:term":[{"taxonomy":"product_cat","embeddable":true,"href":"https:\/\/mundo.seashell.pt\/index.php?rest_route=%2Fwp%2Fv2%2Fproduct_cat&post=7056"},{"taxonomy":"product_tag","embeddable":true,"href":"https:\/\/mundo.seashell.pt\/index.php?rest_route=%2Fwp%2Fv2%2Fproduct_tag&post=7056"}],"curies":[{"name":"wp","href":"https:\/\/api.w.org\/{rel}","templated":true}]}}