{"id":7054,"date":"2022-02-23T19:04:52","date_gmt":"2022-02-23T19:04:52","guid":{"rendered":"https:\/\/mundo.seashell.pt\/?post_type=product&#038;p=7054"},"modified":"2022-02-23T19:04:53","modified_gmt":"2022-02-23T19:04:53","slug":"splendor-autobrilhante","status":"publish","type":"product","link":"https:\/\/mundo.seashell.pt\/?product=splendor-autobrilhante","title":{"rendered":"Splendor Autobrilhante"},"content":{"rendered":"<h3>Splendor Autobrilhante<\/h3>\n<p>Reaviva as cores e d\u00e1 brilho aos seus sapatos.<\/p>\n","protected":false},"excerpt":{"rendered":"<p>Splendor Autobrilhante<br \/>\nReaviva as cores e d\u00e1 brilho.<\/p>\n","protected":false},"featured_media":7055,"template":"","meta":{"spay_email":""},"product_cat":[15],"product_tag":[],"class_list":{"0":"post-7054","1":"product","2":"type-product","3":"status-publish","4":"has-post-thumbnail","6":"product_cat-sem-categoria","8":"first","9":"instock","10":"taxable","11":"shipping-taxable","12":"purchasable","13":"product-type-simple"},"acf":[],"jetpack-related-posts":[{"id":7060,"url":"https:\/\/mundo.seashell.pt\/?product=splendor-impermeabilizador-spray-incolor-200ml","url_meta":{"origin":7054,"position":0},"title":"Splendor Impermeabilizador Spray Incolor 200ml","date":"Fevereiro 23, 2022","format":false,"excerpt":"Splendor Impermeabilizador Spray Incolor 200ml Fun\u00e7\u00e3oImpermeabiliza todo o tipo de peles. Modo de Utiliza\u00e7\u00e3oEm sapatos usados, escovar bem antes de aplicar o impermeabilizador. Em sapatos novos, aplicar diretamente o produto. Agitar a embalagem antes de usar. Vaporizar uniformemente. Dei...","rel":"","context":"Similar post","img":{"alt_text":"","src":"https:\/\/i0.wp.com\/mundo.seashell.pt\/wp-content\/uploads\/2022\/02\/285641_g.jpeg?resize=350%2C200&ssl=1","width":350,"height":200},"classes":[]},{"id":7050,"url":"https:\/\/mundo.seashell.pt\/?product=splendor-esponja-brilho-polimento","url_meta":{"origin":7054,"position":1},"title":"Splendor Esponja Brilho Polimento","date":"Fevereiro 23, 2022","format":false,"excerpt":"Splendor Esponja Brilho Polimento","rel":"","context":"Similar post","img":{"alt_text":"","src":"https:\/\/i0.wp.com\/mundo.seashell.pt\/wp-content\/uploads\/2022\/02\/transferir__11_.jpeg?resize=350%2C200&ssl=1","width":350,"height":200},"classes":[]},{"id":6672,"url":"https:\/\/mundo.seashell.pt\/?product=k2r-sublime-white-10-toalhitas","url_meta":{"origin":7054,"position":2},"title":"K2r Sublime White 10 Toalhitas","date":"Fevereiro 23, 2022","format":false,"excerpt":"Tipo de produto: ToalhitasBenef\u00edcios: - A\u00e7\u00e3o branqueadora;- Reaviva o brilho do branco;- Previne que o branco fique acinzentado. Conselhos de utiliza\u00e7\u00e3o: Introduza a roupa no tambor da m\u00e1quina. Coloque a toalhita por cima, adicione o detergente e inicie o programa de lavagem. Ap\u00f3s a lavagem, re...","rel":"","context":"Similar post","img":{"alt_text":"","src":"https:\/\/i0.wp.com\/mundo.seashell.pt\/wp-content\/uploads\/2022\/02\/6527663-hero.jpeg?resize=350%2C200&ssl=1","width":350,"height":200},"classes":[]},{"id":7052,"url":"https:\/\/mundo.seashell.pt\/?product=splendor-pomada-35gr","url_meta":{"origin":7054,"position":3},"title":"Splendor Pomada  35gr","date":"Fevereiro 23, 2022","format":false,"excerpt":"\u00a0Trata e Proteje o cal\u00e7ado. Resistente \u00e0 \u00e1gua. \u00a0","rel":"","context":"Similar post","img":{"alt_text":"","src":"https:\/\/i0.wp.com\/mundo.seashell.pt\/wp-content\/uploads\/2022\/02\/transferir__13_.jpeg?resize=350%2C200&ssl=1","width":350,"height":200},"classes":[]},{"id":6639,"url":"https:\/\/mundo.seashell.pt\/?product=vanix-oxi-action-08l","url_meta":{"origin":7054,"position":4},"title":"Vanix Oxi Action 800ml","date":"Fevereiro 23, 2022","format":false,"excerpt":"Problemas com a lavagem da roupa? Os detergentes nem sempre conseguem remover as n\u00f3doas, proteger as cores e eliminar maus odores. Experimente o novo Vanish oxi action gel para cores! A sua f\u00f3rmula remove n\u00f3doas, reaviva as cores e elimina maus odores. Pode ser utilizado em pr\u00e9-tratamento, de molho ou\u2026","rel":"","context":"Similar post","img":{"alt_text":"","src":"https:\/\/i0.wp.com\/mundo.seashell.pt\/wp-content\/uploads\/2022\/02\/Vanish_Oxi_Action_Gel_Pink_800ML_x6_5601217134363.png?resize=350%2C200&ssl=1","width":350,"height":200},"classes":[]},{"id":6643,"url":"https:\/\/mundo.seashell.pt\/?product=vanish-tira-nodoas-1l","url_meta":{"origin":7054,"position":5},"title":"Vanish Tira N\u00f3doas 1L","date":"Fevereiro 23, 2022","format":false,"excerpt":"Problemas com a lavagem da roupa? Os detergentes nem sempre conseguem remover as n\u00f3doas, proteger as cores e eliminar maus odores. Experimente o novo Vanish\u00a0para brancos e\u00a0cores! A sua f\u00f3rmula remove n\u00f3doas, reaviva as cores e elimina maus odores. Pode ser utilizado em pr\u00e9-tratamento, de molho ou diretamente na m\u00e1quina,\u2026","rel":"","context":"Similar post","img":{"alt_text":"","src":"https:\/\/i0.wp.com\/mundo.seashell.pt\/wp-content\/uploads\/2022\/02\/Vanish_Delicadas_White_1Lx12_8410104884833.png?resize=350%2C200&ssl=1","width":350,"height":200},"classes":[]}],"_links":{"self":[{"href":"https:\/\/mundo.seashell.pt\/index.php?rest_route=\/wp\/v2\/product\/7054","targetHints":{"allow":["GET"]}}],"collection":[{"href":"https:\/\/mundo.seashell.pt\/index.php?rest_route=\/wp\/v2\/product"}],"about":[{"href":"https:\/\/mundo.seashell.pt\/index.php?rest_route=\/wp\/v2\/types\/product"}],"wp:featuredmedia":[{"embeddable":true,"href":"https:\/\/mundo.seashell.pt\/index.php?rest_route=\/wp\/v2\/media\/7055"}],"wp:attachment":[{"href":"https:\/\/mundo.seashell.pt\/index.php?rest_route=%2Fwp%2Fv2%2Fmedia&parent=7054"}],"wp:term":[{"taxonomy":"product_cat","embeddable":true,"href":"https:\/\/mundo.seashell.pt\/index.php?rest_route=%2Fwp%2Fv2%2Fproduct_cat&post=7054"},{"taxonomy":"product_tag","embeddable":true,"href":"https:\/\/mundo.seashell.pt\/index.php?rest_route=%2Fwp%2Fv2%2Fproduct_tag&post=7054"}],"curies":[{"name":"wp","href":"https:\/\/api.w.org\/{rel}","templated":true}]}}