{"id":7052,"date":"2022-02-23T19:04:51","date_gmt":"2022-02-23T19:04:51","guid":{"rendered":"https:\/\/mundo.seashell.pt\/?post_type=product&#038;p=7052"},"modified":"2022-02-23T19:04:52","modified_gmt":"2022-02-23T19:04:52","slug":"splendor-pomada-35gr","status":"publish","type":"product","link":"https:\/\/mundo.seashell.pt\/?product=splendor-pomada-35gr","title":{"rendered":"Splendor Pomada  35gr"},"content":{"rendered":"<h3>Trata e Proteje o cal\u00e7ado.<\/h3>\n<p>Resistente \u00e0 \u00e1gua.<\/p>\n<\/p>\n<p>&nbsp;<\/p>\n","protected":false},"excerpt":{"rendered":"<p>\u00a0Trata e Proteje o cal\u00e7ado.<br \/>\nResistente \u00e0 \u00e1gua.<br \/>\n\u00a0<\/p>\n","protected":false},"featured_media":7053,"template":"","meta":{"spay_email":""},"product_cat":[15],"product_tag":[],"class_list":{"0":"post-7052","1":"product","2":"type-product","3":"status-publish","4":"has-post-thumbnail","6":"product_cat-sem-categoria","8":"first","9":"instock","10":"taxable","11":"shipping-taxable","12":"purchasable","13":"product-type-simple"},"acf":[],"jetpack-related-posts":[{"id":5980,"url":"https:\/\/mundo.seashell.pt\/?product=acid-power-5-kg","url_meta":{"origin":7052,"position":0},"title":"Desincrustante Acid Power 5 Kg","date":"Fevereiro 23, 2022","format":false,"excerpt":"Detergente \u00e1cido superativo para a remo\u00e7\u00e3o de incrusta\u00e7\u00f5es calc\u00e1rias, cimento, res\u00edduos de alvaiade, efloresc\u00eancias salinas e ferrugem de superf\u00edcies resistentes aos \u00e1cidos.","rel":"","context":"Similar post","img":{"alt_text":"","src":"https:\/\/i0.wp.com\/mundo.seashell.pt\/wp-content\/uploads\/2022\/02\/acid_power.jpg?resize=350%2C200&ssl=1","width":350,"height":200},"classes":[]},{"id":5842,"url":"https:\/\/mundo.seashell.pt\/?product=neutral-rinse-hp-20kg-loica-automatica","url_meta":{"origin":7052,"position":1},"title":"Abrilhantador Neutral Rinse HP 20Kg &#8211; Loi\u00e7a Autom\u00e1tica","date":"Fevereiro 23, 2022","format":false,"excerpt":"Abrilhantador neutro para facilitar o enxaguamento nas m\u00e1quinas de lavar loi\u00e7a, para \u00e1guas brandas ou de dureza m\u00e9dia.","rel":"","context":"Similar post","img":{"alt_text":"","src":"https:\/\/i0.wp.com\/mundo.seashell.pt\/wp-content\/uploads\/2022\/02\/neutral_rinse_hp.jpg?resize=350%2C200&ssl=1","width":350,"height":200},"classes":[]},{"id":6287,"url":"https:\/\/mundo.seashell.pt\/?product=sanytol-gel-de-maos-desinfetante-250ml","url_meta":{"origin":7052,"position":2},"title":"Sanytol Gel de M\u00e3os Desinfetante 250ml","date":"Fevereiro 23, 2022","format":false,"excerpt":"Gel de M\u00e3os Higi\u00e9nico e Desinfetante que limpa eficazmente as m\u00e3os e elimina os maus odores sem necessidade de \u00e1gua. Cont\u00e9m ch\u00e1 verde natural, que hidrata e deixa as m\u00e3os suaves. Elaborado para minimizar o risco de alergias. Proteja as suas m\u00e3os das transmiss\u00f5es limpando-as imediatamente e neutralizando os cheiros.\u2026","rel":"","context":"Similar post","img":{"alt_text":"","src":"https:\/\/i0.wp.com\/mundo.seashell.pt\/wp-content\/uploads\/2022\/02\/SANYTOL_DESINFETANTE_MA_OS_250_ML_3045206503006.png?resize=350%2C200&ssl=1","width":350,"height":200},"classes":[]},{"id":6285,"url":"https:\/\/mundo.seashell.pt\/?product=sanytol-gel-de-maos-desinfetante-75ml","url_meta":{"origin":7052,"position":3},"title":"Sanytol Gel de M\u00e3os Desinfetante 75ml","date":"Fevereiro 23, 2022","format":false,"excerpt":"Mini Gel de M\u00e3os Higi\u00e9nico e Desinfetante que limpa eficazmente as m\u00e3os e elimina os maus odores sem necessidade de \u00e1gua. Cont\u00e9m ch\u00e1 verde natural, que hidrata e deixa as m\u00e3os suaves. Elaborado para minimizar o risco de alergias. Proteja as suas m\u00e3os das transmiss\u00f5es limpando-as imediatamente e neutralizando os\u2026","rel":"","context":"Similar post","img":{"alt_text":"","src":"https:\/\/i0.wp.com\/mundo.seashell.pt\/wp-content\/uploads\/2022\/02\/SANYTOL_DESINFETANTE_MA_OS_75_ML_3045206502009.png?resize=350%2C200&ssl=1","width":350,"height":200},"classes":[]},{"id":6365,"url":"https:\/\/mundo.seashell.pt\/?product=cif-spary-casa-de-banho-07l","url_meta":{"origin":7052,"position":4},"title":"Cif Spary Power &#038; Shine Casa de Banho 750ml","date":"Fevereiro 23, 2022","format":false,"excerpt":"Cif Power & Shine casa de banho \u00e9 a garantia de remo\u00e7\u00e3o total de restos de sab\u00e3o e calc\u00e1rio, com um brilho perfeito. Previne que a \u00e1gua, o sab\u00e3o e o calc\u00e1rio n\u00e3o adiram aos azulejos e \u00e0s superf\u00edcies, tornando-as resistentes \u00e0 sujidade. Benef\u00edcios: - 100% remo\u00e7\u00e3o de calc\u00e1rio e\u2026","rel":"","context":"Similar post","img":{"alt_text":"","src":"https:\/\/i0.wp.com\/mundo.seashell.pt\/wp-content\/uploads\/2022\/02\/CIF_SPRAY_CASA_DE_BANHO_-_750ml_8712561142373.png?resize=350%2C200&ssl=1","width":350,"height":200},"classes":[]},{"id":6629,"url":"https:\/\/mundo.seashell.pt\/?product=iberia-tira-nodoas-015l","url_meta":{"origin":7052,"position":5},"title":"Ib\u00e9ria Tira N\u00f3doas 150ml","date":"Fevereiro 23, 2022","format":false,"excerpt":"Descri\u00e7\u00e3o: N\u00f3doas acidentais com necessidade de pr\u00e9-tratamento? Ib\u00e9ria tira n\u00f3doas acidentais \u00e9 um produto que elimina as n\u00f3doas dif\u00edceis \u00e0 primeira. \u00c9 muito f\u00e1cil de usar, basta aplicar na roupa atrav\u00e9s do seu aplicador exclusivo. N\u00f3doas resistentes com necessidade de pr\u00e9-tratamento? Ib\u00e9ria tira n\u00f3doas di\u00e1rias \u00e9 um produto qu...","rel":"","context":"Similar post","img":{"alt_text":"","src":"https:\/\/i0.wp.com\/mundo.seashell.pt\/wp-content\/uploads\/2022\/02\/IBE_RIA_REVOLUTION_TIRA_NO_DOAS_ACIDENTAIS_150ml_8411660210036.png?resize=350%2C200&ssl=1","width":350,"height":200},"classes":[]}],"_links":{"self":[{"href":"https:\/\/mundo.seashell.pt\/index.php?rest_route=\/wp\/v2\/product\/7052","targetHints":{"allow":["GET"]}}],"collection":[{"href":"https:\/\/mundo.seashell.pt\/index.php?rest_route=\/wp\/v2\/product"}],"about":[{"href":"https:\/\/mundo.seashell.pt\/index.php?rest_route=\/wp\/v2\/types\/product"}],"wp:featuredmedia":[{"embeddable":true,"href":"https:\/\/mundo.seashell.pt\/index.php?rest_route=\/wp\/v2\/media\/7053"}],"wp:attachment":[{"href":"https:\/\/mundo.seashell.pt\/index.php?rest_route=%2Fwp%2Fv2%2Fmedia&parent=7052"}],"wp:term":[{"taxonomy":"product_cat","embeddable":true,"href":"https:\/\/mundo.seashell.pt\/index.php?rest_route=%2Fwp%2Fv2%2Fproduct_cat&post=7052"},{"taxonomy":"product_tag","embeddable":true,"href":"https:\/\/mundo.seashell.pt\/index.php?rest_route=%2Fwp%2Fv2%2Fproduct_tag&post=7052"}],"curies":[{"name":"wp","href":"https:\/\/api.w.org\/{rel}","templated":true}]}}