{"id":7050,"date":"2022-02-23T19:04:50","date_gmt":"2022-02-23T19:04:50","guid":{"rendered":"https:\/\/mundo.seashell.pt\/?post_type=product&#038;p=7050"},"modified":"2022-02-23T19:04:51","modified_gmt":"2022-02-23T19:04:51","slug":"splendor-esponja-brilho-polimento","status":"publish","type":"product","link":"https:\/\/mundo.seashell.pt\/?product=splendor-esponja-brilho-polimento","title":{"rendered":"Splendor Esponja Brilho Polimento"},"content":{"rendered":"<p>Splendor Esponja Brilho Polimento<\/p>\n","protected":false},"excerpt":{"rendered":"<p>Splendor Esponja Brilho Polimento<\/p>\n","protected":false},"featured_media":7051,"template":"","meta":{"spay_email":""},"product_cat":[15],"product_tag":[],"class_list":{"0":"post-7050","1":"product","2":"type-product","3":"status-publish","4":"has-post-thumbnail","6":"product_cat-sem-categoria","8":"first","9":"instock","10":"taxable","11":"shipping-taxable","12":"purchasable","13":"product-type-simple"},"acf":[],"jetpack-related-posts":[{"id":7054,"url":"https:\/\/mundo.seashell.pt\/?product=splendor-autobrilhante","url_meta":{"origin":7050,"position":0},"title":"Splendor Autobrilhante","date":"Fevereiro 23, 2022","format":false,"excerpt":"Splendor Autobrilhante Reaviva as cores e d\u00e1 brilho.","rel":"","context":"Similar post","img":{"alt_text":"","src":"https:\/\/i0.wp.com\/mundo.seashell.pt\/wp-content\/uploads\/2022\/02\/05228020200110____1__600x600.jpeg?resize=350%2C200&ssl=1","width":350,"height":200},"classes":[]},{"id":6016,"url":"https:\/\/mundo.seashell.pt\/?product=rapid-uhs-5kg","url_meta":{"origin":7050,"position":1},"title":"Renovador Rapid UHS 5Kg","date":"Fevereiro 23, 2022","format":false,"excerpt":"Emuls\u00e3o polivalente que permite com apenas uma opera\u00e7\u00e3o a limpeza, repara\u00e7\u00e3o e polimento das ceras acr\u00edlicas metalizadas","rel":"","context":"Similar post","img":{"alt_text":"","src":"https:\/\/i0.wp.com\/mundo.seashell.pt\/wp-content\/uploads\/2022\/02\/rapid_uhs.jpg?resize=350%2C200&ssl=1","width":350,"height":200},"classes":[]},{"id":6419,"url":"https:\/\/mundo.seashell.pt\/?product=sonasol-desengordurante-05l","url_meta":{"origin":7050,"position":2},"title":"Sonasol Desengordurante 500ml","date":"Fevereiro 23, 2022","format":false,"excerpt":"Sonasol brilhante desengordurante elimina eficazmente as manchas de gordura mais profundas e deixa a sua cozinha limpa e 100% mais brilhante. Benef\u00edcios: - 100% mais brilho e prote\u00e7\u00e3o. Conselhos de utiliza\u00e7\u00e3o: Pulverize diretamente na superf\u00edcie a limpar e passe um pano ou esponja h\u00famidos para retirar o produto...","rel":"","context":"Similar post","img":{"alt_text":"","src":"https:\/\/i0.wp.com\/mundo.seashell.pt\/wp-content\/uploads\/2022\/02\/SONASOL_BRILHANTE_DESENGORDURANTE_SPRAY_0L500_8410436343435.png?resize=350%2C200&ssl=1","width":350,"height":200},"classes":[]},{"id":6361,"url":"https:\/\/mundo.seashell.pt\/?product=sonasol-spray-brilhante-anti-calcario-05l","url_meta":{"origin":7050,"position":3},"title":"Sonasol Spray Brilhante Anti-Calc\u00e1rio 500ml","date":"Fevereiro 23, 2022","format":false,"excerpt":"Sonasol brilhante anticalc\u00e1rio elimina eficazmente at\u00e9 as sujidades mais profundas de todas as superf\u00edcies de casa de banho, deixando-a 100% brilhante. Benef\u00edcios: - 100% mais brilho e prote\u00e7\u00e3o. Conselhos de utiliza\u00e7\u00e3o: Pulverize diretamente na superf\u00edcie a limpar e passe um pano ou esponja h\u00famidos para retirar...","rel":"","context":"Similar post","img":{"alt_text":"","src":"https:\/\/i0.wp.com\/mundo.seashell.pt\/wp-content\/uploads\/2022\/02\/SONASOL_BRILHANTE_BANHO_SPRAY_0L500_8410436343404.png?resize=350%2C200&ssl=1","width":350,"height":200},"classes":[]},{"id":6297,"url":"https:\/\/mundo.seashell.pt\/?product=cif-lava-tudo-14l","url_meta":{"origin":7050,"position":4},"title":"CIF Lava-Tudo 1,4l","date":"Fevereiro 23, 2022","format":false,"excerpt":"Cif \u00e9 a certeza de uma limpeza perfeita e com muito brilho. Cif lava tudo marinho n\u00e3o possui apenas uma f\u00f3rmula \u00fanica que combate a sujidade mais dif\u00edcil, mas oferece resultados brilhantes numa variedade de pisos, deixando um aroma revigorante e um brilho \u00fanico. Limpa profundamente pisos laminados, vinil, lin\u00f3leo,\u2026","rel":"","context":"Similar post","img":{"alt_text":"","src":"https:\/\/i0.wp.com\/mundo.seashell.pt\/wp-content\/uploads\/2022\/02\/CIF_LI_QUIDO_LIMA_O_VERDE_-_1_4L_8710908095467.png?resize=350%2C200&ssl=1","width":350,"height":200},"classes":[]},{"id":6303,"url":"https:\/\/mundo.seashell.pt\/?product=cif-gel-com-lixivia-750ml","url_meta":{"origin":7050,"position":5},"title":"CIF Gel com Lix\u00edvia 750ml","date":"Fevereiro 23, 2022","format":false,"excerpt":"Cif \u00e9 a certeza de uma limpeza perfeita e com muito brilho. Cif gel ativo com lix\u00edvia desengordura, elimina sem esfor\u00e7o a sujidade dif\u00edcil e limpa em profundidade, fazendo brilhar todas as superf\u00edcies.Benef\u00edcios: - Limpeza profunda;- Remo\u00e7\u00e3o da sujidade mais dif\u00edcil. Conselhos de utiliza\u00e7\u00e3o: Uso dil...","rel":"","context":"Similar post","img":{"alt_text":"","src":"https:\/\/i0.wp.com\/mundo.seashell.pt\/wp-content\/uploads\/2022\/02\/CIF_GEL_ATIVO_C__LIXI_VIA_-_750ml_5601068014494.png?resize=350%2C200&ssl=1","width":350,"height":200},"classes":[]}],"_links":{"self":[{"href":"https:\/\/mundo.seashell.pt\/index.php?rest_route=\/wp\/v2\/product\/7050","targetHints":{"allow":["GET"]}}],"collection":[{"href":"https:\/\/mundo.seashell.pt\/index.php?rest_route=\/wp\/v2\/product"}],"about":[{"href":"https:\/\/mundo.seashell.pt\/index.php?rest_route=\/wp\/v2\/types\/product"}],"wp:featuredmedia":[{"embeddable":true,"href":"https:\/\/mundo.seashell.pt\/index.php?rest_route=\/wp\/v2\/media\/7051"}],"wp:attachment":[{"href":"https:\/\/mundo.seashell.pt\/index.php?rest_route=%2Fwp%2Fv2%2Fmedia&parent=7050"}],"wp:term":[{"taxonomy":"product_cat","embeddable":true,"href":"https:\/\/mundo.seashell.pt\/index.php?rest_route=%2Fwp%2Fv2%2Fproduct_cat&post=7050"},{"taxonomy":"product_tag","embeddable":true,"href":"https:\/\/mundo.seashell.pt\/index.php?rest_route=%2Fwp%2Fv2%2Fproduct_tag&post=7050"}],"curies":[{"name":"wp","href":"https:\/\/api.w.org\/{rel}","templated":true}]}}