{"id":7046,"date":"2022-02-23T19:04:37","date_gmt":"2022-02-23T19:04:37","guid":{"rendered":"https:\/\/mundo.seashell.pt\/?post_type=product&#038;p=7046"},"modified":"2022-02-23T19:04:38","modified_gmt":"2022-02-23T19:04:38","slug":"novycera-restauradores-de-moveis-500ml","status":"publish","type":"product","link":"https:\/\/mundo.seashell.pt\/?product=novycera-restauradores-de-moveis-500ml","title":{"rendered":"Novycera Restauradores de Ch\u00e3o 500ml"},"content":{"rendered":"<ul>\n<li>O Restaurador de Ch\u00e3o de Madeira Envernizado Novycera Madeira \u00e9 muito eficaz a reduzir manchas riscos descolora\u00e7\u00f5es e imperfei\u00e7\u00f5es da madeira envernizada. Usado regularmente restitui a cor \u00e0 madeira e recupera o brilho original do verniz&#8230;<\/li>\n<li>Benef\u00edcios:<br \/>&#8211; Limpa, cuida e protege a madeira. <\/li>\n<\/ul>\n","protected":false},"excerpt":{"rendered":"<p>O Restaurador de Ch\u00e3o de Madeira Envernizado Novycera Madeira \u00e9 muito eficaz a reduzir manchas riscos descolora\u00e7\u00f5es e imperfei\u00e7\u00f5es da madeira envernizada. Usado regularmente restitui a cor \u00e0 madeira e recupera o brilho original do verniz&#8230;Benef\u00edcios:- Limpa, cuida e protege a madeira. <\/p>\n","protected":false},"featured_media":7047,"template":"","meta":{"spay_email":""},"product_cat":[15],"product_tag":[],"class_list":{"0":"post-7046","1":"product","2":"type-product","3":"status-publish","4":"has-post-thumbnail","6":"product_cat-sem-categoria","8":"first","9":"instock","10":"taxable","11":"shipping-taxable","12":"purchasable","13":"product-type-simple"},"acf":[],"jetpack-related-posts":[{"id":7048,"url":"https:\/\/mundo.seashell.pt\/?product=novycera-restauradores-de-moveis-170ml","url_meta":{"origin":7046,"position":0},"title":"Novycera Restauradores de M\u00f3veis 170ml","date":"Fevereiro 23, 2022","format":false,"excerpt":"Benef\u00edcios: - Limpa, cuida e protege a madeira.","rel":"","context":"Similar post","img":{"alt_text":"","src":"https:\/\/i0.wp.com\/mundo.seashell.pt\/wp-content\/uploads\/2022\/02\/transferir__1_.png?resize=350%2C200&ssl=1","width":350,"height":200},"classes":[]},{"id":6339,"url":"https:\/\/mundo.seashell.pt\/?product=ajax-lava-tudo-madeiras-1l","url_meta":{"origin":7046,"position":1},"title":"Ajax Lava tudo Madeiras 1L","date":"Fevereiro 23, 2022","format":false,"excerpt":"Ajax Lava tudo Madeiras 1L Ajax lava tudo multisuperf\u00edcies para uso dom\u00e9stico, com uma nova f\u00f3rmula mais eficaz e a pensar no nosso planeta. Mantenha a sua casa com as superf\u00edcies de madeira higienicamente limpas com Ajax am\u00eandoa multiusos. Tipo de produto: Cuidado do Ch\u00e3o Notas\/Frag\u00e2ncia: Am\u00eandoaB...","rel":"","context":"Similar post","img":{"alt_text":"","src":"https:\/\/i0.wp.com\/mundo.seashell.pt\/wp-content\/uploads\/2022\/02\/Ajax_Lava_Tudo_MADEIRAS_1lt_8718951332713.png?resize=350%2C200&ssl=1","width":350,"height":200},"classes":[]},{"id":6335,"url":"https:\/\/mundo.seashell.pt\/?product=sonasol-madeiras-11l","url_meta":{"origin":7046,"position":2},"title":"Sonasol Madeiras 1,1L","date":"Fevereiro 23, 2022","format":false,"excerpt":"Sonasol brilhante madeiras \u00e9 o lava tudo ideal para a limpeza de todas as superf\u00edcies de madeira ou paquet. Garante uma secagem ultra r\u00e1pida para uma limpeza brilhante numa s\u00f3 passagem. Gra\u00e7as \u00e0 sua f\u00f3rmula inovadora, proporciona uma limpeza perfeita e repara gradualmente as fissuras e o desgaste, que s\u00e3o\u2026","rel":"","context":"Similar post","img":{"alt_text":"","src":"https:\/\/i0.wp.com\/mundo.seashell.pt\/wp-content\/uploads\/2022\/02\/SONASOL_BRILHANTE_MADEIRA_1L10_8410436242264.png?resize=350%2C200&ssl=1","width":350,"height":200},"classes":[]},{"id":5913,"url":"https:\/\/mundo.seashell.pt\/?product=meteor-parquet-5kg","url_meta":{"origin":7046,"position":3},"title":"Cera Meteor Parquet 5Kg","date":"Fevereiro 23, 2022","format":false,"excerpt":"Formulado com uma mistura de pol\u00edmeros e ceras espec\u00edficas para a porosidade t\u00edpica dos pavimentos em madeira.","rel":"","context":"Similar post","img":{"alt_text":"","src":"https:\/\/i0.wp.com\/mundo.seashell.pt\/wp-content\/uploads\/2022\/02\/meteor_parquet.jpg?resize=350%2C200&ssl=1","width":350,"height":200},"classes":[]},{"id":7038,"url":"https:\/\/mundo.seashell.pt\/?product=cif-spray-madeiras-435ml","url_meta":{"origin":7046,"position":4},"title":"Cif Spray Madeiras 435ml","date":"Fevereiro 23, 2022","format":false,"excerpt":"Cif Spray perfect finish madeiras foi desenvolvido cientificamente para limpar, cuidar e proteger a 100% as suas superf\u00edcies de madeira! Tipo de produto: Cuidado dos M\u00f3veisBenef\u00edcios: - 100% limpa, cuida e protege;- Com agentes de limpeza especiais;- Com \u00f3leo de cedro. Conselhos de utiliza\u00e7\u00e3o:","rel":"","context":"Similar post","img":{"alt_text":"","src":"https:\/\/i0.wp.com\/mundo.seashell.pt\/wp-content\/uploads\/2022\/02\/CIF_SPRAY_MADEIRAS_435ml_8717163831502.jpeg?resize=350%2C200&ssl=1","width":350,"height":200},"classes":[]},{"id":6854,"url":"https:\/\/mundo.seashell.pt\/?product=rexona-desodorizante-masculino-50ml","url_meta":{"origin":7046,"position":5},"title":"Rexona Desodorizante Masculino 50ml","date":"Fevereiro 23, 2022","format":false,"excerpt":"Antitranspirante para homem anti-manchas!Descri\u00e7\u00e3o: Rexona Roll-On Men, \u00e9 um antitranspirante invis\u00edvel eficaz que ajuda os tecidos pretos a manterem-se pretos e os brancos a manterem-se brancos. Este antitranspirante Roll-On com uma fragr\u00e2ncia moderna de car\u00e1ter frutado a madeira, protege imediatamente, com uma rica fragr...","rel":"","context":"Similar post","img":{"alt_text":"","src":"https:\/\/i0.wp.com\/mundo.seashell.pt\/wp-content\/uploads\/2022\/02\/Rexona_Roll-On_Invisible_Clothes__50ml__.png?resize=350%2C200&ssl=1","width":350,"height":200},"classes":[]}],"_links":{"self":[{"href":"https:\/\/mundo.seashell.pt\/index.php?rest_route=\/wp\/v2\/product\/7046","targetHints":{"allow":["GET"]}}],"collection":[{"href":"https:\/\/mundo.seashell.pt\/index.php?rest_route=\/wp\/v2\/product"}],"about":[{"href":"https:\/\/mundo.seashell.pt\/index.php?rest_route=\/wp\/v2\/types\/product"}],"wp:featuredmedia":[{"embeddable":true,"href":"https:\/\/mundo.seashell.pt\/index.php?rest_route=\/wp\/v2\/media\/7047"}],"wp:attachment":[{"href":"https:\/\/mundo.seashell.pt\/index.php?rest_route=%2Fwp%2Fv2%2Fmedia&parent=7046"}],"wp:term":[{"taxonomy":"product_cat","embeddable":true,"href":"https:\/\/mundo.seashell.pt\/index.php?rest_route=%2Fwp%2Fv2%2Fproduct_cat&post=7046"},{"taxonomy":"product_tag","embeddable":true,"href":"https:\/\/mundo.seashell.pt\/index.php?rest_route=%2Fwp%2Fv2%2Fproduct_tag&post=7046"}],"curies":[{"name":"wp","href":"https:\/\/api.w.org\/{rel}","templated":true}]}}