{"id":7042,"date":"2022-02-23T19:04:36","date_gmt":"2022-02-23T19:04:36","guid":{"rendered":"https:\/\/mundo.seashell.pt\/?post_type=product&#038;p=7042"},"modified":"2022-02-23T19:04:36","modified_gmt":"2022-02-23T19:04:36","slug":"novycera-spray-oleo-de-cedro-250ml","status":"publish","type":"product","link":"https:\/\/mundo.seashell.pt\/?product=novycera-spray-oleo-de-cedro-250ml","title":{"rendered":"Novycera Spray \u00d3leo de Cedro 250ml"},"content":{"rendered":"<p>Novycera Spray \u00d3leo de Cedro 250ml<\/p>\n","protected":false},"excerpt":{"rendered":"<p>Novycera Spray \u00d3leo de Cedro 250ml<\/p>\n","protected":false},"featured_media":7043,"template":"","meta":{"spay_email":""},"product_cat":[15],"product_tag":[],"class_list":{"0":"post-7042","1":"product","2":"type-product","3":"status-publish","4":"has-post-thumbnail","6":"product_cat-sem-categoria","8":"first","9":"instock","10":"taxable","11":"shipping-taxable","12":"purchasable","13":"product-type-simple"},"acf":[],"jetpack-related-posts":[{"id":7044,"url":"https:\/\/mundo.seashell.pt\/?product=novycera-oleo-de-cedro-170ml","url_meta":{"origin":7042,"position":0},"title":"Novycera \u00f3leo de Cedro 170ml","date":"Fevereiro 23, 2022","format":false,"excerpt":"Novycera \u00f3leo de Cedro 170ml","rel":"","context":"Similar post","img":{"alt_text":"","src":"https:\/\/i0.wp.com\/mundo.seashell.pt\/wp-content\/uploads\/2022\/02\/NOVYCERA_RESTAURADOR_MOVEIS_ESCURO_170ml.jpg?resize=350%2C200&ssl=1","width":350,"height":200},"classes":[]},{"id":7038,"url":"https:\/\/mundo.seashell.pt\/?product=cif-spray-madeiras-435ml","url_meta":{"origin":7042,"position":1},"title":"Cif Spray Madeiras 435ml","date":"Fevereiro 23, 2022","format":false,"excerpt":"Cif Spray perfect finish madeiras foi desenvolvido cientificamente para limpar, cuidar e proteger a 100% as suas superf\u00edcies de madeira! Tipo de produto: Cuidado dos M\u00f3veisBenef\u00edcios: - 100% limpa, cuida e protege;- Com agentes de limpeza especiais;- Com \u00f3leo de cedro. Conselhos de utiliza\u00e7\u00e3o:","rel":"","context":"Similar post","img":{"alt_text":"","src":"https:\/\/i0.wp.com\/mundo.seashell.pt\/wp-content\/uploads\/2022\/02\/CIF_SPRAY_MADEIRAS_435ml_8717163831502.jpeg?resize=350%2C200&ssl=1","width":350,"height":200},"classes":[]},{"id":5372,"url":"https:\/\/mundo.seashell.pt\/?product=pom-nature-350ml","url_meta":{"origin":7042,"position":2},"title":"Desodorizante de Ambiente Pom Nature 350ml","date":"Fevereiro 23, 2022","format":false,"excerpt":"Desodorizante em trigger \u00e0 base de \u00e1gua com fragr\u00e2ncia \"long lasting\" que deixa no ambiente uma fragr\u00e2ncia persistente que elimina odores desagrad\u00e1veis.","rel":"","context":"Similar post","img":{"alt_text":"","src":"https:\/\/i0.wp.com\/mundo.seashell.pt\/wp-content\/uploads\/2022\/02\/Pom_nature.jpg?resize=350%2C200&ssl=1","width":350,"height":200},"classes":[]},{"id":5374,"url":"https:\/\/mundo.seashell.pt\/?product=pom-air-300ml","url_meta":{"origin":7042,"position":3},"title":"Desodorizante em Aerossol Pom Air 300ml","date":"Fevereiro 23, 2022","format":false,"excerpt":"Deixa no ambiente uma fragr\u00e2ncia persistente que elimina odores desagrad\u00e1veis.","rel":"","context":"Similar post","img":{"alt_text":"","src":"https:\/\/i0.wp.com\/mundo.seashell.pt\/wp-content\/uploads\/2022\/02\/Pom_air.jpg?resize=350%2C200&ssl=1","width":350,"height":200},"classes":[]},{"id":5368,"url":"https:\/\/mundo.seashell.pt\/?product=pom-essence-500ml","url_meta":{"origin":7042,"position":4},"title":"Ess\u00eancia Desodorizante Pom Essence","date":"Fevereiro 23, 2022","format":false,"excerpt":"Descri\u00e7\u00e3o Gra\u00e7as \u00e0 sua fragr\u00e2ncia \"long lasting\" e \u00e0 sua alta concentra\u00e7\u00e3o, deixa no ambiente um perfume persistente que elimina odores desagrad\u00e1veis. Perfumes intensos e aveludados com notas florais frescas, tipicamente primaveris como espinheiro-branco, l\u00edrio do vale e variedade rosa ligeiramente frutada. Um ramo de flores harmonio...","rel":"","context":"Similar post","img":{"alt_text":"","src":"https:\/\/i0.wp.com\/mundo.seashell.pt\/wp-content\/uploads\/2022\/02\/PhotoRoom_20210325_131037.jpg?resize=350%2C200&ssl=1","width":350,"height":200},"classes":[]},{"id":5962,"url":"https:\/\/mundo.seashell.pt\/?product=parquet-clean-5kg","url_meta":{"origin":7042,"position":5},"title":"Detergente Parquet Clean 5Kg","date":"Fevereiro 23, 2022","format":false,"excerpt":"Detergente neutro concentrado adequado para a manuten\u00e7\u00e3o de todos os pavimentos em parquet","rel":"","context":"Similar post","img":{"alt_text":"","src":"https:\/\/i0.wp.com\/mundo.seashell.pt\/wp-content\/uploads\/2022\/02\/parquet_clean.jpg?resize=350%2C200&ssl=1","width":350,"height":200},"classes":[]}],"_links":{"self":[{"href":"https:\/\/mundo.seashell.pt\/index.php?rest_route=\/wp\/v2\/product\/7042","targetHints":{"allow":["GET"]}}],"collection":[{"href":"https:\/\/mundo.seashell.pt\/index.php?rest_route=\/wp\/v2\/product"}],"about":[{"href":"https:\/\/mundo.seashell.pt\/index.php?rest_route=\/wp\/v2\/types\/product"}],"wp:featuredmedia":[{"embeddable":true,"href":"https:\/\/mundo.seashell.pt\/index.php?rest_route=\/wp\/v2\/media\/7043"}],"wp:attachment":[{"href":"https:\/\/mundo.seashell.pt\/index.php?rest_route=%2Fwp%2Fv2%2Fmedia&parent=7042"}],"wp:term":[{"taxonomy":"product_cat","embeddable":true,"href":"https:\/\/mundo.seashell.pt\/index.php?rest_route=%2Fwp%2Fv2%2Fproduct_cat&post=7042"},{"taxonomy":"product_tag","embeddable":true,"href":"https:\/\/mundo.seashell.pt\/index.php?rest_route=%2Fwp%2Fv2%2Fproduct_tag&post=7042"}],"curies":[{"name":"wp","href":"https:\/\/api.w.org\/{rel}","templated":true}]}}