{"id":7040,"date":"2022-02-23T19:04:35","date_gmt":"2022-02-23T19:04:35","guid":{"rendered":"https:\/\/mundo.seashell.pt\/?post_type=product&#038;p=7040"},"modified":"2022-02-23T19:04:36","modified_gmt":"2022-02-23T19:04:36","slug":"pronto-oleos-protetores-250ml","status":"publish","type":"product","link":"https:\/\/mundo.seashell.pt\/?product=pronto-oleos-protetores-250ml","title":{"rendered":"Pronto \u00d3leos Protetores 250ml"},"content":{"rendered":"<p>Pronto mant\u00e9m a beleza natural da madeira.<\/p>\n<ul><\/ul>\n<h3>Tipo de produto:<\/h3>\n<p>Cuidado dos M\u00f3veis<\/p>\n<h3>Notas\/Frag\u00e2ncia:<\/h3>\n<p>\u00c2mbar e Arg\u00e3o<\/p>\n<h3>Benef\u00edcios:<\/h3>\n<p>&#8211; Limpa, cuida e protege a madeira.<\/p>\n<h3>Conselhos de utiliza\u00e7\u00e3o:<\/h3>\n<p>Agite bem antes de usar. Antes de limpar o p\u00f3, pulverize a superf\u00edcie a uma dist\u00e2ncia de 20cm e passe com um pano limpo.<\/p>\n","protected":false},"excerpt":{"rendered":"<p>Pronto mant\u00e9m a beleza natural da madeira.Tipo de produto:<br \/>\nCuidado dos M\u00f3veis<br \/>\nNotas\/Frag\u00e2ncia:<br \/>\n\u00c2mbar e Arg\u00e3oBenef\u00edcios:<br \/>\n&#8211; Limpa, cuida e protege a madeira.<br \/>\nConselhos de utiliza\u00e7\u00e3o:<br \/>\nAgite bem antes de usar. Antes de limpar o p\u00f3, pulverize a superf\u00edcie a uma dist\u00e2ncia de 2&#8230;<\/p>\n","protected":false},"featured_media":7041,"template":"","meta":{"spay_email":""},"product_cat":[15],"product_tag":[],"class_list":{"0":"post-7040","1":"product","2":"type-product","3":"status-publish","4":"has-post-thumbnail","6":"product_cat-sem-categoria","8":"first","9":"instock","10":"taxable","11":"shipping-taxable","12":"purchasable","13":"product-type-simple"},"acf":[],"jetpack-related-posts":[{"id":7034,"url":"https:\/\/mundo.seashell.pt\/?product=pronto-limpa-moveis-400ml","url_meta":{"origin":7040,"position":0},"title":"Pronto Limpa M\u00f3veis 400ml","date":"Fevereiro 23, 2022","format":false,"excerpt":"Pronto Limpa M\u00f3veis 400ml Pronto mant\u00e9m a beleza natural da madeira.Tipo de produto: Cuidado dos M\u00f3veis Benef\u00edcios: - Limpa, cuida e protege a madeira. Conselhos de utiliza\u00e7\u00e3o: Agite bem antes de usar. Antes de limpar o p\u00f3, pulverize a superf\u00edcie a uma dist\u00e2ncia de 20cm e passe com um pan...","rel":"","context":"Similar post","img":{"alt_text":"","src":"https:\/\/i0.wp.com\/mundo.seashell.pt\/wp-content\/uploads\/2022\/02\/PRONTO_AEROSSOL_EMBELEZA_CLASSIC_300ML_33__8412400021394.jpeg?resize=350%2C200&ssl=1","width":350,"height":200},"classes":[]},{"id":5710,"url":"https:\/\/mundo.seashell.pt\/?product=mobili-fresh-500ml","url_meta":{"origin":7040,"position":1},"title":"Limpador para M\u00f3veis Mobili Fresh 500Ml","date":"Fevereiro 23, 2022","format":false,"excerpt":"Agente de limpeza abrilhantador,com cera de abelhas, espec\u00edfico para m\u00f3veis de madeira","rel":"","context":"Similar post","img":{"alt_text":"","src":"https:\/\/i0.wp.com\/mundo.seashell.pt\/wp-content\/uploads\/2022\/02\/Mobili.jpg?resize=350%2C200&ssl=1","width":350,"height":200},"classes":[]},{"id":7038,"url":"https:\/\/mundo.seashell.pt\/?product=cif-spray-madeiras-435ml","url_meta":{"origin":7040,"position":2},"title":"Cif Spray Madeiras 435ml","date":"Fevereiro 23, 2022","format":false,"excerpt":"Cif Spray perfect finish madeiras foi desenvolvido cientificamente para limpar, cuidar e proteger a 100% as suas superf\u00edcies de madeira! Tipo de produto: Cuidado dos M\u00f3veisBenef\u00edcios: - 100% limpa, cuida e protege;- Com agentes de limpeza especiais;- Com \u00f3leo de cedro. Conselhos de utiliza\u00e7\u00e3o:","rel":"","context":"Similar post","img":{"alt_text":"","src":"https:\/\/i0.wp.com\/mundo.seashell.pt\/wp-content\/uploads\/2022\/02\/CIF_SPRAY_MADEIRAS_435ml_8717163831502.jpeg?resize=350%2C200&ssl=1","width":350,"height":200},"classes":[]},{"id":7112,"url":"https:\/\/mundo.seashell.pt\/?product=raid-inseticida-spray-400ml","url_meta":{"origin":7040,"position":3},"title":"Raid Inseticida Spray 400ml","date":"Fevereiro 23, 2022","format":false,"excerpt":"Proteja a sua fam\u00edlia. Aproveite cada momento.Descri\u00e7\u00e3o: Gra\u00e7as \u00e0 sua eficaz f\u00f3rmula de a\u00e7\u00e3o imediata, Raid\u00ae elimina em segundos baratas, aranhas, formigas, peixinhos de prata e outros insectos rastejantes em ambiente dom\u00e9stico.Conselhos de utiliza\u00e7\u00e3o: Agite bem antes de utilizar. Mantendo a embalagem na verti...","rel":"","context":"Similar post","img":{"alt_text":"","src":"https:\/\/i0.wp.com\/mundo.seashell.pt\/wp-content\/uploads\/2022\/02\/5298021-frente.jpeg?resize=350%2C200&ssl=1","width":350,"height":200},"classes":[]},{"id":6014,"url":"https:\/\/mundo.seashell.pt\/?product=spolvero-mop-500ml","url_meta":{"origin":7040,"position":4},"title":"Anti &#8211; P\u00f3 Spolvero Mop 500ml","date":"Fevereiro 23, 2022","format":false,"excerpt":"Spray com elevada a\u00e7\u00e3o antiest\u00e1tica de longa dura\u00e7\u00e3o para limpar a seco o p\u00f3 de todos os tipos de pavimentos, exceto superf\u00edcies t\u00eaxteis.","rel":"","context":"Similar post","img":{"alt_text":"","src":"https:\/\/i0.wp.com\/mundo.seashell.pt\/wp-content\/uploads\/2022\/02\/spolvero_mop.jpg?resize=350%2C200&ssl=1","width":350,"height":200},"classes":[]},{"id":6339,"url":"https:\/\/mundo.seashell.pt\/?product=ajax-lava-tudo-madeiras-1l","url_meta":{"origin":7040,"position":5},"title":"Ajax Lava tudo Madeiras 1L","date":"Fevereiro 23, 2022","format":false,"excerpt":"Ajax Lava tudo Madeiras 1L Ajax lava tudo multisuperf\u00edcies para uso dom\u00e9stico, com uma nova f\u00f3rmula mais eficaz e a pensar no nosso planeta. Mantenha a sua casa com as superf\u00edcies de madeira higienicamente limpas com Ajax am\u00eandoa multiusos. Tipo de produto: Cuidado do Ch\u00e3o Notas\/Frag\u00e2ncia: Am\u00eandoaB...","rel":"","context":"Similar post","img":{"alt_text":"","src":"https:\/\/i0.wp.com\/mundo.seashell.pt\/wp-content\/uploads\/2022\/02\/Ajax_Lava_Tudo_MADEIRAS_1lt_8718951332713.png?resize=350%2C200&ssl=1","width":350,"height":200},"classes":[]}],"_links":{"self":[{"href":"https:\/\/mundo.seashell.pt\/index.php?rest_route=\/wp\/v2\/product\/7040","targetHints":{"allow":["GET"]}}],"collection":[{"href":"https:\/\/mundo.seashell.pt\/index.php?rest_route=\/wp\/v2\/product"}],"about":[{"href":"https:\/\/mundo.seashell.pt\/index.php?rest_route=\/wp\/v2\/types\/product"}],"wp:featuredmedia":[{"embeddable":true,"href":"https:\/\/mundo.seashell.pt\/index.php?rest_route=\/wp\/v2\/media\/7041"}],"wp:attachment":[{"href":"https:\/\/mundo.seashell.pt\/index.php?rest_route=%2Fwp%2Fv2%2Fmedia&parent=7040"}],"wp:term":[{"taxonomy":"product_cat","embeddable":true,"href":"https:\/\/mundo.seashell.pt\/index.php?rest_route=%2Fwp%2Fv2%2Fproduct_cat&post=7040"},{"taxonomy":"product_tag","embeddable":true,"href":"https:\/\/mundo.seashell.pt\/index.php?rest_route=%2Fwp%2Fv2%2Fproduct_tag&post=7040"}],"curies":[{"name":"wp","href":"https:\/\/api.w.org\/{rel}","templated":true}]}}