{"id":7038,"date":"2022-02-23T19:04:34","date_gmt":"2022-02-23T19:04:34","guid":{"rendered":"https:\/\/mundo.seashell.pt\/?post_type=product&#038;p=7038"},"modified":"2022-02-23T19:04:35","modified_gmt":"2022-02-23T19:04:35","slug":"cif-spray-madeiras-435ml","status":"publish","type":"product","link":"https:\/\/mundo.seashell.pt\/?product=cif-spray-madeiras-435ml","title":{"rendered":"Cif Spray Madeiras 435ml"},"content":{"rendered":"<p>Cif Spray perfect finish madeiras foi desenvolvido cientificamente para limpar, cuidar e proteger a 100% as suas superf\u00edcies de madeira!<\/p>\n<h3>Tipo de produto:<\/h3>\n<p>Cuidado dos M\u00f3veis<\/p>\n<h3>Benef\u00edcios:<\/h3>\n<p>&#8211; 100% limpa, cuida e protege;<br \/>&#8211; Com agentes de limpeza especiais;<br \/>&#8211; Com \u00f3leo de cedro.<\/p>\n<h3>Conselhos de utiliza\u00e7\u00e3o:<\/h3>\n<p>Para obter 100% de remo\u00e7\u00e3o e sujidade, nutri\u00e7\u00e3o e prote\u00e7\u00e3o, borrife a superf\u00edcie, deixe atuar alguns segundos e limpe. Para resultados mais brilhantes, passe com um pano seco.<\/p>\n<p><\/p>\n","protected":false},"excerpt":{"rendered":"<p>Cif Spray perfect finish madeiras foi desenvolvido cientificamente para limpar, cuidar e proteger a 100% as suas superf\u00edcies de madeira!<br \/>\nTipo de produto:<br \/>\nCuidado dos M\u00f3veisBenef\u00edcios:<br \/>\n&#8211; 100% limpa, cuida e protege;- Com agentes de limpeza especiais;- Com \u00f3leo de cedro.<br \/>\nConselhos de utiliza\u00e7\u00e3o:<\/p>\n","protected":false},"featured_media":7039,"template":"","meta":{"spay_email":""},"product_cat":[15],"product_tag":[],"class_list":{"0":"post-7038","1":"product","2":"type-product","3":"status-publish","4":"has-post-thumbnail","6":"product_cat-sem-categoria","8":"first","9":"instock","10":"taxable","11":"shipping-taxable","12":"purchasable","13":"product-type-simple"},"acf":[],"jetpack-related-posts":[{"id":6413,"url":"https:\/\/mundo.seashell.pt\/?product=cif-spray-inox-043l","url_meta":{"origin":7038,"position":0},"title":"CIF Spray Inox 430ml","date":"Fevereiro 23, 2022","format":false,"excerpt":"Cif Perfect Finish inox foi desenvolvido cientificamente para remover manchas dif\u00edceis como dedadas, marcas de \u00e1gua e gordura. Garante 100% brilho sem manchas em superf\u00edcies de inox. Benef\u00edcios: - 100% de brilho sem manchas. Conselhos de utiliza\u00e7\u00e3o: Pressione o fecho de seguran\u00e7a enquanto gira o bocal do spray ...","rel":"","context":"Similar post","img":{"alt_text":"","src":"https:\/\/i0.wp.com\/mundo.seashell.pt\/wp-content\/uploads\/2022\/02\/CIF_SPRAY_INOX_-_435ml_8710447376324.png?resize=350%2C200&ssl=1","width":350,"height":200},"classes":[]},{"id":6379,"url":"https:\/\/mundo.seashell.pt\/?product=cif-anticalcario-spray-043l","url_meta":{"origin":7038,"position":1},"title":"Cif Anticalc\u00e1rio Spray 430ml","date":"Fevereiro 23, 2022","format":false,"excerpt":"Cif Perfect Finish remove bolores foi desenvolvido cientificamente para remover manchas de bolor, podendo ser utilizado em diferentes superf\u00edcies tais como banheiras, sanitas, azuleijos e argamassa, deixando as superf\u00edcies no seu melhor.Benef\u00edcios: - 100% remo\u00e7\u00e3o de manchas de bolor. Conselhos de utiliza\u00e7\u00e3o: P...","rel":"","context":"Similar post","img":{"alt_text":"","src":"https:\/\/i0.wp.com\/mundo.seashell.pt\/wp-content\/uploads\/2022\/02\/CIF_SPRAY_ANTI_BOLORES_-_435ml_8710447376201.png?resize=350%2C200&ssl=1","width":350,"height":200},"classes":[]},{"id":6441,"url":"https:\/\/mundo.seashell.pt\/?product=cif-spray-anti-bolores-0435l","url_meta":{"origin":7038,"position":2},"title":"CIF Spray Anti-Bolores 435ml","date":"Fevereiro 23, 2022","format":false,"excerpt":"Cif Perfect Finish remove bolores foi desenvolvido cientificamente para remover manchas de bolor, podendo ser utilizado em diferentes superf\u00edcies tais como banheiras, sanitas, azuleijos e argamassa, deixando as superf\u00edcies no seu melhor. Benef\u00edcios: - 100% remo\u00e7\u00e3o de manchas de bolor. Conselhos de utiliza\u00e7\u00e3o: P...","rel":"","context":"Similar post","img":{"alt_text":"","src":"https:\/\/i0.wp.com\/mundo.seashell.pt\/wp-content\/uploads\/2022\/02\/CIF_SPRAY_ANTI_BOLORES_-_435ml_8710447376201-1.png?resize=350%2C200&ssl=1","width":350,"height":200},"classes":[]},{"id":6411,"url":"https:\/\/mundo.seashell.pt\/?product=cif-fornos-e-grelhas-043l","url_meta":{"origin":7038,"position":3},"title":"CIF Fornos e Grelhas 430ml","date":"Fevereiro 23, 2022","format":false,"excerpt":"Cif Perfect Finish fornos e grelhadores foi desenvolvido cientificamente para remover 100% de gordura incrustada. A sua f\u00f3rmula poderosa com agentes desengordurantes elimina at\u00e9 a gordura mais dif\u00edcil do forno, fog\u00e3o e grelhador. Benef\u00edcios: - 100% remo\u00e7\u00e3o de gordura dif\u00edcil. Conselhos de utiliza\u00e7\u00e3o: Pressione ...","rel":"","context":"Similar post","img":{"alt_text":"","src":"https:\/\/i0.wp.com\/mundo.seashell.pt\/wp-content\/uploads\/2022\/02\/CIF_SPRAY_FORNOS_E_GRELHADORES-_435ml_8710447376133.png?resize=350%2C200&ssl=1","width":350,"height":200},"classes":[]},{"id":6405,"url":"https:\/\/mundo.seashell.pt\/?product=cif-spray-cozinhas-075l","url_meta":{"origin":7038,"position":4},"title":"CIF Spray Cozinhas 750ml","date":"Fevereiro 23, 2022","format":false,"excerpt":"Desde sempre que a preocupa\u00e7\u00e3o com o resultado final, tem sido a constante da marca Cif. Com conhecimento profundo da sujidade e das superf\u00edcies, desenvolve os melhores produtos de limpeza, para os consumidores mais exigentes. Dentro do universo dos detergentes, Cif apresenta uma gama bastante alargada e diversificada, capaz de\u2026","rel":"","context":"Similar post","img":{"alt_text":"","src":"https:\/\/i0.wp.com\/mundo.seashell.pt\/wp-content\/uploads\/2022\/02\/CIF_SPRAY_COZINHA_-_750ml_8712561142342.png?resize=350%2C200&ssl=1","width":350,"height":200},"classes":[]},{"id":7040,"url":"https:\/\/mundo.seashell.pt\/?product=pronto-oleos-protetores-250ml","url_meta":{"origin":7038,"position":5},"title":"Pronto \u00d3leos Protetores 250ml","date":"Fevereiro 23, 2022","format":false,"excerpt":"Pronto mant\u00e9m a beleza natural da madeira.Tipo de produto: Cuidado dos M\u00f3veis Notas\/Frag\u00e2ncia: \u00c2mbar e Arg\u00e3oBenef\u00edcios: - Limpa, cuida e protege a madeira. Conselhos de utiliza\u00e7\u00e3o: Agite bem antes de usar. Antes de limpar o p\u00f3, pulverize a superf\u00edcie a uma dist\u00e2ncia de 2...","rel":"","context":"Similar post","img":{"alt_text":"","src":"","width":0,"height":0},"classes":[]}],"_links":{"self":[{"href":"https:\/\/mundo.seashell.pt\/index.php?rest_route=\/wp\/v2\/product\/7038","targetHints":{"allow":["GET"]}}],"collection":[{"href":"https:\/\/mundo.seashell.pt\/index.php?rest_route=\/wp\/v2\/product"}],"about":[{"href":"https:\/\/mundo.seashell.pt\/index.php?rest_route=\/wp\/v2\/types\/product"}],"wp:featuredmedia":[{"embeddable":true,"href":"https:\/\/mundo.seashell.pt\/index.php?rest_route=\/wp\/v2\/media\/7039"}],"wp:attachment":[{"href":"https:\/\/mundo.seashell.pt\/index.php?rest_route=%2Fwp%2Fv2%2Fmedia&parent=7038"}],"wp:term":[{"taxonomy":"product_cat","embeddable":true,"href":"https:\/\/mundo.seashell.pt\/index.php?rest_route=%2Fwp%2Fv2%2Fproduct_cat&post=7038"},{"taxonomy":"product_tag","embeddable":true,"href":"https:\/\/mundo.seashell.pt\/index.php?rest_route=%2Fwp%2Fv2%2Fproduct_tag&post=7038"}],"curies":[{"name":"wp","href":"https:\/\/api.w.org\/{rel}","templated":true}]}}