{"id":7036,"date":"2022-02-23T19:04:33","date_gmt":"2022-02-23T19:04:33","guid":{"rendered":"https:\/\/mundo.seashell.pt\/?post_type=product&#038;p=7036"},"modified":"2022-02-23T19:04:33","modified_gmt":"2022-02-23T19:04:33","slug":"agerul-limpa-moveis-500ml","status":"publish","type":"product","link":"https:\/\/mundo.seashell.pt\/?product=agerul-limpa-moveis-500ml","title":{"rendered":"Agerul Limpa M\u00f3veis 500ml"},"content":{"rendered":"<p>Agerul Limpa M\u00f3veis 500ml<\/p>\n","protected":false},"excerpt":{"rendered":"<p>Agerul Limpa M\u00f3veis 500ml<\/p>\n","protected":false},"featured_media":7037,"template":"","meta":{"spay_email":""},"product_cat":[15],"product_tag":[],"class_list":{"0":"post-7036","1":"product","2":"type-product","3":"status-publish","4":"has-post-thumbnail","6":"product_cat-sem-categoria","8":"first","9":"instock","10":"taxable","11":"shipping-taxable","12":"purchasable","13":"product-type-simple"},"acf":[],"jetpack-related-posts":[{"id":6397,"url":"https:\/\/mundo.seashell.pt\/?product=agerul-desengordurante-recarga-075l","url_meta":{"origin":7036,"position":0},"title":"Agerul Desengordurante Recarga 750ml","date":"Fevereiro 23, 2022","format":false,"excerpt":"Desengordura, limpa e perfuma. Conselhos de utiliza\u00e7\u00e3o: Pulverize sobre a superf\u00edcie e deixe atuar durante uns segundos. Limpe e enxague.","rel":"","context":"Similar post","img":{"alt_text":"","src":"https:\/\/i0.wp.com\/mundo.seashell.pt\/wp-content\/uploads\/2022\/02\/AGERUL_DESENGORDURANTE_CONCENTRADO_750ML_RECARGA_8420568012086.png?resize=350%2C200&ssl=1","width":350,"height":200},"classes":[]},{"id":6395,"url":"https:\/\/mundo.seashell.pt\/?product=agerul-tira-gorduras-07l","url_meta":{"origin":7036,"position":1},"title":"Agerul Tira Gorduras 700ml","date":"Fevereiro 23, 2022","format":false,"excerpt":"Benef\u00edcios: - Desengordura, limpa e perfuma. Conselhos de utiliza\u00e7\u00e3o: Pulverize sobre a superf\u00edcie e deixe atuar durante uns segundos. Limpe e enxague.","rel":"","context":"Similar post","img":{"alt_text":"","src":"https:\/\/i0.wp.com\/mundo.seashell.pt\/wp-content\/uploads\/2022\/02\/AGERUL_DESENGORDURANTE_CONCENTRADO_750ML_8420568011072.png?resize=350%2C200&ssl=1","width":350,"height":200},"classes":[]},{"id":7046,"url":"https:\/\/mundo.seashell.pt\/?product=novycera-restauradores-de-moveis-500ml","url_meta":{"origin":7036,"position":2},"title":"Novycera Restauradores de Ch\u00e3o 500ml","date":"Fevereiro 23, 2022","format":false,"excerpt":"O Restaurador de Ch\u00e3o de Madeira Envernizado Novycera Madeira \u00e9 muito eficaz a reduzir manchas riscos descolora\u00e7\u00f5es e imperfei\u00e7\u00f5es da madeira envernizada. Usado regularmente restitui a cor \u00e0 madeira e recupera o brilho original do verniz...Benef\u00edcios:- Limpa, cuida e protege a madeira.","rel":"","context":"Similar post","img":{"alt_text":"","src":"https:\/\/i0.wp.com\/mundo.seashell.pt\/wp-content\/uploads\/2022\/02\/chaoenvernaizado_medio.jpeg?resize=350%2C200&ssl=1","width":350,"height":200},"classes":[]},{"id":5710,"url":"https:\/\/mundo.seashell.pt\/?product=mobili-fresh-500ml","url_meta":{"origin":7036,"position":3},"title":"Limpador para M\u00f3veis Mobili Fresh 500Ml","date":"Fevereiro 23, 2022","format":false,"excerpt":"Agente de limpeza abrilhantador,com cera de abelhas, espec\u00edfico para m\u00f3veis de madeira","rel":"","context":"Similar post","img":{"alt_text":"","src":"https:\/\/i0.wp.com\/mundo.seashell.pt\/wp-content\/uploads\/2022\/02\/Mobili.jpg?resize=350%2C200&ssl=1","width":350,"height":200},"classes":[]},{"id":7220,"url":"https:\/\/mundo.seashell.pt\/?product=agerul-vinagre-de-limpeza-1l","url_meta":{"origin":7036,"position":4},"title":"Agerul Vinagre de Limpeza 1L","date":"Fevereiro 23, 2022","format":false,"excerpt":"Agerul Vinagre de Limpeza 1L Vinagre de limpeza concentrado Agerul \u00e9 usado na limpeza de cal nas torneiras e cabines de duche. Limpeza de azulejos, vidros, lou\u00e7as, vitrocer\u00e2mica, metais como tachos e panelas.","rel":"","context":"Similar post","img":{"alt_text":"","src":"https:\/\/i0.wp.com\/mundo.seashell.pt\/wp-content\/uploads\/2022\/02\/vinagre-de-limpieza-agerul.jpeg?resize=350%2C200&ssl=1","width":350,"height":200},"classes":[]},{"id":6259,"url":"https:\/\/mundo.seashell.pt\/?product=ajax-multiusos-desinfetante-500ml","url_meta":{"origin":7036,"position":5},"title":"Ajax Multiusos Desinfetante 500ml","date":"Fevereiro 23, 2022","format":false,"excerpt":"Ajax ajuda na limpeza da casa. Deixa as suas superf\u00edcies limpas e brilhantes facilmente!Benef\u00edcios: - Elimina 100% das bact\u00e9rias;- Limpeza imediata e profunda.","rel":"","context":"Similar post","img":{"alt_text":"","src":"https:\/\/i0.wp.com\/mundo.seashell.pt\/wp-content\/uploads\/2022\/02\/Ajax_DESINFECTANTE_SPRAY_500ml_8718951384514.jpeg?resize=350%2C200&ssl=1","width":350,"height":200},"classes":[]}],"_links":{"self":[{"href":"https:\/\/mundo.seashell.pt\/index.php?rest_route=\/wp\/v2\/product\/7036","targetHints":{"allow":["GET"]}}],"collection":[{"href":"https:\/\/mundo.seashell.pt\/index.php?rest_route=\/wp\/v2\/product"}],"about":[{"href":"https:\/\/mundo.seashell.pt\/index.php?rest_route=\/wp\/v2\/types\/product"}],"wp:featuredmedia":[{"embeddable":true,"href":"https:\/\/mundo.seashell.pt\/index.php?rest_route=\/wp\/v2\/media\/7037"}],"wp:attachment":[{"href":"https:\/\/mundo.seashell.pt\/index.php?rest_route=%2Fwp%2Fv2%2Fmedia&parent=7036"}],"wp:term":[{"taxonomy":"product_cat","embeddable":true,"href":"https:\/\/mundo.seashell.pt\/index.php?rest_route=%2Fwp%2Fv2%2Fproduct_cat&post=7036"},{"taxonomy":"product_tag","embeddable":true,"href":"https:\/\/mundo.seashell.pt\/index.php?rest_route=%2Fwp%2Fv2%2Fproduct_tag&post=7036"}],"curies":[{"name":"wp","href":"https:\/\/api.w.org\/{rel}","templated":true}]}}