{"id":7030,"date":"2022-02-23T19:04:29","date_gmt":"2022-02-23T19:04:29","guid":{"rendered":"https:\/\/mundo.seashell.pt\/?post_type=product&#038;p=7030"},"modified":"2022-02-23T19:04:30","modified_gmt":"2022-02-23T19:04:30","slug":"dum-dum-bolsinhas-de-lavanda-20-un","status":"publish","type":"product","link":"https:\/\/mundo.seashell.pt\/?product=dum-dum-bolsinhas-de-lavanda-20-un","title":{"rendered":"Dum Dum  Bolsinhas de Lavanda 20 un"},"content":{"rendered":"<p>Com Dum Dum, n\u00e3o escapa um!<\/p>\n<h3>Descri\u00e7\u00e3o:<\/h3>\n<p>Dum Dum bolsinhas lavanda cuida da sua roupa durante toda a esta\u00e7\u00e3o. Refresca e perfuma a roupa com a fragr\u00e2ncia agrad\u00e1vel de lavanda.<\/p>\n<h3>Notas\/Frag\u00e2ncia:<\/h3>\n<p>Lavanda<\/p>\n<h3>Benef\u00edcios:<\/h3>\n<p>&#8211; Agrad\u00e1vel fragr\u00e2ncia a lavanda;<br \/>&#8211; N\u00e3o mancha a roupa nem as m\u00e3os.<\/p>\n<h3>Conselhos de utiliza\u00e7\u00e3o:<\/h3>\n<p>N\u00e3o retire a pastilha do interior da bolsinha. Coloque entre 2 a 3 bolsinhas individuais em espa\u00e7os pequenos como gavetas, caixas, bolsos de casacos, prateleiras, etc. Renove cada bolsinha ap\u00f3s 3 meses.<\/p>\n","protected":false},"excerpt":{"rendered":"<p>Com Dum Dum, n\u00e3o escapa um!Descri\u00e7\u00e3o:<br \/>\nDum Dum bolsinhas lavanda cuida da sua roupa durante toda a esta\u00e7\u00e3o. Refresca e perfuma a roupa com a fragr\u00e2ncia agrad\u00e1vel de lavanda.<br \/>\nNotas\/Frag\u00e2ncia:<br \/>\nLavandaBenef\u00edcios:<br \/>\n&#8211; Agrad\u00e1vel fragr\u00e2ncia a lavanda;- N\u00e3o mancha a roupa nem as m\u00e3os.<br \/>\nCons&#8230;<\/p>\n","protected":false},"featured_media":7031,"template":"","meta":{"spay_email":""},"product_cat":[15],"product_tag":[],"class_list":{"0":"post-7030","1":"product","2":"type-product","3":"status-publish","4":"has-post-thumbnail","6":"product_cat-sem-categoria","8":"first","9":"instock","10":"taxable","11":"shipping-taxable","12":"purchasable","13":"product-type-simple"},"acf":[],"jetpack-related-posts":[{"id":7126,"url":"https:\/\/mundo.seashell.pt\/?product=raid-anti-tracas-2-un","url_meta":{"origin":7030,"position":0},"title":"Raid Anti-tra\u00e7as 2 un","date":"Fevereiro 23, 2022","format":false,"excerpt":"Proteja a sua fam\u00edlia. Aproveite cada momento.Descri\u00e7\u00e3o: Raid\u00ae Anti-Tra\u00e7as lavanda fresca protege as roupas e tecidos contra as tra\u00e7as, durante uma esta\u00e7\u00e3o. A ess\u00eancia de lavanda perfuma agradavelmente arm\u00e1rios, roupeiros e gavetas. Notas\/Frag\u00e2ncia: LavandaConselhos de utiliza\u00e7\u00e3o: Retire por...","rel":"","context":"Similar post","img":{"alt_text":"","src":"https:\/\/i0.wp.com\/mundo.seashell.pt\/wp-content\/uploads\/2022\/02\/5820655-frente.jpeg?resize=350%2C200&ssl=1","width":350,"height":200},"classes":[]},{"id":6555,"url":"https:\/\/mundo.seashell.pt\/?product=skip-lavanda-58-doses","url_meta":{"origin":7030,"position":1},"title":"Skip Lavanda 58 doses","date":"Fevereiro 23, 2022","format":false,"excerpt":"Enriquecido com uma fragr\u00e2ncia mais natural, Skip lavanda proporciona \u00e0 sua roupa um delicado perfume e uma frescura duradoura, com efic\u00e1cia na remo\u00e7\u00e3o de n\u00f3doas. Tipo de produto: Detergente P\u00f3 Notas\/Frag\u00e2ncia: LavandaBenef\u00edcios: - Fragr\u00e2ncia mais natural a lavanda;- Frescura intensa e durad...","rel":"","context":"Similar post","img":{"alt_text":"","src":"https:\/\/i0.wp.com\/mundo.seashell.pt\/wp-content\/uploads\/2022\/02\/909100_1.jpeg?resize=350%2C200&ssl=1","width":350,"height":200},"classes":[]},{"id":7134,"url":"https:\/\/mundo.seashell.pt\/?product=dum-dum-anti-tracas-dos-alimentos-2un","url_meta":{"origin":7030,"position":2},"title":"Dum Dum Anti-tra\u00e7as dos Alimentos 2un","date":"Fevereiro 23, 2022","format":false,"excerpt":"Com Dum Dum, n\u00e3o escapa um!Descri\u00e7\u00e3o: Deteta e monitoriza as tra\u00e7as que atacam os alimentos, tais como cereais, frutos secos, nozes, sementes, massas, cacau, especiarias e alimentos secos para animais, quando se encontram armazenados. Cont\u00e9m uma feromona que atrai as tra\u00e7as masculinas, as quais ficam colocadas na armadilha. De...","rel":"","context":"Similar post","img":{"alt_text":"","src":"https:\/\/i0.wp.com\/mundo.seashell.pt\/wp-content\/uploads\/2022\/02\/05228018800301____1__600x600.jpeg?resize=350%2C200&ssl=1","width":350,"height":200},"classes":[]},{"id":7106,"url":"https:\/\/mundo.seashell.pt\/?product=dum-dum-multi-insetos-400ml","url_meta":{"origin":7030,"position":3},"title":"Dum Dum Multi-insetos 400ml","date":"Fevereiro 23, 2022","format":false,"excerpt":"Com Dum Dum, n\u00e3o escapa um!Conselhos de utiliza\u00e7\u00e3o: Vaporize o produto, directamente sobre os insetos ou parasitas. Ap\u00f3s 3-4 horas, o produto ter\u00e1 provocado o seu efeito.","rel":"","context":"Similar post","img":{"alt_text":"","src":"https:\/\/i0.wp.com\/mundo.seashell.pt\/wp-content\/uploads\/2022\/02\/5297513-hero.jpeg?resize=350%2C200&ssl=1","width":350,"height":200},"classes":[]},{"id":7104,"url":"https:\/\/mundo.seashell.pt\/?product=dum-dum-inseticida-spray-moscas-e-mosquitos-300ml","url_meta":{"origin":7030,"position":4},"title":"Dum Dum Inseticida Spray Moscas e Mosquitos 300ml","date":"Fevereiro 23, 2022","format":false,"excerpt":"Com Dum Dum, n\u00e3o escapa um!Conselhos de utiliza\u00e7\u00e3o: Vaporize o produto, directamente sobre os insetos ou parasitas. Ap\u00f3s 3-4 horas, o produto ter\u00e1 provocado o seu efeito.","rel":"","context":"Similar post","img":{"alt_text":"","src":"https:\/\/i0.wp.com\/mundo.seashell.pt\/wp-content\/uploads\/2022\/02\/5297894-hero.jpeg?resize=350%2C200&ssl=1","width":350,"height":200},"classes":[]},{"id":7096,"url":"https:\/\/mundo.seashell.pt\/?product=dum-dum-recargas-melgas-mosquitos-45-noites","url_meta":{"origin":7030,"position":5},"title":"Dum Dum Recargas Melgas &#038; Mosquitos 45 Noites","date":"Fevereiro 23, 2022","format":false,"excerpt":"Descri\u00e7\u00e3o: A recarga l\u00edquida de Dum Dum \u00e9 compat\u00edvel com todos os difusores Dum Dum, oferecendo uma prote\u00e7\u00e3o cont\u00ednua durante toda a noite ou dia. oferecendo uma prote\u00e7\u00e3o cont\u00ednua durante toda a noite ou dia. N\u00e3o produz odor. \u00c9 uma forma eficaz e higi\u00e9nica de se proteger contra moscas e\u2026","rel":"","context":"Similar post","img":{"alt_text":"","src":"https:\/\/i0.wp.com\/mundo.seashell.pt\/wp-content\/uploads\/2022\/02\/6947948-hero.jpeg?resize=350%2C200&ssl=1","width":350,"height":200},"classes":[]}],"_links":{"self":[{"href":"https:\/\/mundo.seashell.pt\/index.php?rest_route=\/wp\/v2\/product\/7030","targetHints":{"allow":["GET"]}}],"collection":[{"href":"https:\/\/mundo.seashell.pt\/index.php?rest_route=\/wp\/v2\/product"}],"about":[{"href":"https:\/\/mundo.seashell.pt\/index.php?rest_route=\/wp\/v2\/types\/product"}],"wp:featuredmedia":[{"embeddable":true,"href":"https:\/\/mundo.seashell.pt\/index.php?rest_route=\/wp\/v2\/media\/7031"}],"wp:attachment":[{"href":"https:\/\/mundo.seashell.pt\/index.php?rest_route=%2Fwp%2Fv2%2Fmedia&parent=7030"}],"wp:term":[{"taxonomy":"product_cat","embeddable":true,"href":"https:\/\/mundo.seashell.pt\/index.php?rest_route=%2Fwp%2Fv2%2Fproduct_cat&post=7030"},{"taxonomy":"product_tag","embeddable":true,"href":"https:\/\/mundo.seashell.pt\/index.php?rest_route=%2Fwp%2Fv2%2Fproduct_tag&post=7030"}],"curies":[{"name":"wp","href":"https:\/\/api.w.org\/{rel}","templated":true}]}}