{"id":7028,"date":"2022-02-23T19:04:27","date_gmt":"2022-02-23T19:04:27","guid":{"rendered":"https:\/\/mundo.seashell.pt\/?post_type=product&#038;p=7028"},"modified":"2022-02-23T19:04:28","modified_gmt":"2022-02-23T19:04:28","slug":"comfort-saquetas-perfumadas-para-armario-3un","status":"publish","type":"product","link":"https:\/\/mundo.seashell.pt\/?product=comfort-saquetas-perfumadas-para-armario-3un","title":{"rendered":"Comfort Saquetas Perfumadas para Arm\u00e1rio 3un"},"content":{"rendered":"<p>Com as saquetas perfumadas de Comfort, pode sentir durante mais tempo a fragr\u00e2ncia delicada e deliciosa dos amaciadores de roupa Comfort. Liberta gradualmente o seu aroma durante 6 semanas, para que a sua roupa fique maravilhosamente fresca como se tivesse sido acabada de lavar.<\/p>\n<h3>Benef\u00edcios:<\/h3>\n<p>&#8211; Fragr\u00e2ncia fresca e duradoura;<br \/>&#8211; Extrema suavidade;<br \/>&#8211; Mant\u00e9m a sensa\u00e7\u00e3o de acabado de lavar durante 6 semanas.<\/p>\n<h3>Conselhos de utiliza\u00e7\u00e3o:<\/h3>\n<p>Ap\u00f3s retirar o pl\u00e1stico, basta colocar as saquetas perfumadas Comfort nas suas gavetas ou pendur\u00e1-las no roupeiro, usando a abertura para o efeito. As saquetas mant\u00eam a sua frescura durante 6 semanas, por isso substitua-as regularmente para m\u00e1xima frescura.<\/p>\n<h3>Dicas:<\/h3>\n<p>Para roupa ainda mais perfumada, utilize as p\u00e9rolas perfumadas Comfort Intense, colocadas diretamente no tambor da m\u00e1quina.<\/p>\n<p><\/p>\n","protected":false},"excerpt":{"rendered":"<p>Com as saquetas perfumadas de Comfort, pode sentir durante mais tempo a fragr\u00e2ncia delicada e deliciosa dos amaciadores de roupa Comfort. Liberta gradualmente o seu aroma durante 6 semanas, para que a sua roupa fique maravilhosamente fresca como se tivesse sido acabada de lavar.<br \/>\nBenef\u00edcios:<br \/>\n&#8211; Fragr\u00e2ncia fresca e duradoura;&#8230;<\/p>\n","protected":false},"featured_media":7029,"template":"","meta":{"spay_email":""},"product_cat":[15],"product_tag":[],"class_list":{"0":"post-7028","1":"product","2":"type-product","3":"status-publish","4":"has-post-thumbnail","6":"product_cat-sem-categoria","8":"first","9":"instock","10":"taxable","11":"shipping-taxable","12":"purchasable","13":"product-type-simple"},"acf":[],"jetpack-related-posts":[{"id":6712,"url":"https:\/\/mundo.seashell.pt\/?product=comfort-vaporese-azul-1l","url_meta":{"origin":7028,"position":0},"title":"Comfort Vaporese Azul 1L","date":"Fevereiro 23, 2022","format":false,"excerpt":"Comfort Vaporesse azul ajuda o ferro de engomar a deslizar sem esfor\u00e7o sobre os vincos da sua roupa. Para al\u00e9m disso, traz uma fragr\u00e2ncia fresca fant\u00e1stica para o seu engomar, que dura o dia todo. Desfrute da fragr\u00e2ncia fresca e duradoura e livre-se dos vincos mais facilmente, garantindo um cuidado\u2026","rel":"","context":"Similar post","img":{"alt_text":"","src":"https:\/\/i0.wp.com\/mundo.seashell.pt\/wp-content\/uploads\/2022\/02\/COMFORT_VAPORESSE_AZUL_-_1L_5000186802585.png?resize=350%2C200&ssl=1","width":350,"height":200},"classes":[]},{"id":6611,"url":"https:\/\/mundo.seashell.pt\/?product=lenor-unstoppable-perolas-fresh-210gr","url_meta":{"origin":7028,"position":1},"title":"Lenor Unstoppable P\u00e9rolas Fresh 210gr","date":"Fevereiro 23, 2022","format":false,"excerpt":"Dispon\u00edvel em diferentes fragr\u00e2ncias, Lenor Unstoppables d\u00e1 uma frescura \u00e0 sua roupa. Com a sua explos\u00e3o de perfume que perdura, as suas roupas v\u00e3o estar sempre prontas a ser usadas com o seu perfume favorito. Unstoppables Fresh tem um aroma de frutas c\u00edtricas e fruta fresca, envolvida em notas florais.\u2026","rel":"","context":"Similar post","img":{"alt_text":"","src":"https:\/\/i0.wp.com\/mundo.seashell.pt\/wp-content\/uploads\/2022\/02\/UNSTOPPABLES_LENOR_PE_ROLAS_FRESH_140G_8001841006680.png?resize=350%2C200&ssl=1","width":350,"height":200},"classes":[]},{"id":6555,"url":"https:\/\/mundo.seashell.pt\/?product=skip-lavanda-58-doses","url_meta":{"origin":7028,"position":2},"title":"Skip Lavanda 58 doses","date":"Fevereiro 23, 2022","format":false,"excerpt":"Enriquecido com uma fragr\u00e2ncia mais natural, Skip lavanda proporciona \u00e0 sua roupa um delicado perfume e uma frescura duradoura, com efic\u00e1cia na remo\u00e7\u00e3o de n\u00f3doas. Tipo de produto: Detergente P\u00f3 Notas\/Frag\u00e2ncia: LavandaBenef\u00edcios: - Fragr\u00e2ncia mais natural a lavanda;- Frescura intensa e durad...","rel":"","context":"Similar post","img":{"alt_text":"","src":"https:\/\/i0.wp.com\/mundo.seashell.pt\/wp-content\/uploads\/2022\/02\/909100_1.jpeg?resize=350%2C200&ssl=1","width":350,"height":200},"classes":[]},{"id":6567,"url":"https:\/\/mundo.seashell.pt\/?product=surf-72-doses","url_meta":{"origin":7028,"position":3},"title":"Surf 72 Doses","date":"Fevereiro 23, 2022","format":false,"excerpt":"Inspirado na natureza, Surf l\u00edrios tropicais e ylang ylang vai proporcionar \u00e0 sua roupa uma lavagem eficaz, acompanhada de uma explos\u00e3o de perfume tropical. Descobre mais sobre as fragr\u00e2ncias fabulosas de Surf! Tipo de produto: Detergente P\u00f3 Notas\/Frag\u00e2ncia: TropicalBenef\u00edcios: - Frescura durado...","rel":"","context":"Similar post","img":{"alt_text":"","src":"https:\/\/i0.wp.com\/mundo.seashell.pt\/wp-content\/uploads\/2022\/02\/media__1_.jpeg?resize=350%2C200&ssl=1","width":350,"height":200},"classes":[]},{"id":6601,"url":"https:\/\/mundo.seashell.pt\/?product=comfort-amaciador-de-roupa-58-doses","url_meta":{"origin":7028,"position":4},"title":"Comfort Amaciador de Roupa 58 Doses","date":"Fevereiro 23, 2022","format":false,"excerpt":"Cada gota de Comfort Concentrado traz o ar livre para dentro da sua casa. Uma onda de tenta\u00e7\u00e3o e frescura, para uma suavidade \u00fanica. Tipo de produto: Amaciador Concentrado - Fragr\u00e2ncia desenvolvida por especialistas;- Frescura duradoura;- Extrema suavidade;- F\u00e1cil de engomar;- Mant\u00e9m a cor e o brilho.","rel":"","context":"Similar post","img":{"alt_text":"","src":"https:\/\/i0.wp.com\/mundo.seashell.pt\/wp-content\/uploads\/2022\/02\/COMFORT_ESSE_NCIA_AZUL_-1_45L_-_58D_8720181006890.png?resize=350%2C200&ssl=1","width":350,"height":200},"classes":[]},{"id":6587,"url":"https:\/\/mundo.seashell.pt\/?product=surf-detergente-50-capsulas","url_meta":{"origin":7028,"position":5},"title":"Surf Detergente 50 C\u00e1psulas","date":"Fevereiro 23, 2022","format":false,"excerpt":"Novo Surf vai proporcionar \u00e0 sua roupa uma explos\u00e3o de perfume de coco. Descobre mais sobre as v\u00e1rias fragr\u00e2ncias fabulosas de Surf! Tipo de produto: Detergente C\u00e1psulas Notas\/Frag\u00e2ncia: Tropical - Frescura duradoura;- Explos\u00e3o de perfume;- Aroma energizante. Conselhos de utiliza\u00e7\u00e3o:...","rel":"","context":"Similar post","img":{"alt_text":"","src":"https:\/\/i0.wp.com\/mundo.seashell.pt\/wp-content\/uploads\/2022\/02\/SURF_Caps_Trio_Tropical_50_8720181001154.png?resize=350%2C200&ssl=1","width":350,"height":200},"classes":[]}],"_links":{"self":[{"href":"https:\/\/mundo.seashell.pt\/index.php?rest_route=\/wp\/v2\/product\/7028","targetHints":{"allow":["GET"]}}],"collection":[{"href":"https:\/\/mundo.seashell.pt\/index.php?rest_route=\/wp\/v2\/product"}],"about":[{"href":"https:\/\/mundo.seashell.pt\/index.php?rest_route=\/wp\/v2\/types\/product"}],"wp:featuredmedia":[{"embeddable":true,"href":"https:\/\/mundo.seashell.pt\/index.php?rest_route=\/wp\/v2\/media\/7029"}],"wp:attachment":[{"href":"https:\/\/mundo.seashell.pt\/index.php?rest_route=%2Fwp%2Fv2%2Fmedia&parent=7028"}],"wp:term":[{"taxonomy":"product_cat","embeddable":true,"href":"https:\/\/mundo.seashell.pt\/index.php?rest_route=%2Fwp%2Fv2%2Fproduct_cat&post=7028"},{"taxonomy":"product_tag","embeddable":true,"href":"https:\/\/mundo.seashell.pt\/index.php?rest_route=%2Fwp%2Fv2%2Fproduct_tag&post=7028"}],"curies":[{"name":"wp","href":"https:\/\/api.w.org\/{rel}","templated":true}]}}