{"id":7024,"date":"2022-02-23T19:04:10","date_gmt":"2022-02-23T19:04:10","guid":{"rendered":"https:\/\/mundo.seashell.pt\/?post_type=product&#038;p=7024"},"modified":"2022-02-23T19:04:12","modified_gmt":"2022-02-23T19:04:12","slug":"glade-absorve-odores-150gr","status":"publish","type":"product","link":"https:\/\/mundo.seashell.pt\/?product=glade-absorve-odores-150gr","title":{"rendered":"Glade Absorve Odores 150gr"},"content":{"rendered":"<p>Crie o ambiente perfeito com Glade.<\/p>\n<h3>Benef\u00edcios:<\/h3>\n<p>&#8211; Frag\u00e2ncia duradoura e perfumada;<br \/>&#8211; Elimina odores indesejados.<\/p>\n<h3>Conselhos de utiliza\u00e7\u00e3o:<\/h3>\n<p>Para que entre em a\u00e7\u00e3o, basta retirar a pel\u00edcula. Dura at\u00e9 10 semanas. O produto deve ser substitu\u00eddo, quando o gel desaparecer.<\/p>\n<p><\/p>\n<p><\/p>\n<ul><\/ul>\n","protected":false},"excerpt":{"rendered":"<p>Crie o ambiente perfeito com Glade.Benef\u00edcios:<br \/>\n&#8211; Frag\u00e2ncia duradoura e perfumada;- Elimina odores indesejados.<br \/>\nConselhos de utiliza\u00e7\u00e3o:<br \/>\nPara que entre em a\u00e7\u00e3o, basta retirar a pel\u00edcula. Dura at\u00e9 10 semanas. O produto deve ser substitu\u00eddo, quando o gel desaparecer.<\/p>\n","protected":false},"featured_media":7025,"template":"","meta":{"spay_email":""},"product_cat":[15],"product_tag":[],"class_list":{"0":"post-7024","1":"product","2":"type-product","3":"status-publish","4":"has-post-thumbnail","6":"product_cat-sem-categoria","8":"first","9":"instock","10":"taxable","11":"shipping-taxable","12":"purchasable","13":"product-type-simple"},"acf":[],"jetpack-related-posts":[{"id":7026,"url":"https:\/\/mundo.seashell.pt\/?product=glade-velas-aromaticas-129gr","url_meta":{"origin":7024,"position":0},"title":"Glade Velas Arom\u00e1ticas 129gr","date":"Fevereiro 23, 2022","format":false,"excerpt":"Crie o ambiente perfeito com Glade.Descri\u00e7\u00e3o: Desperte os sentidos com as velas Glade. Basta acender o pavio para encher rapidamente a divis\u00e3o com uma fragr\u00e2ncia infundida com \u00f3leos essenciais e criar um ambiente \u00edntimo e acolhedor. Embarque numa magn\u00edfica viagem pelo conforto contempor\u00e2neo, com notas florais e doces delic...","rel":"","context":"Similar post","img":{"alt_text":"","src":"https:\/\/i0.wp.com\/mundo.seashell.pt\/wp-content\/uploads\/2022\/02\/GLADE_VELAS_APPLE_CINNAMON_129G_5000204105490.jpeg?resize=350%2C200&ssl=1","width":350,"height":200},"classes":[]},{"id":7018,"url":"https:\/\/mundo.seashell.pt\/?product=glade-ambientador-300ml","url_meta":{"origin":7024,"position":1},"title":"Glade Ambientador 300ml","date":"Fevereiro 23, 2022","format":false,"excerpt":"Glade Ambientador 300ml Crie o ambiente perfeito com Glade.Benef\u00edcios: - Frag\u00e2ncia duradoura;- Elimina odores;- Perfuma e resfresca.","rel":"","context":"Similar post","img":{"alt_text":"","src":"https:\/\/i0.wp.com\/mundo.seashell.pt\/wp-content\/uploads\/2022\/02\/2053816-frente.jpeg?resize=350%2C200&ssl=1","width":350,"height":200},"classes":[]},{"id":6489,"url":"https:\/\/mundo.seashell.pt\/?product=finish-deo-lima-limao-60-ciclos","url_meta":{"origin":7024,"position":2},"title":"Finish Deo Lima Lim\u00e3o 60 Ciclos","date":"Fevereiro 23, 2022","format":false,"excerpt":"Diga stop aos maus odores na sua m\u00e1quina. Finish Odor Stop tem uma f\u00f3rmula exclusiva de dupla a\u00e7\u00e3o: elimina os maus odores em vez de os mascarar e deixa uma brisa de ar fresco na sua m\u00e1quina da loi\u00e7a. A c\u00e2mara azul escura cont\u00e9m ingredientes ativos que eliminam os maus\u2026","rel":"","context":"Similar post","img":{"alt_text":"","src":"https:\/\/i0.wp.com\/mundo.seashell.pt\/wp-content\/uploads\/2022\/02\/Finish_Deo_Lima_Limao_x20_5601217130631.png?resize=350%2C200&ssl=1","width":350,"height":200},"classes":[]},{"id":7126,"url":"https:\/\/mundo.seashell.pt\/?product=raid-anti-tracas-2-un","url_meta":{"origin":7024,"position":3},"title":"Raid Anti-tra\u00e7as 2 un","date":"Fevereiro 23, 2022","format":false,"excerpt":"Proteja a sua fam\u00edlia. Aproveite cada momento.Descri\u00e7\u00e3o: Raid\u00ae Anti-Tra\u00e7as lavanda fresca protege as roupas e tecidos contra as tra\u00e7as, durante uma esta\u00e7\u00e3o. A ess\u00eancia de lavanda perfuma agradavelmente arm\u00e1rios, roupeiros e gavetas. Notas\/Frag\u00e2ncia: LavandaConselhos de utiliza\u00e7\u00e3o: Retire por...","rel":"","context":"Similar post","img":{"alt_text":"","src":"https:\/\/i0.wp.com\/mundo.seashell.pt\/wp-content\/uploads\/2022\/02\/5820655-frente.jpeg?resize=350%2C200&ssl=1","width":350,"height":200},"classes":[]},{"id":6543,"url":"https:\/\/mundo.seashell.pt\/?product=x-tra-det-liquido-50-doses","url_meta":{"origin":7024,"position":4},"title":"Xtra Det. L\u00edquido 50 Doses","date":"Fevereiro 23, 2022","format":false,"excerpt":"O X-tra gel oferece-lhe m\u00faltiplos benef\u00edcios num s\u00f3 detergente. A sua f\u00f3rmula penetra no interior das fibras eliminando as n\u00f3doas e dando brilho \u00e0 sua roupa. Para al\u00e9m disso, possui um efeito neutralizador de odores que funciona como \u00edman que atrai e anula os maus cheiros, proporcionando uma frescura prolongada\u2026","rel":"","context":"Similar post","img":{"alt_text":"","src":"https:\/\/i0.wp.com\/mundo.seashell.pt\/wp-content\/uploads\/2022\/02\/XTRA_UNIVERSAL_GEL__P18___50D_8410436320184.png?resize=350%2C200&ssl=1","width":350,"height":200},"classes":[]},{"id":6788,"url":"https:\/\/mundo.seashell.pt\/?product=gel-de-banho-masculino-axe-04l","url_meta":{"origin":7024,"position":5},"title":"Gel de Banho Masculino Axe 400ml","date":"Fevereiro 23, 2022","format":false,"excerpt":"Mantenha-se fresco com o gel de banho masculino AXE. Uma fragr\u00e2ncia cl\u00e1ssica refrescante com frutas verdes e s\u00e1lvia fresca. Este frescor confere-lhe uma personalidade inconfund\u00edvel. Come\u00e7e o dia com uma frag\u00e2ncia de outro mundo, e vais-se sentir no centro do universo. Uma fragr\u00e2ncia classicamente masculina com um toque envolvente. As\u2026","rel":"","context":"Similar post","img":{"alt_text":"","src":"https:\/\/i0.wp.com\/mundo.seashell.pt\/wp-content\/uploads\/2022\/02\/AXE_GEL_BANHO_DARK_TEMP_400ML.png?resize=350%2C200&ssl=1","width":350,"height":200},"classes":[]}],"_links":{"self":[{"href":"https:\/\/mundo.seashell.pt\/index.php?rest_route=\/wp\/v2\/product\/7024","targetHints":{"allow":["GET"]}}],"collection":[{"href":"https:\/\/mundo.seashell.pt\/index.php?rest_route=\/wp\/v2\/product"}],"about":[{"href":"https:\/\/mundo.seashell.pt\/index.php?rest_route=\/wp\/v2\/types\/product"}],"wp:featuredmedia":[{"embeddable":true,"href":"https:\/\/mundo.seashell.pt\/index.php?rest_route=\/wp\/v2\/media\/7025"}],"wp:attachment":[{"href":"https:\/\/mundo.seashell.pt\/index.php?rest_route=%2Fwp%2Fv2%2Fmedia&parent=7024"}],"wp:term":[{"taxonomy":"product_cat","embeddable":true,"href":"https:\/\/mundo.seashell.pt\/index.php?rest_route=%2Fwp%2Fv2%2Fproduct_cat&post=7024"},{"taxonomy":"product_tag","embeddable":true,"href":"https:\/\/mundo.seashell.pt\/index.php?rest_route=%2Fwp%2Fv2%2Fproduct_tag&post=7024"}],"curies":[{"name":"wp","href":"https:\/\/api.w.org\/{rel}","templated":true}]}}