{"id":7022,"date":"2022-02-23T19:04:09","date_gmt":"2022-02-23T19:04:09","guid":{"rendered":"https:\/\/mundo.seashell.pt\/?post_type=product&#038;p=7022"},"modified":"2022-02-23T19:04:10","modified_gmt":"2022-02-23T19:04:10","slug":"ambipur-absorve-odores-45-dias","status":"publish","type":"product","link":"https:\/\/mundo.seashell.pt\/?product=ambipur-absorve-odores-45-dias","title":{"rendered":"Ambipur Absorve Odores 45 dias"},"content":{"rendered":"<p>O primeiro ambientador n\u00e3o el\u00e9trico cont\u00ednuo, para a casa de banho, n\u00e3o s\u00f3 elimina os odores do ar como tamb\u00e9m evita que permane\u00e7am em superf\u00edcies macias, como toalhas, tapetes e cortinas de duche. Febreze Para Casa de Banho utiliza a sua tecnologia exclusiva Odour ClearTM, proporcionando uma frescura cont\u00ednua at\u00e9 45 dias, para que a sua casa de banho esteja sempre preparada para receber os convidados. Sem necessidade de eletricidade ou pilhas, Febreze Para Casa de Banho \u00e9 pr\u00e1tico e f\u00e1cil de usar, al\u00e9m de estar dispon\u00edvel com v\u00e1rias fragr\u00e2ncias.<\/p>\n<h3>Ingredientes:<\/h3>\n<p>Perfumes, Benzyl Alcohol, Citronellol, Coumarin, Limonene, Linalool.<\/p>\n<h3>Benef\u00edcios:<\/h3>\n<p>O Ambientador Para Casa de Banho Febreze elimina os odores e deixa uma fragr\u00e2ncia leve e fresca Eliminador de odores \u2013 evita a perman\u00eancia de odores Deixa uma fragr\u00e2ncia leve e fresca Cada dispositivo para a casa de banho dura 45 dias F\u00e1cil de usar, ativa\u00e7\u00e3o com 1 press\u00e3o no bot\u00e3o Sem necessidade de eletricidade ou tomadas Simultaneamente discreto e elegante A fragr\u00e2ncia Brisa de Flores \u00e9 inspirada na frescura das p\u00e9talas delicadas e suaves.<\/p>\n<p><\/p>\n","protected":false},"excerpt":{"rendered":"<p>O primeiro ambientador n\u00e3o el\u00e9trico cont\u00ednuo, para a casa de banho, n\u00e3o s\u00f3 elimina os odores do ar como tamb\u00e9m evita que permane\u00e7am em superf\u00edcies macias, como toalhas, tapetes e cortinas de duche. Febreze Para Casa de Banho utiliza a sua tecnologia exclusiva Odour ClearTM, proporcionando uma frescura cont\u00ednua at\u00e9 45 dias, para que a sua casa&#8230;<\/p>\n","protected":false},"featured_media":7023,"template":"","meta":{"spay_email":""},"product_cat":[15],"product_tag":[],"class_list":{"0":"post-7022","1":"product","2":"type-product","3":"status-publish","4":"has-post-thumbnail","6":"product_cat-sem-categoria","8":"first","9":"instock","10":"taxable","11":"shipping-taxable","12":"purchasable","13":"product-type-simple"},"acf":[],"jetpack-related-posts":[{"id":5374,"url":"https:\/\/mundo.seashell.pt\/?product=pom-air-300ml","url_meta":{"origin":7022,"position":0},"title":"Desodorizante em Aerossol Pom Air 300ml","date":"Fevereiro 23, 2022","format":false,"excerpt":"Deixa no ambiente uma fragr\u00e2ncia persistente que elimina odores desagrad\u00e1veis.","rel":"","context":"Similar post","img":{"alt_text":"","src":"https:\/\/i0.wp.com\/mundo.seashell.pt\/wp-content\/uploads\/2022\/02\/Pom_air.jpg?resize=350%2C200&ssl=1","width":350,"height":200},"classes":[]},{"id":5372,"url":"https:\/\/mundo.seashell.pt\/?product=pom-nature-350ml","url_meta":{"origin":7022,"position":1},"title":"Desodorizante de Ambiente Pom Nature 350ml","date":"Fevereiro 23, 2022","format":false,"excerpt":"Desodorizante em trigger \u00e0 base de \u00e1gua com fragr\u00e2ncia \"long lasting\" que deixa no ambiente uma fragr\u00e2ncia persistente que elimina odores desagrad\u00e1veis.","rel":"","context":"Similar post","img":{"alt_text":"","src":"https:\/\/i0.wp.com\/mundo.seashell.pt\/wp-content\/uploads\/2022\/02\/Pom_nature.jpg?resize=350%2C200&ssl=1","width":350,"height":200},"classes":[]},{"id":5368,"url":"https:\/\/mundo.seashell.pt\/?product=pom-essence-500ml","url_meta":{"origin":7022,"position":2},"title":"Ess\u00eancia Desodorizante Pom Essence","date":"Fevereiro 23, 2022","format":false,"excerpt":"Descri\u00e7\u00e3o Gra\u00e7as \u00e0 sua fragr\u00e2ncia \"long lasting\" e \u00e0 sua alta concentra\u00e7\u00e3o, deixa no ambiente um perfume persistente que elimina odores desagrad\u00e1veis. Perfumes intensos e aveludados com notas florais frescas, tipicamente primaveris como espinheiro-branco, l\u00edrio do vale e variedade rosa ligeiramente frutada. Um ramo de flores harmonio...","rel":"","context":"Similar post","img":{"alt_text":"","src":"https:\/\/i0.wp.com\/mundo.seashell.pt\/wp-content\/uploads\/2022\/02\/PhotoRoom_20210325_131037.jpg?resize=350%2C200&ssl=1","width":350,"height":200},"classes":[]},{"id":6788,"url":"https:\/\/mundo.seashell.pt\/?product=gel-de-banho-masculino-axe-04l","url_meta":{"origin":7022,"position":3},"title":"Gel de Banho Masculino Axe 400ml","date":"Fevereiro 23, 2022","format":false,"excerpt":"Mantenha-se fresco com o gel de banho masculino AXE. Uma fragr\u00e2ncia cl\u00e1ssica refrescante com frutas verdes e s\u00e1lvia fresca. Este frescor confere-lhe uma personalidade inconfund\u00edvel. Come\u00e7e o dia com uma frag\u00e2ncia de outro mundo, e vais-se sentir no centro do universo. Uma fragr\u00e2ncia classicamente masculina com um toque envolvente. As\u2026","rel":"","context":"Similar post","img":{"alt_text":"","src":"https:\/\/i0.wp.com\/mundo.seashell.pt\/wp-content\/uploads\/2022\/02\/AXE_GEL_BANHO_DARK_TEMP_400ML.png?resize=350%2C200&ssl=1","width":350,"height":200},"classes":[]},{"id":6271,"url":"https:\/\/mundo.seashell.pt\/?product=sanytol-desinfetante-de-roupa-500ml","url_meta":{"origin":7022,"position":4},"title":"Sanytol Desinfetante de Roupa 500ml","date":"Fevereiro 23, 2022","format":false,"excerpt":"Desinfetante De Roupa \u2013 Flores Brancas DESCRI\u00c7\u00c3O A roupa lavada a baixa temperatura n\u00e3o est\u00e1 totalmente livre de micr\u00f3bios e pode ser a origem de maus odores e doen\u00e7as de pele ou irrita\u00e7\u00f5es. Apenas as lavagens a 90\u00b0C eliminam 100% dos micr\u00f3bios da roupa. O desinfetante de roupa SANYTOL elimina\u2026","rel":"","context":"Similar post","img":{"alt_text":"","src":"https:\/\/i0.wp.com\/mundo.seashell.pt\/wp-content\/uploads\/2022\/02\/SANYTOL_DESINFECTANTE_DE_ROUPA_500ml_3045200760009.png?resize=350%2C200&ssl=1","width":350,"height":200},"classes":[]},{"id":7020,"url":"https:\/\/mundo.seashell.pt\/?product=glade-absorve-odores-180gr-45-dias","url_meta":{"origin":7022,"position":5},"title":"Glade Absorve Odores 180gr (45 dias)","date":"Fevereiro 23, 2022","format":false,"excerpt":"Ambientador Absorve Odores Ocean Adventure Glade Absorve Odores 180gr (45 dias)","rel":"","context":"Similar post","img":{"alt_text":"","src":"https:\/\/i0.wp.com\/mundo.seashell.pt\/wp-content\/uploads\/2022\/02\/GLADE_GEL_WC_OCEAN_5000204184716.jpeg?resize=350%2C200&ssl=1","width":350,"height":200},"classes":[]}],"_links":{"self":[{"href":"https:\/\/mundo.seashell.pt\/index.php?rest_route=\/wp\/v2\/product\/7022","targetHints":{"allow":["GET"]}}],"collection":[{"href":"https:\/\/mundo.seashell.pt\/index.php?rest_route=\/wp\/v2\/product"}],"about":[{"href":"https:\/\/mundo.seashell.pt\/index.php?rest_route=\/wp\/v2\/types\/product"}],"wp:featuredmedia":[{"embeddable":true,"href":"https:\/\/mundo.seashell.pt\/index.php?rest_route=\/wp\/v2\/media\/7023"}],"wp:attachment":[{"href":"https:\/\/mundo.seashell.pt\/index.php?rest_route=%2Fwp%2Fv2%2Fmedia&parent=7022"}],"wp:term":[{"taxonomy":"product_cat","embeddable":true,"href":"https:\/\/mundo.seashell.pt\/index.php?rest_route=%2Fwp%2Fv2%2Fproduct_cat&post=7022"},{"taxonomy":"product_tag","embeddable":true,"href":"https:\/\/mundo.seashell.pt\/index.php?rest_route=%2Fwp%2Fv2%2Fproduct_tag&post=7022"}],"curies":[{"name":"wp","href":"https:\/\/api.w.org\/{rel}","templated":true}]}}