{"id":7020,"date":"2022-02-23T19:04:07","date_gmt":"2022-02-23T19:04:07","guid":{"rendered":"https:\/\/mundo.seashell.pt\/?post_type=product&#038;p=7020"},"modified":"2022-02-23T19:04:08","modified_gmt":"2022-02-23T19:04:08","slug":"glade-absorve-odores-180gr-45-dias","status":"publish","type":"product","link":"https:\/\/mundo.seashell.pt\/?product=glade-absorve-odores-180gr-45-dias","title":{"rendered":"Glade Absorve Odores 180gr (45 dias)"},"content":{"rendered":"<h1>Ambientador Absorve Odores Ocean Adventure<\/h1>\n<p>Glade Absorve Odores 180gr (45 dias)<\/p>\n<p>Um gel superior com tecnologia de libera\u00e7\u00e3o prolongada de fragr\u00e2ncia, desenhado para dar \u00e0 sua casa uma fragr\u00e2ncia est\u00e1vel por at\u00e9 45 dias. Alertamos para o facto de o Mercad\u00e3o (Fonte Neg\u00f3cios Online, S.A.) n\u00e3o ser respons\u00e1vel por poss\u00edveis diverg\u00eancias no que concerne \u00e0 informa\u00e7\u00e3o sobre os produtos apresentados no nosso website, partilhada pelo fornecedor ou fabricante, e a que vigora nos r\u00f3tulos dos mesmos. Recomendamos que considere sempre a informa\u00e7\u00e3o apresentada no produto que recebe.<\/p>\n<p><\/p>\n","protected":false},"excerpt":{"rendered":"<p>Ambientador Absorve Odores Ocean Adventure<br \/>\nGlade Absorve Odores 180gr (45 dias)<\/p>\n","protected":false},"featured_media":7021,"template":"","meta":{"spay_email":""},"product_cat":[15],"product_tag":[],"class_list":{"0":"post-7020","1":"product","2":"type-product","3":"status-publish","4":"has-post-thumbnail","6":"product_cat-sem-categoria","8":"first","9":"instock","10":"taxable","11":"shipping-taxable","12":"purchasable","13":"product-type-simple"},"acf":[],"jetpack-related-posts":[{"id":7022,"url":"https:\/\/mundo.seashell.pt\/?product=ambipur-absorve-odores-45-dias","url_meta":{"origin":7020,"position":0},"title":"Ambipur Absorve Odores 45 dias","date":"Fevereiro 23, 2022","format":false,"excerpt":"O primeiro ambientador n\u00e3o el\u00e9trico cont\u00ednuo, para a casa de banho, n\u00e3o s\u00f3 elimina os odores do ar como tamb\u00e9m evita que permane\u00e7am em superf\u00edcies macias, como toalhas, tapetes e cortinas de duche. Febreze Para Casa de Banho utiliza a sua tecnologia exclusiva Odour ClearTM, proporcionando uma frescura cont\u00ednua at\u00e9\u2026","rel":"","context":"Similar post","img":{"alt_text":"","src":"https:\/\/i0.wp.com\/mundo.seashell.pt\/wp-content\/uploads\/2022\/02\/AMBIPUR_CASA_BANHO_ALGODA_O_FRESCO_1UN_8006540194140.jpeg?resize=350%2C200&ssl=1","width":350,"height":200},"classes":[]},{"id":7024,"url":"https:\/\/mundo.seashell.pt\/?product=glade-absorve-odores-150gr","url_meta":{"origin":7020,"position":1},"title":"Glade Absorve Odores 150gr","date":"Fevereiro 23, 2022","format":false,"excerpt":"Crie o ambiente perfeito com Glade.Benef\u00edcios: - Frag\u00e2ncia duradoura e perfumada;- Elimina odores indesejados. Conselhos de utiliza\u00e7\u00e3o: Para que entre em a\u00e7\u00e3o, basta retirar a pel\u00edcula. Dura at\u00e9 10 semanas. O produto deve ser substitu\u00eddo, quando o gel desaparecer.","rel":"","context":"Similar post","img":{"alt_text":"","src":"https:\/\/i0.wp.com\/mundo.seashell.pt\/wp-content\/uploads\/2022\/02\/GLADE_ABSORBE_ODORES_LAVANDA_1X150GR_5000204826432.jpeg?resize=350%2C200&ssl=1","width":350,"height":200},"classes":[]},{"id":7026,"url":"https:\/\/mundo.seashell.pt\/?product=glade-velas-aromaticas-129gr","url_meta":{"origin":7020,"position":2},"title":"Glade Velas Arom\u00e1ticas 129gr","date":"Fevereiro 23, 2022","format":false,"excerpt":"Crie o ambiente perfeito com Glade.Descri\u00e7\u00e3o: Desperte os sentidos com as velas Glade. Basta acender o pavio para encher rapidamente a divis\u00e3o com uma fragr\u00e2ncia infundida com \u00f3leos essenciais e criar um ambiente \u00edntimo e acolhedor. Embarque numa magn\u00edfica viagem pelo conforto contempor\u00e2neo, com notas florais e doces delic...","rel":"","context":"Similar post","img":{"alt_text":"","src":"https:\/\/i0.wp.com\/mundo.seashell.pt\/wp-content\/uploads\/2022\/02\/GLADE_VELAS_APPLE_CINNAMON_129G_5000204105490.jpeg?resize=350%2C200&ssl=1","width":350,"height":200},"classes":[]},{"id":7182,"url":"https:\/\/mundo.seashell.pt\/?product=ausonia-discreer-pants-grande-7-pants","url_meta":{"origin":7020,"position":3},"title":"Ausonia Discreer Pants Grande (7 Pants)","date":"Fevereiro 23, 2022","format":false,"excerpt":"N\u00e3o deixe que uma bexiga hiperativa a impe\u00e7a de ser ativa. Com as cuecas Ausonia Discreet, pode prosseguir com o seu dia como sempre mesmo quando experienciar grandes fugas causadas por vontades s\u00fabitas e precisar de uma prote\u00e7\u00e3o eficaz. Com um fino n\u00facleo de tr\u00eas camadas que absorve, capta e\u2026","rel":"","context":"Similar post","img":{"alt_text":"","src":"https:\/\/i0.wp.com\/mundo.seashell.pt\/wp-content\/uploads\/2022\/02\/transferir__26_.jpeg?resize=350%2C200&ssl=1","width":350,"height":200},"classes":[]},{"id":7184,"url":"https:\/\/mundo.seashell.pt\/?product=ausonia-discreet-pants-medio-8-pants","url_meta":{"origin":7020,"position":4},"title":"Ausonia Discreet Pants M\u00e9dio (8 Pants)","date":"Fevereiro 23, 2022","format":false,"excerpt":"N\u00e3o deixe que uma bexiga hiperativa a impe\u00e7a de ser ativa. Com as cuecas Ausonia Discreet, pode prosseguir com o seu dia como sempre mesmo quando experienciar grandes fugas causadas por vontades s\u00fabitas e precisar de uma prote\u00e7\u00e3o eficaz. Com um fino n\u00facleo de tr\u00eas camadas que absorve, capta e\u2026","rel":"","context":"Similar post","img":{"alt_text":"","src":"https:\/\/i0.wp.com\/mundo.seashell.pt\/wp-content\/uploads\/2022\/02\/AUSONIA-DISCREET-Normal-G.png?resize=350%2C200&ssl=1","width":350,"height":200},"classes":[]},{"id":7018,"url":"https:\/\/mundo.seashell.pt\/?product=glade-ambientador-300ml","url_meta":{"origin":7020,"position":5},"title":"Glade Ambientador 300ml","date":"Fevereiro 23, 2022","format":false,"excerpt":"Glade Ambientador 300ml Crie o ambiente perfeito com Glade.Benef\u00edcios: - Frag\u00e2ncia duradoura;- Elimina odores;- Perfuma e resfresca.","rel":"","context":"Similar post","img":{"alt_text":"","src":"https:\/\/i0.wp.com\/mundo.seashell.pt\/wp-content\/uploads\/2022\/02\/2053816-frente.jpeg?resize=350%2C200&ssl=1","width":350,"height":200},"classes":[]}],"_links":{"self":[{"href":"https:\/\/mundo.seashell.pt\/index.php?rest_route=\/wp\/v2\/product\/7020","targetHints":{"allow":["GET"]}}],"collection":[{"href":"https:\/\/mundo.seashell.pt\/index.php?rest_route=\/wp\/v2\/product"}],"about":[{"href":"https:\/\/mundo.seashell.pt\/index.php?rest_route=\/wp\/v2\/types\/product"}],"wp:featuredmedia":[{"embeddable":true,"href":"https:\/\/mundo.seashell.pt\/index.php?rest_route=\/wp\/v2\/media\/7021"}],"wp:attachment":[{"href":"https:\/\/mundo.seashell.pt\/index.php?rest_route=%2Fwp%2Fv2%2Fmedia&parent=7020"}],"wp:term":[{"taxonomy":"product_cat","embeddable":true,"href":"https:\/\/mundo.seashell.pt\/index.php?rest_route=%2Fwp%2Fv2%2Fproduct_cat&post=7020"},{"taxonomy":"product_tag","embeddable":true,"href":"https:\/\/mundo.seashell.pt\/index.php?rest_route=%2Fwp%2Fv2%2Fproduct_tag&post=7020"}],"curies":[{"name":"wp","href":"https:\/\/api.w.org\/{rel}","templated":true}]}}