{"id":7018,"date":"2022-02-23T19:04:05","date_gmt":"2022-02-23T19:04:05","guid":{"rendered":"https:\/\/mundo.seashell.pt\/?post_type=product&#038;p=7018"},"modified":"2022-02-23T19:04:07","modified_gmt":"2022-02-23T19:04:07","slug":"glade-ambientador-300ml","status":"publish","type":"product","link":"https:\/\/mundo.seashell.pt\/?product=glade-ambientador-300ml","title":{"rendered":"Glade Ambientador 300ml"},"content":{"rendered":"<p>Glade Ambientador 300ml<\/p>\n<p>Crie o ambiente perfeito com Glade.<\/p>\n<h3>Benef\u00edcios:<\/h3>\n<p>&#8211; Frag\u00e2ncia duradoura;<br \/>&#8211; Elimina odores;<br \/>&#8211; Perfuma e resfresca.<\/p>\n<p><\/p>\n<ul><\/ul>\n","protected":false},"excerpt":{"rendered":"<p>Glade Ambientador 300ml<br \/>\nCrie o ambiente perfeito com Glade.Benef\u00edcios:<br \/>\n&#8211; Frag\u00e2ncia duradoura;- Elimina odores;- Perfuma e resfresca.<\/p>\n","protected":false},"featured_media":7019,"template":"","meta":{"spay_email":""},"product_cat":[15],"product_tag":[],"class_list":{"0":"post-7018","1":"product","2":"type-product","3":"status-publish","4":"has-post-thumbnail","6":"product_cat-sem-categoria","8":"first","9":"instock","10":"taxable","11":"shipping-taxable","12":"purchasable","13":"product-type-simple"},"acf":[],"jetpack-related-posts":[{"id":7024,"url":"https:\/\/mundo.seashell.pt\/?product=glade-absorve-odores-150gr","url_meta":{"origin":7018,"position":0},"title":"Glade Absorve Odores 150gr","date":"Fevereiro 23, 2022","format":false,"excerpt":"Crie o ambiente perfeito com Glade.Benef\u00edcios: - Frag\u00e2ncia duradoura e perfumada;- Elimina odores indesejados. Conselhos de utiliza\u00e7\u00e3o: Para que entre em a\u00e7\u00e3o, basta retirar a pel\u00edcula. Dura at\u00e9 10 semanas. O produto deve ser substitu\u00eddo, quando o gel desaparecer.","rel":"","context":"Similar post","img":{"alt_text":"","src":"https:\/\/i0.wp.com\/mundo.seashell.pt\/wp-content\/uploads\/2022\/02\/GLADE_ABSORBE_ODORES_LAVANDA_1X150GR_5000204826432.jpeg?resize=350%2C200&ssl=1","width":350,"height":200},"classes":[]},{"id":7026,"url":"https:\/\/mundo.seashell.pt\/?product=glade-velas-aromaticas-129gr","url_meta":{"origin":7018,"position":1},"title":"Glade Velas Arom\u00e1ticas 129gr","date":"Fevereiro 23, 2022","format":false,"excerpt":"Crie o ambiente perfeito com Glade.Descri\u00e7\u00e3o: Desperte os sentidos com as velas Glade. Basta acender o pavio para encher rapidamente a divis\u00e3o com uma fragr\u00e2ncia infundida com \u00f3leos essenciais e criar um ambiente \u00edntimo e acolhedor. Embarque numa magn\u00edfica viagem pelo conforto contempor\u00e2neo, com notas florais e doces delic...","rel":"","context":"Similar post","img":{"alt_text":"","src":"https:\/\/i0.wp.com\/mundo.seashell.pt\/wp-content\/uploads\/2022\/02\/GLADE_VELAS_APPLE_CINNAMON_129G_5000204105490.jpeg?resize=350%2C200&ssl=1","width":350,"height":200},"classes":[]},{"id":5374,"url":"https:\/\/mundo.seashell.pt\/?product=pom-air-300ml","url_meta":{"origin":7018,"position":2},"title":"Desodorizante em Aerossol Pom Air 300ml","date":"Fevereiro 23, 2022","format":false,"excerpt":"Deixa no ambiente uma fragr\u00e2ncia persistente que elimina odores desagrad\u00e1veis.","rel":"","context":"Similar post","img":{"alt_text":"","src":"https:\/\/i0.wp.com\/mundo.seashell.pt\/wp-content\/uploads\/2022\/02\/Pom_air.jpg?resize=350%2C200&ssl=1","width":350,"height":200},"classes":[]},{"id":7020,"url":"https:\/\/mundo.seashell.pt\/?product=glade-absorve-odores-180gr-45-dias","url_meta":{"origin":7018,"position":3},"title":"Glade Absorve Odores 180gr (45 dias)","date":"Fevereiro 23, 2022","format":false,"excerpt":"Ambientador Absorve Odores Ocean Adventure Glade Absorve Odores 180gr (45 dias)","rel":"","context":"Similar post","img":{"alt_text":"","src":"https:\/\/i0.wp.com\/mundo.seashell.pt\/wp-content\/uploads\/2022\/02\/GLADE_GEL_WC_OCEAN_5000204184716.jpeg?resize=350%2C200&ssl=1","width":350,"height":200},"classes":[]},{"id":7016,"url":"https:\/\/mundo.seashell.pt\/?product=air-wick-ambientador-240ml","url_meta":{"origin":7018,"position":4},"title":"Air Wick Ambientador 240ml","date":"Fevereiro 23, 2022","format":false,"excerpt":"Cria um ambiente fresco e agrad\u00e1vel na sua casa.Benef\u00edcios: - Elimina odores sem deixar res\u00edduos de humidade;- F\u00f3rmula sem \u00e1gua adicionada;- Com \u00f3leos essenciais. Conselhos de utiliza\u00e7\u00e3o: Agite bem antes de usar. Pulverize atrav\u00e9s de breves press\u00f5es. Oriente para o centro da \u00e1rea a perfumar. ...","rel":"","context":"Similar post","img":{"alt_text":"","src":"https:\/\/i0.wp.com\/mundo.seashell.pt\/wp-content\/uploads\/2022\/02\/transferir__8_.jpeg?resize=350%2C200&ssl=1","width":350,"height":200},"classes":[]},{"id":6489,"url":"https:\/\/mundo.seashell.pt\/?product=finish-deo-lima-limao-60-ciclos","url_meta":{"origin":7018,"position":5},"title":"Finish Deo Lima Lim\u00e3o 60 Ciclos","date":"Fevereiro 23, 2022","format":false,"excerpt":"Diga stop aos maus odores na sua m\u00e1quina. Finish Odor Stop tem uma f\u00f3rmula exclusiva de dupla a\u00e7\u00e3o: elimina os maus odores em vez de os mascarar e deixa uma brisa de ar fresco na sua m\u00e1quina da loi\u00e7a. A c\u00e2mara azul escura cont\u00e9m ingredientes ativos que eliminam os maus\u2026","rel":"","context":"Similar post","img":{"alt_text":"","src":"https:\/\/i0.wp.com\/mundo.seashell.pt\/wp-content\/uploads\/2022\/02\/Finish_Deo_Lima_Limao_x20_5601217130631.png?resize=350%2C200&ssl=1","width":350,"height":200},"classes":[]}],"_links":{"self":[{"href":"https:\/\/mundo.seashell.pt\/index.php?rest_route=\/wp\/v2\/product\/7018","targetHints":{"allow":["GET"]}}],"collection":[{"href":"https:\/\/mundo.seashell.pt\/index.php?rest_route=\/wp\/v2\/product"}],"about":[{"href":"https:\/\/mundo.seashell.pt\/index.php?rest_route=\/wp\/v2\/types\/product"}],"wp:featuredmedia":[{"embeddable":true,"href":"https:\/\/mundo.seashell.pt\/index.php?rest_route=\/wp\/v2\/media\/7019"}],"wp:attachment":[{"href":"https:\/\/mundo.seashell.pt\/index.php?rest_route=%2Fwp%2Fv2%2Fmedia&parent=7018"}],"wp:term":[{"taxonomy":"product_cat","embeddable":true,"href":"https:\/\/mundo.seashell.pt\/index.php?rest_route=%2Fwp%2Fv2%2Fproduct_cat&post=7018"},{"taxonomy":"product_tag","embeddable":true,"href":"https:\/\/mundo.seashell.pt\/index.php?rest_route=%2Fwp%2Fv2%2Fproduct_tag&post=7018"}],"curies":[{"name":"wp","href":"https:\/\/api.w.org\/{rel}","templated":true}]}}