{"id":7016,"date":"2022-02-23T19:03:47","date_gmt":"2022-02-23T19:03:47","guid":{"rendered":"https:\/\/mundo.seashell.pt\/?post_type=product&#038;p=7016"},"modified":"2022-02-23T19:03:51","modified_gmt":"2022-02-23T19:03:51","slug":"air-wick-ambientador-240ml","status":"publish","type":"product","link":"https:\/\/mundo.seashell.pt\/?product=air-wick-ambientador-240ml","title":{"rendered":"Air Wick Ambientador 240ml"},"content":{"rendered":"<p>Cria um ambiente fresco e agrad\u00e1vel na sua casa.<\/p>\n<h3>Benef\u00edcios:<\/h3>\n<p>&#8211; Elimina odores sem deixar res\u00edduos de humidade;<br \/>&#8211; F\u00f3rmula sem \u00e1gua adicionada;<br \/>&#8211; Com \u00f3leos essenciais.<\/p>\n<h3>Conselhos de utiliza\u00e7\u00e3o:<\/h3>\n<p>Agite bem antes de usar. Pulverize atrav\u00e9s de breves press\u00f5es. Oriente para o centro da \u00e1rea a perfumar.<\/p>\n<p><\/p>\n","protected":false},"excerpt":{"rendered":"<p>Cria um ambiente fresco e agrad\u00e1vel na sua casa.Benef\u00edcios:<br \/>\n&#8211; Elimina odores sem deixar res\u00edduos de humidade;- F\u00f3rmula sem \u00e1gua adicionada;- Com \u00f3leos essenciais.<br \/>\nConselhos de utiliza\u00e7\u00e3o:<br \/>\nAgite bem antes de usar. Pulverize atrav\u00e9s de breves press\u00f5es. Oriente para o centro da \u00e1rea a perfumar.<br \/>\n&#8230;<\/p>\n","protected":false},"featured_media":7017,"template":"","meta":{"spay_email":""},"product_cat":[15],"product_tag":[],"class_list":{"0":"post-7016","1":"product","2":"type-product","3":"status-publish","4":"has-post-thumbnail","6":"product_cat-sem-categoria","8":"first","9":"instock","10":"taxable","11":"shipping-taxable","12":"purchasable","13":"product-type-simple"},"acf":[],"jetpack-related-posts":[{"id":5374,"url":"https:\/\/mundo.seashell.pt\/?product=pom-air-300ml","url_meta":{"origin":7016,"position":0},"title":"Desodorizante em Aerossol Pom Air 300ml","date":"Fevereiro 23, 2022","format":false,"excerpt":"Deixa no ambiente uma fragr\u00e2ncia persistente que elimina odores desagrad\u00e1veis.","rel":"","context":"Similar post","img":{"alt_text":"","src":"https:\/\/i0.wp.com\/mundo.seashell.pt\/wp-content\/uploads\/2022\/02\/Pom_air.jpg?resize=350%2C200&ssl=1","width":350,"height":200},"classes":[]},{"id":5372,"url":"https:\/\/mundo.seashell.pt\/?product=pom-nature-350ml","url_meta":{"origin":7016,"position":1},"title":"Desodorizante de Ambiente Pom Nature 350ml","date":"Fevereiro 23, 2022","format":false,"excerpt":"Desodorizante em trigger \u00e0 base de \u00e1gua com fragr\u00e2ncia \"long lasting\" que deixa no ambiente uma fragr\u00e2ncia persistente que elimina odores desagrad\u00e1veis.","rel":"","context":"Similar post","img":{"alt_text":"","src":"https:\/\/i0.wp.com\/mundo.seashell.pt\/wp-content\/uploads\/2022\/02\/Pom_nature.jpg?resize=350%2C200&ssl=1","width":350,"height":200},"classes":[]},{"id":5368,"url":"https:\/\/mundo.seashell.pt\/?product=pom-essence-500ml","url_meta":{"origin":7016,"position":2},"title":"Ess\u00eancia Desodorizante Pom Essence","date":"Fevereiro 23, 2022","format":false,"excerpt":"Descri\u00e7\u00e3o Gra\u00e7as \u00e0 sua fragr\u00e2ncia \"long lasting\" e \u00e0 sua alta concentra\u00e7\u00e3o, deixa no ambiente um perfume persistente que elimina odores desagrad\u00e1veis. Perfumes intensos e aveludados com notas florais frescas, tipicamente primaveris como espinheiro-branco, l\u00edrio do vale e variedade rosa ligeiramente frutada. Um ramo de flores harmonio...","rel":"","context":"Similar post","img":{"alt_text":"","src":"https:\/\/i0.wp.com\/mundo.seashell.pt\/wp-content\/uploads\/2022\/02\/PhotoRoom_20210325_131037.jpg?resize=350%2C200&ssl=1","width":350,"height":200},"classes":[]},{"id":7026,"url":"https:\/\/mundo.seashell.pt\/?product=glade-velas-aromaticas-129gr","url_meta":{"origin":7016,"position":3},"title":"Glade Velas Arom\u00e1ticas 129gr","date":"Fevereiro 23, 2022","format":false,"excerpt":"Crie o ambiente perfeito com Glade.Descri\u00e7\u00e3o: Desperte os sentidos com as velas Glade. Basta acender o pavio para encher rapidamente a divis\u00e3o com uma fragr\u00e2ncia infundida com \u00f3leos essenciais e criar um ambiente \u00edntimo e acolhedor. Embarque numa magn\u00edfica viagem pelo conforto contempor\u00e2neo, com notas florais e doces delic...","rel":"","context":"Similar post","img":{"alt_text":"","src":"https:\/\/i0.wp.com\/mundo.seashell.pt\/wp-content\/uploads\/2022\/02\/GLADE_VELAS_APPLE_CINNAMON_129G_5000204105490.jpeg?resize=350%2C200&ssl=1","width":350,"height":200},"classes":[]},{"id":6443,"url":"https:\/\/mundo.seashell.pt\/?product=cillit-bang-bolores-e-sujidade-05l","url_meta":{"origin":7016,"position":4},"title":"Cillit Bang Bolores e Sujidade 500ml","date":"Fevereiro 23, 2022","format":false,"excerpt":"A poderosa f\u00f3rmula de Cillit Bang spray limpeza bolor e sujidade elimina rapidamente as manchas de bolor e a sujidade mais incrustada sem necessidade de esfregar, sendo o seu aliado para as zonas com humidade e onde o bolor prevalece. Come\u00e7a a limpeza em 20 segundos e desinfeta em 15\u2026","rel":"","context":"Similar post","img":{"alt_text":"","src":"https:\/\/i0.wp.com\/mundo.seashell.pt\/wp-content\/uploads\/2022\/02\/CILLIT_BANG_Bolor___Suj_500ML_x12__8_P__5601217132659.png?resize=350%2C200&ssl=1","width":350,"height":200},"classes":[]},{"id":6255,"url":"https:\/\/mundo.seashell.pt\/?product=sanytol-banhos-750ml","url_meta":{"origin":7016,"position":5},"title":"Sanytol Banhos 750ml","date":"Fevereiro 23, 2022","format":false,"excerpt":"Limpador Desinfetante Banhos A humidade promove o desenvolvimento de bact\u00e9rias, fungos e v\u00edrus. O uso de um desinfetante associado a um poderoso anti-calc\u00e1rio \u00e9 a \u00fanica forma de prevenir eficazmente a prolifera\u00e7\u00e3o de microrganismos indesej\u00e1veis, a forma\u00e7\u00e3o de mofo e calc\u00e1rio. Sanytol Desinfetante Banhos, sem lix\u00edvia, garante u...","rel":"","context":"Similar post","img":{"alt_text":"","src":"https:\/\/i0.wp.com\/mundo.seashell.pt\/wp-content\/uploads\/2022\/02\/SANYTOL_DESINFETANTE_BANHOS_750_ML_8411660670229.png?resize=350%2C200&ssl=1","width":350,"height":200},"classes":[]}],"_links":{"self":[{"href":"https:\/\/mundo.seashell.pt\/index.php?rest_route=\/wp\/v2\/product\/7016","targetHints":{"allow":["GET"]}}],"collection":[{"href":"https:\/\/mundo.seashell.pt\/index.php?rest_route=\/wp\/v2\/product"}],"about":[{"href":"https:\/\/mundo.seashell.pt\/index.php?rest_route=\/wp\/v2\/types\/product"}],"wp:featuredmedia":[{"embeddable":true,"href":"https:\/\/mundo.seashell.pt\/index.php?rest_route=\/wp\/v2\/media\/7017"}],"wp:attachment":[{"href":"https:\/\/mundo.seashell.pt\/index.php?rest_route=%2Fwp%2Fv2%2Fmedia&parent=7016"}],"wp:term":[{"taxonomy":"product_cat","embeddable":true,"href":"https:\/\/mundo.seashell.pt\/index.php?rest_route=%2Fwp%2Fv2%2Fproduct_cat&post=7016"},{"taxonomy":"product_tag","embeddable":true,"href":"https:\/\/mundo.seashell.pt\/index.php?rest_route=%2Fwp%2Fv2%2Fproduct_tag&post=7016"}],"curies":[{"name":"wp","href":"https:\/\/api.w.org\/{rel}","templated":true}]}}