{"id":7014,"date":"2022-02-23T19:03:46","date_gmt":"2022-02-23T19:03:46","guid":{"rendered":"https:\/\/mundo.seashell.pt\/?post_type=product&#038;p=7014"},"modified":"2022-02-23T19:03:47","modified_gmt":"2022-02-23T19:03:47","slug":"denim-original-100ml","status":"publish","type":"product","link":"https:\/\/mundo.seashell.pt\/?product=denim-original-100ml","title":{"rendered":"Denim Original 100ml"},"content":{"rendered":"<p>Denim Original 100ml<\/p>\n<p>Acalma a sua pele barbeada, deixando-a macia.<\/p>\n<p>Tipo de produto:<\/p>\n<p>Aftershave<\/p>\n<p>enef\u00edcios:<\/p>\n<p>&#x200d;- Al\u00edvio imediato das irrita\u00e7\u00f5es e da vermelhid\u00e3o da pele;<br \/>&#8211; Sensa\u00e7\u00e3o de frescura;<br \/>&#8211; Acalma, suaviza instantaneamente e hidrata a pele.<\/p>\n<p>Conselhos de utiliza\u00e7\u00e3o:<\/p>\n<p>Aplique ap\u00f3s barbear. Espalhe uniformemente usando as pontas dos dedos e a palma da m\u00e3o.<\/p>\n<\/p>\n<p><\/p>\n<ul><\/ul>\n","protected":false},"excerpt":{"rendered":"<p>Denim Original 100ml<br \/>\nAcalma a sua pele barbeada, deixando-a macia.<br \/>\nTipo de produto:<br \/>\nAftershave<br \/>\nenef\u00edcios:<br \/>\n&#x200d;- Al\u00edvio imediato das irrita\u00e7\u00f5es e da vermelhid\u00e3o da pele;- Sensa\u00e7\u00e3o de frescura;- Acalma, suaviza instantaneamente e hidrata a pele.<br \/>\nConselhos de utiliza\u00e7\u00e3o:<br \/>\nAplique ap\u00f3s barbear&#8230;.<\/p>\n","protected":false},"featured_media":7015,"template":"","meta":{"spay_email":""},"product_cat":[15],"product_tag":[],"class_list":{"0":"post-7014","1":"product","2":"type-product","3":"status-publish","4":"has-post-thumbnail","6":"product_cat-sem-categoria","8":"first","9":"instock","10":"taxable","11":"shipping-taxable","12":"purchasable","13":"product-type-simple"},"acf":[],"jetpack-related-posts":[{"id":7012,"url":"https:\/\/mundo.seashell.pt\/?product=gillette-after-shave-100ml","url_meta":{"origin":7014,"position":0},"title":"Gillette After Shave 100ml","date":"Fevereiro 23, 2022","format":false,"excerpt":"Acalma a pele barbeada sem a sensa\u00e7\u00e3o de ardor.Descri\u00e7\u00e3o: Gillette Aftershave Splash Artic Ice foi concebido especificamente para o cuidado da pele masculina. Complete o seu barbear com um aftershave fresco que refresca a pele recentemente barbeada. Ingredientes: Alcohol Denat., Aqua, Parfum, PEG-60 Hydroge...","rel":"","context":"Similar post","img":{"alt_text":"","src":"https:\/\/i0.wp.com\/mundo.seashell.pt\/wp-content\/uploads\/2022\/02\/GILLETTE_AFTER_SH_SPLASH_ARTIC_ICE_100ML_3014260258313.png?resize=350%2C200&ssl=1","width":350,"height":200},"classes":[]},{"id":6976,"url":"https:\/\/mundo.seashell.pt\/?product=denim-creme-original-100ml","url_meta":{"origin":7014,"position":1},"title":"Denim Creme Original 100ml","date":"Fevereiro 23, 2022","format":false,"excerpt":"Para um barbear perfeito!Descri\u00e7\u00e3o: Mantenha a sua pele saud\u00e1vel e flex\u00edvel com o Creme de Barba Denim. Tipo de produto: Creme de Barbear Benef\u00edcios:- Cremosa e hidratante;- Deixa a sua pele saudavel e flex\u00edvel. Conselhos de utiliza\u00e7\u00e3o: Molhe o rosto. Aplique onde necess\u00e1rio. D...","rel":"","context":"Similar post","img":{"alt_text":"","src":"https:\/\/i0.wp.com\/mundo.seashell.pt\/wp-content\/uploads\/2022\/02\/DENIM_Creme_de_Barbear_Original_100ml__8008970419527.png?resize=350%2C200&ssl=1","width":350,"height":200},"classes":[]},{"id":6974,"url":"https:\/\/mundo.seashell.pt\/?product=palmolive-creme-classic-100ml","url_meta":{"origin":7014,"position":2},"title":"Palmolive Creme Classic 100ml","date":"Fevereiro 23, 2022","format":false,"excerpt":"Deixa a sua pele hidratada e suave.Descri\u00e7\u00e3o: Mantenha a sua pele suave e macia ap\u00f3s fazer a barba com o Creme de Barba Palmolive Classic. Tipo de produto: Creme de BarbearBenef\u00edcios: - F\u00f3rmula com extrato de palma;- Espuma extra cremosa;- Deixa a sua pele suave e macia. Conselho...","rel":"","context":"Similar post","img":{"alt_text":"","src":"https:\/\/i0.wp.com\/mundo.seashell.pt\/wp-content\/uploads\/2022\/02\/Palmolive_Creme_Barba_Classic_100ml_3015810608817.png?resize=350%2C200&ssl=1","width":350,"height":200},"classes":[]},{"id":6980,"url":"https:\/\/mundo.seashell.pt\/?product=gillette-gel-series-sensivel-200ml","url_meta":{"origin":7014,"position":3},"title":"Gillette Gel Series Sens\u00edvel 200ml","date":"Fevereiro 23, 2022","format":false,"excerpt":"Cuide da sua pele com a espuma de barbear Gillette Series Sensitive. A f\u00f3rmula com alo\u00e9 proporciona uma tripla a\u00e7\u00e3o ao barbear. A sua f\u00f3rmula de tripla a\u00e7\u00e3o, com alo\u00e9, acalma a pele para um barbear fresco e confort\u00e1vel, hidrata durante o barbear e ajuda a proteger a pele da\u2026","rel":"","context":"Similar post","img":{"alt_text":"","src":"https:\/\/i0.wp.com\/mundo.seashell.pt\/wp-content\/uploads\/2022\/02\/GILLETTE_GEL_SERIES_PELE_SENSI_VEL_200ML_7702018405084.png?resize=350%2C200&ssl=1","width":350,"height":200},"classes":[]},{"id":6982,"url":"https:\/\/mundo.seashell.pt\/?product=nivea-men-espuma-de-barbear-200ml","url_meta":{"origin":7014,"position":4},"title":"Nivea Men Espuma de Barbear 200ml","date":"Fevereiro 23, 2022","format":false,"excerpt":"Para homens com pele muito sens\u00edvel e com tend\u00eancia para vermelhid\u00e3o ou irrita\u00e7\u00f5es ap\u00f3s o barbear.Tipo de produto: Espuma de BarbearBenef\u00edcios: - Ajuda a proteger a pele durante o barbear;- Hidrata\u00e7\u00e3o profunda da muito sens\u00edvel e com tend\u00eancia para vermelhid\u00e3o ou irrita\u00e7\u00f5es ap\u00f3s o barbear;- Pele macia, ...","rel":"","context":"Similar post","img":{"alt_text":"","src":"https:\/\/i0.wp.com\/mundo.seashell.pt\/wp-content\/uploads\/2022\/02\/81700-04400-19_Espuma_Barbear_Protect___Care_4005808222490.png?resize=350%2C200&ssl=1","width":350,"height":200},"classes":[]},{"id":6984,"url":"https:\/\/mundo.seashell.pt\/?product=nivea-men-gel-protect-200ml","url_meta":{"origin":7014,"position":5},"title":"Nivea Men Gel Protect 200ml","date":"Fevereiro 23, 2022","format":false,"excerpt":"Para homens com pele muito sens\u00edvel e com tend\u00eancia para vermelhid\u00e3o ou irrita\u00e7\u00f5es ap\u00f3s o barbear. Tipo de produto: Gel de Barbear Benef\u00edcios: - Ajuda a proteger a pele durante o barbear;- Hidrata\u00e7\u00e3o profunda da muito sens\u00edvel e com tend\u00eancia para vermelhid\u00e3o ou irrita\u00e7\u00f5es ap\u00f3s o barbear;- Pele macia, suave\u2026","rel":"","context":"Similar post","img":{"alt_text":"","src":"https:\/\/i0.wp.com\/mundo.seashell.pt\/wp-content\/uploads\/2022\/02\/81760-04400-19_Gel_Barbear_Protect___Care_4005808223008.png?resize=350%2C200&ssl=1","width":350,"height":200},"classes":[]}],"_links":{"self":[{"href":"https:\/\/mundo.seashell.pt\/index.php?rest_route=\/wp\/v2\/product\/7014","targetHints":{"allow":["GET"]}}],"collection":[{"href":"https:\/\/mundo.seashell.pt\/index.php?rest_route=\/wp\/v2\/product"}],"about":[{"href":"https:\/\/mundo.seashell.pt\/index.php?rest_route=\/wp\/v2\/types\/product"}],"wp:featuredmedia":[{"embeddable":true,"href":"https:\/\/mundo.seashell.pt\/index.php?rest_route=\/wp\/v2\/media\/7015"}],"wp:attachment":[{"href":"https:\/\/mundo.seashell.pt\/index.php?rest_route=%2Fwp%2Fv2%2Fmedia&parent=7014"}],"wp:term":[{"taxonomy":"product_cat","embeddable":true,"href":"https:\/\/mundo.seashell.pt\/index.php?rest_route=%2Fwp%2Fv2%2Fproduct_cat&post=7014"},{"taxonomy":"product_tag","embeddable":true,"href":"https:\/\/mundo.seashell.pt\/index.php?rest_route=%2Fwp%2Fv2%2Fproduct_tag&post=7014"}],"curies":[{"name":"wp","href":"https:\/\/api.w.org\/{rel}","templated":true}]}}