{"id":7012,"date":"2022-02-23T19:03:43","date_gmt":"2022-02-23T19:03:43","guid":{"rendered":"https:\/\/mundo.seashell.pt\/?post_type=product&#038;p=7012"},"modified":"2022-02-23T19:03:46","modified_gmt":"2022-02-23T19:03:46","slug":"gillette-after-shave-100ml","status":"publish","type":"product","link":"https:\/\/mundo.seashell.pt\/?product=gillette-after-shave-100ml","title":{"rendered":"Gillette After Shave 100ml"},"content":{"rendered":"<p>Acalma a pele barbeada sem a sensa\u00e7\u00e3o de ardor.<\/p>\n<h3>Descri\u00e7\u00e3o:<\/h3>\n<p>Gillette Aftershave Splash Artic Ice foi concebido especificamente para o cuidado da pele masculina. Complete o seu barbear com um aftershave fresco que refresca a pele recentemente barbeada.<\/p>\n<h3>Ingredientes:<\/h3>\n<p>Alcohol Denat., Aqua, Parfum, PEG-60 Hydrogenated Castor Oil, Limonene, Hexyl Cinnamal, Benzyl Salicylate, Linalool, Coumarin, Alpha-Isomethyl Ionone, Benzyl Alcohol, Eugenol, Benzyl Benzoate, Geraniol<\/p>\n<h3>Tipo de produto:<\/h3>\n<p>Aftershave<\/p>\n<h3>Benef\u00edcios:<\/h3>\n<p>&#8211; Completa um excelente barbear com um toque refrescante.<br \/>&#8211; Aftershave Splash que renova a pele com uma fragr\u00e2ncia refrescante.<br \/>&#8211; Ajuda a restaurar o equil\u00edbrio saud\u00e1vel da pele.<br \/>&#8211; Desenvolvido atrav\u00e9s da Ci\u00eancia do Barbear da Gillette.<\/p>\n<h3>Conselhos de utiliza\u00e7\u00e3o:<\/h3>\n<p>Aplique ap\u00f3s barbear. Espalhe uniformemente usando as pontas dos dedos e a palma da m\u00e3o.<\/p>\n","protected":false},"excerpt":{"rendered":"<p>Acalma a pele barbeada sem a sensa\u00e7\u00e3o de ardor.Descri\u00e7\u00e3o:<br \/>\nGillette Aftershave Splash Artic Ice foi concebido especificamente para o cuidado da pele masculina. Complete o seu barbear com um aftershave fresco que refresca a pele recentemente barbeada.<br \/>\nIngredientes:<br \/>\nAlcohol Denat., Aqua, Parfum, PEG-60 Hydroge&#8230;<\/p>\n","protected":false},"featured_media":7013,"template":"","meta":{"spay_email":""},"product_cat":[15],"product_tag":[],"class_list":{"0":"post-7012","1":"product","2":"type-product","3":"status-publish","4":"has-post-thumbnail","6":"product_cat-sem-categoria","8":"first","9":"instock","10":"taxable","11":"shipping-taxable","12":"purchasable","13":"product-type-simple"},"acf":[],"jetpack-related-posts":[{"id":6980,"url":"https:\/\/mundo.seashell.pt\/?product=gillette-gel-series-sensivel-200ml","url_meta":{"origin":7012,"position":0},"title":"Gillette Gel Series Sens\u00edvel 200ml","date":"Fevereiro 23, 2022","format":false,"excerpt":"Cuide da sua pele com a espuma de barbear Gillette Series Sensitive. A f\u00f3rmula com alo\u00e9 proporciona uma tripla a\u00e7\u00e3o ao barbear. A sua f\u00f3rmula de tripla a\u00e7\u00e3o, com alo\u00e9, acalma a pele para um barbear fresco e confort\u00e1vel, hidrata durante o barbear e ajuda a proteger a pele da\u2026","rel":"","context":"Similar post","img":{"alt_text":"","src":"https:\/\/i0.wp.com\/mundo.seashell.pt\/wp-content\/uploads\/2022\/02\/GILLETTE_GEL_SERIES_PELE_SENSI_VEL_200ML_7702018405084.png?resize=350%2C200&ssl=1","width":350,"height":200},"classes":[]},{"id":7014,"url":"https:\/\/mundo.seashell.pt\/?product=denim-original-100ml","url_meta":{"origin":7012,"position":1},"title":"Denim Original 100ml","date":"Fevereiro 23, 2022","format":false,"excerpt":"Denim Original 100ml Acalma a sua pele barbeada, deixando-a macia. Tipo de produto: Aftershave enef\u00edcios: \u200d- Al\u00edvio imediato das irrita\u00e7\u00f5es e da vermelhid\u00e3o da pele;- Sensa\u00e7\u00e3o de frescura;- Acalma, suaviza instantaneamente e hidrata a pele. Conselhos de utiliza\u00e7\u00e3o: Aplique ap\u00f3s barbear....","rel":"","context":"Similar post","img":{"alt_text":"","src":"https:\/\/i0.wp.com\/mundo.seashell.pt\/wp-content\/uploads\/2022\/02\/transferir.png?resize=350%2C200&ssl=1","width":350,"height":200},"classes":[]},{"id":6992,"url":"https:\/\/mundo.seashell.pt\/?product=gillette-proglide","url_meta":{"origin":7012,"position":2},"title":"Gillette Proglide","date":"Fevereiro 23, 2022","format":false,"excerpt":"A m\u00e1quina de barbear para homem Gillette ProGlide com tecnologia FlexBall adapta-se ao contorno do rosto para uma proximidade e conforto sem compromissos. Com as suas l\u00e2minas espa\u00e7adas em conjunto para um conforto incr\u00edvel e um aparador de precis\u00e3o na parte posterior, pode ousar um barbear rente.Descri\u00e7\u00e3o: Retira praticamente ...","rel":"","context":"Similar post","img":{"alt_text":"","src":"https:\/\/i0.wp.com\/mundo.seashell.pt\/wp-content\/uploads\/2022\/02\/GILLETTE_MAQUINA_PROGLIDE_7702018558186.png?resize=350%2C200&ssl=1","width":350,"height":200},"classes":[]},{"id":6998,"url":"https:\/\/mundo.seashell.pt\/?product=gillette-fusion-5-recargas","url_meta":{"origin":7012,"position":3},"title":"Gillette Fusion 5 Recargas","date":"Fevereiro 23, 2022","format":false,"excerpt":"Gillette Fusion 5 Recargas. As l\u00e2minas para m\u00e1quina de barbear Gillette Fusion5 para homem incluem 5 l\u00e2minas antifric\u00e7\u00e3o para um barbear rente e duradouro. As l\u00e2minas s\u00e3o pouco espa\u00e7adas para um conforto incr\u00edvel com um aparador de precis\u00e3o na parte posterior para locais de dif\u00edcil acesso e para fazer o\u2026","rel":"","context":"Similar post","img":{"alt_text":"","src":"https:\/\/i0.wp.com\/mundo.seashell.pt\/wp-content\/uploads\/2022\/02\/GILLETTE_CARREGADOR_FUSION_4UN_7702018561575.png?resize=350%2C200&ssl=1","width":350,"height":200},"classes":[]},{"id":7000,"url":"https:\/\/mundo.seashell.pt\/?product=gillette-proglide-3-recargas","url_meta":{"origin":7012,"position":4},"title":"Gillette Proglide 3 Recargas","date":"Fevereiro 23, 2022","format":false,"excerpt":"Com as suas l\u00e2minas espa\u00e7adas em conjunto para um conforto incr\u00edvel e um aparador de precis\u00e3o na parte posterior, pode ousar um barbear rente com as l\u00e2minas Gillette ProGlide. Uma recarga de l\u00e2minas para m\u00e1quina de barbear equivale a um m\u00eas de utiliza\u00e7\u00e3o.Descri\u00e7\u00e3o: Retira praticamente todos os pelos sem esfor\u00e7o.\u2026","rel":"","context":"Similar post","img":{"alt_text":"","src":"https:\/\/i0.wp.com\/mundo.seashell.pt\/wp-content\/uploads\/2022\/02\/gilette_proglide.jpeg?resize=350%2C200&ssl=1","width":350,"height":200},"classes":[]},{"id":6782,"url":"https:\/\/mundo.seashell.pt\/?product=lactovit-gel-de-banho-065l","url_meta":{"origin":7012,"position":5},"title":"Lactovit Gel de Banho 0,65L","date":"Fevereiro 23, 2022","format":false,"excerpt":"Peles Normais e SecasLactovit refor\u00e7a a sua pele todos os dias. Pele forte, pele jovem! O gel de banho Lactovit Nutritivo refor\u00e7a e nutre a pele intensamente, gra\u00e7as \u00e0 a\u00e7\u00e3o das vitaminas, prote\u00ednas e c\u00e1lcio. A sua f\u00f3rmula incorpora elementos 100% naturais do leite e um perfume suave para o\u2026","rel":"","context":"Similar post","img":{"alt_text":"","src":"https:\/\/i0.wp.com\/mundo.seashell.pt\/wp-content\/uploads\/2022\/02\/LACTOVIT_GEL_DE_BANHO_650ml_8411660350107.png?resize=350%2C200&ssl=1","width":350,"height":200},"classes":[]}],"_links":{"self":[{"href":"https:\/\/mundo.seashell.pt\/index.php?rest_route=\/wp\/v2\/product\/7012","targetHints":{"allow":["GET"]}}],"collection":[{"href":"https:\/\/mundo.seashell.pt\/index.php?rest_route=\/wp\/v2\/product"}],"about":[{"href":"https:\/\/mundo.seashell.pt\/index.php?rest_route=\/wp\/v2\/types\/product"}],"wp:featuredmedia":[{"embeddable":true,"href":"https:\/\/mundo.seashell.pt\/index.php?rest_route=\/wp\/v2\/media\/7013"}],"wp:attachment":[{"href":"https:\/\/mundo.seashell.pt\/index.php?rest_route=%2Fwp%2Fv2%2Fmedia&parent=7012"}],"wp:term":[{"taxonomy":"product_cat","embeddable":true,"href":"https:\/\/mundo.seashell.pt\/index.php?rest_route=%2Fwp%2Fv2%2Fproduct_cat&post=7012"},{"taxonomy":"product_tag","embeddable":true,"href":"https:\/\/mundo.seashell.pt\/index.php?rest_route=%2Fwp%2Fv2%2Fproduct_tag&post=7012"}],"curies":[{"name":"wp","href":"https:\/\/api.w.org\/{rel}","templated":true}]}}