{"id":7008,"date":"2022-02-23T19:03:37","date_gmt":"2022-02-23T19:03:37","guid":{"rendered":"https:\/\/mundo.seashell.pt\/?post_type=product&#038;p=7008"},"modified":"2022-02-23T19:03:40","modified_gmt":"2022-02-23T19:03:40","slug":"gillette-venus-smooth-4-recargas","status":"publish","type":"product","link":"https:\/\/mundo.seashell.pt\/?product=gillette-venus-smooth-4-recargas","title":{"rendered":"Gillette VEnus Smooth 4 Recargas"},"content":{"rendered":"<p>As l\u00e2minas das m\u00e1quinas de depila\u00e7\u00e3o Venus foram concebidas tendo em mente o corpo da mulher. As m\u00e1quinas de depila\u00e7\u00e3o Venus Smooth para mulher s\u00e3o as primeiras m\u00e1quinas de depila\u00e7\u00e3o com 3 l\u00e2minas concebidas para mulheres. As recargas das l\u00e2minas para m\u00e1quinas de depila\u00e7\u00e3o apresentam 3 l\u00e2minas curvas rodeadas de almofadas protetoras, suavizando a pele para uma depila\u00e7\u00e3o r\u00e1pida e simples com resultados em que pode confiar. Incluem ainda uma banda indicadora azul, cuja cor vai esbatendo para avisar quando a l\u00e2mina j\u00e1 n\u00e3o oferece as condi\u00e7\u00f5es de depila\u00e7\u00e3o ideais. Qualquer recarga de l\u00e2minas Venus se adapta aos cabos das m\u00e1quinas de depila\u00e7\u00e3o Venus (exceto a Simply Venus e Venus Pubic Hair and Skin).<\/p>\n<h3>Descri\u00e7\u00e3o:<\/h3>\n<p>As l\u00e2minas das m\u00e1quinas de depila\u00e7\u00e3o Venus foram concebidas tendo em mente o corpo da mulher. As m\u00e1quinas de depila\u00e7\u00e3o Venus Smooth para mulher s\u00e3o as primeiras m\u00e1quinas de depila\u00e7\u00e3o com 3 l\u00e2minas concebidas para mulheres. As recargas das l\u00e2minas para m\u00e1quinas de depila\u00e7\u00e3o apresentam 3 l\u00e2minas curvas rodeadas de almofadas protetoras, suavizando a pele para uma depila\u00e7\u00e3o r\u00e1pida e simples com resultados em que pode confiar. Incluem ainda uma banda indicadora azul, cuja cor vai esbatendo para avisar quando a l\u00e2mina j\u00e1 n\u00e3o oferece as condi\u00e7\u00f5es de depila\u00e7\u00e3o ideais. Qualquer recarga de l\u00e2minas Venus se adapta aos cabos das m\u00e1quinas de depila\u00e7\u00e3o Venus (exceto a Simply Venus e Venus Pubic Hair and Skin).<\/p>\n<h3>Ingredientes:<\/h3>\n<p>PEG-115M, PEG-7M, PEG-100, Silica, Pentaerythrityl Tetra-Di-T-Butyl Hydroxyhydrocinnamate, Tris(Di-T-Butyl)Phosphite, BHT, Vitis Vinifera (Grape) Seed Oil, Persea Gratissima (Avocado) Oil<\/p>\n<h3>Benef\u00edcios:<\/h3>\n<p>&#8211; Recargas de l\u00e2minas: 4 recargas de l\u00e2minas para mulher Smooth, cada uma dura at\u00e9 um m\u00eas (com base numa depila\u00e7\u00e3o duas vezes por semana).<br \/>&#8211; Poupe tempo: cada recarga de l\u00e2minas para m\u00e1quina de depila\u00e7\u00e3o tem 3 l\u00e2minas incorporadas, para uma depila\u00e7\u00e3o r\u00e1pida e eficaz.<br \/>&#8211; Depila\u00e7\u00e3o perfeita, sem repeti\u00e7\u00f5es suave e precisa: as 3 l\u00e2minas das m\u00e1quinas de depila\u00e7\u00e3o proporcionam uma depila\u00e7\u00e3o precisa e suave com facilidade.<br \/>&#8211; Depila\u00e7\u00e3o Suave: com almofadas confort\u00e1veis de elast\u00f3mero protetoras em redor das l\u00e2minas.<br \/>&#8211; Qualquer recarga de l\u00e2minas Venus se adapta aos cabos das m\u00e1quinas de depila\u00e7\u00e3o Venus (exceto a Simply Venus e Venus Pubic Hair and Skin).<\/p>\n","protected":false},"excerpt":{"rendered":"<p>As l\u00e2minas das m\u00e1quinas de depila\u00e7\u00e3o Venus foram concebidas tendo em mente o corpo da mulher. As m\u00e1quinas de depila\u00e7\u00e3o Venus Smooth para mulher s\u00e3o as primeiras m\u00e1quinas de depila\u00e7\u00e3o com 3 l\u00e2minas concebidas para mulheres. As recargas das l\u00e2minas para m\u00e1quinas de depila\u00e7\u00e3o apresentam 3 l\u00e2minas curvas rodeadas de almofadas protetoras, suavizan&#8230;<\/p>\n","protected":false},"featured_media":7009,"template":"","meta":{"spay_email":""},"product_cat":[15],"product_tag":[],"class_list":{"0":"post-7008","1":"product","2":"type-product","3":"status-publish","4":"has-post-thumbnail","6":"product_cat-sem-categoria","8":"first","9":"instock","10":"taxable","11":"shipping-taxable","12":"purchasable","13":"product-type-simple"},"acf":[],"jetpack-related-posts":[{"id":7006,"url":"https:\/\/mundo.seashell.pt\/?product=gillette-venus-smooth-3un","url_meta":{"origin":7008,"position":0},"title":"Gillette Venus Smooth 3un","date":"Fevereiro 23, 2022","format":false,"excerpt":"Para uma pele suave com menos irrita\u00e7\u00f5es.Descri\u00e7\u00e3o: Desfrute de uma pele suave com menos irrita\u00e7\u00f5es, comparativamente \u00e0 Simply Venus 2, com as l\u00e2minas descart\u00e1veis Gillette Venus 3, que oferecem uma depila\u00e7\u00e3o precisa a um pre\u00e7o acess\u00edvel. Com cabe\u00e7a oscilante com tr\u00eas l\u00e2minas, as m\u00e1quinas de depila\u00e7\u00e3o tamb\u00e9m incluem uma barra\u2026","rel":"","context":"Similar post","img":{"alt_text":"","src":"https:\/\/i0.wp.com\/mundo.seashell.pt\/wp-content\/uploads\/2022\/02\/VENUS_MAQUINA_SMOOTH_7702018567829.png?resize=350%2C200&ssl=1","width":350,"height":200},"classes":[]},{"id":7010,"url":"https:\/\/mundo.seashell.pt\/?product=gillette-blue-2-for-woman-6-laminas","url_meta":{"origin":7008,"position":1},"title":"Gillette Blue 2 for Woman &#8211; 6 L\u00e2minas","date":"Fevereiro 23, 2022","format":false,"excerpt":"Tira hidratante enriquecida para maior conforto e um deslizar suave.Descri\u00e7\u00e3o: As l\u00e2minas de depila\u00e7\u00e3o descart\u00e1veis Gillette Blue II Plus incluem duas l\u00e2minas Gillette para maior conforto e um cabo Ultragrip suave para um controlo superior. Tamb\u00e9m cont\u00eam \u00f3leo de beb\u00e9 e alo\u00e9 vera para deslizarem mais suavemente. Benef\u00edc...","rel":"","context":"Similar post","img":{"alt_text":"","src":"https:\/\/i0.wp.com\/mundo.seashell.pt\/wp-content\/uploads\/2022\/02\/GILLETTE_DESCARTA_VEL_BLUE2_FW_5_1_3014260294625.png?resize=350%2C200&ssl=1","width":350,"height":200},"classes":[]},{"id":6988,"url":"https:\/\/mundo.seashell.pt\/?product=gillette-mach-3","url_meta":{"origin":7008,"position":2},"title":"Gillette Mach 3","date":"Fevereiro 23, 2022","format":false,"excerpt":"Concebida com a\u00e7o de corte de precis\u00e3o para at\u00e9 15 utiliza\u00e7\u00f5es por l\u00e2mina. M\u00e1quina de barbear com 3 l\u00e2minas para um barbear suave cl\u00e1ssico. As l\u00e2minas mais resistentes do que o a\u00e7o mant\u00eam-se afiadas durante mais tempo (vs. a Sensor3). Ader\u00eancia ergon\u00f3mica equilibrada e ponderada. M\u00e1quina de barbear de 3\u2026","rel":"","context":"Similar post","img":{"alt_text":"","src":"https:\/\/i0.wp.com\/mundo.seashell.pt\/wp-content\/uploads\/2022\/02\/gillette-mach-3-razor-original-imaeh9e3g5ya5z2w.jpeg?resize=350%2C200&ssl=1","width":350,"height":200},"classes":[]},{"id":6996,"url":"https:\/\/mundo.seashell.pt\/?product=gillette-mach-3-start-4-recargas","url_meta":{"origin":7008,"position":3},"title":"Gillette Mach 3 Start 4 Recargas","date":"Fevereiro 23, 2022","format":false,"excerpt":"As recargas de l\u00e2minas para m\u00e1quina de barbear Gillette Mach3 Turbo para homem foram concebidas para um barbear cl\u00e1ssico e preciso, no qual pode confiar. Com tr\u00eas l\u00e2minas mais resistentes do que o a\u00e7o que se mant\u00eam afiadas durante mais tempo (vs. Sensor3). Todas as recargas de l\u00e2minas Mach3 adaptam-se\u2026","rel":"","context":"Similar post","img":{"alt_text":"","src":"https:\/\/i0.wp.com\/mundo.seashell.pt\/wp-content\/uploads\/2022\/02\/transferir__4_.jpeg?resize=350%2C200&ssl=1","width":350,"height":200},"classes":[]},{"id":6998,"url":"https:\/\/mundo.seashell.pt\/?product=gillette-fusion-5-recargas","url_meta":{"origin":7008,"position":4},"title":"Gillette Fusion 5 Recargas","date":"Fevereiro 23, 2022","format":false,"excerpt":"Gillette Fusion 5 Recargas. As l\u00e2minas para m\u00e1quina de barbear Gillette Fusion5 para homem incluem 5 l\u00e2minas antifric\u00e7\u00e3o para um barbear rente e duradouro. As l\u00e2minas s\u00e3o pouco espa\u00e7adas para um conforto incr\u00edvel com um aparador de precis\u00e3o na parte posterior para locais de dif\u00edcil acesso e para fazer o\u2026","rel":"","context":"Similar post","img":{"alt_text":"","src":"https:\/\/i0.wp.com\/mundo.seashell.pt\/wp-content\/uploads\/2022\/02\/GILLETTE_CARREGADOR_FUSION_4UN_7702018561575.png?resize=350%2C200&ssl=1","width":350,"height":200},"classes":[]},{"id":6990,"url":"https:\/\/mundo.seashell.pt\/?product=gillette-fusion-5","url_meta":{"origin":7008,"position":5},"title":"Gillette Fusion 5","date":"Fevereiro 23, 2022","format":false,"excerpt":"A m\u00e1quina de barbear Gillette Fusion5 para homem inclui 5 l\u00e2minas antifric\u00e7\u00e3o para um barbear rente e duradouro. As l\u00e2minas s\u00e3o pouco espa\u00e7adas para um conforto incr\u00edvel com um aparador de precis\u00e3o na parte posterior para locais de dif\u00edcil acesso e para fazer o styling da barba. \u00c9 a m\u00e1quina\u2026","rel":"","context":"Similar post","img":{"alt_text":"","src":"https:\/\/i0.wp.com\/mundo.seashell.pt\/wp-content\/uploads\/2022\/02\/gillette_fusion5.png?resize=350%2C200&ssl=1","width":350,"height":200},"classes":[]}],"_links":{"self":[{"href":"https:\/\/mundo.seashell.pt\/index.php?rest_route=\/wp\/v2\/product\/7008","targetHints":{"allow":["GET"]}}],"collection":[{"href":"https:\/\/mundo.seashell.pt\/index.php?rest_route=\/wp\/v2\/product"}],"about":[{"href":"https:\/\/mundo.seashell.pt\/index.php?rest_route=\/wp\/v2\/types\/product"}],"wp:featuredmedia":[{"embeddable":true,"href":"https:\/\/mundo.seashell.pt\/index.php?rest_route=\/wp\/v2\/media\/7009"}],"wp:attachment":[{"href":"https:\/\/mundo.seashell.pt\/index.php?rest_route=%2Fwp%2Fv2%2Fmedia&parent=7008"}],"wp:term":[{"taxonomy":"product_cat","embeddable":true,"href":"https:\/\/mundo.seashell.pt\/index.php?rest_route=%2Fwp%2Fv2%2Fproduct_cat&post=7008"},{"taxonomy":"product_tag","embeddable":true,"href":"https:\/\/mundo.seashell.pt\/index.php?rest_route=%2Fwp%2Fv2%2Fproduct_tag&post=7008"}],"curies":[{"name":"wp","href":"https:\/\/api.w.org\/{rel}","templated":true}]}}