{"id":7002,"date":"2022-02-23T19:03:33","date_gmt":"2022-02-23T19:03:33","guid":{"rendered":"https:\/\/mundo.seashell.pt\/?post_type=product&#038;p=7002"},"modified":"2022-02-23T19:03:34","modified_gmt":"2022-02-23T19:03:34","slug":"gillette-blue-6-laminas-descartaveis","status":"publish","type":"product","link":"https:\/\/mundo.seashell.pt\/?product=gillette-blue-6-laminas-descartaveis","title":{"rendered":"Gillette Blue 6 L\u00e2minas Descart\u00e1veis"},"content":{"rendered":"<p>Gillette, a op\u00e7\u00e3o ao seu alcance para um barbear impec\u00e1vel.<\/p>\n<h3>Descri\u00e7\u00e3o:<\/h3>\n<p>Com a m\u00e1quina de barbear descart\u00e1vel Gillette Blue II est\u00e1 na sua m\u00e3o um barbear excecional. Cont\u00e9m duas l\u00e2minas duplas finas para proporcionar um barbear confort\u00e1vel a qualquer homem.<\/p>\n<h3>Tipo de produto:<\/h3>\n<p>L\u00e2mina Descart\u00e1vel<\/p>\n<h3>Benef\u00edcios:<\/h3>\n<p>&#8211; M\u00e1quina de barbear descart\u00e1vel;<br \/>&#8211; L\u00e2minas duplas finas Gillette para maior conforto;<br \/>&#8211; Barbear confort\u00e1vel a qualquer homem.<\/p>\n<h3>Conselhos de utiliza\u00e7\u00e3o:<\/h3>\n<p>Corte na dire\u00e7\u00e3o oposta ao crescimento do pelo. Use at\u00e9 as l\u00e2minas ficarem gastas. Deite fora e substitua.<\/p>\n","protected":false},"excerpt":{"rendered":"<p>Gillette, a op\u00e7\u00e3o ao seu alcance para um barbear impec\u00e1vel.Descri\u00e7\u00e3o:<br \/>\nCom a m\u00e1quina de barbear descart\u00e1vel Gillette Blue II est\u00e1 na sua m\u00e3o um barbear excecional. Cont\u00e9m duas l\u00e2minas duplas finas para proporcionar um barbear confort\u00e1vel a qualquer homem.<br \/>\nTipo de produto:<br \/>\nL\u00e2mina Descart\u00e1velBenef\u00edcios:<\/p>\n","protected":false},"featured_media":7003,"template":"","meta":{"spay_email":""},"product_cat":[15],"product_tag":[],"class_list":{"0":"post-7002","1":"product","2":"type-product","3":"status-publish","4":"has-post-thumbnail","6":"product_cat-sem-categoria","8":"first","9":"instock","10":"taxable","11":"shipping-taxable","12":"purchasable","13":"product-type-simple"},"acf":[],"jetpack-related-posts":[{"id":6996,"url":"https:\/\/mundo.seashell.pt\/?product=gillette-mach-3-start-4-recargas","url_meta":{"origin":7002,"position":0},"title":"Gillette Mach 3 Start 4 Recargas","date":"Fevereiro 23, 2022","format":false,"excerpt":"As recargas de l\u00e2minas para m\u00e1quina de barbear Gillette Mach3 Turbo para homem foram concebidas para um barbear cl\u00e1ssico e preciso, no qual pode confiar. Com tr\u00eas l\u00e2minas mais resistentes do que o a\u00e7o que se mant\u00eam afiadas durante mais tempo (vs. Sensor3). Todas as recargas de l\u00e2minas Mach3 adaptam-se\u2026","rel":"","context":"Similar post","img":{"alt_text":"","src":"https:\/\/i0.wp.com\/mundo.seashell.pt\/wp-content\/uploads\/2022\/02\/transferir__4_.jpeg?resize=350%2C200&ssl=1","width":350,"height":200},"classes":[]},{"id":6998,"url":"https:\/\/mundo.seashell.pt\/?product=gillette-fusion-5-recargas","url_meta":{"origin":7002,"position":1},"title":"Gillette Fusion 5 Recargas","date":"Fevereiro 23, 2022","format":false,"excerpt":"Gillette Fusion 5 Recargas. As l\u00e2minas para m\u00e1quina de barbear Gillette Fusion5 para homem incluem 5 l\u00e2minas antifric\u00e7\u00e3o para um barbear rente e duradouro. As l\u00e2minas s\u00e3o pouco espa\u00e7adas para um conforto incr\u00edvel com um aparador de precis\u00e3o na parte posterior para locais de dif\u00edcil acesso e para fazer o\u2026","rel":"","context":"Similar post","img":{"alt_text":"","src":"https:\/\/i0.wp.com\/mundo.seashell.pt\/wp-content\/uploads\/2022\/02\/GILLETTE_CARREGADOR_FUSION_4UN_7702018561575.png?resize=350%2C200&ssl=1","width":350,"height":200},"classes":[]},{"id":6992,"url":"https:\/\/mundo.seashell.pt\/?product=gillette-proglide","url_meta":{"origin":7002,"position":2},"title":"Gillette Proglide","date":"Fevereiro 23, 2022","format":false,"excerpt":"A m\u00e1quina de barbear para homem Gillette ProGlide com tecnologia FlexBall adapta-se ao contorno do rosto para uma proximidade e conforto sem compromissos. Com as suas l\u00e2minas espa\u00e7adas em conjunto para um conforto incr\u00edvel e um aparador de precis\u00e3o na parte posterior, pode ousar um barbear rente.Descri\u00e7\u00e3o: Retira praticamente ...","rel":"","context":"Similar post","img":{"alt_text":"","src":"https:\/\/i0.wp.com\/mundo.seashell.pt\/wp-content\/uploads\/2022\/02\/GILLETTE_MAQUINA_PROGLIDE_7702018558186.png?resize=350%2C200&ssl=1","width":350,"height":200},"classes":[]},{"id":6990,"url":"https:\/\/mundo.seashell.pt\/?product=gillette-fusion-5","url_meta":{"origin":7002,"position":3},"title":"Gillette Fusion 5","date":"Fevereiro 23, 2022","format":false,"excerpt":"A m\u00e1quina de barbear Gillette Fusion5 para homem inclui 5 l\u00e2minas antifric\u00e7\u00e3o para um barbear rente e duradouro. As l\u00e2minas s\u00e3o pouco espa\u00e7adas para um conforto incr\u00edvel com um aparador de precis\u00e3o na parte posterior para locais de dif\u00edcil acesso e para fazer o styling da barba. \u00c9 a m\u00e1quina\u2026","rel":"","context":"Similar post","img":{"alt_text":"","src":"https:\/\/i0.wp.com\/mundo.seashell.pt\/wp-content\/uploads\/2022\/02\/gillette_fusion5.png?resize=350%2C200&ssl=1","width":350,"height":200},"classes":[]},{"id":7000,"url":"https:\/\/mundo.seashell.pt\/?product=gillette-proglide-3-recargas","url_meta":{"origin":7002,"position":4},"title":"Gillette Proglide 3 Recargas","date":"Fevereiro 23, 2022","format":false,"excerpt":"Com as suas l\u00e2minas espa\u00e7adas em conjunto para um conforto incr\u00edvel e um aparador de precis\u00e3o na parte posterior, pode ousar um barbear rente com as l\u00e2minas Gillette ProGlide. Uma recarga de l\u00e2minas para m\u00e1quina de barbear equivale a um m\u00eas de utiliza\u00e7\u00e3o.Descri\u00e7\u00e3o: Retira praticamente todos os pelos sem esfor\u00e7o.\u2026","rel":"","context":"Similar post","img":{"alt_text":"","src":"https:\/\/i0.wp.com\/mundo.seashell.pt\/wp-content\/uploads\/2022\/02\/gilette_proglide.jpeg?resize=350%2C200&ssl=1","width":350,"height":200},"classes":[]},{"id":7010,"url":"https:\/\/mundo.seashell.pt\/?product=gillette-blue-2-for-woman-6-laminas","url_meta":{"origin":7002,"position":5},"title":"Gillette Blue 2 for Woman &#8211; 6 L\u00e2minas","date":"Fevereiro 23, 2022","format":false,"excerpt":"Tira hidratante enriquecida para maior conforto e um deslizar suave.Descri\u00e7\u00e3o: As l\u00e2minas de depila\u00e7\u00e3o descart\u00e1veis Gillette Blue II Plus incluem duas l\u00e2minas Gillette para maior conforto e um cabo Ultragrip suave para um controlo superior. Tamb\u00e9m cont\u00eam \u00f3leo de beb\u00e9 e alo\u00e9 vera para deslizarem mais suavemente. Benef\u00edc...","rel":"","context":"Similar post","img":{"alt_text":"","src":"https:\/\/i0.wp.com\/mundo.seashell.pt\/wp-content\/uploads\/2022\/02\/GILLETTE_DESCARTA_VEL_BLUE2_FW_5_1_3014260294625.png?resize=350%2C200&ssl=1","width":350,"height":200},"classes":[]}],"_links":{"self":[{"href":"https:\/\/mundo.seashell.pt\/index.php?rest_route=\/wp\/v2\/product\/7002","targetHints":{"allow":["GET"]}}],"collection":[{"href":"https:\/\/mundo.seashell.pt\/index.php?rest_route=\/wp\/v2\/product"}],"about":[{"href":"https:\/\/mundo.seashell.pt\/index.php?rest_route=\/wp\/v2\/types\/product"}],"wp:featuredmedia":[{"embeddable":true,"href":"https:\/\/mundo.seashell.pt\/index.php?rest_route=\/wp\/v2\/media\/7003"}],"wp:attachment":[{"href":"https:\/\/mundo.seashell.pt\/index.php?rest_route=%2Fwp%2Fv2%2Fmedia&parent=7002"}],"wp:term":[{"taxonomy":"product_cat","embeddable":true,"href":"https:\/\/mundo.seashell.pt\/index.php?rest_route=%2Fwp%2Fv2%2Fproduct_cat&post=7002"},{"taxonomy":"product_tag","embeddable":true,"href":"https:\/\/mundo.seashell.pt\/index.php?rest_route=%2Fwp%2Fv2%2Fproduct_tag&post=7002"}],"curies":[{"name":"wp","href":"https:\/\/api.w.org\/{rel}","templated":true}]}}