{"id":6998,"date":"2022-02-23T19:03:16","date_gmt":"2022-02-23T19:03:16","guid":{"rendered":"https:\/\/mundo.seashell.pt\/?post_type=product&#038;p=6998"},"modified":"2022-02-23T19:03:19","modified_gmt":"2022-02-23T19:03:19","slug":"gillette-fusion-5-recargas","status":"publish","type":"product","link":"https:\/\/mundo.seashell.pt\/?product=gillette-fusion-5-recargas","title":{"rendered":"Gillette Fusion 5 Recargas"},"content":{"rendered":"<h3>Gillette Fusion 5 Recargas.<\/h3>\n<p>As l\u00e2minas para m\u00e1quina de barbear Gillette Fusion5 para homem incluem 5 l\u00e2minas antifric\u00e7\u00e3o para um barbear rente e duradouro. As l\u00e2minas s\u00e3o pouco espa\u00e7adas para um conforto incr\u00edvel com um aparador de precis\u00e3o na parte posterior para locais de dif\u00edcil acesso e para fazer o styling da barba. As recargas de l\u00e2minas para m\u00e1quina de barbear Gillette Fusion5 aplicam-se a todas as m\u00e1quinas de barbear Gillette Fusion5.<\/p>\n<h3>Descri\u00e7\u00e3o:<\/h3>\n<p>Proximidade de 5 l\u00e2minas da Gillette a um pre\u00e7o acess\u00edvel. Concebida com l\u00e2minas antifric\u00e7\u00e3o para at\u00e9 20 utiliza\u00e7\u00f5es por recarga de l\u00e2minas. Aparador de precis\u00e3o para \u00e1reas dif\u00edceis de alcan\u00e7ar e para fazer o styling da barba. At\u00e9 5 meses de utiliza\u00e7\u00f5es por embalagem. As microaletas suaves alongam delicadamente e suavizam a pele para preparar os pelos para um barbear rente. As recargas de l\u00e2minas para m\u00e1quina de barbear ajustam-se aos cabos da m\u00e1quina de barbear Proglide, ProShield e Fusion.<\/p>\n<h3>Ingredientes:<\/h3>\n<p>PEG-115M, PEG-7M, PEG-100, Lubrificante: Silica, Tocopheryl Acetate, Pentaerythrityl Tetra-Di-T-Butyl Hydroxyhydrocinnamate, Tris(Di-T-Butyl)Phosphite, Aloe Barbadensis Leaf Juice, BHT, Vitis Vinifera (Grape) Seed Oil, Persea Gratissima (Avocado) Oil, Glycol<\/p>\n<h3>Tipo de produto:<\/h3>\n<p>Recarga<\/p>\n<h3>Recarga compat\u00edvel:<\/h3>\n<p>As recargas de l\u00e2minas para m\u00e1quina de barbear ajustam-se aos cabos da m\u00e1quina de barbear ProGlide, ProShield e Fusion.<\/p>\n<h3>Benef\u00edcios:<\/h3>\n<p>&#8211; 5 l\u00e2minas de precis\u00e3o que ajudam a reduzir a press\u00e3o, para um barbear confort\u00e1vel (vs. Mach3);<br \/>&#8211; Aparador de precis\u00e3o na parte traseira excelente para definir contornos em \u00e1reas dif\u00edceis;<br \/>&#8211; Recarga de l\u00e2minas equivale a um m\u00eas de utiliza\u00e7\u00e3o;<br \/>&#8211; Encaixa em quaisquer recargas de l\u00e2minas Fusion.<\/p>\n<p>Conselhos de utiliza\u00e7\u00e3o:<\/p>\n<p>Corte na dire\u00e7\u00e3o oposta ao crescimento do pelo. Use at\u00e9 as l\u00e2minas ficarem gastas. Deite fora e substitua.<\/p>\n<p><\/p>\n","protected":false},"excerpt":{"rendered":"<p>Gillette Fusion 5 Recargas.<br \/>\nAs l\u00e2minas para m\u00e1quina de barbear Gillette Fusion5 para homem incluem 5 l\u00e2minas antifric\u00e7\u00e3o para um barbear rente e duradouro. As l\u00e2minas s\u00e3o pouco espa\u00e7adas para um conforto incr\u00edvel com um aparador de precis\u00e3o na parte posterior para locais de dif\u00edcil acesso e para fazer o styling da barba. As recargas &#8230;<\/p>\n","protected":false},"featured_media":6999,"template":"","meta":{"spay_email":""},"product_cat":[15],"product_tag":[],"class_list":{"0":"post-6998","1":"product","2":"type-product","3":"status-publish","4":"has-post-thumbnail","6":"product_cat-sem-categoria","8":"first","9":"instock","10":"taxable","11":"shipping-taxable","12":"purchasable","13":"product-type-simple"},"acf":[],"jetpack-related-posts":[{"id":6990,"url":"https:\/\/mundo.seashell.pt\/?product=gillette-fusion-5","url_meta":{"origin":6998,"position":0},"title":"Gillette Fusion 5","date":"Fevereiro 23, 2022","format":false,"excerpt":"A m\u00e1quina de barbear Gillette Fusion5 para homem inclui 5 l\u00e2minas antifric\u00e7\u00e3o para um barbear rente e duradouro. As l\u00e2minas s\u00e3o pouco espa\u00e7adas para um conforto incr\u00edvel com um aparador de precis\u00e3o na parte posterior para locais de dif\u00edcil acesso e para fazer o styling da barba. \u00c9 a m\u00e1quina\u2026","rel":"","context":"Similar post","img":{"alt_text":"","src":"https:\/\/i0.wp.com\/mundo.seashell.pt\/wp-content\/uploads\/2022\/02\/gillette_fusion5.png?resize=350%2C200&ssl=1","width":350,"height":200},"classes":[]},{"id":7000,"url":"https:\/\/mundo.seashell.pt\/?product=gillette-proglide-3-recargas","url_meta":{"origin":6998,"position":1},"title":"Gillette Proglide 3 Recargas","date":"Fevereiro 23, 2022","format":false,"excerpt":"Com as suas l\u00e2minas espa\u00e7adas em conjunto para um conforto incr\u00edvel e um aparador de precis\u00e3o na parte posterior, pode ousar um barbear rente com as l\u00e2minas Gillette ProGlide. Uma recarga de l\u00e2minas para m\u00e1quina de barbear equivale a um m\u00eas de utiliza\u00e7\u00e3o.Descri\u00e7\u00e3o: Retira praticamente todos os pelos sem esfor\u00e7o.\u2026","rel":"","context":"Similar post","img":{"alt_text":"","src":"https:\/\/i0.wp.com\/mundo.seashell.pt\/wp-content\/uploads\/2022\/02\/gilette_proglide.jpeg?resize=350%2C200&ssl=1","width":350,"height":200},"classes":[]},{"id":6992,"url":"https:\/\/mundo.seashell.pt\/?product=gillette-proglide","url_meta":{"origin":6998,"position":2},"title":"Gillette Proglide","date":"Fevereiro 23, 2022","format":false,"excerpt":"A m\u00e1quina de barbear para homem Gillette ProGlide com tecnologia FlexBall adapta-se ao contorno do rosto para uma proximidade e conforto sem compromissos. Com as suas l\u00e2minas espa\u00e7adas em conjunto para um conforto incr\u00edvel e um aparador de precis\u00e3o na parte posterior, pode ousar um barbear rente.Descri\u00e7\u00e3o: Retira praticamente ...","rel":"","context":"Similar post","img":{"alt_text":"","src":"https:\/\/i0.wp.com\/mundo.seashell.pt\/wp-content\/uploads\/2022\/02\/GILLETTE_MAQUINA_PROGLIDE_7702018558186.png?resize=350%2C200&ssl=1","width":350,"height":200},"classes":[]},{"id":6996,"url":"https:\/\/mundo.seashell.pt\/?product=gillette-mach-3-start-4-recargas","url_meta":{"origin":6998,"position":3},"title":"Gillette Mach 3 Start 4 Recargas","date":"Fevereiro 23, 2022","format":false,"excerpt":"As recargas de l\u00e2minas para m\u00e1quina de barbear Gillette Mach3 Turbo para homem foram concebidas para um barbear cl\u00e1ssico e preciso, no qual pode confiar. Com tr\u00eas l\u00e2minas mais resistentes do que o a\u00e7o que se mant\u00eam afiadas durante mais tempo (vs. Sensor3). Todas as recargas de l\u00e2minas Mach3 adaptam-se\u2026","rel":"","context":"Similar post","img":{"alt_text":"","src":"https:\/\/i0.wp.com\/mundo.seashell.pt\/wp-content\/uploads\/2022\/02\/transferir__4_.jpeg?resize=350%2C200&ssl=1","width":350,"height":200},"classes":[]},{"id":6988,"url":"https:\/\/mundo.seashell.pt\/?product=gillette-mach-3","url_meta":{"origin":6998,"position":4},"title":"Gillette Mach 3","date":"Fevereiro 23, 2022","format":false,"excerpt":"Concebida com a\u00e7o de corte de precis\u00e3o para at\u00e9 15 utiliza\u00e7\u00f5es por l\u00e2mina. M\u00e1quina de barbear com 3 l\u00e2minas para um barbear suave cl\u00e1ssico. As l\u00e2minas mais resistentes do que o a\u00e7o mant\u00eam-se afiadas durante mais tempo (vs. a Sensor3). Ader\u00eancia ergon\u00f3mica equilibrada e ponderada. M\u00e1quina de barbear de 3\u2026","rel":"","context":"Similar post","img":{"alt_text":"","src":"https:\/\/i0.wp.com\/mundo.seashell.pt\/wp-content\/uploads\/2022\/02\/gillette-mach-3-razor-original-imaeh9e3g5ya5z2w.jpeg?resize=350%2C200&ssl=1","width":350,"height":200},"classes":[]},{"id":7002,"url":"https:\/\/mundo.seashell.pt\/?product=gillette-blue-6-laminas-descartaveis","url_meta":{"origin":6998,"position":5},"title":"Gillette Blue 6 L\u00e2minas Descart\u00e1veis","date":"Fevereiro 23, 2022","format":false,"excerpt":"Gillette, a op\u00e7\u00e3o ao seu alcance para um barbear impec\u00e1vel.Descri\u00e7\u00e3o: Com a m\u00e1quina de barbear descart\u00e1vel Gillette Blue II est\u00e1 na sua m\u00e3o um barbear excecional. Cont\u00e9m duas l\u00e2minas duplas finas para proporcionar um barbear confort\u00e1vel a qualquer homem. Tipo de produto: L\u00e2mina Descart\u00e1velBenef\u00edcios:","rel":"","context":"Similar post","img":{"alt_text":"","src":"https:\/\/i0.wp.com\/mundo.seashell.pt\/wp-content\/uploads\/2022\/02\/transferir__6_.jpeg?resize=350%2C200&ssl=1","width":350,"height":200},"classes":[]}],"_links":{"self":[{"href":"https:\/\/mundo.seashell.pt\/index.php?rest_route=\/wp\/v2\/product\/6998","targetHints":{"allow":["GET"]}}],"collection":[{"href":"https:\/\/mundo.seashell.pt\/index.php?rest_route=\/wp\/v2\/product"}],"about":[{"href":"https:\/\/mundo.seashell.pt\/index.php?rest_route=\/wp\/v2\/types\/product"}],"wp:featuredmedia":[{"embeddable":true,"href":"https:\/\/mundo.seashell.pt\/index.php?rest_route=\/wp\/v2\/media\/6999"}],"wp:attachment":[{"href":"https:\/\/mundo.seashell.pt\/index.php?rest_route=%2Fwp%2Fv2%2Fmedia&parent=6998"}],"wp:term":[{"taxonomy":"product_cat","embeddable":true,"href":"https:\/\/mundo.seashell.pt\/index.php?rest_route=%2Fwp%2Fv2%2Fproduct_cat&post=6998"},{"taxonomy":"product_tag","embeddable":true,"href":"https:\/\/mundo.seashell.pt\/index.php?rest_route=%2Fwp%2Fv2%2Fproduct_tag&post=6998"}],"curies":[{"name":"wp","href":"https:\/\/api.w.org\/{rel}","templated":true}]}}