{"id":6996,"date":"2022-02-23T19:03:14","date_gmt":"2022-02-23T19:03:14","guid":{"rendered":"https:\/\/mundo.seashell.pt\/?post_type=product&#038;p=6996"},"modified":"2022-02-23T19:03:16","modified_gmt":"2022-02-23T19:03:16","slug":"gillette-mach-3-start-4-recargas","status":"publish","type":"product","link":"https:\/\/mundo.seashell.pt\/?product=gillette-mach-3-start-4-recargas","title":{"rendered":"Gillette Mach 3 Start 4 Recargas"},"content":{"rendered":"<p>As recargas de l\u00e2minas para m\u00e1quina de barbear Gillette Mach3 Turbo para homem foram concebidas para um barbear cl\u00e1ssico e preciso, no qual pode confiar. Com tr\u00eas l\u00e2minas mais resistentes do que o a\u00e7o que se mant\u00eam afiadas durante mais tempo (vs. Sensor3). Todas as recargas de l\u00e2minas Mach3 adaptam-se a todos os cabos Mach3.<\/p>\n<h3>Descri\u00e7\u00e3o:<\/h3>\n<p>Concebida com a\u00e7o de corte de precis\u00e3o para at\u00e9 15 utiliza\u00e7\u00f5es por l\u00e2mina. 3 l\u00e2minas para um barbear suave cl\u00e1ssico. Mega faixa lubrificante de longa dura\u00e7\u00e3o. As l\u00e2minas mais resistentes do que o a\u00e7o mant\u00eam-se afiadas durante mais tempo (vs. a Sensor3). At\u00e9 8 meses de utiliza\u00e7\u00f5es por embalagem.<\/p>\n<h3>Ingredientes:<\/h3>\n<p>PEG-180M, PEG-100, Silica, Pentaerythrityl Tetra-Di-T-Butyl Hydroxyhydrocinnamate, Tris(Di-T-Butyl)Phosphite, BHT, Glycol<\/p>\n<h3>Tipo de produto:<\/h3>\n<p>Recarga<\/p>\n<h3>Benef\u00edcios:<\/h3>\n<p>&#8211; Maior conforto comparado com uma l\u00e2mina descart\u00e1vel nova, mesmo ap\u00f3s a 10\u00aa utiliza\u00e7\u00e3o (vs. Gillette Blue II Plus);<br \/>&#8211; L\u00e2minas mais afiadas e de corte turbo (primeiras 2 l\u00e2minas vs. Gillette Blue II);<br \/>&#8211; Inclui tr\u00eas l\u00e2minas com revestimento antifric\u00e7\u00e3o;<br \/>&#8211; Barbear mais pr\u00f3ximo, sem irrita\u00e7\u00e3o (vs. a l\u00e2mina descart\u00e1vel Gillette Blue II Plus);<br \/>&#8211; Barra de gel Comfort de longa dura\u00e7\u00e3o para um deslizar incr\u00edvel;<br \/>&#8211; 2x mais microtensores protetores da pele (vs. a l\u00e2mina descart\u00e1vel Gillette Blue3), para um barbear suave;<br \/>&#8211; Encaixa em quaisquer cabos de l\u00e2mina Mach3.<\/p>\n<h3>Conselhos de utiliza\u00e7\u00e3o:<\/h3>\n<p>Corte na dire\u00e7\u00e3o oposta ao crescimento do pelo. Use at\u00e9 as l\u00e2minas ficarem gastas. Deite fora e substitua.<\/p>\n<p><\/p>\n","protected":false},"excerpt":{"rendered":"<p>As recargas de l\u00e2minas para m\u00e1quina de barbear Gillette Mach3 Turbo para homem foram concebidas para um barbear cl\u00e1ssico e preciso, no qual pode confiar. Com tr\u00eas l\u00e2minas mais resistentes do que o a\u00e7o que se mant\u00eam afiadas durante mais tempo (vs. Sensor3). Todas as recargas de l\u00e2minas Mach3 adaptam-se a todos os cabos Mach3.Descri\u00e7\u00e3o:&#8230;<\/p>\n","protected":false},"featured_media":6997,"template":"","meta":{"spay_email":""},"product_cat":[15],"product_tag":[],"class_list":{"0":"post-6996","1":"product","2":"type-product","3":"status-publish","4":"has-post-thumbnail","6":"product_cat-sem-categoria","8":"first","9":"instock","10":"taxable","11":"shipping-taxable","12":"purchasable","13":"product-type-simple"},"acf":[],"jetpack-related-posts":[{"id":6988,"url":"https:\/\/mundo.seashell.pt\/?product=gillette-mach-3","url_meta":{"origin":6996,"position":0},"title":"Gillette Mach 3","date":"Fevereiro 23, 2022","format":false,"excerpt":"Concebida com a\u00e7o de corte de precis\u00e3o para at\u00e9 15 utiliza\u00e7\u00f5es por l\u00e2mina. M\u00e1quina de barbear com 3 l\u00e2minas para um barbear suave cl\u00e1ssico. As l\u00e2minas mais resistentes do que o a\u00e7o mant\u00eam-se afiadas durante mais tempo (vs. a Sensor3). Ader\u00eancia ergon\u00f3mica equilibrada e ponderada. M\u00e1quina de barbear de 3\u2026","rel":"","context":"Similar post","img":{"alt_text":"","src":"https:\/\/i0.wp.com\/mundo.seashell.pt\/wp-content\/uploads\/2022\/02\/gillette-mach-3-razor-original-imaeh9e3g5ya5z2w.jpeg?resize=350%2C200&ssl=1","width":350,"height":200},"classes":[]},{"id":6998,"url":"https:\/\/mundo.seashell.pt\/?product=gillette-fusion-5-recargas","url_meta":{"origin":6996,"position":1},"title":"Gillette Fusion 5 Recargas","date":"Fevereiro 23, 2022","format":false,"excerpt":"Gillette Fusion 5 Recargas. As l\u00e2minas para m\u00e1quina de barbear Gillette Fusion5 para homem incluem 5 l\u00e2minas antifric\u00e7\u00e3o para um barbear rente e duradouro. As l\u00e2minas s\u00e3o pouco espa\u00e7adas para um conforto incr\u00edvel com um aparador de precis\u00e3o na parte posterior para locais de dif\u00edcil acesso e para fazer o\u2026","rel":"","context":"Similar post","img":{"alt_text":"","src":"https:\/\/i0.wp.com\/mundo.seashell.pt\/wp-content\/uploads\/2022\/02\/GILLETTE_CARREGADOR_FUSION_4UN_7702018561575.png?resize=350%2C200&ssl=1","width":350,"height":200},"classes":[]},{"id":7000,"url":"https:\/\/mundo.seashell.pt\/?product=gillette-proglide-3-recargas","url_meta":{"origin":6996,"position":2},"title":"Gillette Proglide 3 Recargas","date":"Fevereiro 23, 2022","format":false,"excerpt":"Com as suas l\u00e2minas espa\u00e7adas em conjunto para um conforto incr\u00edvel e um aparador de precis\u00e3o na parte posterior, pode ousar um barbear rente com as l\u00e2minas Gillette ProGlide. Uma recarga de l\u00e2minas para m\u00e1quina de barbear equivale a um m\u00eas de utiliza\u00e7\u00e3o.Descri\u00e7\u00e3o: Retira praticamente todos os pelos sem esfor\u00e7o.\u2026","rel":"","context":"Similar post","img":{"alt_text":"","src":"https:\/\/i0.wp.com\/mundo.seashell.pt\/wp-content\/uploads\/2022\/02\/gilette_proglide.jpeg?resize=350%2C200&ssl=1","width":350,"height":200},"classes":[]},{"id":6992,"url":"https:\/\/mundo.seashell.pt\/?product=gillette-proglide","url_meta":{"origin":6996,"position":3},"title":"Gillette Proglide","date":"Fevereiro 23, 2022","format":false,"excerpt":"A m\u00e1quina de barbear para homem Gillette ProGlide com tecnologia FlexBall adapta-se ao contorno do rosto para uma proximidade e conforto sem compromissos. Com as suas l\u00e2minas espa\u00e7adas em conjunto para um conforto incr\u00edvel e um aparador de precis\u00e3o na parte posterior, pode ousar um barbear rente.Descri\u00e7\u00e3o: Retira praticamente ...","rel":"","context":"Similar post","img":{"alt_text":"","src":"https:\/\/i0.wp.com\/mundo.seashell.pt\/wp-content\/uploads\/2022\/02\/GILLETTE_MAQUINA_PROGLIDE_7702018558186.png?resize=350%2C200&ssl=1","width":350,"height":200},"classes":[]},{"id":6990,"url":"https:\/\/mundo.seashell.pt\/?product=gillette-fusion-5","url_meta":{"origin":6996,"position":4},"title":"Gillette Fusion 5","date":"Fevereiro 23, 2022","format":false,"excerpt":"A m\u00e1quina de barbear Gillette Fusion5 para homem inclui 5 l\u00e2minas antifric\u00e7\u00e3o para um barbear rente e duradouro. As l\u00e2minas s\u00e3o pouco espa\u00e7adas para um conforto incr\u00edvel com um aparador de precis\u00e3o na parte posterior para locais de dif\u00edcil acesso e para fazer o styling da barba. \u00c9 a m\u00e1quina\u2026","rel":"","context":"Similar post","img":{"alt_text":"","src":"https:\/\/i0.wp.com\/mundo.seashell.pt\/wp-content\/uploads\/2022\/02\/gillette_fusion5.png?resize=350%2C200&ssl=1","width":350,"height":200},"classes":[]},{"id":7008,"url":"https:\/\/mundo.seashell.pt\/?product=gillette-venus-smooth-4-recargas","url_meta":{"origin":6996,"position":5},"title":"Gillette VEnus Smooth 4 Recargas","date":"Fevereiro 23, 2022","format":false,"excerpt":"As l\u00e2minas das m\u00e1quinas de depila\u00e7\u00e3o Venus foram concebidas tendo em mente o corpo da mulher. As m\u00e1quinas de depila\u00e7\u00e3o Venus Smooth para mulher s\u00e3o as primeiras m\u00e1quinas de depila\u00e7\u00e3o com 3 l\u00e2minas concebidas para mulheres. As recargas das l\u00e2minas para m\u00e1quinas de depila\u00e7\u00e3o apresentam 3 l\u00e2minas curvas rodeadas de\u2026","rel":"","context":"Similar post","img":{"alt_text":"","src":"https:\/\/i0.wp.com\/mundo.seashell.pt\/wp-content\/uploads\/2022\/02\/VENUS_CARREGADOR_SMOOTH_4UN_7702018567492.png?resize=350%2C200&ssl=1","width":350,"height":200},"classes":[]}],"_links":{"self":[{"href":"https:\/\/mundo.seashell.pt\/index.php?rest_route=\/wp\/v2\/product\/6996","targetHints":{"allow":["GET"]}}],"collection":[{"href":"https:\/\/mundo.seashell.pt\/index.php?rest_route=\/wp\/v2\/product"}],"about":[{"href":"https:\/\/mundo.seashell.pt\/index.php?rest_route=\/wp\/v2\/types\/product"}],"wp:featuredmedia":[{"embeddable":true,"href":"https:\/\/mundo.seashell.pt\/index.php?rest_route=\/wp\/v2\/media\/6997"}],"wp:attachment":[{"href":"https:\/\/mundo.seashell.pt\/index.php?rest_route=%2Fwp%2Fv2%2Fmedia&parent=6996"}],"wp:term":[{"taxonomy":"product_cat","embeddable":true,"href":"https:\/\/mundo.seashell.pt\/index.php?rest_route=%2Fwp%2Fv2%2Fproduct_cat&post=6996"},{"taxonomy":"product_tag","embeddable":true,"href":"https:\/\/mundo.seashell.pt\/index.php?rest_route=%2Fwp%2Fv2%2Fproduct_tag&post=6996"}],"curies":[{"name":"wp","href":"https:\/\/api.w.org\/{rel}","templated":true}]}}