{"id":6994,"date":"2022-02-23T19:03:11","date_gmt":"2022-02-23T19:03:11","guid":{"rendered":"https:\/\/mundo.seashell.pt\/?post_type=product&#038;p=6994"},"modified":"2022-02-23T19:03:14","modified_gmt":"2022-02-23T19:03:14","slug":"wilkinson-classic-premium-5-recargas","status":"publish","type":"product","link":"https:\/\/mundo.seashell.pt\/?product=wilkinson-classic-premium-5-recargas","title":{"rendered":"Wilkinson Classic Premium 5 Recargas"},"content":{"rendered":"<p>Wilkinson Classic Premium 5 Recargas<\/p>\n<p>A maneira mais simples de conseguir um rosto liso e um barbear perfeito.<\/p>\n<h3>Descri\u00e7\u00e3o:<\/h3>\n<p>5 recargas revestidos a titanium para um barbear mais apurado.<\/p>\n<p>Tipo de produto:<\/p>\n<p>Recarga<\/p>\n","protected":false},"excerpt":{"rendered":"<p>Wilkinson Classic Premium 5 Recargas<br \/>\nA maneira mais simples de conseguir um rosto liso e um barbear perfeito.Descri\u00e7\u00e3o:<br \/>\n5 recargas revestidos a titanium para um barbear mais apurado.<br \/>\nTipo de produto:<br \/>\nRecarga<\/p>\n","protected":false},"featured_media":6995,"template":"","meta":{"spay_email":""},"product_cat":[15],"product_tag":[],"class_list":{"0":"post-6994","1":"product","2":"type-product","3":"status-publish","4":"has-post-thumbnail","6":"product_cat-sem-categoria","8":"first","9":"instock","10":"taxable","11":"shipping-taxable","12":"purchasable","13":"product-type-simple"},"acf":[],"jetpack-related-posts":[{"id":6986,"url":"https:\/\/mundo.seashell.pt\/?product=wilkinson-classic","url_meta":{"origin":6994,"position":0},"title":"Wilkinson Classic","date":"Fevereiro 23, 2022","format":false,"excerpt":"A forma mais simples e r\u00e1pida para conseguir um rosto liso e suave.Tipo de produto: M\u00e1quina de barbear com 5 recargasBenef\u00edcios: - Banda oscilante, para um barbear confort\u00e1vel;- Bot\u00e3o de limpeza das l\u00e2minas. Conselhos de utiliza\u00e7\u00e3o: Corte na dire\u00e7\u00e3o oposta ao crescimento do pelo. Use at...","rel":"","context":"Similar post","img":{"alt_text":"","src":"https:\/\/i0.wp.com\/mundo.seashell.pt\/wp-content\/uploads\/2022\/02\/WILKINSON_MA_QUINA_CLA_SSICA_4027800015504.png?resize=350%2C200&ssl=1","width":350,"height":200},"classes":[]},{"id":7004,"url":"https:\/\/mundo.seashell.pt\/?product=wilkinson-everyday-2-5-laminas","url_meta":{"origin":6994,"position":1},"title":"Wilkinson Everyday 2 &#8211; 5 L\u00e2minas","date":"Fevereiro 23, 2022","format":false,"excerpt":"A forma mais simples e r\u00e1pida para conseguir um rosto liso e suave.Descri\u00e7\u00e3o: 5 M\u00e1quinas descart\u00e1veis com cabe\u00e7al de 2 l\u00e2minas, com banda de alo\u00e9 vera, oscilante para um barbear confort\u00e1vel. Tem bot\u00e3o para limpeza das l\u00e2minas, facilitando a separa\u00e7\u00e3o destas, para soltar os pelos da barba que ficam entre\u2026","rel":"","context":"Similar post","img":{"alt_text":"","src":"https:\/\/i0.wp.com\/mundo.seashell.pt\/wp-content\/uploads\/2022\/02\/WILKINSON_Extra2_Activ_Premium_5_5010189105064.jpg?resize=350%2C200&ssl=1","width":350,"height":200},"classes":[]},{"id":6996,"url":"https:\/\/mundo.seashell.pt\/?product=gillette-mach-3-start-4-recargas","url_meta":{"origin":6994,"position":2},"title":"Gillette Mach 3 Start 4 Recargas","date":"Fevereiro 23, 2022","format":false,"excerpt":"As recargas de l\u00e2minas para m\u00e1quina de barbear Gillette Mach3 Turbo para homem foram concebidas para um barbear cl\u00e1ssico e preciso, no qual pode confiar. Com tr\u00eas l\u00e2minas mais resistentes do que o a\u00e7o que se mant\u00eam afiadas durante mais tempo (vs. Sensor3). Todas as recargas de l\u00e2minas Mach3 adaptam-se\u2026","rel":"","context":"Similar post","img":{"alt_text":"","src":"https:\/\/i0.wp.com\/mundo.seashell.pt\/wp-content\/uploads\/2022\/02\/transferir__4_.jpeg?resize=350%2C200&ssl=1","width":350,"height":200},"classes":[]},{"id":6992,"url":"https:\/\/mundo.seashell.pt\/?product=gillette-proglide","url_meta":{"origin":6994,"position":3},"title":"Gillette Proglide","date":"Fevereiro 23, 2022","format":false,"excerpt":"A m\u00e1quina de barbear para homem Gillette ProGlide com tecnologia FlexBall adapta-se ao contorno do rosto para uma proximidade e conforto sem compromissos. Com as suas l\u00e2minas espa\u00e7adas em conjunto para um conforto incr\u00edvel e um aparador de precis\u00e3o na parte posterior, pode ousar um barbear rente.Descri\u00e7\u00e3o: Retira praticamente ...","rel":"","context":"Similar post","img":{"alt_text":"","src":"https:\/\/i0.wp.com\/mundo.seashell.pt\/wp-content\/uploads\/2022\/02\/GILLETTE_MAQUINA_PROGLIDE_7702018558186.png?resize=350%2C200&ssl=1","width":350,"height":200},"classes":[]},{"id":6998,"url":"https:\/\/mundo.seashell.pt\/?product=gillette-fusion-5-recargas","url_meta":{"origin":6994,"position":4},"title":"Gillette Fusion 5 Recargas","date":"Fevereiro 23, 2022","format":false,"excerpt":"Gillette Fusion 5 Recargas. As l\u00e2minas para m\u00e1quina de barbear Gillette Fusion5 para homem incluem 5 l\u00e2minas antifric\u00e7\u00e3o para um barbear rente e duradouro. As l\u00e2minas s\u00e3o pouco espa\u00e7adas para um conforto incr\u00edvel com um aparador de precis\u00e3o na parte posterior para locais de dif\u00edcil acesso e para fazer o\u2026","rel":"","context":"Similar post","img":{"alt_text":"","src":"https:\/\/i0.wp.com\/mundo.seashell.pt\/wp-content\/uploads\/2022\/02\/GILLETTE_CARREGADOR_FUSION_4UN_7702018561575.png?resize=350%2C200&ssl=1","width":350,"height":200},"classes":[]},{"id":7000,"url":"https:\/\/mundo.seashell.pt\/?product=gillette-proglide-3-recargas","url_meta":{"origin":6994,"position":5},"title":"Gillette Proglide 3 Recargas","date":"Fevereiro 23, 2022","format":false,"excerpt":"Com as suas l\u00e2minas espa\u00e7adas em conjunto para um conforto incr\u00edvel e um aparador de precis\u00e3o na parte posterior, pode ousar um barbear rente com as l\u00e2minas Gillette ProGlide. Uma recarga de l\u00e2minas para m\u00e1quina de barbear equivale a um m\u00eas de utiliza\u00e7\u00e3o.Descri\u00e7\u00e3o: Retira praticamente todos os pelos sem esfor\u00e7o.\u2026","rel":"","context":"Similar post","img":{"alt_text":"","src":"https:\/\/i0.wp.com\/mundo.seashell.pt\/wp-content\/uploads\/2022\/02\/gilette_proglide.jpeg?resize=350%2C200&ssl=1","width":350,"height":200},"classes":[]}],"_links":{"self":[{"href":"https:\/\/mundo.seashell.pt\/index.php?rest_route=\/wp\/v2\/product\/6994","targetHints":{"allow":["GET"]}}],"collection":[{"href":"https:\/\/mundo.seashell.pt\/index.php?rest_route=\/wp\/v2\/product"}],"about":[{"href":"https:\/\/mundo.seashell.pt\/index.php?rest_route=\/wp\/v2\/types\/product"}],"wp:featuredmedia":[{"embeddable":true,"href":"https:\/\/mundo.seashell.pt\/index.php?rest_route=\/wp\/v2\/media\/6995"}],"wp:attachment":[{"href":"https:\/\/mundo.seashell.pt\/index.php?rest_route=%2Fwp%2Fv2%2Fmedia&parent=6994"}],"wp:term":[{"taxonomy":"product_cat","embeddable":true,"href":"https:\/\/mundo.seashell.pt\/index.php?rest_route=%2Fwp%2Fv2%2Fproduct_cat&post=6994"},{"taxonomy":"product_tag","embeddable":true,"href":"https:\/\/mundo.seashell.pt\/index.php?rest_route=%2Fwp%2Fv2%2Fproduct_tag&post=6994"}],"curies":[{"name":"wp","href":"https:\/\/api.w.org\/{rel}","templated":true}]}}