{"id":6990,"date":"2022-02-23T19:03:04","date_gmt":"2022-02-23T19:03:04","guid":{"rendered":"https:\/\/mundo.seashell.pt\/?post_type=product&#038;p=6990"},"modified":"2022-02-23T19:03:08","modified_gmt":"2022-02-23T19:03:08","slug":"gillette-fusion-5","status":"publish","type":"product","link":"https:\/\/mundo.seashell.pt\/?product=gillette-fusion-5","title":{"rendered":"Gillette Fusion 5"},"content":{"rendered":"<p>A m\u00e1quina de barbear Gillette Fusion5 para homem inclui 5 l\u00e2minas antifric\u00e7\u00e3o para um barbear rente e duradouro. As l\u00e2minas s\u00e3o pouco espa\u00e7adas para um conforto incr\u00edvel com um aparador de precis\u00e3o na parte posterior para locais de dif\u00edcil acesso e para fazer o styling da barba. \u00c9 a m\u00e1quina de barbear de 5 l\u00e2minas n.\u00ba 1 no mundo* por um motivo (*c\u00e1lculo Procter &#038; Gamble com base nas informa\u00e7\u00f5es de vendas da Nielsen setembro de 2018 \u2013 agosto de 2019. Entre as m\u00e1quinas de barbear de 5 l\u00e2minas do sistema de l\u00e2minas para homem.).<\/p>\n<h3>Descri\u00e7\u00e3o:<\/h3>\n<p>Fa\u00e7a a barba com a proximidade de 5 l\u00e2minas da Gillette a um pre\u00e7o acess\u00edvel. Concebida com l\u00e2minas antifric\u00e7\u00e3o para at\u00e9 20 utiliza\u00e7\u00f5es por recarga de l\u00e2minas. M\u00e1quina de barbear de 5 l\u00e2minas n.\u00ba 1 do mundo (c\u00e1lculo P&#038;G com base nas informa\u00e7\u00f5es de vendas da Nielsen. De setembro de 2018 \u2013 agosto de 2019 entre as m\u00e1quinas de barbear do Sistema de 5 l\u00e2minas para homem). Aparador de precis\u00e3o para \u00e1reas dif\u00edceis de alcan\u00e7ar e para fazer o styling da barba. As microaletas suaves alongam delicadamente e suavizam a pele para preparar os pelos para um barbear rente.<\/p>\n<h3>Ingredientes:<\/h3>\n<p>PEG-115M, PEG-7M, PEG-100, Silica, Tocopheryl Acetate, Pentaerythrityl Tetra-Di-T-Butyl Hydroxyhydrocinnamate, Tris(Di-T-Butyl)Phosphite, Aloe Barbadensis Leaf Juice, BHT, Vitis Vinifera (Grape) Seed Oil, Persea Gratissima (Avocado) Oil, Glycol<\/p>\n<h3>Tipo de produto:<\/h3>\n<p>L\u00e2mina de Recarga<\/p>\n<h3>Benef\u00edcios:<\/h3>\n<p>&#8211; M\u00e1quinas de barbear Gillette com 5 l\u00e2minas antifric\u00e7\u00e3o, um barbear que quase n\u00e3o sente;<br \/>&#8211; Aparador de precis\u00e3o na parte traseira, excelente para definir contornos em \u00e1reas dif\u00edceis;<br \/>&#8211; Faixa lubrificante;<br \/>&#8211; Recarga de l\u00e2minas de m\u00e1quina de barbear equivalente a um m\u00eas de utiliza\u00e7\u00e3o;<br \/>&#8211; Encaixa em todas as recargas de l\u00e2mina Fusion5 e Fusion5 Power.<\/p>\n<h3>Conselhos de utiliza\u00e7\u00e3o:<\/h3>\n<p>Corte na dire\u00e7\u00e3o oposta ao crescimento do pelo. Use at\u00e9 as l\u00e2minas ficarem gastas. Deite fora e substitua.<\/p>\n<p><\/p>\n","protected":false},"excerpt":{"rendered":"<p>A m\u00e1quina de barbear Gillette Fusion5 para homem inclui 5 l\u00e2minas antifric\u00e7\u00e3o para um barbear rente e duradouro. As l\u00e2minas s\u00e3o pouco espa\u00e7adas para um conforto incr\u00edvel com um aparador de precis\u00e3o na parte posterior para locais de dif\u00edcil acesso e para fazer o styling da barba. \u00c9 a m\u00e1quina de barbear de 5 l\u00e2minas n.\u00ba 1 no mundo* por um motiv&#8230;<\/p>\n","protected":false},"featured_media":6991,"template":"","meta":{"spay_email":""},"product_cat":[15],"product_tag":[],"class_list":{"0":"post-6990","1":"product","2":"type-product","3":"status-publish","4":"has-post-thumbnail","6":"product_cat-sem-categoria","8":"first","9":"instock","10":"taxable","11":"shipping-taxable","12":"purchasable","13":"product-type-simple"},"acf":[],"jetpack-related-posts":[{"id":6988,"url":"https:\/\/mundo.seashell.pt\/?product=gillette-mach-3","url_meta":{"origin":6990,"position":0},"title":"Gillette Mach 3","date":"Fevereiro 23, 2022","format":false,"excerpt":"Concebida com a\u00e7o de corte de precis\u00e3o para at\u00e9 15 utiliza\u00e7\u00f5es por l\u00e2mina. M\u00e1quina de barbear com 3 l\u00e2minas para um barbear suave cl\u00e1ssico. As l\u00e2minas mais resistentes do que o a\u00e7o mant\u00eam-se afiadas durante mais tempo (vs. a Sensor3). Ader\u00eancia ergon\u00f3mica equilibrada e ponderada. M\u00e1quina de barbear de 3\u2026","rel":"","context":"Similar post","img":{"alt_text":"","src":"https:\/\/i0.wp.com\/mundo.seashell.pt\/wp-content\/uploads\/2022\/02\/gillette-mach-3-razor-original-imaeh9e3g5ya5z2w.jpeg?resize=350%2C200&ssl=1","width":350,"height":200},"classes":[]},{"id":6998,"url":"https:\/\/mundo.seashell.pt\/?product=gillette-fusion-5-recargas","url_meta":{"origin":6990,"position":1},"title":"Gillette Fusion 5 Recargas","date":"Fevereiro 23, 2022","format":false,"excerpt":"Gillette Fusion 5 Recargas. As l\u00e2minas para m\u00e1quina de barbear Gillette Fusion5 para homem incluem 5 l\u00e2minas antifric\u00e7\u00e3o para um barbear rente e duradouro. As l\u00e2minas s\u00e3o pouco espa\u00e7adas para um conforto incr\u00edvel com um aparador de precis\u00e3o na parte posterior para locais de dif\u00edcil acesso e para fazer o\u2026","rel":"","context":"Similar post","img":{"alt_text":"","src":"https:\/\/i0.wp.com\/mundo.seashell.pt\/wp-content\/uploads\/2022\/02\/GILLETTE_CARREGADOR_FUSION_4UN_7702018561575.png?resize=350%2C200&ssl=1","width":350,"height":200},"classes":[]},{"id":6992,"url":"https:\/\/mundo.seashell.pt\/?product=gillette-proglide","url_meta":{"origin":6990,"position":2},"title":"Gillette Proglide","date":"Fevereiro 23, 2022","format":false,"excerpt":"A m\u00e1quina de barbear para homem Gillette ProGlide com tecnologia FlexBall adapta-se ao contorno do rosto para uma proximidade e conforto sem compromissos. Com as suas l\u00e2minas espa\u00e7adas em conjunto para um conforto incr\u00edvel e um aparador de precis\u00e3o na parte posterior, pode ousar um barbear rente.Descri\u00e7\u00e3o: Retira praticamente ...","rel":"","context":"Similar post","img":{"alt_text":"","src":"https:\/\/i0.wp.com\/mundo.seashell.pt\/wp-content\/uploads\/2022\/02\/GILLETTE_MAQUINA_PROGLIDE_7702018558186.png?resize=350%2C200&ssl=1","width":350,"height":200},"classes":[]},{"id":7000,"url":"https:\/\/mundo.seashell.pt\/?product=gillette-proglide-3-recargas","url_meta":{"origin":6990,"position":3},"title":"Gillette Proglide 3 Recargas","date":"Fevereiro 23, 2022","format":false,"excerpt":"Com as suas l\u00e2minas espa\u00e7adas em conjunto para um conforto incr\u00edvel e um aparador de precis\u00e3o na parte posterior, pode ousar um barbear rente com as l\u00e2minas Gillette ProGlide. Uma recarga de l\u00e2minas para m\u00e1quina de barbear equivale a um m\u00eas de utiliza\u00e7\u00e3o.Descri\u00e7\u00e3o: Retira praticamente todos os pelos sem esfor\u00e7o.\u2026","rel":"","context":"Similar post","img":{"alt_text":"","src":"https:\/\/i0.wp.com\/mundo.seashell.pt\/wp-content\/uploads\/2022\/02\/gilette_proglide.jpeg?resize=350%2C200&ssl=1","width":350,"height":200},"classes":[]},{"id":6996,"url":"https:\/\/mundo.seashell.pt\/?product=gillette-mach-3-start-4-recargas","url_meta":{"origin":6990,"position":4},"title":"Gillette Mach 3 Start 4 Recargas","date":"Fevereiro 23, 2022","format":false,"excerpt":"As recargas de l\u00e2minas para m\u00e1quina de barbear Gillette Mach3 Turbo para homem foram concebidas para um barbear cl\u00e1ssico e preciso, no qual pode confiar. Com tr\u00eas l\u00e2minas mais resistentes do que o a\u00e7o que se mant\u00eam afiadas durante mais tempo (vs. Sensor3). Todas as recargas de l\u00e2minas Mach3 adaptam-se\u2026","rel":"","context":"Similar post","img":{"alt_text":"","src":"https:\/\/i0.wp.com\/mundo.seashell.pt\/wp-content\/uploads\/2022\/02\/transferir__4_.jpeg?resize=350%2C200&ssl=1","width":350,"height":200},"classes":[]},{"id":7002,"url":"https:\/\/mundo.seashell.pt\/?product=gillette-blue-6-laminas-descartaveis","url_meta":{"origin":6990,"position":5},"title":"Gillette Blue 6 L\u00e2minas Descart\u00e1veis","date":"Fevereiro 23, 2022","format":false,"excerpt":"Gillette, a op\u00e7\u00e3o ao seu alcance para um barbear impec\u00e1vel.Descri\u00e7\u00e3o: Com a m\u00e1quina de barbear descart\u00e1vel Gillette Blue II est\u00e1 na sua m\u00e3o um barbear excecional. Cont\u00e9m duas l\u00e2minas duplas finas para proporcionar um barbear confort\u00e1vel a qualquer homem. Tipo de produto: L\u00e2mina Descart\u00e1velBenef\u00edcios:","rel":"","context":"Similar post","img":{"alt_text":"","src":"https:\/\/i0.wp.com\/mundo.seashell.pt\/wp-content\/uploads\/2022\/02\/transferir__6_.jpeg?resize=350%2C200&ssl=1","width":350,"height":200},"classes":[]}],"_links":{"self":[{"href":"https:\/\/mundo.seashell.pt\/index.php?rest_route=\/wp\/v2\/product\/6990","targetHints":{"allow":["GET"]}}],"collection":[{"href":"https:\/\/mundo.seashell.pt\/index.php?rest_route=\/wp\/v2\/product"}],"about":[{"href":"https:\/\/mundo.seashell.pt\/index.php?rest_route=\/wp\/v2\/types\/product"}],"wp:featuredmedia":[{"embeddable":true,"href":"https:\/\/mundo.seashell.pt\/index.php?rest_route=\/wp\/v2\/media\/6991"}],"wp:attachment":[{"href":"https:\/\/mundo.seashell.pt\/index.php?rest_route=%2Fwp%2Fv2%2Fmedia&parent=6990"}],"wp:term":[{"taxonomy":"product_cat","embeddable":true,"href":"https:\/\/mundo.seashell.pt\/index.php?rest_route=%2Fwp%2Fv2%2Fproduct_cat&post=6990"},{"taxonomy":"product_tag","embeddable":true,"href":"https:\/\/mundo.seashell.pt\/index.php?rest_route=%2Fwp%2Fv2%2Fproduct_tag&post=6990"}],"curies":[{"name":"wp","href":"https:\/\/api.w.org\/{rel}","templated":true}]}}