{"id":6986,"date":"2022-02-23T19:02:58","date_gmt":"2022-02-23T19:02:58","guid":{"rendered":"https:\/\/mundo.seashell.pt\/?post_type=product&#038;p=6986"},"modified":"2022-02-23T19:03:01","modified_gmt":"2022-02-23T19:03:01","slug":"wilkinson-classic","status":"publish","type":"product","link":"https:\/\/mundo.seashell.pt\/?product=wilkinson-classic","title":{"rendered":"Wilkinson Classic"},"content":{"rendered":"<p>A forma mais simples e r\u00e1pida para conseguir um rosto liso e suave.<\/p>\n<h3>Tipo de produto:<\/h3>\n<p>M\u00e1quina de barbear com 5 recargas<\/p>\n<h3>Benef\u00edcios:<\/h3>\n<p>&#8211; Banda oscilante, para um barbear confort\u00e1vel;<br \/>&#8211; Bot\u00e3o de limpeza das l\u00e2minas.<\/p>\n<h3>Conselhos de utiliza\u00e7\u00e3o:<\/h3>\n<p>Corte na dire\u00e7\u00e3o oposta ao crescimento do pelo. Use at\u00e9 as l\u00e2minas ficarem gastas. Deite fora e substitua.<\/p>\n","protected":false},"excerpt":{"rendered":"<p>A forma mais simples e r\u00e1pida para conseguir um rosto liso e suave.Tipo de produto:<br \/>\nM\u00e1quina de barbear com 5 recargasBenef\u00edcios:<br \/>\n&#8211; Banda oscilante, para um barbear confort\u00e1vel;- Bot\u00e3o de limpeza das l\u00e2minas.<\/p>\n<p>Conselhos de utiliza\u00e7\u00e3o:<br \/>\nCorte na dire\u00e7\u00e3o oposta ao crescimento do pelo. Use at&#8230;<\/p>\n","protected":false},"featured_media":6987,"template":"","meta":{"spay_email":""},"product_cat":[15],"product_tag":[],"class_list":{"0":"post-6986","1":"product","2":"type-product","3":"status-publish","4":"has-post-thumbnail","6":"product_cat-sem-categoria","8":"first","9":"instock","10":"taxable","11":"shipping-taxable","12":"purchasable","13":"product-type-simple"},"acf":[],"jetpack-related-posts":[{"id":7004,"url":"https:\/\/mundo.seashell.pt\/?product=wilkinson-everyday-2-5-laminas","url_meta":{"origin":6986,"position":0},"title":"Wilkinson Everyday 2 &#8211; 5 L\u00e2minas","date":"Fevereiro 23, 2022","format":false,"excerpt":"A forma mais simples e r\u00e1pida para conseguir um rosto liso e suave.Descri\u00e7\u00e3o: 5 M\u00e1quinas descart\u00e1veis com cabe\u00e7al de 2 l\u00e2minas, com banda de alo\u00e9 vera, oscilante para um barbear confort\u00e1vel. Tem bot\u00e3o para limpeza das l\u00e2minas, facilitando a separa\u00e7\u00e3o destas, para soltar os pelos da barba que ficam entre\u2026","rel":"","context":"Similar post","img":{"alt_text":"","src":"https:\/\/i0.wp.com\/mundo.seashell.pt\/wp-content\/uploads\/2022\/02\/WILKINSON_Extra2_Activ_Premium_5_5010189105064.jpg?resize=350%2C200&ssl=1","width":350,"height":200},"classes":[]},{"id":6992,"url":"https:\/\/mundo.seashell.pt\/?product=gillette-proglide","url_meta":{"origin":6986,"position":1},"title":"Gillette Proglide","date":"Fevereiro 23, 2022","format":false,"excerpt":"A m\u00e1quina de barbear para homem Gillette ProGlide com tecnologia FlexBall adapta-se ao contorno do rosto para uma proximidade e conforto sem compromissos. Com as suas l\u00e2minas espa\u00e7adas em conjunto para um conforto incr\u00edvel e um aparador de precis\u00e3o na parte posterior, pode ousar um barbear rente.Descri\u00e7\u00e3o: Retira praticamente ...","rel":"","context":"Similar post","img":{"alt_text":"","src":"https:\/\/i0.wp.com\/mundo.seashell.pt\/wp-content\/uploads\/2022\/02\/GILLETTE_MAQUINA_PROGLIDE_7702018558186.png?resize=350%2C200&ssl=1","width":350,"height":200},"classes":[]},{"id":7002,"url":"https:\/\/mundo.seashell.pt\/?product=gillette-blue-6-laminas-descartaveis","url_meta":{"origin":6986,"position":2},"title":"Gillette Blue 6 L\u00e2minas Descart\u00e1veis","date":"Fevereiro 23, 2022","format":false,"excerpt":"Gillette, a op\u00e7\u00e3o ao seu alcance para um barbear impec\u00e1vel.Descri\u00e7\u00e3o: Com a m\u00e1quina de barbear descart\u00e1vel Gillette Blue II est\u00e1 na sua m\u00e3o um barbear excecional. Cont\u00e9m duas l\u00e2minas duplas finas para proporcionar um barbear confort\u00e1vel a qualquer homem. Tipo de produto: L\u00e2mina Descart\u00e1velBenef\u00edcios:","rel":"","context":"Similar post","img":{"alt_text":"","src":"https:\/\/i0.wp.com\/mundo.seashell.pt\/wp-content\/uploads\/2022\/02\/transferir__6_.jpeg?resize=350%2C200&ssl=1","width":350,"height":200},"classes":[]},{"id":6988,"url":"https:\/\/mundo.seashell.pt\/?product=gillette-mach-3","url_meta":{"origin":6986,"position":3},"title":"Gillette Mach 3","date":"Fevereiro 23, 2022","format":false,"excerpt":"Concebida com a\u00e7o de corte de precis\u00e3o para at\u00e9 15 utiliza\u00e7\u00f5es por l\u00e2mina. M\u00e1quina de barbear com 3 l\u00e2minas para um barbear suave cl\u00e1ssico. As l\u00e2minas mais resistentes do que o a\u00e7o mant\u00eam-se afiadas durante mais tempo (vs. a Sensor3). Ader\u00eancia ergon\u00f3mica equilibrada e ponderada. M\u00e1quina de barbear de 3\u2026","rel":"","context":"Similar post","img":{"alt_text":"","src":"https:\/\/i0.wp.com\/mundo.seashell.pt\/wp-content\/uploads\/2022\/02\/gillette-mach-3-razor-original-imaeh9e3g5ya5z2w.jpeg?resize=350%2C200&ssl=1","width":350,"height":200},"classes":[]},{"id":7000,"url":"https:\/\/mundo.seashell.pt\/?product=gillette-proglide-3-recargas","url_meta":{"origin":6986,"position":4},"title":"Gillette Proglide 3 Recargas","date":"Fevereiro 23, 2022","format":false,"excerpt":"Com as suas l\u00e2minas espa\u00e7adas em conjunto para um conforto incr\u00edvel e um aparador de precis\u00e3o na parte posterior, pode ousar um barbear rente com as l\u00e2minas Gillette ProGlide. Uma recarga de l\u00e2minas para m\u00e1quina de barbear equivale a um m\u00eas de utiliza\u00e7\u00e3o.Descri\u00e7\u00e3o: Retira praticamente todos os pelos sem esfor\u00e7o.\u2026","rel":"","context":"Similar post","img":{"alt_text":"","src":"https:\/\/i0.wp.com\/mundo.seashell.pt\/wp-content\/uploads\/2022\/02\/gilette_proglide.jpeg?resize=350%2C200&ssl=1","width":350,"height":200},"classes":[]},{"id":6998,"url":"https:\/\/mundo.seashell.pt\/?product=gillette-fusion-5-recargas","url_meta":{"origin":6986,"position":5},"title":"Gillette Fusion 5 Recargas","date":"Fevereiro 23, 2022","format":false,"excerpt":"Gillette Fusion 5 Recargas. As l\u00e2minas para m\u00e1quina de barbear Gillette Fusion5 para homem incluem 5 l\u00e2minas antifric\u00e7\u00e3o para um barbear rente e duradouro. As l\u00e2minas s\u00e3o pouco espa\u00e7adas para um conforto incr\u00edvel com um aparador de precis\u00e3o na parte posterior para locais de dif\u00edcil acesso e para fazer o\u2026","rel":"","context":"Similar post","img":{"alt_text":"","src":"https:\/\/i0.wp.com\/mundo.seashell.pt\/wp-content\/uploads\/2022\/02\/GILLETTE_CARREGADOR_FUSION_4UN_7702018561575.png?resize=350%2C200&ssl=1","width":350,"height":200},"classes":[]}],"_links":{"self":[{"href":"https:\/\/mundo.seashell.pt\/index.php?rest_route=\/wp\/v2\/product\/6986","targetHints":{"allow":["GET"]}}],"collection":[{"href":"https:\/\/mundo.seashell.pt\/index.php?rest_route=\/wp\/v2\/product"}],"about":[{"href":"https:\/\/mundo.seashell.pt\/index.php?rest_route=\/wp\/v2\/types\/product"}],"wp:featuredmedia":[{"embeddable":true,"href":"https:\/\/mundo.seashell.pt\/index.php?rest_route=\/wp\/v2\/media\/6987"}],"wp:attachment":[{"href":"https:\/\/mundo.seashell.pt\/index.php?rest_route=%2Fwp%2Fv2%2Fmedia&parent=6986"}],"wp:term":[{"taxonomy":"product_cat","embeddable":true,"href":"https:\/\/mundo.seashell.pt\/index.php?rest_route=%2Fwp%2Fv2%2Fproduct_cat&post=6986"},{"taxonomy":"product_tag","embeddable":true,"href":"https:\/\/mundo.seashell.pt\/index.php?rest_route=%2Fwp%2Fv2%2Fproduct_tag&post=6986"}],"curies":[{"name":"wp","href":"https:\/\/api.w.org\/{rel}","templated":true}]}}