{"id":6984,"date":"2022-02-23T19:02:55","date_gmt":"2022-02-23T19:02:55","guid":{"rendered":"https:\/\/mundo.seashell.pt\/?post_type=product&#038;p=6984"},"modified":"2022-02-23T19:02:58","modified_gmt":"2022-02-23T19:02:58","slug":"nivea-men-gel-protect-200ml","status":"publish","type":"product","link":"https:\/\/mundo.seashell.pt\/?product=nivea-men-gel-protect-200ml","title":{"rendered":"Nivea Men Gel Protect 200ml"},"content":{"rendered":"<p>Para homens com pele muito sens\u00edvel e com tend\u00eancia para vermelhid\u00e3o ou irrita\u00e7\u00f5es ap\u00f3s o barbear.<\/p>\n<h3>Tipo de produto:<\/h3>\n<p>Gel de Barbear<\/p>\n<h3>Benef\u00edcios:<\/h3>\n<p>&#8211; Ajuda a proteger a pele durante o barbear;<br \/>&#8211; Hidrata\u00e7\u00e3o profunda da muito sens\u00edvel e com tend\u00eancia para vermelhid\u00e3o ou irrita\u00e7\u00f5es ap\u00f3s o barbear;<br \/>&#8211; Pele macia, suave e fresca.<\/p>\n<h3>Conselhos de utiliza\u00e7\u00e3o:<\/h3>\n<p>Limpe bem o rosto com Gel de Limpeza de Nivea Men antes de aplicar a espuma. Massaje diretamente no rosto molhado. Para melhores resultados, utilize a gama completa Nivea Men, com a f\u00f3rmula Active Comfort System. Testes dermatol\u00f3gicos comprovam compatibilidade com a pele.<\/p>\n","protected":false},"excerpt":{"rendered":"<p>Para homens com pele muito sens\u00edvel e com tend\u00eancia para vermelhid\u00e3o ou irrita\u00e7\u00f5es ap\u00f3s o barbear. Tipo de produto: Gel de Barbear Benef\u00edcios: &#8211; Ajuda a proteger a pele durante<\/p>\n","protected":false},"featured_media":6985,"template":"","meta":{"spay_email":""},"product_cat":[15],"product_tag":[],"class_list":{"0":"post-6984","1":"product","2":"type-product","3":"status-publish","4":"has-post-thumbnail","6":"product_cat-sem-categoria","8":"first","9":"instock","10":"taxable","11":"shipping-taxable","12":"purchasable","13":"product-type-simple"},"acf":[],"jetpack-related-posts":[{"id":6982,"url":"https:\/\/mundo.seashell.pt\/?product=nivea-men-espuma-de-barbear-200ml","url_meta":{"origin":6984,"position":0},"title":"Nivea Men Espuma de Barbear 200ml","date":"Fevereiro 23, 2022","format":false,"excerpt":"Para homens com pele muito sens\u00edvel e com tend\u00eancia para vermelhid\u00e3o ou irrita\u00e7\u00f5es ap\u00f3s o barbear.Tipo de produto: Espuma de BarbearBenef\u00edcios: - Ajuda a proteger a pele durante o barbear;- Hidrata\u00e7\u00e3o profunda da muito sens\u00edvel e com tend\u00eancia para vermelhid\u00e3o ou irrita\u00e7\u00f5es ap\u00f3s o barbear;- Pele macia, ...","rel":"","context":"Similar post","img":{"alt_text":"","src":"https:\/\/i0.wp.com\/mundo.seashell.pt\/wp-content\/uploads\/2022\/02\/81700-04400-19_Espuma_Barbear_Protect___Care_4005808222490.png?resize=350%2C200&ssl=1","width":350,"height":200},"classes":[]},{"id":6980,"url":"https:\/\/mundo.seashell.pt\/?product=gillette-gel-series-sensivel-200ml","url_meta":{"origin":6984,"position":1},"title":"Gillette Gel Series Sens\u00edvel 200ml","date":"Fevereiro 23, 2022","format":false,"excerpt":"Cuide da sua pele com a espuma de barbear Gillette Series Sensitive. A f\u00f3rmula com alo\u00e9 proporciona uma tripla a\u00e7\u00e3o ao barbear. A sua f\u00f3rmula de tripla a\u00e7\u00e3o, com alo\u00e9, acalma a pele para um barbear fresco e confort\u00e1vel, hidrata durante o barbear e ajuda a proteger a pele da\u2026","rel":"","context":"Similar post","img":{"alt_text":"","src":"https:\/\/i0.wp.com\/mundo.seashell.pt\/wp-content\/uploads\/2022\/02\/GILLETTE_GEL_SERIES_PELE_SENSI_VEL_200ML_7702018405084.png?resize=350%2C200&ssl=1","width":350,"height":200},"classes":[]},{"id":7014,"url":"https:\/\/mundo.seashell.pt\/?product=denim-original-100ml","url_meta":{"origin":6984,"position":2},"title":"Denim Original 100ml","date":"Fevereiro 23, 2022","format":false,"excerpt":"Denim Original 100ml Acalma a sua pele barbeada, deixando-a macia. Tipo de produto: Aftershave enef\u00edcios: \u200d- Al\u00edvio imediato das irrita\u00e7\u00f5es e da vermelhid\u00e3o da pele;- Sensa\u00e7\u00e3o de frescura;- Acalma, suaviza instantaneamente e hidrata a pele. Conselhos de utiliza\u00e7\u00e3o: Aplique ap\u00f3s barbear....","rel":"","context":"Similar post","img":{"alt_text":"","src":"https:\/\/i0.wp.com\/mundo.seashell.pt\/wp-content\/uploads\/2022\/02\/transferir.png?resize=350%2C200&ssl=1","width":350,"height":200},"classes":[]},{"id":6700,"url":"https:\/\/mundo.seashell.pt\/?product=toalhitas-suaves-50-unidades","url_meta":{"origin":6984,"position":3},"title":"Toalhitas Suaves &#8211; 50 unidades","date":"Fevereiro 23, 2022","format":false,"excerpt":"NIVEA Toalhitas de Limpeza Suaves 3 em 1 Removem a maquilhagem e a m\u00e1scara waterproof, e limpam delicadamente. Tecido derivado de plantas e f\u00f3rmula sem micropl\u00e1sticos F\u00f3rmula de cuidado enriquecida com \u00d3leo de Am\u00eandoa Natural e feita com ingredientes de origem natural para uma utiliza\u00e7\u00e3o di\u00e1ria. Hidrata...","rel":"","context":"Similar post","img":{"alt_text":"","src":"https:\/\/i0.wp.com\/mundo.seashell.pt\/wp-content\/uploads\/2022\/02\/82316-06600-08_Toalhitas_de_Limpeza_Suaves_Pele_SS_L2P1_4005900450074.png?resize=350%2C200&ssl=1","width":350,"height":200},"classes":[]},{"id":6818,"url":"https:\/\/mundo.seashell.pt\/?product=nivea-men-creme-hidratante-150ml","url_meta":{"origin":6984,"position":4},"title":"Nivea Men Creme Hidratante 150ml","date":"Fevereiro 23, 2022","format":false,"excerpt":"Para uma hidrata\u00e7\u00e3o profunda da sua pele! Especialmente desenvolvido para a pele masculina. De r\u00e1pida absor\u00e7\u00e3o e n\u00e3o gorduroso, este \u00e9 o creme perfeito para os homens cuidarem da pele e tirarem o m\u00e1ximo partido do seu potencial. Tem uma fragr\u00e2ncia fresca e masculina e pode ser aplicado no rosto,\u2026","rel":"","context":"Similar post","img":{"alt_text":"","src":"https:\/\/i0.wp.com\/mundo.seashell.pt\/wp-content\/uploads\/2022\/02\/5502125-cima.jpeg?resize=350%2C200&ssl=1","width":350,"height":200},"classes":[]},{"id":6778,"url":"https:\/\/mundo.seashell.pt\/?product=nivea-gel-de-banho-075l","url_meta":{"origin":6984,"position":5},"title":"Nivea Gel de Banho 750ml","date":"Fevereiro 23, 2022","format":false,"excerpt":"Experimente e avalie a qualidade dos produtos Nivea. Desde 1911 a cuidar de si! Aqua Sodium Laureth Sulfate Cocamidopropyl Betaine Glycerin Sodium Chloride Decyl Glucoside Parfum Lanolin Alcohol (Eucerit\u00ae) Panthenol Octyldodecanol Glyceryl Glucoside PEG40 Hydrogenated Castor Oil Citric Acid Styrene\/Acrylates Copolymer P EG200 Hydro...","rel":"","context":"Similar post","img":{"alt_text":"","src":"https:\/\/i0.wp.com\/mundo.seashell.pt\/wp-content\/uploads\/2022\/02\/5292030-frente.jpeg?resize=350%2C200&ssl=1","width":350,"height":200},"classes":[]}],"_links":{"self":[{"href":"https:\/\/mundo.seashell.pt\/index.php?rest_route=\/wp\/v2\/product\/6984","targetHints":{"allow":["GET"]}}],"collection":[{"href":"https:\/\/mundo.seashell.pt\/index.php?rest_route=\/wp\/v2\/product"}],"about":[{"href":"https:\/\/mundo.seashell.pt\/index.php?rest_route=\/wp\/v2\/types\/product"}],"wp:featuredmedia":[{"embeddable":true,"href":"https:\/\/mundo.seashell.pt\/index.php?rest_route=\/wp\/v2\/media\/6985"}],"wp:attachment":[{"href":"https:\/\/mundo.seashell.pt\/index.php?rest_route=%2Fwp%2Fv2%2Fmedia&parent=6984"}],"wp:term":[{"taxonomy":"product_cat","embeddable":true,"href":"https:\/\/mundo.seashell.pt\/index.php?rest_route=%2Fwp%2Fv2%2Fproduct_cat&post=6984"},{"taxonomy":"product_tag","embeddable":true,"href":"https:\/\/mundo.seashell.pt\/index.php?rest_route=%2Fwp%2Fv2%2Fproduct_tag&post=6984"}],"curies":[{"name":"wp","href":"https:\/\/api.w.org\/{rel}","templated":true}]}}