{"id":6980,"date":"2022-02-23T19:02:34","date_gmt":"2022-02-23T19:02:34","guid":{"rendered":"https:\/\/mundo.seashell.pt\/?post_type=product&#038;p=6980"},"modified":"2022-02-23T19:02:36","modified_gmt":"2022-02-23T19:02:36","slug":"gillette-gel-series-sensivel-200ml","status":"publish","type":"product","link":"https:\/\/mundo.seashell.pt\/?product=gillette-gel-series-sensivel-200ml","title":{"rendered":"Gillette Gel Series Sens\u00edvel 200ml"},"content":{"rendered":"<p>Cuide da sua pele com a espuma de barbear Gillette Series Sensitive. A f\u00f3rmula com alo\u00e9 proporciona uma tripla a\u00e7\u00e3o ao barbear. A sua f\u00f3rmula de tripla a\u00e7\u00e3o, com alo\u00e9, acalma a pele para um barbear fresco e confort\u00e1vel, hidrata durante o barbear e ajuda a proteger a pele da irrita\u00e7\u00e3o. Consegue um barbear limpo e uma pele suave.<\/p>\n<h3>Ingredientes:<\/h3>\n<p>Aqua, Triethanolamine, Palmitic Acid, Stearic Acid, Isobutane, Laureth-23, Dimethicone, Sodium Lauryl Sulfate, Propane, Sodium Benzoate, Parfum, Hydroxyethylcellulose, Stearyl Alcohol, Lauryl Alcohol, Dimethiconol, Chondrus Crispus Powder, Dimethicone PEG\/PPG-20\/23 Benzoate, DMDM Hydantoin, Myristyl Alcohol, Coceth-7, PPG-1-PEG-9 Lauryl Glycol Ether, Benzyl Salicylate, Limonene, BHT, PEG-40 Hydrogenated Castor Oil, Cetyl Alcohol, Aloe Barbadensis Leaf Juice, Iodopropynyl Butylcarbamate.<\/p>\n<h3>Tipo de produto:<\/h3>\n<p>Espuma de Barbear<\/p>\n<h3>Benef\u00edcios:<\/h3>\n<p>&#8211; Espuma de barbear rica que ajuda a proteger a pele durante o barbear;<br \/>&#8211; Suaviza a pele para um barbear fresco e confort\u00e1vel;<br \/>&#8211; Hidrata durante o barbear;<br \/>&#8211; Com uma leve fragr\u00e2ncia para refrescar;<br \/>&#8211; F\u00f3rmula com alo\u00e9 vera.<\/p>\n<h3>Conselhos de utiliza\u00e7\u00e3o:<\/h3>\n<p>Limpe bem o rosto. Aplique uma camada nas \u00e1reas a barbear e aparar. Barbeie e enxag\u00fae o rosto.<\/p>\n<p><\/p>\n","protected":false},"excerpt":{"rendered":"<p>Cuide da sua pele com a espuma de barbear Gillette Series Sensitive. A f\u00f3rmula com alo\u00e9 proporciona uma tripla a\u00e7\u00e3o ao barbear. A sua f\u00f3rmula de tripla a\u00e7\u00e3o, com alo\u00e9, acalma a pele para um barbear fresco e confort\u00e1vel, hidrata durante o barbear e ajuda a proteger a pele da irrita\u00e7\u00e3o. Consegue um barbear limpo e uma pele suave.<br \/>\nIn&#8230;<\/p>\n","protected":false},"featured_media":6981,"template":"","meta":{"spay_email":""},"product_cat":[15],"product_tag":[],"class_list":{"0":"post-6980","1":"product","2":"type-product","3":"status-publish","4":"has-post-thumbnail","6":"product_cat-sem-categoria","8":"first","9":"instock","10":"taxable","11":"shipping-taxable","12":"purchasable","13":"product-type-simple"},"acf":[],"jetpack-related-posts":[{"id":6832,"url":"https:\/\/mundo.seashell.pt\/?product=dove-sabonete-liquido-250ml","url_meta":{"origin":6980,"position":0},"title":"Dove Sabonete L\u00edquido 250ml","date":"Fevereiro 23, 2022","format":false,"excerpt":"Explore as cole\u00e7\u00f5es Dove e encontre os produtos ideais para si!Ingredientes: Aqua, Sodium Laureth Sulfate, Glycerin, Sodium Chloride, Cocamidopropyl Betaine, Butylene Glycol, Citric Acid, Nelumbo Nucifera Flower Extract, Oryza Sativa Bran Extract, Oryza Sativa Germ Oil, Parfum, PEG-40 Hydrogenated Castor Oil, Sine Adipe La...","rel":"","context":"Similar post","img":{"alt_text":"","src":"https:\/\/i0.wp.com\/mundo.seashell.pt\/wp-content\/uploads\/2022\/02\/Dove_Regular__250ml__.png?resize=350%2C200&ssl=1","width":350,"height":200},"classes":[]},{"id":6978,"url":"https:\/\/mundo.seashell.pt\/?product=gillette-espuma-de-barbear-200ml","url_meta":{"origin":6980,"position":1},"title":"Gillette Espuma de Barbear 200ml","date":"Fevereiro 23, 2022","format":false,"excerpt":"Gillette, tudo para um barbear perfeito!Descri\u00e7\u00e3o: A espuma de barbear Gillette Classic proporciona uma espuma rica e cremosa que \u00e9 f\u00e1cil de espalhar e de enxaguar. \u00c9 por este motivo que a espuma de barbear Gillette Classic tem sido apreciada por v\u00e1rias gera\u00e7\u00f5es de homens! Ingredientes: Aqua, Triethanolamine, Palmitic Acid,\u2026","rel":"","context":"Similar post","img":{"alt_text":"","src":"https:\/\/i0.wp.com\/mundo.seashell.pt\/wp-content\/uploads\/2022\/02\/GILLETTE_ESPUMA_CLASSIC_NORMAL_200ML_3014260000318.png?resize=350%2C200&ssl=1","width":350,"height":200},"classes":[]},{"id":7012,"url":"https:\/\/mundo.seashell.pt\/?product=gillette-after-shave-100ml","url_meta":{"origin":6980,"position":2},"title":"Gillette After Shave 100ml","date":"Fevereiro 23, 2022","format":false,"excerpt":"Acalma a pele barbeada sem a sensa\u00e7\u00e3o de ardor.Descri\u00e7\u00e3o: Gillette Aftershave Splash Artic Ice foi concebido especificamente para o cuidado da pele masculina. Complete o seu barbear com um aftershave fresco que refresca a pele recentemente barbeada. Ingredientes: Alcohol Denat., Aqua, Parfum, PEG-60 Hydroge...","rel":"","context":"Similar post","img":{"alt_text":"","src":"https:\/\/i0.wp.com\/mundo.seashell.pt\/wp-content\/uploads\/2022\/02\/GILLETTE_AFTER_SH_SPLASH_ARTIC_ICE_100ML_3014260258313.png?resize=350%2C200&ssl=1","width":350,"height":200},"classes":[]},{"id":6796,"url":"https:\/\/mundo.seashell.pt\/?product=lactovit-locao-corporal-025l","url_meta":{"origin":6980,"position":3},"title":"Lactovit Lo\u00e7\u00e3o Corporal 250ml","date":"Fevereiro 23, 2022","format":false,"excerpt":"Descubra como cuidar diariamente da pele seca e extra seca com a lo\u00e7\u00e3o corporal Lactovit, do especialista mundial em ureia e pele seca. A f\u00f3rmula com \u00c1cido L\u00e1ctico e Ureia Pura repara profundamente a pele gra\u00e7as \u00e0s suas propriedades ultra-hidratantes. Pele mais hidratada, el\u00e1stica e firme. Uma pele reparada \u00e9\u2026","rel":"","context":"Similar post","img":{"alt_text":"","src":"https:\/\/i0.wp.com\/mundo.seashell.pt\/wp-content\/uploads\/2022\/02\/LACTOVIT_LOC_A_O_CORPORAL_REPARADORA_LACTOUREA_400ml_8410190585997.png?resize=350%2C200&ssl=1","width":350,"height":200},"classes":[]},{"id":6784,"url":"https:\/\/mundo.seashell.pt\/?product=dove-gel-de-banho-secrets-05l","url_meta":{"origin":6980,"position":4},"title":"Dove Gel de Banho Secrets 500ml","date":"Fevereiro 23, 2022","format":false,"excerpt":"Explore as cole\u00e7\u00f5es Dove e encontre os produtos ideais para si! Dove criou o gel de duche Nourishing Secrets Indulging. Para uma pele nutrida, este gel de banho vai fazer sentir-se limpo, delicadamente perfumado e maravilhosamente mimado. Ingredientes: Aqua, Sodium Lauroyl Glycinate, Cocamidopropyl Betaine, Sodium L...","rel":"","context":"Similar post","img":{"alt_text":"","src":"https:\/\/i0.wp.com\/mundo.seashell.pt\/wp-content\/uploads\/2022\/02\/DOVE_GEL_BANHO_SECRETS_HONEY___OAT_500ML.png?resize=350%2C200&ssl=1","width":350,"height":200},"classes":[]},{"id":6778,"url":"https:\/\/mundo.seashell.pt\/?product=nivea-gel-de-banho-075l","url_meta":{"origin":6980,"position":5},"title":"Nivea Gel de Banho 750ml","date":"Fevereiro 23, 2022","format":false,"excerpt":"Experimente e avalie a qualidade dos produtos Nivea. Desde 1911 a cuidar de si! Aqua Sodium Laureth Sulfate Cocamidopropyl Betaine Glycerin Sodium Chloride Decyl Glucoside Parfum Lanolin Alcohol (Eucerit\u00ae) Panthenol Octyldodecanol Glyceryl Glucoside PEG40 Hydrogenated Castor Oil Citric Acid Styrene\/Acrylates Copolymer P EG200 Hydro...","rel":"","context":"Similar post","img":{"alt_text":"","src":"https:\/\/i0.wp.com\/mundo.seashell.pt\/wp-content\/uploads\/2022\/02\/5292030-frente.jpeg?resize=350%2C200&ssl=1","width":350,"height":200},"classes":[]}],"_links":{"self":[{"href":"https:\/\/mundo.seashell.pt\/index.php?rest_route=\/wp\/v2\/product\/6980","targetHints":{"allow":["GET"]}}],"collection":[{"href":"https:\/\/mundo.seashell.pt\/index.php?rest_route=\/wp\/v2\/product"}],"about":[{"href":"https:\/\/mundo.seashell.pt\/index.php?rest_route=\/wp\/v2\/types\/product"}],"wp:featuredmedia":[{"embeddable":true,"href":"https:\/\/mundo.seashell.pt\/index.php?rest_route=\/wp\/v2\/media\/6981"}],"wp:attachment":[{"href":"https:\/\/mundo.seashell.pt\/index.php?rest_route=%2Fwp%2Fv2%2Fmedia&parent=6980"}],"wp:term":[{"taxonomy":"product_cat","embeddable":true,"href":"https:\/\/mundo.seashell.pt\/index.php?rest_route=%2Fwp%2Fv2%2Fproduct_cat&post=6980"},{"taxonomy":"product_tag","embeddable":true,"href":"https:\/\/mundo.seashell.pt\/index.php?rest_route=%2Fwp%2Fv2%2Fproduct_tag&post=6980"}],"curies":[{"name":"wp","href":"https:\/\/api.w.org\/{rel}","templated":true}]}}