{"id":6978,"date":"2022-02-23T19:02:32","date_gmt":"2022-02-23T19:02:32","guid":{"rendered":"https:\/\/mundo.seashell.pt\/?post_type=product&#038;p=6978"},"modified":"2022-02-23T19:02:34","modified_gmt":"2022-02-23T19:02:34","slug":"gillette-espuma-de-barbear-200ml","status":"publish","type":"product","link":"https:\/\/mundo.seashell.pt\/?product=gillette-espuma-de-barbear-200ml","title":{"rendered":"Gillette Espuma de Barbear 200ml"},"content":{"rendered":"<p>Gillette, tudo para um barbear perfeito!<\/p>\n<h3>Descri\u00e7\u00e3o:<\/h3>\n<p>A espuma de barbear Gillette Classic proporciona uma espuma rica e cremosa que \u00e9 f\u00e1cil de espalhar e de enxaguar. \u00c9 por este motivo que a espuma de barbear Gillette Classic tem sido apreciada por v\u00e1rias gera\u00e7\u00f5es de homens!<\/p>\n<h3>Ingredientes:<\/h3>\n<p>Aqua, Triethanolamine, Palmitic Acid, Stearic Acid, Isobutane, Laureth-23, Sodium Lauryl Sulfate, Propane, Parfum, BHT, Eugenol, Geraniol, Coumarin, Citronellol, Linalool, Limonene, Isoeugenol.<\/p>\n<h3>Tipo de produto:<\/h3>\n<p>Espuma de Barbear<\/p>\n<h3>Benef\u00edcios:<\/h3>\n<p>&#8211; Espuma de barbear que proporciona uma espuma rica e cremosa;<br \/>&#8211; Espuma instant\u00e2nea que se espalha facilmente e basta enxaguar para limpar;<br \/>&#8211; Espuma rica que reduz a fric\u00e7\u00e3o.<\/p>\n<h3>Conselhos de utiliza\u00e7\u00e3o:<\/h3>\n<p>Limpe bem o rosto. Aplique uma camada nas \u00e1reas a barbear e aparar. Barbeie e enxag\u00fae o rosto.<\/p>\n<ul><\/ul>\n","protected":false},"excerpt":{"rendered":"<p>Gillette, tudo para um barbear perfeito! Descri\u00e7\u00e3o: A espuma de barbear Gillette Classic proporciona uma espuma rica e cremosa que \u00e9 f\u00e1cil de espalhar e de enxaguar. \u00c9 por este<\/p>\n","protected":false},"featured_media":6979,"template":"","meta":{"spay_email":""},"product_cat":[15],"product_tag":[],"class_list":{"0":"post-6978","1":"product","2":"type-product","3":"status-publish","4":"has-post-thumbnail","6":"product_cat-sem-categoria","8":"first","9":"instock","10":"taxable","11":"shipping-taxable","12":"purchasable","13":"product-type-simple"},"acf":[],"jetpack-related-posts":[{"id":6980,"url":"https:\/\/mundo.seashell.pt\/?product=gillette-gel-series-sensivel-200ml","url_meta":{"origin":6978,"position":0},"title":"Gillette Gel Series Sens\u00edvel 200ml","date":"Fevereiro 23, 2022","format":false,"excerpt":"Cuide da sua pele com a espuma de barbear Gillette Series Sensitive. A f\u00f3rmula com alo\u00e9 proporciona uma tripla a\u00e7\u00e3o ao barbear. A sua f\u00f3rmula de tripla a\u00e7\u00e3o, com alo\u00e9, acalma a pele para um barbear fresco e confort\u00e1vel, hidrata durante o barbear e ajuda a proteger a pele da\u2026","rel":"","context":"Similar post","img":{"alt_text":"","src":"https:\/\/i0.wp.com\/mundo.seashell.pt\/wp-content\/uploads\/2022\/02\/GILLETTE_GEL_SERIES_PELE_SENSI_VEL_200ML_7702018405084.png?resize=350%2C200&ssl=1","width":350,"height":200},"classes":[]},{"id":6974,"url":"https:\/\/mundo.seashell.pt\/?product=palmolive-creme-classic-100ml","url_meta":{"origin":6978,"position":1},"title":"Palmolive Creme Classic 100ml","date":"Fevereiro 23, 2022","format":false,"excerpt":"Deixa a sua pele hidratada e suave.Descri\u00e7\u00e3o: Mantenha a sua pele suave e macia ap\u00f3s fazer a barba com o Creme de Barba Palmolive Classic. Tipo de produto: Creme de BarbearBenef\u00edcios: - F\u00f3rmula com extrato de palma;- Espuma extra cremosa;- Deixa a sua pele suave e macia. Conselho...","rel":"","context":"Similar post","img":{"alt_text":"","src":"https:\/\/i0.wp.com\/mundo.seashell.pt\/wp-content\/uploads\/2022\/02\/Palmolive_Creme_Barba_Classic_100ml_3015810608817.png?resize=350%2C200&ssl=1","width":350,"height":200},"classes":[]},{"id":6982,"url":"https:\/\/mundo.seashell.pt\/?product=nivea-men-espuma-de-barbear-200ml","url_meta":{"origin":6978,"position":2},"title":"Nivea Men Espuma de Barbear 200ml","date":"Fevereiro 23, 2022","format":false,"excerpt":"Para homens com pele muito sens\u00edvel e com tend\u00eancia para vermelhid\u00e3o ou irrita\u00e7\u00f5es ap\u00f3s o barbear.Tipo de produto: Espuma de BarbearBenef\u00edcios: - Ajuda a proteger a pele durante o barbear;- Hidrata\u00e7\u00e3o profunda da muito sens\u00edvel e com tend\u00eancia para vermelhid\u00e3o ou irrita\u00e7\u00f5es ap\u00f3s o barbear;- Pele macia, ...","rel":"","context":"Similar post","img":{"alt_text":"","src":"https:\/\/i0.wp.com\/mundo.seashell.pt\/wp-content\/uploads\/2022\/02\/81700-04400-19_Espuma_Barbear_Protect___Care_4005808222490.png?resize=350%2C200&ssl=1","width":350,"height":200},"classes":[]},{"id":6984,"url":"https:\/\/mundo.seashell.pt\/?product=nivea-men-gel-protect-200ml","url_meta":{"origin":6978,"position":3},"title":"Nivea Men Gel Protect 200ml","date":"Fevereiro 23, 2022","format":false,"excerpt":"Para homens com pele muito sens\u00edvel e com tend\u00eancia para vermelhid\u00e3o ou irrita\u00e7\u00f5es ap\u00f3s o barbear. Tipo de produto: Gel de Barbear Benef\u00edcios: - Ajuda a proteger a pele durante o barbear;- Hidrata\u00e7\u00e3o profunda da muito sens\u00edvel e com tend\u00eancia para vermelhid\u00e3o ou irrita\u00e7\u00f5es ap\u00f3s o barbear;- Pele macia, suave\u2026","rel":"","context":"Similar post","img":{"alt_text":"","src":"https:\/\/i0.wp.com\/mundo.seashell.pt\/wp-content\/uploads\/2022\/02\/81760-04400-19_Gel_Barbear_Protect___Care_4005808223008.png?resize=350%2C200&ssl=1","width":350,"height":200},"classes":[]},{"id":6004,"url":"https:\/\/mundo.seashell.pt\/?product=agrasan-per-22kg","url_meta":{"origin":6978,"position":4},"title":"Desinfectante Agrasan Per 22Kg","date":"Fevereiro 23, 2022","format":false,"excerpt":"Detergente \u00e0 base de \u00e1cido perac\u00e9tico tamb\u00e9m adequado para a limpeza em sistemas CIP.","rel":"","context":"Similar post","img":{"alt_text":"","src":"https:\/\/i0.wp.com\/mundo.seashell.pt\/wp-content\/uploads\/2022\/02\/agrasan_per.jpg?resize=350%2C200&ssl=1","width":350,"height":200},"classes":[]},{"id":7002,"url":"https:\/\/mundo.seashell.pt\/?product=gillette-blue-6-laminas-descartaveis","url_meta":{"origin":6978,"position":5},"title":"Gillette Blue 6 L\u00e2minas Descart\u00e1veis","date":"Fevereiro 23, 2022","format":false,"excerpt":"Gillette, a op\u00e7\u00e3o ao seu alcance para um barbear impec\u00e1vel.Descri\u00e7\u00e3o: Com a m\u00e1quina de barbear descart\u00e1vel Gillette Blue II est\u00e1 na sua m\u00e3o um barbear excecional. Cont\u00e9m duas l\u00e2minas duplas finas para proporcionar um barbear confort\u00e1vel a qualquer homem. Tipo de produto: L\u00e2mina Descart\u00e1velBenef\u00edcios:","rel":"","context":"Similar post","img":{"alt_text":"","src":"https:\/\/i0.wp.com\/mundo.seashell.pt\/wp-content\/uploads\/2022\/02\/transferir__6_.jpeg?resize=350%2C200&ssl=1","width":350,"height":200},"classes":[]}],"_links":{"self":[{"href":"https:\/\/mundo.seashell.pt\/index.php?rest_route=\/wp\/v2\/product\/6978","targetHints":{"allow":["GET"]}}],"collection":[{"href":"https:\/\/mundo.seashell.pt\/index.php?rest_route=\/wp\/v2\/product"}],"about":[{"href":"https:\/\/mundo.seashell.pt\/index.php?rest_route=\/wp\/v2\/types\/product"}],"wp:featuredmedia":[{"embeddable":true,"href":"https:\/\/mundo.seashell.pt\/index.php?rest_route=\/wp\/v2\/media\/6979"}],"wp:attachment":[{"href":"https:\/\/mundo.seashell.pt\/index.php?rest_route=%2Fwp%2Fv2%2Fmedia&parent=6978"}],"wp:term":[{"taxonomy":"product_cat","embeddable":true,"href":"https:\/\/mundo.seashell.pt\/index.php?rest_route=%2Fwp%2Fv2%2Fproduct_cat&post=6978"},{"taxonomy":"product_tag","embeddable":true,"href":"https:\/\/mundo.seashell.pt\/index.php?rest_route=%2Fwp%2Fv2%2Fproduct_tag&post=6978"}],"curies":[{"name":"wp","href":"https:\/\/api.w.org\/{rel}","templated":true}]}}