{"id":6976,"date":"2022-02-23T19:02:30","date_gmt":"2022-02-23T19:02:30","guid":{"rendered":"https:\/\/mundo.seashell.pt\/?post_type=product&#038;p=6976"},"modified":"2022-02-23T19:02:32","modified_gmt":"2022-02-23T19:02:32","slug":"denim-creme-original-100ml","status":"publish","type":"product","link":"https:\/\/mundo.seashell.pt\/?product=denim-creme-original-100ml","title":{"rendered":"Denim Creme Original 100ml"},"content":{"rendered":"<p>Para um barbear perfeito!<\/p>\n<h3>Descri\u00e7\u00e3o:<\/h3>\n<p>Mantenha a sua pele saud\u00e1vel e flex\u00edvel com o Creme de Barba Denim.<\/p>\n<h3>Tipo de produto:<\/h3>\n<p>Creme de Barbear<\/p>\n<h3>Benef\u00edcios:<br \/>&#8211; Cremosa e hidratante;<br \/>&#8211; Deixa a sua pele saudavel e flex\u00edvel.<\/h3>\n<p>Conselhos de utiliza\u00e7\u00e3o:<\/p>\n<p>Molhe o rosto. Aplique onde necess\u00e1rio. Depois de barbear, enxag\u00fae e seque o rosto.<\/p>\n<ul><\/ul>\n","protected":false},"excerpt":{"rendered":"<p>Para um barbear perfeito!Descri\u00e7\u00e3o:<br \/>\nMantenha a sua pele saud\u00e1vel e flex\u00edvel com o Creme de Barba Denim.<br \/>\nTipo de produto:<br \/>\nCreme de Barbear<br \/>\nBenef\u00edcios:- Cremosa e hidratante;- Deixa a sua pele saudavel e flex\u00edvel.<\/p>\n<p>Conselhos de utiliza\u00e7\u00e3o:<br \/>\nMolhe o rosto. Aplique onde necess\u00e1rio. D&#8230;<\/p>\n","protected":false},"featured_media":6977,"template":"","meta":{"spay_email":""},"product_cat":[15],"product_tag":[],"class_list":{"0":"post-6976","1":"product","2":"type-product","3":"status-publish","4":"has-post-thumbnail","6":"product_cat-sem-categoria","8":"first","9":"instock","10":"taxable","11":"shipping-taxable","12":"purchasable","13":"product-type-simple"},"acf":[],"jetpack-related-posts":[{"id":6974,"url":"https:\/\/mundo.seashell.pt\/?product=palmolive-creme-classic-100ml","url_meta":{"origin":6976,"position":0},"title":"Palmolive Creme Classic 100ml","date":"Fevereiro 23, 2022","format":false,"excerpt":"Deixa a sua pele hidratada e suave.Descri\u00e7\u00e3o: Mantenha a sua pele suave e macia ap\u00f3s fazer a barba com o Creme de Barba Palmolive Classic. Tipo de produto: Creme de BarbearBenef\u00edcios: - F\u00f3rmula com extrato de palma;- Espuma extra cremosa;- Deixa a sua pele suave e macia. Conselho...","rel":"","context":"Similar post","img":{"alt_text":"","src":"https:\/\/i0.wp.com\/mundo.seashell.pt\/wp-content\/uploads\/2022\/02\/Palmolive_Creme_Barba_Classic_100ml_3015810608817.png?resize=350%2C200&ssl=1","width":350,"height":200},"classes":[]},{"id":6874,"url":"https:\/\/mundo.seashell.pt\/?product=vaseline-desodorizante-feminino-roll-on-50ml","url_meta":{"origin":6976,"position":1},"title":"Vaseline Desodorizante Feminino Roll-On 50ml","date":"Fevereiro 23, 2022","format":false,"excerpt":"Desodorizante hidratante 48h de prote\u00e7\u00e3o.Descri\u00e7\u00e3o: O desodorizante Derma Care de Vaseline oferece-lhe 48 horas de prote\u00e7\u00e3o contra suor e maus odores com a tecnologia ProDerma\u2122. Do mesmo modo, deixa a pele delicadas das suas axilas suave e saud\u00e1vel. Tipo de produto: Desodorizante CremeBenef\u00edcios:","rel":"","context":"Similar post","img":{"alt_text":"","src":"https:\/\/i0.wp.com\/mundo.seashell.pt\/wp-content\/uploads\/2022\/02\/Vaseline___Derma_Care__50ml__.png?resize=350%2C200&ssl=1","width":350,"height":200},"classes":[]},{"id":6818,"url":"https:\/\/mundo.seashell.pt\/?product=nivea-men-creme-hidratante-150ml","url_meta":{"origin":6976,"position":2},"title":"Nivea Men Creme Hidratante 150ml","date":"Fevereiro 23, 2022","format":false,"excerpt":"Para uma hidrata\u00e7\u00e3o profunda da sua pele! Especialmente desenvolvido para a pele masculina. De r\u00e1pida absor\u00e7\u00e3o e n\u00e3o gorduroso, este \u00e9 o creme perfeito para os homens cuidarem da pele e tirarem o m\u00e1ximo partido do seu potencial. Tem uma fragr\u00e2ncia fresca e masculina e pode ser aplicado no rosto,\u2026","rel":"","context":"Similar post","img":{"alt_text":"","src":"https:\/\/i0.wp.com\/mundo.seashell.pt\/wp-content\/uploads\/2022\/02\/5502125-cima.jpeg?resize=350%2C200&ssl=1","width":350,"height":200},"classes":[]},{"id":7014,"url":"https:\/\/mundo.seashell.pt\/?product=denim-original-100ml","url_meta":{"origin":6976,"position":3},"title":"Denim Original 100ml","date":"Fevereiro 23, 2022","format":false,"excerpt":"Denim Original 100ml Acalma a sua pele barbeada, deixando-a macia. Tipo de produto: Aftershave enef\u00edcios: \u200d- Al\u00edvio imediato das irrita\u00e7\u00f5es e da vermelhid\u00e3o da pele;- Sensa\u00e7\u00e3o de frescura;- Acalma, suaviza instantaneamente e hidrata a pele. Conselhos de utiliza\u00e7\u00e3o: Aplique ap\u00f3s barbear....","rel":"","context":"Similar post","img":{"alt_text":"","src":"https:\/\/i0.wp.com\/mundo.seashell.pt\/wp-content\/uploads\/2022\/02\/transferir.png?resize=350%2C200&ssl=1","width":350,"height":200},"classes":[]},{"id":6816,"url":"https:\/\/mundo.seashell.pt\/?product=nivea-soft-creme-hidratante-02l","url_meta":{"origin":6976,"position":4},"title":"Nivea Soft Creme Hidratante 200ml","date":"Fevereiro 23, 2022","format":false,"excerpt":"Desfrute da sensa\u00e7\u00e3o revigorante que deixa a pele macia e suave.Descri\u00e7\u00e3o: Um creme hidratante altamente eficaz, para uso di\u00e1rio. De f\u00e1cil aplica\u00e7\u00e3o, podendo ser usado no rosto, corpo e m\u00e3os. A f\u00f3rmula leve com vtamina E e \u00f3leo de jojoba \u00e9 rapidamente absorvida e refresca a pele. Tipo de produto:\u2026","rel":"","context":"Similar post","img":{"alt_text":"","src":"https:\/\/i0.wp.com\/mundo.seashell.pt\/wp-content\/uploads\/2022\/02\/89050-07400-41_NIVEA_Soft_4005808515615.png?resize=350%2C200&ssl=1","width":350,"height":200},"classes":[]},{"id":6780,"url":"https:\/\/mundo.seashell.pt\/?product=nivea-creme-soft-gel-de-banho-065l","url_meta":{"origin":6976,"position":5},"title":"Nivea Creme Soft Gel de Banho 650ml","date":"Fevereiro 23, 2022","format":false,"excerpt":"Experimente e avalie a qualidade dos produtos Nivea. Desde 1911 a cuidar de si!Descri\u00e7\u00e3o: Nivea Creme de Banho Creme Soft, o seu creme de bango com um delicado aroma que lhe proporciona uma experi\u00eancia hidratante \u00fanica. Enriquecido com o precioso \u00d3leo de Am\u00eandoa, oferece-lhe uma suave e cremosa espuma que\u2026","rel":"","context":"Similar post","img":{"alt_text":"","src":"https:\/\/i0.wp.com\/mundo.seashell.pt\/wp-content\/uploads\/2022\/02\/80968-05100-69_Creme_de_Banho_Creme_Soft_650ml_4005900694812.png?resize=350%2C200&ssl=1","width":350,"height":200},"classes":[]}],"_links":{"self":[{"href":"https:\/\/mundo.seashell.pt\/index.php?rest_route=\/wp\/v2\/product\/6976","targetHints":{"allow":["GET"]}}],"collection":[{"href":"https:\/\/mundo.seashell.pt\/index.php?rest_route=\/wp\/v2\/product"}],"about":[{"href":"https:\/\/mundo.seashell.pt\/index.php?rest_route=\/wp\/v2\/types\/product"}],"wp:featuredmedia":[{"embeddable":true,"href":"https:\/\/mundo.seashell.pt\/index.php?rest_route=\/wp\/v2\/media\/6977"}],"wp:attachment":[{"href":"https:\/\/mundo.seashell.pt\/index.php?rest_route=%2Fwp%2Fv2%2Fmedia&parent=6976"}],"wp:term":[{"taxonomy":"product_cat","embeddable":true,"href":"https:\/\/mundo.seashell.pt\/index.php?rest_route=%2Fwp%2Fv2%2Fproduct_cat&post=6976"},{"taxonomy":"product_tag","embeddable":true,"href":"https:\/\/mundo.seashell.pt\/index.php?rest_route=%2Fwp%2Fv2%2Fproduct_tag&post=6976"}],"curies":[{"name":"wp","href":"https:\/\/api.w.org\/{rel}","templated":true}]}}