{"id":6974,"date":"2022-02-23T19:02:27","date_gmt":"2022-02-23T19:02:27","guid":{"rendered":"https:\/\/mundo.seashell.pt\/?post_type=product&#038;p=6974"},"modified":"2022-02-23T19:02:29","modified_gmt":"2022-02-23T19:02:29","slug":"palmolive-creme-classic-100ml","status":"publish","type":"product","link":"https:\/\/mundo.seashell.pt\/?product=palmolive-creme-classic-100ml","title":{"rendered":"Palmolive Creme Classic 100ml"},"content":{"rendered":"<p>Deixa a sua pele hidratada e suave.<\/p>\n<h3>Descri\u00e7\u00e3o:<\/h3>\n<p>Mantenha a sua pele suave e macia ap\u00f3s fazer a barba com o Creme de Barba Palmolive Classic.<\/p>\n<h3>Tipo de produto:<\/h3>\n<p>Creme de Barbear<\/p>\n<h3>Benef\u00edcios:<\/h3>\n<p>&#8211; F\u00f3rmula com extrato de palma;<br \/>&#8211; Espuma extra cremosa;<br \/>&#8211; Deixa a sua pele suave e macia.<\/p>\n<h3>Conselhos de utiliza\u00e7\u00e3o:<\/h3>\n<p>Molhe o rosto. Transforme o creme numa espuma e aplique onde necess\u00e1rio. Depois de barbear, enxag\u00fae e seque o rosto.<\/p>\n<p><\/p>\n<ul><\/ul>\n","protected":false},"excerpt":{"rendered":"<p>Deixa a sua pele hidratada e suave.Descri\u00e7\u00e3o:<br \/>\nMantenha a sua pele suave e macia ap\u00f3s fazer a barba com o Creme de Barba Palmolive Classic.<br \/>\nTipo de produto:<br \/>\nCreme de BarbearBenef\u00edcios:<br \/>\n&#8211; F\u00f3rmula com extrato de palma;- Espuma extra cremosa;- Deixa a sua pele suave e macia.<br \/>\nConselho&#8230;<\/p>\n","protected":false},"featured_media":6975,"template":"","meta":{"spay_email":""},"product_cat":[15],"product_tag":[],"class_list":{"0":"post-6974","1":"product","2":"type-product","3":"status-publish","4":"has-post-thumbnail","6":"product_cat-sem-categoria","8":"first","9":"instock","10":"taxable","11":"shipping-taxable","12":"purchasable","13":"product-type-simple"},"acf":[],"jetpack-related-posts":[{"id":6780,"url":"https:\/\/mundo.seashell.pt\/?product=nivea-creme-soft-gel-de-banho-065l","url_meta":{"origin":6974,"position":0},"title":"Nivea Creme Soft Gel de Banho 650ml","date":"Fevereiro 23, 2022","format":false,"excerpt":"Experimente e avalie a qualidade dos produtos Nivea. Desde 1911 a cuidar de si!Descri\u00e7\u00e3o: Nivea Creme de Banho Creme Soft, o seu creme de bango com um delicado aroma que lhe proporciona uma experi\u00eancia hidratante \u00fanica. Enriquecido com o precioso \u00d3leo de Am\u00eandoa, oferece-lhe uma suave e cremosa espuma que\u2026","rel":"","context":"Similar post","img":{"alt_text":"","src":"https:\/\/i0.wp.com\/mundo.seashell.pt\/wp-content\/uploads\/2022\/02\/80968-05100-69_Creme_de_Banho_Creme_Soft_650ml_4005900694812.png?resize=350%2C200&ssl=1","width":350,"height":200},"classes":[]},{"id":6976,"url":"https:\/\/mundo.seashell.pt\/?product=denim-creme-original-100ml","url_meta":{"origin":6974,"position":1},"title":"Denim Creme Original 100ml","date":"Fevereiro 23, 2022","format":false,"excerpt":"Para um barbear perfeito!Descri\u00e7\u00e3o: Mantenha a sua pele saud\u00e1vel e flex\u00edvel com o Creme de Barba Denim. Tipo de produto: Creme de Barbear Benef\u00edcios:- Cremosa e hidratante;- Deixa a sua pele saudavel e flex\u00edvel. Conselhos de utiliza\u00e7\u00e3o: Molhe o rosto. Aplique onde necess\u00e1rio. D...","rel":"","context":"Similar post","img":{"alt_text":"","src":"https:\/\/i0.wp.com\/mundo.seashell.pt\/wp-content\/uploads\/2022\/02\/DENIM_Creme_de_Barbear_Original_100ml__8008970419527.png?resize=350%2C200&ssl=1","width":350,"height":200},"classes":[]},{"id":6982,"url":"https:\/\/mundo.seashell.pt\/?product=nivea-men-espuma-de-barbear-200ml","url_meta":{"origin":6974,"position":2},"title":"Nivea Men Espuma de Barbear 200ml","date":"Fevereiro 23, 2022","format":false,"excerpt":"Para homens com pele muito sens\u00edvel e com tend\u00eancia para vermelhid\u00e3o ou irrita\u00e7\u00f5es ap\u00f3s o barbear.Tipo de produto: Espuma de BarbearBenef\u00edcios: - Ajuda a proteger a pele durante o barbear;- Hidrata\u00e7\u00e3o profunda da muito sens\u00edvel e com tend\u00eancia para vermelhid\u00e3o ou irrita\u00e7\u00f5es ap\u00f3s o barbear;- Pele macia, ...","rel":"","context":"Similar post","img":{"alt_text":"","src":"https:\/\/i0.wp.com\/mundo.seashell.pt\/wp-content\/uploads\/2022\/02\/81700-04400-19_Espuma_Barbear_Protect___Care_4005808222490.png?resize=350%2C200&ssl=1","width":350,"height":200},"classes":[]},{"id":6984,"url":"https:\/\/mundo.seashell.pt\/?product=nivea-men-gel-protect-200ml","url_meta":{"origin":6974,"position":3},"title":"Nivea Men Gel Protect 200ml","date":"Fevereiro 23, 2022","format":false,"excerpt":"Para homens com pele muito sens\u00edvel e com tend\u00eancia para vermelhid\u00e3o ou irrita\u00e7\u00f5es ap\u00f3s o barbear. Tipo de produto: Gel de Barbear Benef\u00edcios: - Ajuda a proteger a pele durante o barbear;- Hidrata\u00e7\u00e3o profunda da muito sens\u00edvel e com tend\u00eancia para vermelhid\u00e3o ou irrita\u00e7\u00f5es ap\u00f3s o barbear;- Pele macia, suave\u2026","rel":"","context":"Similar post","img":{"alt_text":"","src":"https:\/\/i0.wp.com\/mundo.seashell.pt\/wp-content\/uploads\/2022\/02\/81760-04400-19_Gel_Barbear_Protect___Care_4005808223008.png?resize=350%2C200&ssl=1","width":350,"height":200},"classes":[]},{"id":6778,"url":"https:\/\/mundo.seashell.pt\/?product=nivea-gel-de-banho-075l","url_meta":{"origin":6974,"position":4},"title":"Nivea Gel de Banho 750ml","date":"Fevereiro 23, 2022","format":false,"excerpt":"Experimente e avalie a qualidade dos produtos Nivea. Desde 1911 a cuidar de si! Aqua Sodium Laureth Sulfate Cocamidopropyl Betaine Glycerin Sodium Chloride Decyl Glucoside Parfum Lanolin Alcohol (Eucerit\u00ae) Panthenol Octyldodecanol Glyceryl Glucoside PEG40 Hydrogenated Castor Oil Citric Acid Styrene\/Acrylates Copolymer P EG200 Hydro...","rel":"","context":"Similar post","img":{"alt_text":"","src":"https:\/\/i0.wp.com\/mundo.seashell.pt\/wp-content\/uploads\/2022\/02\/5292030-frente.jpeg?resize=350%2C200&ssl=1","width":350,"height":200},"classes":[]},{"id":6814,"url":"https:\/\/mundo.seashell.pt\/?product=nivea-creme-medio-hidratante-75ml","url_meta":{"origin":6974,"position":5},"title":"Nivea Creme M\u00e9dio Hidratante 75ml","date":"Fevereiro 23, 2022","format":false,"excerpt":"Garanta a prote\u00e7\u00e3o e hidrata\u00e7\u00e3o da sua pele com Nivea! Nivea Creme \u00e9 o hidratante original para toda a fam\u00edlia. Este produto ic\u00f3nico \u00e9 enriquecido com Eucerit\u00ae, que fornece \u00e0 pele todo o cuidado de prote\u00e7\u00e3o de que necessita para ficar macia e suave. Ideal para o uso di\u00e1rio, sempre\u2026","rel":"","context":"Similar post","img":{"alt_text":"","src":"https:\/\/i0.wp.com\/mundo.seashell.pt\/wp-content\/uploads\/2022\/02\/2053681-frente-online.jpeg?resize=350%2C200&ssl=1","width":350,"height":200},"classes":[]}],"_links":{"self":[{"href":"https:\/\/mundo.seashell.pt\/index.php?rest_route=\/wp\/v2\/product\/6974","targetHints":{"allow":["GET"]}}],"collection":[{"href":"https:\/\/mundo.seashell.pt\/index.php?rest_route=\/wp\/v2\/product"}],"about":[{"href":"https:\/\/mundo.seashell.pt\/index.php?rest_route=\/wp\/v2\/types\/product"}],"wp:featuredmedia":[{"embeddable":true,"href":"https:\/\/mundo.seashell.pt\/index.php?rest_route=\/wp\/v2\/media\/6975"}],"wp:attachment":[{"href":"https:\/\/mundo.seashell.pt\/index.php?rest_route=%2Fwp%2Fv2%2Fmedia&parent=6974"}],"wp:term":[{"taxonomy":"product_cat","embeddable":true,"href":"https:\/\/mundo.seashell.pt\/index.php?rest_route=%2Fwp%2Fv2%2Fproduct_cat&post=6974"},{"taxonomy":"product_tag","embeddable":true,"href":"https:\/\/mundo.seashell.pt\/index.php?rest_route=%2Fwp%2Fv2%2Fproduct_tag&post=6974"}],"curies":[{"name":"wp","href":"https:\/\/api.w.org\/{rel}","templated":true}]}}