{"id":6972,"date":"2022-02-23T19:02:25","date_gmt":"2022-02-23T19:02:25","guid":{"rendered":"https:\/\/mundo.seashell.pt\/?post_type=product&#038;p=6972"},"modified":"2022-02-23T19:02:27","modified_gmt":"2022-02-23T19:02:27","slug":"tampax-pearl-compak-16un","status":"publish","type":"product","link":"https:\/\/mundo.seashell.pt\/?product=tampax-pearl-compak-16un","title":{"rendered":"Tampax Pearl Compak 16un."},"content":{"rendered":"<h3>Descri\u00e7\u00e3o:<\/h3>\n<p>Os tamp\u00f5es Tampax Compak Pearl s\u00e3o os melhores tamp\u00f5es da Tampax para proporcionar conforto, prote\u00e7\u00e3o e discri\u00e7\u00e3o. N\u00e3o cont\u00eam perfume. Os tamp\u00f5es Tampax Compak Pearl incluem um aplicador de pl\u00e1stico suave, compacto e discreto e uma ponta arredondada para maior conforto na inser\u00e7\u00e3o. O seu cabo antideslizante moldado faz com que seja f\u00e1cil segurar e posicionar o aplicador. O Tampax Compak Pearl inclui a tecnologia MotionFit, que se expande suavemente para se adaptar \u00e0 forma \u00fanica do seu corpo. Al\u00e9m disso, conta com uma tran\u00e7a LeakGuard, que ajuda a evitar as fugas antes que aconte\u00e7am.<br \/>Os Tampax Compak Pearl t\u00eam inv\u00f3lucros coloridos e apelativos que s\u00e3o f\u00e1ceis de abrir, resistem na carteira e abrem silenciosamente para m\u00e1xima discri\u00e7\u00e3o. O Tampax Compak Pearl Super Plus \u00e9 o melhor tamp\u00e3o da Tampax para uma superabsor\u00e7\u00e3o extra. Os tamp\u00f5es Tampax Compak Pearl foram testados ginecologicamente. Tamb\u00e9m foram testados de forma independente quanto a subst\u00e2ncias prejudiciais pela Oeko-Tex.<\/p>\n<h3>Tipo de produto:<\/h3>\n<p>Tamp\u00f5es com Aplicador<\/p>\n<h3>Benef\u00edcios:<\/h3>\n<p>&#8211; A combina\u00e7\u00e3o de conforto, prote\u00e7\u00e3o e discri\u00e7\u00e3o n.\u00ba 1 da Tampax MotionFit Protection que se adapta suavemente \u00e0 forma \u00fanica do teu corpo Tran\u00e7a Leakguard para maior garantia de prote\u00e7\u00e3o a fim de evitar fugas.<br \/>&#8211; Aplicador compacto SmoothTouch com um cabo antideslizante e ponta arredondada para uma inser\u00e7\u00e3o f\u00e1cil e confort\u00e1vel do tamp\u00e3o.<br \/>&#8211; Testados de forma independente quanto a subst\u00e2ncias prejudiciais pela Oeko-Tex.<br \/>&#8211; Testados ginecologicamente.<br \/>&#8211; Sem perfume nem corantes.<br \/>&#8211; 3 vezes mais conforto. Aplicador suave, prote\u00e7\u00e3o Motionfit, camada de remo\u00e7\u00e3o suave.<\/p>\n","protected":false},"excerpt":{"rendered":"<p>Descri\u00e7\u00e3o:<br \/>\nOs tamp\u00f5es Tampax Compak Pearl s\u00e3o os melhores tamp\u00f5es da Tampax para proporcionar conforto, prote\u00e7\u00e3o e discri\u00e7\u00e3o. N\u00e3o cont\u00eam perfume. Os tamp\u00f5es Tampax Compak Pearl incluem um aplicador de pl\u00e1stico suave, compacto e discreto e uma ponta arredondada para maior conforto na inser\u00e7\u00e3o. O seu cabo antideslizante moldado faz com&#8230;<\/p>\n","protected":false},"featured_media":6973,"template":"","meta":{"spay_email":""},"product_cat":[15],"product_tag":[],"class_list":{"0":"post-6972","1":"product","2":"type-product","3":"status-publish","4":"has-post-thumbnail","6":"product_cat-sem-categoria","8":"first","9":"instock","10":"taxable","11":"shipping-taxable","12":"purchasable","13":"product-type-simple"},"acf":[],"jetpack-related-posts":[{"id":6958,"url":"https:\/\/mundo.seashell.pt\/?product=ausonia-discreet-pensos-higienicos","url_meta":{"origin":6972,"position":0},"title":"Ausonia Discreet &#8211; Pensos Higi\u00eanicos","date":"Fevereiro 23, 2022","format":false,"excerpt":"Descri\u00e7\u00e3o: As perdas de urina n\u00e3o devem impedi-la de fazer a sua vida normal. Os pensos para incontin\u00eancia Ausonia Discreet Plus Long proporcionam-lhe uma prote\u00e7\u00e3o segura que quase n\u00e3o sente. Concebidos para se adaptarem ao seu corpo e ao seu estilo de vida, proporcionam-lhe uma prote\u00e7\u00e3o forte gra\u00e7as ao seu\u2026","rel":"","context":"Similar post","img":{"alt_text":"","src":"https:\/\/i0.wp.com\/mundo.seashell.pt\/wp-content\/uploads\/2022\/02\/AUSONIA_DISCREET_EXTRA_10_8001090078346.png?resize=350%2C200&ssl=1","width":350,"height":200},"classes":[]},{"id":6998,"url":"https:\/\/mundo.seashell.pt\/?product=gillette-fusion-5-recargas","url_meta":{"origin":6972,"position":1},"title":"Gillette Fusion 5 Recargas","date":"Fevereiro 23, 2022","format":false,"excerpt":"Gillette Fusion 5 Recargas. As l\u00e2minas para m\u00e1quina de barbear Gillette Fusion5 para homem incluem 5 l\u00e2minas antifric\u00e7\u00e3o para um barbear rente e duradouro. As l\u00e2minas s\u00e3o pouco espa\u00e7adas para um conforto incr\u00edvel com um aparador de precis\u00e3o na parte posterior para locais de dif\u00edcil acesso e para fazer o\u2026","rel":"","context":"Similar post","img":{"alt_text":"","src":"https:\/\/i0.wp.com\/mundo.seashell.pt\/wp-content\/uploads\/2022\/02\/GILLETTE_CARREGADOR_FUSION_4UN_7702018561575.png?resize=350%2C200&ssl=1","width":350,"height":200},"classes":[]},{"id":7010,"url":"https:\/\/mundo.seashell.pt\/?product=gillette-blue-2-for-woman-6-laminas","url_meta":{"origin":6972,"position":2},"title":"Gillette Blue 2 for Woman &#8211; 6 L\u00e2minas","date":"Fevereiro 23, 2022","format":false,"excerpt":"Tira hidratante enriquecida para maior conforto e um deslizar suave.Descri\u00e7\u00e3o: As l\u00e2minas de depila\u00e7\u00e3o descart\u00e1veis Gillette Blue II Plus incluem duas l\u00e2minas Gillette para maior conforto e um cabo Ultragrip suave para um controlo superior. Tamb\u00e9m cont\u00eam \u00f3leo de beb\u00e9 e alo\u00e9 vera para deslizarem mais suavemente. Benef\u00edc...","rel":"","context":"Similar post","img":{"alt_text":"","src":"https:\/\/i0.wp.com\/mundo.seashell.pt\/wp-content\/uploads\/2022\/02\/GILLETTE_DESCARTA_VEL_BLUE2_FW_5_1_3014260294625.png?resize=350%2C200&ssl=1","width":350,"height":200},"classes":[]},{"id":6802,"url":"https:\/\/mundo.seashell.pt\/?product=dove-creme-para-as-maos-75ml","url_meta":{"origin":6972,"position":3},"title":"Dove Creme para as M\u00e3os 75ml","date":"Fevereiro 23, 2022","format":false,"excerpt":"Cuida das suas m\u00e3os, deixando-as hidratadas e suaves.Descri\u00e7\u00e3o: Durante s\u00e9culos, as mulheres indianas t\u00eam usado \u00f3leo de coco nos seus rituais de beleza para hidratar a pele. \u00c9 por isso que cri\u00e1mos o nosso creme de m\u00e3os Dove Nourishing Secrets Restoring Ritual, que nutre e cuida da sua pele. Desfrute\u2026","rel":"","context":"Similar post","img":{"alt_text":"","src":"https:\/\/i0.wp.com\/mundo.seashell.pt\/wp-content\/uploads\/2022\/02\/Dove___Co_co__75ml__.png?resize=350%2C200&ssl=1","width":350,"height":200},"classes":[]},{"id":6960,"url":"https:\/\/mundo.seashell.pt\/?product=evax-fina-y-segura-pensos-higienicos","url_meta":{"origin":6972,"position":4},"title":"Evax Fina Y Segura Pensos Higi\u00eanicos","date":"Fevereiro 23, 2022","format":false,"excerpt":"Qualidade Evax ao melhor pre\u00e7o.Descri\u00e7\u00e3o: Os pensos higi\u00e9nicos Evax Fina & Segura s\u00e3o a escolha perfeita para quem procura qualidade e desempenho ao melhor pre\u00e7o, para os dias do per\u00edodo com fluxo normal. Os pensos higi\u00e9nicos Evax Fina & Segura s\u00e3o finos para um maior conforto e possuem tecnologia que\u2026","rel":"","context":"Similar post","img":{"alt_text":"","src":"https:\/\/i0.wp.com\/mundo.seashell.pt\/wp-content\/uploads\/2022\/02\/4594672-hero.jpeg?resize=350%2C200&ssl=1","width":350,"height":200},"classes":[]},{"id":7182,"url":"https:\/\/mundo.seashell.pt\/?product=ausonia-discreer-pants-grande-7-pants","url_meta":{"origin":6972,"position":5},"title":"Ausonia Discreer Pants Grande (7 Pants)","date":"Fevereiro 23, 2022","format":false,"excerpt":"N\u00e3o deixe que uma bexiga hiperativa a impe\u00e7a de ser ativa. Com as cuecas Ausonia Discreet, pode prosseguir com o seu dia como sempre mesmo quando experienciar grandes fugas causadas por vontades s\u00fabitas e precisar de uma prote\u00e7\u00e3o eficaz. Com um fino n\u00facleo de tr\u00eas camadas que absorve, capta e\u2026","rel":"","context":"Similar post","img":{"alt_text":"","src":"https:\/\/i0.wp.com\/mundo.seashell.pt\/wp-content\/uploads\/2022\/02\/transferir__26_.jpeg?resize=350%2C200&ssl=1","width":350,"height":200},"classes":[]}],"_links":{"self":[{"href":"https:\/\/mundo.seashell.pt\/index.php?rest_route=\/wp\/v2\/product\/6972","targetHints":{"allow":["GET"]}}],"collection":[{"href":"https:\/\/mundo.seashell.pt\/index.php?rest_route=\/wp\/v2\/product"}],"about":[{"href":"https:\/\/mundo.seashell.pt\/index.php?rest_route=\/wp\/v2\/types\/product"}],"wp:featuredmedia":[{"embeddable":true,"href":"https:\/\/mundo.seashell.pt\/index.php?rest_route=\/wp\/v2\/media\/6973"}],"wp:attachment":[{"href":"https:\/\/mundo.seashell.pt\/index.php?rest_route=%2Fwp%2Fv2%2Fmedia&parent=6972"}],"wp:term":[{"taxonomy":"product_cat","embeddable":true,"href":"https:\/\/mundo.seashell.pt\/index.php?rest_route=%2Fwp%2Fv2%2Fproduct_cat&post=6972"},{"taxonomy":"product_tag","embeddable":true,"href":"https:\/\/mundo.seashell.pt\/index.php?rest_route=%2Fwp%2Fv2%2Fproduct_tag&post=6972"}],"curies":[{"name":"wp","href":"https:\/\/api.w.org\/{rel}","templated":true}]}}