{"id":6970,"date":"2022-02-23T19:02:17","date_gmt":"2022-02-23T19:02:17","guid":{"rendered":"https:\/\/mundo.seashell.pt\/?post_type=product&#038;p=6970"},"modified":"2022-02-23T19:02:24","modified_gmt":"2022-02-23T19:02:24","slug":"ausonia-protegeslip","status":"publish","type":"product","link":"https:\/\/mundo.seashell.pt\/?product=ausonia-protegeslip","title":{"rendered":"Ausonia Protegeslip"},"content":{"rendered":"<p>Os pensos di\u00e1rios Ausonia Protegeslip proporcionam-lhe prote\u00e7\u00e3o m\u00e1xima e s\u00e3o ideais para utiliza\u00e7\u00e3o di\u00e1ria. Estes pensos di\u00e1rios f\u00e1ceis de usar e econ\u00f3micos s\u00e3o dermatologicamente testados e foram concebidos especificamente para se manterem no lugar e neutralizarem odores. As suas zonas de prote\u00e7\u00e3o laterais e o n\u00facleo absorvente mant\u00eam-na segura e seca, e por isso protegem-na diariamente contra todos os tipos de perdas.<br \/>O Ausonia Protegeslip  \u00e9 o penso di\u00e1rio com maior prote\u00e7\u00e3o da Ausonia.<\/p>\n<h3>Tipo de produto:<\/h3>\n<p>Pensos Di\u00e1rios Maxi<\/p>\n<h3>Benef\u00edcios:<\/h3>\n<p>&#8211; Prote\u00e7\u00e3o m\u00e1xima para todos os tipos de perdas.<br \/>&#8211; Proporcionam uma neutraliza\u00e7\u00e3o de odor duradoura.<br \/>&#8211; Pensos di\u00e1rios com n\u00facleo superabsorvente para a manter seca.<br \/>&#8211; Com zonas de prote\u00e7\u00e3o laterais.<br \/>&#8211; Mant\u00eam-se no lugar sem se moverem.<br \/>&#8211; Pensos di\u00e1rios dermatologicamente testados.<\/p>\n<p><\/p>\n","protected":false},"excerpt":{"rendered":"<p>Os pensos di\u00e1rios Ausonia Protegeslip proporcionam-lhe prote\u00e7\u00e3o m\u00e1xima e s\u00e3o ideais para utiliza\u00e7\u00e3o di\u00e1ria. Estes pensos di\u00e1rios f\u00e1ceis de usar e econ\u00f3micos s\u00e3o dermatologicamente testados e foram concebidos especificamente para se manterem no lugar e neutralizarem odores. As suas zonas de prote\u00e7\u00e3o laterais e o n\u00facleo absorvente mant\u00eam-na seg&#8230;<\/p>\n","protected":false},"featured_media":6971,"template":"","meta":{"spay_email":""},"product_cat":[15],"product_tag":[],"class_list":{"0":"post-6970","1":"product","2":"type-product","3":"status-publish","4":"has-post-thumbnail","6":"product_cat-sem-categoria","8":"first","9":"instock","10":"taxable","11":"shipping-taxable","12":"purchasable","13":"product-type-simple"},"acf":[],"jetpack-related-posts":[{"id":6968,"url":"https:\/\/mundo.seashell.pt\/?product=ausonia-airdry-pensos-higienicos","url_meta":{"origin":6970,"position":0},"title":"Ausonia Airdry Pensos Higi\u00eanicos","date":"Fevereiro 23, 2022","format":false,"excerpt":"Tenha uma noite de sono cont\u00ednuo com os pensos higi\u00e9nicos Ausonia Airdry. Os Pensos Extra Noite de Ausonia foram concebidos para proteg\u00ea-la at\u00e9 10 horas, pelo que n\u00e3o ter\u00e1 de acordar a meio da noite para verificar se ocorreram fugas ou para substituir o penso. Tudo isto gra\u00e7as \u00e0 sua\u2026","rel":"","context":"Similar post","img":{"alt_text":"","src":"https:\/\/i0.wp.com\/mundo.seashell.pt\/wp-content\/uploads\/2022\/02\/AUSONIA_AIRDRY_NOITE_ALAS_9_8001090229168.png?resize=350%2C200&ssl=1","width":350,"height":200},"classes":[]},{"id":6958,"url":"https:\/\/mundo.seashell.pt\/?product=ausonia-discreet-pensos-higienicos","url_meta":{"origin":6970,"position":1},"title":"Ausonia Discreet &#8211; Pensos Higi\u00eanicos","date":"Fevereiro 23, 2022","format":false,"excerpt":"Descri\u00e7\u00e3o: As perdas de urina n\u00e3o devem impedi-la de fazer a sua vida normal. Os pensos para incontin\u00eancia Ausonia Discreet Plus Long proporcionam-lhe uma prote\u00e7\u00e3o segura que quase n\u00e3o sente. Concebidos para se adaptarem ao seu corpo e ao seu estilo de vida, proporcionam-lhe uma prote\u00e7\u00e3o forte gra\u00e7as ao seu\u2026","rel":"","context":"Similar post","img":{"alt_text":"","src":"https:\/\/i0.wp.com\/mundo.seashell.pt\/wp-content\/uploads\/2022\/02\/AUSONIA_DISCREET_EXTRA_10_8001090078346.png?resize=350%2C200&ssl=1","width":350,"height":200},"classes":[]},{"id":7182,"url":"https:\/\/mundo.seashell.pt\/?product=ausonia-discreer-pants-grande-7-pants","url_meta":{"origin":6970,"position":2},"title":"Ausonia Discreer Pants Grande (7 Pants)","date":"Fevereiro 23, 2022","format":false,"excerpt":"N\u00e3o deixe que uma bexiga hiperativa a impe\u00e7a de ser ativa. Com as cuecas Ausonia Discreet, pode prosseguir com o seu dia como sempre mesmo quando experienciar grandes fugas causadas por vontades s\u00fabitas e precisar de uma prote\u00e7\u00e3o eficaz. Com um fino n\u00facleo de tr\u00eas camadas que absorve, capta e\u2026","rel":"","context":"Similar post","img":{"alt_text":"","src":"https:\/\/i0.wp.com\/mundo.seashell.pt\/wp-content\/uploads\/2022\/02\/transferir__26_.jpeg?resize=350%2C200&ssl=1","width":350,"height":200},"classes":[]},{"id":7184,"url":"https:\/\/mundo.seashell.pt\/?product=ausonia-discreet-pants-medio-8-pants","url_meta":{"origin":6970,"position":3},"title":"Ausonia Discreet Pants M\u00e9dio (8 Pants)","date":"Fevereiro 23, 2022","format":false,"excerpt":"N\u00e3o deixe que uma bexiga hiperativa a impe\u00e7a de ser ativa. Com as cuecas Ausonia Discreet, pode prosseguir com o seu dia como sempre mesmo quando experienciar grandes fugas causadas por vontades s\u00fabitas e precisar de uma prote\u00e7\u00e3o eficaz. Com um fino n\u00facleo de tr\u00eas camadas que absorve, capta e\u2026","rel":"","context":"Similar post","img":{"alt_text":"","src":"https:\/\/i0.wp.com\/mundo.seashell.pt\/wp-content\/uploads\/2022\/02\/AUSONIA-DISCREET-Normal-G.png?resize=350%2C200&ssl=1","width":350,"height":200},"classes":[]},{"id":6964,"url":"https:\/\/mundo.seashell.pt\/?product=evax-salvaslip-maxi-40un","url_meta":{"origin":6970,"position":4},"title":"Evax Salvaslip Maxi 40un","date":"Fevereiro 23, 2022","format":false,"excerpt":"Sinta-se fresca e limpa durante todo o dia, todos os dias Descri\u00e7\u00e3o:Com os pensos di\u00e1rios Evax vais poder sentir-te limpa e fresca todo o dia, todos os dias.Suaves como as suas cuequinhas gra\u00e7as ao toque de algod\u00e3o da sua camada superior, estes pensinhos di\u00e1rios mant\u00eam-na fresca e confort\u00e1vel gra\u00e7as \u00e0\u2026","rel":"","context":"Similar post","img":{"alt_text":"","src":"https:\/\/i0.wp.com\/mundo.seashell.pt\/wp-content\/uploads\/2022\/02\/evax_salvaslip_maxi_40.png?resize=350%2C200&ssl=1","width":350,"height":200},"classes":[]},{"id":6966,"url":"https:\/\/mundo.seashell.pt\/?product=evax-salvaslip-bolsas-28un","url_meta":{"origin":6970,"position":5},"title":"Evax Salvaslip Bolsas 28un","date":"Fevereiro 23, 2022","format":false,"excerpt":"Sinta-se fresca e limpa durante todo o dia, todos os dias Descri\u00e7\u00e3o:Com os pensos di\u00e1rios Evax vais poder sentir-te limpa e fresca todo o dia, todos os dias.Suaves como as suas cuequinhas gra\u00e7as ao toque de algod\u00e3o da sua camada superior, estes pensinhos di\u00e1rios mant\u00eam-na fresca e confort\u00e1vel gra\u00e7as \u00e0\u2026","rel":"","context":"Similar post","img":{"alt_text":"","src":"https:\/\/i0.wp.com\/mundo.seashell.pt\/wp-content\/uploads\/2022\/02\/evax_salvaslip_bolsas_28.png?resize=350%2C200&ssl=1","width":350,"height":200},"classes":[]}],"_links":{"self":[{"href":"https:\/\/mundo.seashell.pt\/index.php?rest_route=\/wp\/v2\/product\/6970","targetHints":{"allow":["GET"]}}],"collection":[{"href":"https:\/\/mundo.seashell.pt\/index.php?rest_route=\/wp\/v2\/product"}],"about":[{"href":"https:\/\/mundo.seashell.pt\/index.php?rest_route=\/wp\/v2\/types\/product"}],"wp:featuredmedia":[{"embeddable":true,"href":"https:\/\/mundo.seashell.pt\/index.php?rest_route=\/wp\/v2\/media\/6971"}],"wp:attachment":[{"href":"https:\/\/mundo.seashell.pt\/index.php?rest_route=%2Fwp%2Fv2%2Fmedia&parent=6970"}],"wp:term":[{"taxonomy":"product_cat","embeddable":true,"href":"https:\/\/mundo.seashell.pt\/index.php?rest_route=%2Fwp%2Fv2%2Fproduct_cat&post=6970"},{"taxonomy":"product_tag","embeddable":true,"href":"https:\/\/mundo.seashell.pt\/index.php?rest_route=%2Fwp%2Fv2%2Fproduct_tag&post=6970"}],"curies":[{"name":"wp","href":"https:\/\/api.w.org\/{rel}","templated":true}]}}