{"id":6958,"date":"2022-02-23T19:01:50","date_gmt":"2022-02-23T19:01:50","guid":{"rendered":"https:\/\/mundo.seashell.pt\/?post_type=product&#038;p=6958"},"modified":"2022-02-23T19:01:56","modified_gmt":"2022-02-23T19:01:56","slug":"ausonia-discreet-pensos-higienicos","status":"publish","type":"product","link":"https:\/\/mundo.seashell.pt\/?product=ausonia-discreet-pensos-higienicos","title":{"rendered":"Ausonia Discreet &#8211; Pensos Higi\u00eanicos"},"content":{"rendered":"<h3>Descri\u00e7\u00e3o:<\/h3>\n<p>As perdas de urina n\u00e3o devem impedi-la de fazer a sua vida normal. Os pensos para incontin\u00eancia Ausonia Discreet Plus Long proporcionam-lhe uma prote\u00e7\u00e3o segura que quase n\u00e3o sente. Concebidos para se adaptarem ao seu corpo e ao seu estilo de vida, proporcionam-lhe uma prote\u00e7\u00e3o forte gra\u00e7as ao seu n\u00facleo extremamente absorvente e ultrafino, para que possa caminhar com confian\u00e7a e n\u00e3o se preocupar com as fugas.<br \/>Os pensos Ausonia Discreet Plus Long proporcionam-lhe a prote\u00e7\u00e3o ideal, mesmo quando espirrar ou rir lhe causarem perdas de urina.<\/p>\n<h3>Tipo de produto:<\/h3>\n<p>Pensos para Incontin\u00eancia Maxi<\/p>\n<h3>Benef\u00edcios:<\/h3>\n<p>&#8211; Os pensos para incontin\u00eancia Ausonia Discreet proporcionam-lhe uma prote\u00e7\u00e3o segura que quase n\u00e3o sente.<br \/>&#8211; Funcionam de forma diferente: transformam o l\u00edquido em gel e ret\u00eam-no.<br \/>&#8211; Os pensos mant\u00eam-se no lugar, s\u00e3o confort\u00e1veis e n\u00e3o se notam por baixo da roupa.<br \/>&#8211; Ausonia Discreet tem um n\u00facleo absorvente ultrafino \u00fanico, que proporciona uma excelente discri\u00e7\u00e3o.<br \/>&#8211; Pensos para incontin\u00eancia Ausonia Discreet Plus Long ideais para perdas abundantes.<\/p>\n","protected":false},"excerpt":{"rendered":"<h3>Descri\u00e7\u00e3o:<\/h3>\n<p>As perdas de urina n\u00e3o devem impedi-la de fazer a sua vida normal. Os pensos para incontin\u00eancia Ausonia Discreet Plus Long proporcionam-lhe uma prote\u00e7\u00e3o segura que quase n\u00e3o sente. Concebidos para se adaptarem ao seu corpo e ao seu estilo de vida, proporcionam-lhe uma prote\u00e7\u00e3o forte gra\u00e7as ao seu n\u00facleo extremamente absorv&#8230;<\/p>\n","protected":false},"featured_media":6959,"template":"","meta":{"spay_email":""},"product_cat":[15],"product_tag":[],"class_list":{"0":"post-6958","1":"product","2":"type-product","3":"status-publish","4":"has-post-thumbnail","6":"product_cat-sem-categoria","8":"first","9":"instock","10":"taxable","11":"shipping-taxable","12":"purchasable","13":"product-type-simple"},"acf":[],"jetpack-related-posts":[{"id":7184,"url":"https:\/\/mundo.seashell.pt\/?product=ausonia-discreet-pants-medio-8-pants","url_meta":{"origin":6958,"position":0},"title":"Ausonia Discreet Pants M\u00e9dio (8 Pants)","date":"Fevereiro 23, 2022","format":false,"excerpt":"N\u00e3o deixe que uma bexiga hiperativa a impe\u00e7a de ser ativa. Com as cuecas Ausonia Discreet, pode prosseguir com o seu dia como sempre mesmo quando experienciar grandes fugas causadas por vontades s\u00fabitas e precisar de uma prote\u00e7\u00e3o eficaz. Com um fino n\u00facleo de tr\u00eas camadas que absorve, capta e\u2026","rel":"","context":"Similar post","img":{"alt_text":"","src":"https:\/\/i0.wp.com\/mundo.seashell.pt\/wp-content\/uploads\/2022\/02\/AUSONIA-DISCREET-Normal-G.png?resize=350%2C200&ssl=1","width":350,"height":200},"classes":[]},{"id":7182,"url":"https:\/\/mundo.seashell.pt\/?product=ausonia-discreer-pants-grande-7-pants","url_meta":{"origin":6958,"position":1},"title":"Ausonia Discreer Pants Grande (7 Pants)","date":"Fevereiro 23, 2022","format":false,"excerpt":"N\u00e3o deixe que uma bexiga hiperativa a impe\u00e7a de ser ativa. Com as cuecas Ausonia Discreet, pode prosseguir com o seu dia como sempre mesmo quando experienciar grandes fugas causadas por vontades s\u00fabitas e precisar de uma prote\u00e7\u00e3o eficaz. Com um fino n\u00facleo de tr\u00eas camadas que absorve, capta e\u2026","rel":"","context":"Similar post","img":{"alt_text":"","src":"https:\/\/i0.wp.com\/mundo.seashell.pt\/wp-content\/uploads\/2022\/02\/transferir__26_.jpeg?resize=350%2C200&ssl=1","width":350,"height":200},"classes":[]},{"id":6970,"url":"https:\/\/mundo.seashell.pt\/?product=ausonia-protegeslip","url_meta":{"origin":6958,"position":2},"title":"Ausonia Protegeslip","date":"Fevereiro 23, 2022","format":false,"excerpt":"Os pensos di\u00e1rios Ausonia Protegeslip proporcionam-lhe prote\u00e7\u00e3o m\u00e1xima e s\u00e3o ideais para utiliza\u00e7\u00e3o di\u00e1ria. Estes pensos di\u00e1rios f\u00e1ceis de usar e econ\u00f3micos s\u00e3o dermatologicamente testados e foram concebidos especificamente para se manterem no lugar e neutralizarem odores. As suas zonas de prote\u00e7\u00e3o laterais e o n\u00facleo absorvente mant\u00eam-na seg...","rel":"","context":"Similar post","img":{"alt_text":"","src":"https:\/\/i0.wp.com\/mundo.seashell.pt\/wp-content\/uploads\/2022\/02\/AUSONIA_PROTEGE_SLIP_NORMAL_40__8001090793546.png?resize=350%2C200&ssl=1","width":350,"height":200},"classes":[]},{"id":6968,"url":"https:\/\/mundo.seashell.pt\/?product=ausonia-airdry-pensos-higienicos","url_meta":{"origin":6958,"position":3},"title":"Ausonia Airdry Pensos Higi\u00eanicos","date":"Fevereiro 23, 2022","format":false,"excerpt":"Tenha uma noite de sono cont\u00ednuo com os pensos higi\u00e9nicos Ausonia Airdry. Os Pensos Extra Noite de Ausonia foram concebidos para proteg\u00ea-la at\u00e9 10 horas, pelo que n\u00e3o ter\u00e1 de acordar a meio da noite para verificar se ocorreram fugas ou para substituir o penso. Tudo isto gra\u00e7as \u00e0 sua\u2026","rel":"","context":"Similar post","img":{"alt_text":"","src":"https:\/\/i0.wp.com\/mundo.seashell.pt\/wp-content\/uploads\/2022\/02\/AUSONIA_AIRDRY_NOITE_ALAS_9_8001090229168.png?resize=350%2C200&ssl=1","width":350,"height":200},"classes":[]},{"id":6956,"url":"https:\/\/mundo.seashell.pt\/?product=evax-cottonlike-super-plus-alas-10-pensos-higienicos","url_meta":{"origin":6958,"position":4},"title":"Evax Cottonlike Super Plus Alas 10 Pensos Higi\u00eanicos","date":"Fevereiro 23, 2022","format":false,"excerpt":"At\u00e9 100% limpa, 0% odor. Descri\u00e7\u00e3o: Os pensos higi\u00e9nicos Evax Cottonlike s\u00e3o superabsorventes e mant\u00e9m-na 100% limpa e sem odor. O sistema duplo Evax Cottonlike possui p\u00e9rolas que neutralizam o odor, e o seu n\u00facleo absorvente proporciona uma absor\u00e7\u00e3o instant\u00e2nea. Com abas que fixam o penso \u00e0s suas cuequinhas e\u2026","rel":"","context":"Similar post","img":{"alt_text":"","src":"https:\/\/i0.wp.com\/mundo.seashell.pt\/wp-content\/uploads\/2022\/02\/EVAX_COTTONLIKE_SUPERPLUS_ALAS_10_8410108659062.png?resize=350%2C200&ssl=1","width":350,"height":200},"classes":[]},{"id":6950,"url":"https:\/\/mundo.seashell.pt\/?product=evax-cottonlike-alas-16-pensos-higienicos","url_meta":{"origin":6958,"position":5},"title":"Evax Cottonlike Alas &#8211; 16 Pensos Higi\u00e9nicos","date":"Fevereiro 23, 2022","format":false,"excerpt":"At\u00e9 100% limpa, 0% odor. Descri\u00e7\u00e3o: Os pensos higi\u00e9nicos Evax Cottonlike s\u00e3o superabsorventes e mant\u00e9m-na 100% limpa e sem odor. O sistema duplo Evax Cottonlike possui p\u00e9rolas que neutralizam o odor, e o seu n\u00facleo absorvente proporciona uma absor\u00e7\u00e3o instant\u00e2nea. Com abas que fixam o penso \u00e0s suas cuequinhas e\u2026","rel":"","context":"Similar post","img":{"alt_text":"","src":"https:\/\/i0.wp.com\/mundo.seashell.pt\/wp-content\/uploads\/2022\/02\/2485623-hero.jpeg?resize=350%2C200&ssl=1","width":350,"height":200},"classes":[]}],"_links":{"self":[{"href":"https:\/\/mundo.seashell.pt\/index.php?rest_route=\/wp\/v2\/product\/6958","targetHints":{"allow":["GET"]}}],"collection":[{"href":"https:\/\/mundo.seashell.pt\/index.php?rest_route=\/wp\/v2\/product"}],"about":[{"href":"https:\/\/mundo.seashell.pt\/index.php?rest_route=\/wp\/v2\/types\/product"}],"wp:featuredmedia":[{"embeddable":true,"href":"https:\/\/mundo.seashell.pt\/index.php?rest_route=\/wp\/v2\/media\/6959"}],"wp:attachment":[{"href":"https:\/\/mundo.seashell.pt\/index.php?rest_route=%2Fwp%2Fv2%2Fmedia&parent=6958"}],"wp:term":[{"taxonomy":"product_cat","embeddable":true,"href":"https:\/\/mundo.seashell.pt\/index.php?rest_route=%2Fwp%2Fv2%2Fproduct_cat&post=6958"},{"taxonomy":"product_tag","embeddable":true,"href":"https:\/\/mundo.seashell.pt\/index.php?rest_route=%2Fwp%2Fv2%2Fproduct_tag&post=6958"}],"curies":[{"name":"wp","href":"https:\/\/api.w.org\/{rel}","templated":true}]}}