{"id":6956,"date":"2022-02-23T19:01:47","date_gmt":"2022-02-23T19:01:47","guid":{"rendered":"https:\/\/mundo.seashell.pt\/?post_type=product&#038;p=6956"},"modified":"2022-02-23T19:01:50","modified_gmt":"2022-02-23T19:01:50","slug":"evax-cottonlike-super-plus-alas-10-pensos-higienicos","status":"publish","type":"product","link":"https:\/\/mundo.seashell.pt\/?product=evax-cottonlike-super-plus-alas-10-pensos-higienicos","title":{"rendered":"Evax Cottonlike Super Plus Alas 10 Pensos Higi\u00eanicos"},"content":{"rendered":"<p>At\u00e9 100% limpa, 0% odor.<\/p>\n<h3>Descri\u00e7\u00e3o:<\/h3>\n<p>Os pensos higi\u00e9nicos Evax Cottonlike s\u00e3o superabsorventes e mant\u00e9m-na 100% limpa e sem odor. O sistema duplo Evax Cottonlike possui p\u00e9rolas que neutralizam o odor, e o seu n\u00facleo absorvente proporciona uma absor\u00e7\u00e3o instant\u00e2nea. Com abas que fixam o penso \u00e0s suas cuequinhas e uma cobertura cottonlike que lhe oferece suavidade extra, estes pensos higi\u00e9nicos s\u00e3o resistentes e confort\u00e1veis durante todo o dia.<br \/>Dispon\u00edveis em diferentes n\u00edveis de absor\u00e7\u00e3o: Normal e Normal Plus para os dias de menor fluxo e fluxo regular; e Super e Super Plus para dias de fluxo abundante e muito abundante.<\/p>\n<h3>Tipo de produto:<\/h3>\n<p>Pensos Higi\u00e9nicos Normais<\/p>\n<h3>Benef\u00edcios:<\/h3>\n<p>&#8211; At\u00e9 100% limpa, 0% odor.<br \/>&#8211; Sistema duplo para controlo do odor e absor\u00e7\u00e3o instant\u00e2nea.<br \/>&#8211; Cobertura Cottonlike para maior conforto.<br \/>&#8211; Prote\u00e7\u00e3o de longa dura\u00e7\u00e3o durante todo o dia.<br \/>&#8211; Abas que fixam o penso \u00e0s suas cuequinhas.<\/p>\n","protected":false},"excerpt":{"rendered":"<p>At\u00e9 100% limpa, 0% odor.<br \/>\nDescri\u00e7\u00e3o:<br \/>\nOs pensos higi\u00e9nicos Evax Cottonlike s\u00e3o superabsorventes e mant\u00e9m-na 100% limpa e sem odor. O sistema duplo Evax Cottonlike possui p\u00e9rolas que neutralizam o odor, e o seu n\u00facleo absorvente proporciona uma absor\u00e7\u00e3o instant\u00e2nea. Com abas que fixam o penso \u00e0s suas cuequinhas e uma cobertur&#8230;<\/p>\n","protected":false},"featured_media":6957,"template":"","meta":{"spay_email":""},"product_cat":[15],"product_tag":[],"class_list":{"0":"post-6956","1":"product","2":"type-product","3":"status-publish","4":"has-post-thumbnail","6":"product_cat-sem-categoria","8":"first","9":"instock","10":"taxable","11":"shipping-taxable","12":"purchasable","13":"product-type-simple"},"acf":[],"jetpack-related-posts":[{"id":6954,"url":"https:\/\/mundo.seashell.pt\/?product=evax-cottonlike-super-alas-12-pensos-higienicos","url_meta":{"origin":6956,"position":0},"title":"Evax Cottonlike Super Alas &#8211; 12 Pensos Higi\u00eanicos","date":"Fevereiro 23, 2022","format":false,"excerpt":"At\u00e9 100% limpa, 0% odor. Descri\u00e7\u00e3o: Os pensos higi\u00e9nicos Evax Cottonlike s\u00e3o superabsorventes e mant\u00e9m-na 100% limpa e sem odor. O sistema duplo Evax Cottonlike possui p\u00e9rolas que neutralizam o odor, e o seu n\u00facleo absorvente proporciona uma absor\u00e7\u00e3o instant\u00e2nea. Com abas que fixam o penso \u00e0s suas cuequinhas e\u2026","rel":"","context":"Similar post","img":{"alt_text":"","src":"https:\/\/i0.wp.com\/mundo.seashell.pt\/wp-content\/uploads\/2022\/02\/EVAX_COTTONLIKE_SUPER_ALAS_12_8410108084031.png?resize=350%2C200&ssl=1","width":350,"height":200},"classes":[]},{"id":6952,"url":"https:\/\/mundo.seashell.pt\/?product=evax-cottonlike-normal-20-pensos-higienicos","url_meta":{"origin":6956,"position":1},"title":"Evax Cottonlike Normal &#8211; 20 Pensos Higi\u00e9nicos","date":"Fevereiro 23, 2022","format":false,"excerpt":"At\u00e9 100% limpa, 0% odor. Descri\u00e7\u00e3o: Os pensos higi\u00e9nicos Evax Cottonlike s\u00e3o superabsorventes e mant\u00e9m-na 100% limpa e sem odor. O sistema duplo Evax Cottonlike possui p\u00e9rolas que neutralizam o odor, e o seu n\u00facleo absorvente proporciona uma absor\u00e7\u00e3o instant\u00e2nea. Com abas que fixam o penso \u00e0s suas cuequinhas e\u2026","rel":"","context":"Similar post","img":{"alt_text":"","src":"https:\/\/i0.wp.com\/mundo.seashell.pt\/wp-content\/uploads\/2022\/02\/2501601-hero.jpeg?resize=350%2C200&ssl=1","width":350,"height":200},"classes":[]},{"id":6950,"url":"https:\/\/mundo.seashell.pt\/?product=evax-cottonlike-alas-16-pensos-higienicos","url_meta":{"origin":6956,"position":2},"title":"Evax Cottonlike Alas &#8211; 16 Pensos Higi\u00e9nicos","date":"Fevereiro 23, 2022","format":false,"excerpt":"At\u00e9 100% limpa, 0% odor. Descri\u00e7\u00e3o: Os pensos higi\u00e9nicos Evax Cottonlike s\u00e3o superabsorventes e mant\u00e9m-na 100% limpa e sem odor. O sistema duplo Evax Cottonlike possui p\u00e9rolas que neutralizam o odor, e o seu n\u00facleo absorvente proporciona uma absor\u00e7\u00e3o instant\u00e2nea. Com abas que fixam o penso \u00e0s suas cuequinhas e\u2026","rel":"","context":"Similar post","img":{"alt_text":"","src":"https:\/\/i0.wp.com\/mundo.seashell.pt\/wp-content\/uploads\/2022\/02\/2485623-hero.jpeg?resize=350%2C200&ssl=1","width":350,"height":200},"classes":[]},{"id":6962,"url":"https:\/\/mundo.seashell.pt\/?product=avax-salvaslip-normal-50-un","url_meta":{"origin":6956,"position":3},"title":"Avax Salvaslip Normal 50 un","date":"Fevereiro 23, 2022","format":false,"excerpt":"Qualidade Evax ao melhor pre\u00e7o. Descri\u00e7\u00e3o: Os pensos higi\u00e9nicos Evax Fina & Segura s\u00e3o a escolha perfeita para quem procura qualidade e desempenho ao melhor pre\u00e7o, para os dias do per\u00edodo com fluxo normal. Os pensos higi\u00e9nicos Evax Fina & Segura s\u00e3o finos para um maior conforto e possuem tecnologia\u2026","rel":"","context":"Similar post","img":{"alt_text":"","src":"https:\/\/i0.wp.com\/mundo.seashell.pt\/wp-content\/uploads\/2022\/02\/EVAX_SALVASLIP_NORMAL_50_8410108125857.png?resize=350%2C200&ssl=1","width":350,"height":200},"classes":[]},{"id":6960,"url":"https:\/\/mundo.seashell.pt\/?product=evax-fina-y-segura-pensos-higienicos","url_meta":{"origin":6956,"position":4},"title":"Evax Fina Y Segura Pensos Higi\u00eanicos","date":"Fevereiro 23, 2022","format":false,"excerpt":"Qualidade Evax ao melhor pre\u00e7o.Descri\u00e7\u00e3o: Os pensos higi\u00e9nicos Evax Fina & Segura s\u00e3o a escolha perfeita para quem procura qualidade e desempenho ao melhor pre\u00e7o, para os dias do per\u00edodo com fluxo normal. Os pensos higi\u00e9nicos Evax Fina & Segura s\u00e3o finos para um maior conforto e possuem tecnologia que\u2026","rel":"","context":"Similar post","img":{"alt_text":"","src":"https:\/\/i0.wp.com\/mundo.seashell.pt\/wp-content\/uploads\/2022\/02\/4594672-hero.jpeg?resize=350%2C200&ssl=1","width":350,"height":200},"classes":[]},{"id":6964,"url":"https:\/\/mundo.seashell.pt\/?product=evax-salvaslip-maxi-40un","url_meta":{"origin":6956,"position":5},"title":"Evax Salvaslip Maxi 40un","date":"Fevereiro 23, 2022","format":false,"excerpt":"Sinta-se fresca e limpa durante todo o dia, todos os dias Descri\u00e7\u00e3o:Com os pensos di\u00e1rios Evax vais poder sentir-te limpa e fresca todo o dia, todos os dias.Suaves como as suas cuequinhas gra\u00e7as ao toque de algod\u00e3o da sua camada superior, estes pensinhos di\u00e1rios mant\u00eam-na fresca e confort\u00e1vel gra\u00e7as \u00e0\u2026","rel":"","context":"Similar post","img":{"alt_text":"","src":"https:\/\/i0.wp.com\/mundo.seashell.pt\/wp-content\/uploads\/2022\/02\/evax_salvaslip_maxi_40.png?resize=350%2C200&ssl=1","width":350,"height":200},"classes":[]}],"_links":{"self":[{"href":"https:\/\/mundo.seashell.pt\/index.php?rest_route=\/wp\/v2\/product\/6956","targetHints":{"allow":["GET"]}}],"collection":[{"href":"https:\/\/mundo.seashell.pt\/index.php?rest_route=\/wp\/v2\/product"}],"about":[{"href":"https:\/\/mundo.seashell.pt\/index.php?rest_route=\/wp\/v2\/types\/product"}],"wp:featuredmedia":[{"embeddable":true,"href":"https:\/\/mundo.seashell.pt\/index.php?rest_route=\/wp\/v2\/media\/6957"}],"wp:attachment":[{"href":"https:\/\/mundo.seashell.pt\/index.php?rest_route=%2Fwp%2Fv2%2Fmedia&parent=6956"}],"wp:term":[{"taxonomy":"product_cat","embeddable":true,"href":"https:\/\/mundo.seashell.pt\/index.php?rest_route=%2Fwp%2Fv2%2Fproduct_cat&post=6956"},{"taxonomy":"product_tag","embeddable":true,"href":"https:\/\/mundo.seashell.pt\/index.php?rest_route=%2Fwp%2Fv2%2Fproduct_tag&post=6956"}],"curies":[{"name":"wp","href":"https:\/\/api.w.org\/{rel}","templated":true}]}}