{"id":6946,"date":"2022-02-23T19:01:31","date_gmt":"2022-02-23T19:01:31","guid":{"rendered":"https:\/\/mundo.seashell.pt\/?post_type=product&#038;p=6946"},"modified":"2022-02-23T19:01:34","modified_gmt":"2022-02-23T19:01:34","slug":"dodot-activity-quad-pack-192-toalhitas","status":"publish","type":"product","link":"https:\/\/mundo.seashell.pt\/?product=dodot-activity-quad-pack-192-toalhitas","title":{"rendered":"Dodot Activity Quad Pack 192 Toalhitas"},"content":{"rendered":"<p>A m\u00e1xima prote\u00e7\u00e3o da Dodot para a pele !<\/p>\n<h3>Descri\u00e7\u00e3o:<\/h3>\n<p>Envolve o seu beb\u00e9 na m\u00e1xima prote\u00e7\u00e3o da Dodot. Dodot Sensitive \u00e9 suave como penas, pelo que proporciona uma incr\u00edvel sensa\u00e7\u00e3o de suavidade para a sua pele. Al\u00e9m disso, gra\u00e7as \u00e0 sua camada absorvente Cora-soft, oferece a m\u00e1xima absor\u00e7\u00e3o de coc\u00f3 e xixi da Dodot, ao mesmo tempo que cuida com total delicadeza da pele do seu beb\u00e9.<\/p>\n<h3>Benef\u00edcios:<\/h3>\n<p>&#8211; M\u00e1xima prote\u00e7\u00e3o da Dodot para a pele;<br \/>&#8211; Suave como penas gra\u00e7as aos materiais selecionados que cuidam da pele do seu beb\u00e9;<br \/>&#8211; Camada absorvente Cora-soft que proporciona a m\u00e1xima absor\u00e7\u00e3o da Dodot de xixis e coc\u00f3s l\u00edquidos;<br \/>&#8211; O indicador de humidade varia de cor caso o seu beb\u00e9 tenha feito xixi;<br \/>&#8211; O corte na zona umbilical proporciona um ajuste suave e c\u00f3modo na zona do umbigo;<br \/>&#8211; Com canais de ar que mant\u00eam a pele do beb\u00e9 seca e arejada.<\/p><\/p>\n","protected":false},"excerpt":{"rendered":"<p>A m\u00e1xima prote\u00e7\u00e3o da Dodot para a pele !<br \/>\nDescri\u00e7\u00e3o:<br \/>\nEnvolve o seu beb\u00e9 na m\u00e1xima prote\u00e7\u00e3o da Dodot. Dodot Sensitive \u00e9 suave como penas, pelo que proporciona uma incr\u00edvel sensa\u00e7\u00e3o de suavidade para a sua pele. Al\u00e9m disso, gra\u00e7as \u00e0 sua camada absorvente Cora-soft, oferece a m\u00e1xima absor\u00e7\u00e3o de coc\u00f3 e xixi da Dodot, ao mesmo t&#8230;<\/p>\n","protected":false},"featured_media":6947,"template":"","meta":{"spay_email":""},"product_cat":[15],"product_tag":[],"class_list":{"0":"post-6946","1":"product","2":"type-product","3":"status-publish","4":"has-post-thumbnail","6":"product_cat-sem-categoria","8":"first","9":"instock","10":"taxable","11":"shipping-taxable","12":"purchasable","13":"product-type-simple"},"acf":[],"jetpack-related-posts":[{"id":6944,"url":"https:\/\/mundo.seashell.pt\/?product=dodot-sensitive-quad-pack-216-toalhitas","url_meta":{"origin":6946,"position":0},"title":"Dodot Sensitive Quad Pack 216 Toalhitas","date":"Fevereiro 23, 2022","format":false,"excerpt":"A m\u00e1xima prote\u00e7\u00e3o da Dodot para a pele !Descri\u00e7\u00e3o: Envolve o seu beb\u00e9 na m\u00e1xima prote\u00e7\u00e3o da Dodot. Dodot Sensitive \u00e9 suave como penas, pelo que proporciona uma incr\u00edvel sensa\u00e7\u00e3o de suavidade para a sua pele. Al\u00e9m disso, gra\u00e7as \u00e0 sua camada absorvente Cora-soft, oferece a m\u00e1xima absor\u00e7\u00e3o de coc\u00f3\u2026","rel":"","context":"Similar post","img":{"alt_text":"","src":"https:\/\/i0.wp.com\/mundo.seashell.pt\/wp-content\/uploads\/2022\/02\/DODOT_SENSITIVE_RECARGA_QUATROPACK_54_X_4_8410108122535.png?resize=350%2C200&ssl=1","width":350,"height":200},"classes":[]},{"id":6948,"url":"https:\/\/mundo.seashell.pt\/?product=dodot-tampa-azul-six-pack-384-toalhitas","url_meta":{"origin":6946,"position":1},"title":"Dodot Tampa Azul Six Pack 384 Toalhitas","date":"Fevereiro 23, 2022","format":false,"excerpt":"A m\u00e1xima prote\u00e7\u00e3o da Dodot para a pele ! Descri\u00e7\u00e3o: Envolve o seu beb\u00e9 na m\u00e1xima prote\u00e7\u00e3o da Dodot. Dodot Sensitive \u00e9 suave como penas, pelo que proporciona uma incr\u00edvel sensa\u00e7\u00e3o de suavidade para a sua pele. Al\u00e9m disso, gra\u00e7as \u00e0 sua camada absorvente Cora-soft, oferece a m\u00e1xima absor\u00e7\u00e3o de\u2026","rel":"","context":"Similar post","img":{"alt_text":"","src":"https:\/\/i0.wp.com\/mundo.seashell.pt\/wp-content\/uploads\/2022\/02\/Captura_de_ecra__2021-10-06__a_s_16.12.06.png?resize=350%2C200&ssl=1","width":350,"height":200},"classes":[]},{"id":6932,"url":"https:\/\/mundo.seashell.pt\/?product=dodot-fraldas-bebe-seco","url_meta":{"origin":6946,"position":2},"title":"Dodot Fraldas B\u00e9b\u00e9 Seco","date":"Fevereiro 23, 2022","format":false,"excerpt":"Suave como o algod\u00e3o, para um contacto delicado com a pele do seu beb\u00e9!Descri\u00e7\u00e3o: Dodot beb\u00e9-seco \u00e9 a \u00fanica fralda com canais de ar que cria espa\u00e7o para que o ar circule dentro da fralda mantendo o rabinho seco e arejado toda a noite!Benef\u00edcios: - Canais de ar para que\u2026","rel":"","context":"Similar post","img":{"alt_text":"","src":"https:\/\/i0.wp.com\/mundo.seashell.pt\/wp-content\/uploads\/2022\/02\/DODOT_BEBE__SECO_T2_72_8001841692555.png?resize=350%2C200&ssl=1","width":350,"height":200},"classes":[]},{"id":6934,"url":"https:\/\/mundo.seashell.pt\/?product=dodot-pants-fraldas-bebe","url_meta":{"origin":6946,"position":3},"title":"Dodot Pants Fraldas B\u00e9b\u00e9","date":"Fevereiro 23, 2022","format":false,"excerpt":"Suave como o algod\u00e3o, para um contacto delicado com a pele do seu beb\u00e9!Descri\u00e7\u00e3o: Quando os beb\u00e9s come\u00e7am a mexer-se, a retorcer-se e a gatinhar, a mudan\u00e7a de fralda torna-se mais complicada. Por isso a marca Dodot cria Dodot Pants. Uma fralda-cueca, com cintura el\u00e1stica e muito f\u00e1cil de p\u00f4r\u2026","rel":"","context":"Similar post","img":{"alt_text":"","src":"https:\/\/i0.wp.com\/mundo.seashell.pt\/wp-content\/uploads\/2022\/02\/DODOT_PANTS_T3_36_8001841677118.png?resize=350%2C200&ssl=1","width":350,"height":200},"classes":[]},{"id":6938,"url":"https:\/\/mundo.seashell.pt\/?product=dodot-pure-aqua-48-toalhitas","url_meta":{"origin":6946,"position":4},"title":"Dodot Pure Aqua 48 Toalhitas","date":"Fevereiro 23, 2022","format":false,"excerpt":"Adequadas para a pele delicada do rec\u00e9m-nascido, incluindo rabinho, m\u00e3os, p\u00e9s e cara !Descri\u00e7\u00e3o: As toalhitas Aqua Pure Dodot s\u00e3o compostas por 99% de \u00e1gua para uma limpeza delicada da pele do seu beb\u00e9. O restante 1% inclui ingredientes delicados com a pele que ajudam a recuperar o pH natural\u2026","rel":"","context":"Similar post","img":{"alt_text":"","src":"https:\/\/i0.wp.com\/mundo.seashell.pt\/wp-content\/uploads\/2022\/02\/DODOT_PURE_48_UNID_8001841115498.png?resize=350%2C200&ssl=1","width":350,"height":200},"classes":[]},{"id":6940,"url":"https:\/\/mundo.seashell.pt\/?product=dodot-tampa-azul-64-toalhitas","url_meta":{"origin":6946,"position":5},"title":"Dodot Tampa Azul 64 Toalhitas","date":"Fevereiro 23, 2022","format":false,"excerpt":"Descri\u00e7\u00e3o: As toalhitas Dodot limpam e hidratam em cada passagem, gra\u00e7as \u00e0 exclusiva textura com ondas deslizantes. A sua lo\u00e7\u00e3o exclusiva oferece a hidrata\u00e7\u00e3o adequada para a pele do beb\u00e9 e ajuda a recuperar o pH natural da pele de forma instant\u00e2nea. Para al\u00e9m disso, a sua fresca fragr\u00e2ncia far\u00e1\u2026","rel":"","context":"Similar post","img":{"alt_text":"","src":"https:\/\/i0.wp.com\/mundo.seashell.pt\/wp-content\/uploads\/2022\/02\/DODOT_TOALHITA_AZUL_1x64_C_TAMPA_8001090134226.png?resize=350%2C200&ssl=1","width":350,"height":200},"classes":[]}],"_links":{"self":[{"href":"https:\/\/mundo.seashell.pt\/index.php?rest_route=\/wp\/v2\/product\/6946","targetHints":{"allow":["GET"]}}],"collection":[{"href":"https:\/\/mundo.seashell.pt\/index.php?rest_route=\/wp\/v2\/product"}],"about":[{"href":"https:\/\/mundo.seashell.pt\/index.php?rest_route=\/wp\/v2\/types\/product"}],"wp:featuredmedia":[{"embeddable":true,"href":"https:\/\/mundo.seashell.pt\/index.php?rest_route=\/wp\/v2\/media\/6947"}],"wp:attachment":[{"href":"https:\/\/mundo.seashell.pt\/index.php?rest_route=%2Fwp%2Fv2%2Fmedia&parent=6946"}],"wp:term":[{"taxonomy":"product_cat","embeddable":true,"href":"https:\/\/mundo.seashell.pt\/index.php?rest_route=%2Fwp%2Fv2%2Fproduct_cat&post=6946"},{"taxonomy":"product_tag","embeddable":true,"href":"https:\/\/mundo.seashell.pt\/index.php?rest_route=%2Fwp%2Fv2%2Fproduct_tag&post=6946"}],"curies":[{"name":"wp","href":"https:\/\/api.w.org\/{rel}","templated":true}]}}