{"id":6940,"date":"2022-02-23T19:01:20","date_gmt":"2022-02-23T19:01:20","guid":{"rendered":"https:\/\/mundo.seashell.pt\/?post_type=product&#038;p=6940"},"modified":"2022-02-23T19:01:22","modified_gmt":"2022-02-23T19:01:22","slug":"dodot-tampa-azul-64-toalhitas","status":"publish","type":"product","link":"https:\/\/mundo.seashell.pt\/?product=dodot-tampa-azul-64-toalhitas","title":{"rendered":"Dodot Tampa Azul 64 Toalhitas"},"content":{"rendered":"<h3>Descri\u00e7\u00e3o:<\/h3>\n<p>As toalhitas Dodot limpam e hidratam em cada passagem, gra\u00e7as \u00e0 exclusiva textura com ondas deslizantes. A sua lo\u00e7\u00e3o exclusiva oferece a hidrata\u00e7\u00e3o adequada para a pele do beb\u00e9 e ajuda a recuperar o pH natural da pele de forma instant\u00e2nea. Para al\u00e9m disso, a sua fresca fragr\u00e2ncia far\u00e1 da muda de fralda uma experi\u00eancia agrad\u00e1vel. Tamb\u00e9m s\u00e3o ideais para as m\u00e3os e para a cara. Para al\u00e9m disso, foram dermatologicamente testadas e cont\u00eam 0% de fenoxietanol, parabenos e \u00e1lcool.<\/p>\n<h3>Benef\u00edcios:<\/h3>\n<p>&#8211; Textura exclusiva com ondas deslizantes para uma limpeza delicada da pele;<br \/>&#8211; Ajudam a recuperar o pH natural da pele de forma instant\u00e2nea;<br \/>&#8211; Gra\u00e7as \u00e0 sua exclusiva lo\u00e7\u00e3o, oferece a hidrata\u00e7\u00e3o adequada para a pele do beb\u00e9;<br \/>&#8211; Fragr\u00e2ncia fresca, para uma experi\u00eancia de muda da fralda agrad\u00e1vel;<br \/>&#8211; Tamb\u00e9m \u00e9 ideal para limpar e refrescar m\u00e3os e cara;<br \/>&#8211; Testado dermatologicamente e com 0% de fenoxietanol, parabenos e \u00e1lcool.<\/p>\n","protected":false},"excerpt":{"rendered":"<h3>Descri\u00e7\u00e3o:<\/h3>\n<p>As toalhitas Dodot limpam e hidratam em cada passagem, gra\u00e7as \u00e0 exclusiva textura com ondas deslizantes. A sua lo\u00e7\u00e3o exclusiva oferece a hidrata\u00e7\u00e3o adequada para a pele do beb\u00e9 e ajuda a recuperar o pH natural da pele de forma instant\u00e2nea. Para al\u00e9m disso, a sua fresca fragr\u00e2ncia far\u00e1 da muda de fralda uma experi\u00eancia agra&#8230;<\/p>\n","protected":false},"featured_media":6941,"template":"","meta":{"spay_email":""},"product_cat":[15],"product_tag":[],"class_list":{"0":"post-6940","1":"product","2":"type-product","3":"status-publish","4":"has-post-thumbnail","6":"product_cat-sem-categoria","8":"first","9":"instock","10":"taxable","11":"shipping-taxable","12":"purchasable","13":"product-type-simple"},"acf":[],"jetpack-related-posts":[{"id":6942,"url":"https:\/\/mundo.seashell.pt\/?product=dodot-maos-limpas-40-toalhitas","url_meta":{"origin":6940,"position":0},"title":"Dodot M\u00e3os Limpas 40 Toalhitas","date":"Fevereiro 23, 2022","format":false,"excerpt":"Limpa e hidrata a cada passagem !Descri\u00e7\u00e3o: As toalhitas Dodot limpam e hidratam em cada passagem, gra\u00e7as \u00e0 exclusiva textura com ondas deslizantes. A sua lo\u00e7\u00e3o exclusiva oferece a hidrata\u00e7\u00e3o adequada para a pele do beb\u00e9 e ajuda a recuperar o pH natural da pele de forma instant\u00e2nea. Para al\u00e9m\u2026","rel":"","context":"Similar post","img":{"alt_text":"","src":"https:\/\/i0.wp.com\/mundo.seashell.pt\/wp-content\/uploads\/2022\/02\/DODOT_TOALHITAS_MA_OS_LIMPAS_40Unid_8006540222287.png?resize=350%2C200&ssl=1","width":350,"height":200},"classes":[]},{"id":6938,"url":"https:\/\/mundo.seashell.pt\/?product=dodot-pure-aqua-48-toalhitas","url_meta":{"origin":6940,"position":1},"title":"Dodot Pure Aqua 48 Toalhitas","date":"Fevereiro 23, 2022","format":false,"excerpt":"Adequadas para a pele delicada do rec\u00e9m-nascido, incluindo rabinho, m\u00e3os, p\u00e9s e cara !Descri\u00e7\u00e3o: As toalhitas Aqua Pure Dodot s\u00e3o compostas por 99% de \u00e1gua para uma limpeza delicada da pele do seu beb\u00e9. O restante 1% inclui ingredientes delicados com a pele que ajudam a recuperar o pH natural\u2026","rel":"","context":"Similar post","img":{"alt_text":"","src":"https:\/\/i0.wp.com\/mundo.seashell.pt\/wp-content\/uploads\/2022\/02\/DODOT_PURE_48_UNID_8001841115498.png?resize=350%2C200&ssl=1","width":350,"height":200},"classes":[]},{"id":6936,"url":"https:\/\/mundo.seashell.pt\/?product=toalhitas-dodot-basico-racarga-54-toalhitas","url_meta":{"origin":6940,"position":2},"title":"Toalhitas Dodot B\u00e1sico Racarga 54 toalhitas","date":"Fevereiro 23, 2022","format":false,"excerpt":"Qualidade Dodot a um pre\u00e7o b\u00e1sico !Descri\u00e7\u00e3o: As toalhitas Dodot B\u00e1sico oferecem toda a qualidade da Dodot a um pre\u00e7o b\u00e1sico. Com a sua agrad\u00e1vel fragr\u00e2ncia, limpam e refrescam a pele do rabinho, m\u00e3os e cara. Para al\u00e9m disso, foram dermatologicamente testadas e cont\u00eam 0% de fenoxietanol, parabenos e \u00e1lcool.Benef\u00edci...","rel":"","context":"Similar post","img":{"alt_text":"","src":"https:\/\/i0.wp.com\/mundo.seashell.pt\/wp-content\/uploads\/2022\/02\/DODOT_BA_SICO_RECARGA_54_8001090139504.png?resize=350%2C200&ssl=1","width":350,"height":200},"classes":[]},{"id":6700,"url":"https:\/\/mundo.seashell.pt\/?product=toalhitas-suaves-50-unidades","url_meta":{"origin":6940,"position":3},"title":"Toalhitas Suaves &#8211; 50 unidades","date":"Fevereiro 23, 2022","format":false,"excerpt":"NIVEA Toalhitas de Limpeza Suaves 3 em 1 Removem a maquilhagem e a m\u00e1scara waterproof, e limpam delicadamente. Tecido derivado de plantas e f\u00f3rmula sem micropl\u00e1sticos F\u00f3rmula de cuidado enriquecida com \u00d3leo de Am\u00eandoa Natural e feita com ingredientes de origem natural para uma utiliza\u00e7\u00e3o di\u00e1ria. Hidrata...","rel":"","context":"Similar post","img":{"alt_text":"","src":"https:\/\/i0.wp.com\/mundo.seashell.pt\/wp-content\/uploads\/2022\/02\/82316-06600-08_Toalhitas_de_Limpeza_Suaves_Pele_SS_L2P1_4005900450074.png?resize=350%2C200&ssl=1","width":350,"height":200},"classes":[]},{"id":6790,"url":"https:\/\/mundo.seashell.pt\/?product=dove-gel-de-banho-masculino","url_meta":{"origin":6940,"position":4},"title":"Dove Gel de Banho Masculino","date":"Fevereiro 23, 2022","format":false,"excerpt":"O Gel de Duche Dove Men+Care tem \u00bc de creme hidratante para limpar cuidadosamente a sua pele e ajudar a mante-la hidratada. Esta f\u00f3rmula eficaz \u00e9 f\u00e1cil de enxaguar e d\u00e1 um total conforto e frescura \u00e0 sua pele.Este Gel de Duche usa a tecnologia MicroMoisture que ajuda a manter\u2026","rel":"","context":"Similar post","img":{"alt_text":"","src":"https:\/\/i0.wp.com\/mundo.seashell.pt\/wp-content\/uploads\/2022\/02\/DOVE_MEN_GEL_BANHO_CLEAN_COMFORT_400ML.png?resize=350%2C200&ssl=1","width":350,"height":200},"classes":[]},{"id":6934,"url":"https:\/\/mundo.seashell.pt\/?product=dodot-pants-fraldas-bebe","url_meta":{"origin":6940,"position":5},"title":"Dodot Pants Fraldas B\u00e9b\u00e9","date":"Fevereiro 23, 2022","format":false,"excerpt":"Suave como o algod\u00e3o, para um contacto delicado com a pele do seu beb\u00e9!Descri\u00e7\u00e3o: Quando os beb\u00e9s come\u00e7am a mexer-se, a retorcer-se e a gatinhar, a mudan\u00e7a de fralda torna-se mais complicada. Por isso a marca Dodot cria Dodot Pants. Uma fralda-cueca, com cintura el\u00e1stica e muito f\u00e1cil de p\u00f4r\u2026","rel":"","context":"Similar post","img":{"alt_text":"","src":"https:\/\/i0.wp.com\/mundo.seashell.pt\/wp-content\/uploads\/2022\/02\/DODOT_PANTS_T3_36_8001841677118.png?resize=350%2C200&ssl=1","width":350,"height":200},"classes":[]}],"_links":{"self":[{"href":"https:\/\/mundo.seashell.pt\/index.php?rest_route=\/wp\/v2\/product\/6940","targetHints":{"allow":["GET"]}}],"collection":[{"href":"https:\/\/mundo.seashell.pt\/index.php?rest_route=\/wp\/v2\/product"}],"about":[{"href":"https:\/\/mundo.seashell.pt\/index.php?rest_route=\/wp\/v2\/types\/product"}],"wp:featuredmedia":[{"embeddable":true,"href":"https:\/\/mundo.seashell.pt\/index.php?rest_route=\/wp\/v2\/media\/6941"}],"wp:attachment":[{"href":"https:\/\/mundo.seashell.pt\/index.php?rest_route=%2Fwp%2Fv2%2Fmedia&parent=6940"}],"wp:term":[{"taxonomy":"product_cat","embeddable":true,"href":"https:\/\/mundo.seashell.pt\/index.php?rest_route=%2Fwp%2Fv2%2Fproduct_cat&post=6940"},{"taxonomy":"product_tag","embeddable":true,"href":"https:\/\/mundo.seashell.pt\/index.php?rest_route=%2Fwp%2Fv2%2Fproduct_tag&post=6940"}],"curies":[{"name":"wp","href":"https:\/\/api.w.org\/{rel}","templated":true}]}}