{"id":6938,"date":"2022-02-23T19:01:16","date_gmt":"2022-02-23T19:01:16","guid":{"rendered":"https:\/\/mundo.seashell.pt\/?post_type=product&#038;p=6938"},"modified":"2022-02-23T19:01:20","modified_gmt":"2022-02-23T19:01:20","slug":"dodot-pure-aqua-48-toalhitas","status":"publish","type":"product","link":"https:\/\/mundo.seashell.pt\/?product=dodot-pure-aqua-48-toalhitas","title":{"rendered":"Dodot Pure Aqua 48 Toalhitas"},"content":{"rendered":"<p>Adequadas para a pele delicada do rec\u00e9m-nascido, incluindo rabinho, m\u00e3os, p\u00e9s e cara !<\/p>\n<h3>Descri\u00e7\u00e3o:<\/h3>\n<p>As toalhitas Aqua Pure Dodot s\u00e3o compostas por 99% de \u00e1gua para uma limpeza delicada da pele do seu beb\u00e9. O restante 1% inclui ingredientes delicados com a pele que ajudam a recuperar o pH natural e previnem irrita\u00e7\u00f5es. Al\u00e9m disso, cont\u00eam algod\u00e3o org\u00e2nico para que o contacto com a pele do beb\u00e9 seja muito suave. Estas toalhitas s\u00e3o adequadas para a pele desde o primeiro dia e foram dermatologicamente testadas. N\u00e3o cont\u00eam perfume ou \u00e1lcool.<\/p>\n<h3>Benef\u00edcios:<\/h3>\n<p>&#8211; Compostas por 99% de \u00e1gua para uma limpeza delicada;<br \/>&#8211; Com algod\u00e3o org\u00e2nico para um contacto suave com a pele do beb\u00e9;<br \/>&#8211; 1% de ingredientes delicados com a pele que ajudam a recuperar o pH natural;<br \/>&#8211; Adequadas para a pele delicada do rec\u00e9m-nascido, incluindo rabinho, m\u00e3os, p\u00e9s e cara;<br \/>&#8211; Dermatologicamente testadas e 0% de perfume ou \u00e1lcool;<br \/>&#8211; Cont\u00eam materiais de origem vegetal.<\/p>\n<p><\/p>\n","protected":false},"excerpt":{"rendered":"<p>Adequadas para a pele delicada do rec\u00e9m-nascido, incluindo rabinho, m\u00e3os, p\u00e9s e cara !<\/p>\n<h3>Descri\u00e7\u00e3o:<\/h3>\n<p>As toalhitas Aqua Pure Dodot s\u00e3o compostas por 99% de \u00e1gua para uma limpeza delicada da pele do seu beb\u00e9. O restante 1% inclui ingredientes delicados com a pele que ajudam a recuperar o pH natural e previnem irrita\u00e7\u00f5es. Al\u00e9m di&#8230;<\/p>\n","protected":false},"featured_media":6939,"template":"","meta":{"spay_email":""},"product_cat":[15],"product_tag":[],"class_list":{"0":"post-6938","1":"product","2":"type-product","3":"status-publish","4":"has-post-thumbnail","6":"product_cat-sem-categoria","8":"first","9":"instock","10":"taxable","11":"shipping-taxable","12":"purchasable","13":"product-type-simple"},"acf":[],"jetpack-related-posts":[{"id":6942,"url":"https:\/\/mundo.seashell.pt\/?product=dodot-maos-limpas-40-toalhitas","url_meta":{"origin":6938,"position":0},"title":"Dodot M\u00e3os Limpas 40 Toalhitas","date":"Fevereiro 23, 2022","format":false,"excerpt":"Limpa e hidrata a cada passagem !Descri\u00e7\u00e3o: As toalhitas Dodot limpam e hidratam em cada passagem, gra\u00e7as \u00e0 exclusiva textura com ondas deslizantes. A sua lo\u00e7\u00e3o exclusiva oferece a hidrata\u00e7\u00e3o adequada para a pele do beb\u00e9 e ajuda a recuperar o pH natural da pele de forma instant\u00e2nea. Para al\u00e9m\u2026","rel":"","context":"Similar post","img":{"alt_text":"","src":"https:\/\/i0.wp.com\/mundo.seashell.pt\/wp-content\/uploads\/2022\/02\/DODOT_TOALHITAS_MA_OS_LIMPAS_40Unid_8006540222287.png?resize=350%2C200&ssl=1","width":350,"height":200},"classes":[]},{"id":6940,"url":"https:\/\/mundo.seashell.pt\/?product=dodot-tampa-azul-64-toalhitas","url_meta":{"origin":6938,"position":1},"title":"Dodot Tampa Azul 64 Toalhitas","date":"Fevereiro 23, 2022","format":false,"excerpt":"Descri\u00e7\u00e3o: As toalhitas Dodot limpam e hidratam em cada passagem, gra\u00e7as \u00e0 exclusiva textura com ondas deslizantes. A sua lo\u00e7\u00e3o exclusiva oferece a hidrata\u00e7\u00e3o adequada para a pele do beb\u00e9 e ajuda a recuperar o pH natural da pele de forma instant\u00e2nea. Para al\u00e9m disso, a sua fresca fragr\u00e2ncia far\u00e1\u2026","rel":"","context":"Similar post","img":{"alt_text":"","src":"https:\/\/i0.wp.com\/mundo.seashell.pt\/wp-content\/uploads\/2022\/02\/DODOT_TOALHITA_AZUL_1x64_C_TAMPA_8001090134226.png?resize=350%2C200&ssl=1","width":350,"height":200},"classes":[]},{"id":6932,"url":"https:\/\/mundo.seashell.pt\/?product=dodot-fraldas-bebe-seco","url_meta":{"origin":6938,"position":2},"title":"Dodot Fraldas B\u00e9b\u00e9 Seco","date":"Fevereiro 23, 2022","format":false,"excerpt":"Suave como o algod\u00e3o, para um contacto delicado com a pele do seu beb\u00e9!Descri\u00e7\u00e3o: Dodot beb\u00e9-seco \u00e9 a \u00fanica fralda com canais de ar que cria espa\u00e7o para que o ar circule dentro da fralda mantendo o rabinho seco e arejado toda a noite!Benef\u00edcios: - Canais de ar para que\u2026","rel":"","context":"Similar post","img":{"alt_text":"","src":"https:\/\/i0.wp.com\/mundo.seashell.pt\/wp-content\/uploads\/2022\/02\/DODOT_BEBE__SECO_T2_72_8001841692555.png?resize=350%2C200&ssl=1","width":350,"height":200},"classes":[]},{"id":6934,"url":"https:\/\/mundo.seashell.pt\/?product=dodot-pants-fraldas-bebe","url_meta":{"origin":6938,"position":3},"title":"Dodot Pants Fraldas B\u00e9b\u00e9","date":"Fevereiro 23, 2022","format":false,"excerpt":"Suave como o algod\u00e3o, para um contacto delicado com a pele do seu beb\u00e9!Descri\u00e7\u00e3o: Quando os beb\u00e9s come\u00e7am a mexer-se, a retorcer-se e a gatinhar, a mudan\u00e7a de fralda torna-se mais complicada. Por isso a marca Dodot cria Dodot Pants. Uma fralda-cueca, com cintura el\u00e1stica e muito f\u00e1cil de p\u00f4r\u2026","rel":"","context":"Similar post","img":{"alt_text":"","src":"https:\/\/i0.wp.com\/mundo.seashell.pt\/wp-content\/uploads\/2022\/02\/DODOT_PANTS_T3_36_8001841677118.png?resize=350%2C200&ssl=1","width":350,"height":200},"classes":[]},{"id":6772,"url":"https:\/\/mundo.seashell.pt\/?product=vaseline-gel-de-banho-07l","url_meta":{"origin":6938,"position":4},"title":"Vaseline Gel de Banho 700ml","date":"Fevereiro 23, 2022","format":false,"excerpt":"O gel de banho Vaselin protege eficazmente a pele. Com uma combina\u00e7\u00e3o de ingredientes especiais e agentes de limpeza delicados, o gel de banho Vaseline nutre a sua pele para que esta se mantenha suave e saud\u00e1vel. Benef\u00edcios: - pH neutro para a pele.- Dermatologicamente testado. Conselhos de utiliza\u00e7\u00e3o: Aplique\u2026","rel":"","context":"Similar post","img":{"alt_text":"","src":"https:\/\/i0.wp.com\/mundo.seashell.pt\/wp-content\/uploads\/2022\/02\/VASELINE_GEL_BANHO_DERMA_CARE_700ML.png?resize=350%2C200&ssl=1","width":350,"height":200},"classes":[]},{"id":6936,"url":"https:\/\/mundo.seashell.pt\/?product=toalhitas-dodot-basico-racarga-54-toalhitas","url_meta":{"origin":6938,"position":5},"title":"Toalhitas Dodot B\u00e1sico Racarga 54 toalhitas","date":"Fevereiro 23, 2022","format":false,"excerpt":"Qualidade Dodot a um pre\u00e7o b\u00e1sico !Descri\u00e7\u00e3o: As toalhitas Dodot B\u00e1sico oferecem toda a qualidade da Dodot a um pre\u00e7o b\u00e1sico. Com a sua agrad\u00e1vel fragr\u00e2ncia, limpam e refrescam a pele do rabinho, m\u00e3os e cara. Para al\u00e9m disso, foram dermatologicamente testadas e cont\u00eam 0% de fenoxietanol, parabenos e \u00e1lcool.Benef\u00edci...","rel":"","context":"Similar post","img":{"alt_text":"","src":"https:\/\/i0.wp.com\/mundo.seashell.pt\/wp-content\/uploads\/2022\/02\/DODOT_BA_SICO_RECARGA_54_8001090139504.png?resize=350%2C200&ssl=1","width":350,"height":200},"classes":[]}],"_links":{"self":[{"href":"https:\/\/mundo.seashell.pt\/index.php?rest_route=\/wp\/v2\/product\/6938","targetHints":{"allow":["GET"]}}],"collection":[{"href":"https:\/\/mundo.seashell.pt\/index.php?rest_route=\/wp\/v2\/product"}],"about":[{"href":"https:\/\/mundo.seashell.pt\/index.php?rest_route=\/wp\/v2\/types\/product"}],"wp:featuredmedia":[{"embeddable":true,"href":"https:\/\/mundo.seashell.pt\/index.php?rest_route=\/wp\/v2\/media\/6939"}],"wp:attachment":[{"href":"https:\/\/mundo.seashell.pt\/index.php?rest_route=%2Fwp%2Fv2%2Fmedia&parent=6938"}],"wp:term":[{"taxonomy":"product_cat","embeddable":true,"href":"https:\/\/mundo.seashell.pt\/index.php?rest_route=%2Fwp%2Fv2%2Fproduct_cat&post=6938"},{"taxonomy":"product_tag","embeddable":true,"href":"https:\/\/mundo.seashell.pt\/index.php?rest_route=%2Fwp%2Fv2%2Fproduct_tag&post=6938"}],"curies":[{"name":"wp","href":"https:\/\/api.w.org\/{rel}","templated":true}]}}