{"id":6936,"date":"2022-02-23T19:01:14","date_gmt":"2022-02-23T19:01:14","guid":{"rendered":"https:\/\/mundo.seashell.pt\/?post_type=product&#038;p=6936"},"modified":"2022-02-23T19:01:16","modified_gmt":"2022-02-23T19:01:16","slug":"toalhitas-dodot-basico-racarga-54-toalhitas","status":"publish","type":"product","link":"https:\/\/mundo.seashell.pt\/?product=toalhitas-dodot-basico-racarga-54-toalhitas","title":{"rendered":"Toalhitas Dodot B\u00e1sico Racarga 54 toalhitas"},"content":{"rendered":"<p>Qualidade Dodot a um pre\u00e7o b\u00e1sico !<\/p>\n<h3>Descri\u00e7\u00e3o:<\/h3>\n<p>As toalhitas Dodot B\u00e1sico oferecem toda a qualidade da Dodot a um pre\u00e7o b\u00e1sico. Com a sua agrad\u00e1vel fragr\u00e2ncia, limpam e refrescam a pele do rabinho, m\u00e3os e cara. Para al\u00e9m disso, foram dermatologicamente testadas e cont\u00eam 0% de fenoxietanol, parabenos e \u00e1lcool.<\/p>\n<h3>Benef\u00edcios:<\/h3>\n<p>&#8211; Qualidade Dodot a um pre\u00e7o b\u00e1sico;<br \/>&#8211; Ideal para limpar e refrescar a pele do rabinho, m\u00e3os e cara;<br \/>&#8211; Cheirinho a limpo para uma sensa\u00e7\u00e3o fresca e agrad\u00e1vel;<br \/>&#8211; Testado dermatologicamente e com 0% de fenoxietanol, parabenos e \u00e1lcool;<\/p>\n<p><\/p>\n","protected":false},"excerpt":{"rendered":"<p>Qualidade Dodot a um pre\u00e7o b\u00e1sico !<\/p>\n<h3>Descri\u00e7\u00e3o:<\/h3>\n<p>As toalhitas Dodot B\u00e1sico oferecem toda a qualidade da Dodot a um pre\u00e7o b\u00e1sico. Com a sua agrad\u00e1vel fragr\u00e2ncia, limpam e refrescam a pele do rabinho, m\u00e3os e cara. Para al\u00e9m disso, foram dermatologicamente testadas e cont\u00eam 0% de fenoxietanol, parabenos e \u00e1lcool.<\/p>\n<h3>Benef\u00edci&#8230;<\/p>\n","protected":false},"featured_media":6937,"template":"","meta":{"spay_email":""},"product_cat":[15],"product_tag":[],"class_list":{"0":"post-6936","1":"product","2":"type-product","3":"status-publish","4":"has-post-thumbnail","6":"product_cat-sem-categoria","8":"first","9":"instock","10":"taxable","11":"shipping-taxable","12":"purchasable","13":"product-type-simple"},"acf":[],"jetpack-related-posts":[{"id":6942,"url":"https:\/\/mundo.seashell.pt\/?product=dodot-maos-limpas-40-toalhitas","url_meta":{"origin":6936,"position":0},"title":"Dodot M\u00e3os Limpas 40 Toalhitas","date":"Fevereiro 23, 2022","format":false,"excerpt":"Limpa e hidrata a cada passagem !Descri\u00e7\u00e3o: As toalhitas Dodot limpam e hidratam em cada passagem, gra\u00e7as \u00e0 exclusiva textura com ondas deslizantes. A sua lo\u00e7\u00e3o exclusiva oferece a hidrata\u00e7\u00e3o adequada para a pele do beb\u00e9 e ajuda a recuperar o pH natural da pele de forma instant\u00e2nea. Para al\u00e9m\u2026","rel":"","context":"Similar post","img":{"alt_text":"","src":"https:\/\/i0.wp.com\/mundo.seashell.pt\/wp-content\/uploads\/2022\/02\/DODOT_TOALHITAS_MA_OS_LIMPAS_40Unid_8006540222287.png?resize=350%2C200&ssl=1","width":350,"height":200},"classes":[]},{"id":6940,"url":"https:\/\/mundo.seashell.pt\/?product=dodot-tampa-azul-64-toalhitas","url_meta":{"origin":6936,"position":1},"title":"Dodot Tampa Azul 64 Toalhitas","date":"Fevereiro 23, 2022","format":false,"excerpt":"Descri\u00e7\u00e3o: As toalhitas Dodot limpam e hidratam em cada passagem, gra\u00e7as \u00e0 exclusiva textura com ondas deslizantes. A sua lo\u00e7\u00e3o exclusiva oferece a hidrata\u00e7\u00e3o adequada para a pele do beb\u00e9 e ajuda a recuperar o pH natural da pele de forma instant\u00e2nea. Para al\u00e9m disso, a sua fresca fragr\u00e2ncia far\u00e1\u2026","rel":"","context":"Similar post","img":{"alt_text":"","src":"https:\/\/i0.wp.com\/mundo.seashell.pt\/wp-content\/uploads\/2022\/02\/DODOT_TOALHITA_AZUL_1x64_C_TAMPA_8001090134226.png?resize=350%2C200&ssl=1","width":350,"height":200},"classes":[]},{"id":6938,"url":"https:\/\/mundo.seashell.pt\/?product=dodot-pure-aqua-48-toalhitas","url_meta":{"origin":6936,"position":2},"title":"Dodot Pure Aqua 48 Toalhitas","date":"Fevereiro 23, 2022","format":false,"excerpt":"Adequadas para a pele delicada do rec\u00e9m-nascido, incluindo rabinho, m\u00e3os, p\u00e9s e cara !Descri\u00e7\u00e3o: As toalhitas Aqua Pure Dodot s\u00e3o compostas por 99% de \u00e1gua para uma limpeza delicada da pele do seu beb\u00e9. O restante 1% inclui ingredientes delicados com a pele que ajudam a recuperar o pH natural\u2026","rel":"","context":"Similar post","img":{"alt_text":"","src":"https:\/\/i0.wp.com\/mundo.seashell.pt\/wp-content\/uploads\/2022\/02\/DODOT_PURE_48_UNID_8001841115498.png?resize=350%2C200&ssl=1","width":350,"height":200},"classes":[]},{"id":6944,"url":"https:\/\/mundo.seashell.pt\/?product=dodot-sensitive-quad-pack-216-toalhitas","url_meta":{"origin":6936,"position":3},"title":"Dodot Sensitive Quad Pack 216 Toalhitas","date":"Fevereiro 23, 2022","format":false,"excerpt":"A m\u00e1xima prote\u00e7\u00e3o da Dodot para a pele !Descri\u00e7\u00e3o: Envolve o seu beb\u00e9 na m\u00e1xima prote\u00e7\u00e3o da Dodot. Dodot Sensitive \u00e9 suave como penas, pelo que proporciona uma incr\u00edvel sensa\u00e7\u00e3o de suavidade para a sua pele. Al\u00e9m disso, gra\u00e7as \u00e0 sua camada absorvente Cora-soft, oferece a m\u00e1xima absor\u00e7\u00e3o de coc\u00f3\u2026","rel":"","context":"Similar post","img":{"alt_text":"","src":"https:\/\/i0.wp.com\/mundo.seashell.pt\/wp-content\/uploads\/2022\/02\/DODOT_SENSITIVE_RECARGA_QUATROPACK_54_X_4_8410108122535.png?resize=350%2C200&ssl=1","width":350,"height":200},"classes":[]},{"id":6946,"url":"https:\/\/mundo.seashell.pt\/?product=dodot-activity-quad-pack-192-toalhitas","url_meta":{"origin":6936,"position":4},"title":"Dodot Activity Quad Pack 192 Toalhitas","date":"Fevereiro 23, 2022","format":false,"excerpt":"A m\u00e1xima prote\u00e7\u00e3o da Dodot para a pele ! Descri\u00e7\u00e3o: Envolve o seu beb\u00e9 na m\u00e1xima prote\u00e7\u00e3o da Dodot. Dodot Sensitive \u00e9 suave como penas, pelo que proporciona uma incr\u00edvel sensa\u00e7\u00e3o de suavidade para a sua pele. Al\u00e9m disso, gra\u00e7as \u00e0 sua camada absorvente Cora-soft, oferece a m\u00e1xima absor\u00e7\u00e3o de\u2026","rel":"","context":"Similar post","img":{"alt_text":"","src":"https:\/\/i0.wp.com\/mundo.seashell.pt\/wp-content\/uploads\/2022\/02\/DODOT_ACTIVITY_RECARGA_QUATROPACK_54_X_4.png?resize=350%2C200&ssl=1","width":350,"height":200},"classes":[]},{"id":6948,"url":"https:\/\/mundo.seashell.pt\/?product=dodot-tampa-azul-six-pack-384-toalhitas","url_meta":{"origin":6936,"position":5},"title":"Dodot Tampa Azul Six Pack 384 Toalhitas","date":"Fevereiro 23, 2022","format":false,"excerpt":"A m\u00e1xima prote\u00e7\u00e3o da Dodot para a pele ! Descri\u00e7\u00e3o: Envolve o seu beb\u00e9 na m\u00e1xima prote\u00e7\u00e3o da Dodot. Dodot Sensitive \u00e9 suave como penas, pelo que proporciona uma incr\u00edvel sensa\u00e7\u00e3o de suavidade para a sua pele. Al\u00e9m disso, gra\u00e7as \u00e0 sua camada absorvente Cora-soft, oferece a m\u00e1xima absor\u00e7\u00e3o de\u2026","rel":"","context":"Similar post","img":{"alt_text":"","src":"https:\/\/i0.wp.com\/mundo.seashell.pt\/wp-content\/uploads\/2022\/02\/Captura_de_ecra__2021-10-06__a_s_16.12.06.png?resize=350%2C200&ssl=1","width":350,"height":200},"classes":[]}],"_links":{"self":[{"href":"https:\/\/mundo.seashell.pt\/index.php?rest_route=\/wp\/v2\/product\/6936","targetHints":{"allow":["GET"]}}],"collection":[{"href":"https:\/\/mundo.seashell.pt\/index.php?rest_route=\/wp\/v2\/product"}],"about":[{"href":"https:\/\/mundo.seashell.pt\/index.php?rest_route=\/wp\/v2\/types\/product"}],"wp:featuredmedia":[{"embeddable":true,"href":"https:\/\/mundo.seashell.pt\/index.php?rest_route=\/wp\/v2\/media\/6937"}],"wp:attachment":[{"href":"https:\/\/mundo.seashell.pt\/index.php?rest_route=%2Fwp%2Fv2%2Fmedia&parent=6936"}],"wp:term":[{"taxonomy":"product_cat","embeddable":true,"href":"https:\/\/mundo.seashell.pt\/index.php?rest_route=%2Fwp%2Fv2%2Fproduct_cat&post=6936"},{"taxonomy":"product_tag","embeddable":true,"href":"https:\/\/mundo.seashell.pt\/index.php?rest_route=%2Fwp%2Fv2%2Fproduct_tag&post=6936"}],"curies":[{"name":"wp","href":"https:\/\/api.w.org\/{rel}","templated":true}]}}