{"id":6932,"date":"2022-02-23T19:01:03","date_gmt":"2022-02-23T19:01:03","guid":{"rendered":"https:\/\/mundo.seashell.pt\/?post_type=product&#038;p=6932"},"modified":"2022-02-23T19:01:08","modified_gmt":"2022-02-23T19:01:08","slug":"dodot-fraldas-bebe-seco","status":"publish","type":"product","link":"https:\/\/mundo.seashell.pt\/?product=dodot-fraldas-bebe-seco","title":{"rendered":"Dodot Fraldas B\u00e9b\u00e9 Seco"},"content":{"rendered":"<p>Suave como o algod\u00e3o, para um contacto delicado com a pele do seu beb\u00e9!<\/p>\n<h3>Descri\u00e7\u00e3o:<\/h3>\n<p>Dodot beb\u00e9-seco \u00e9 a \u00fanica fralda com canais de ar que cria espa\u00e7o para que o ar circule dentro da fralda mantendo o rabinho seco e arejado toda a noite!<\/p>\n<h3>Benef\u00edcios:<\/h3>\n<p>&#8211; Canais de ar para que o ar circule dentro da fralda, facilitando a transpira\u00e7\u00e3o e a secura;<br \/>&#8211; O xixi \u00e9 encapsulado por centenas de milhares de microp\u00e9rolas absorventes;<br \/>&#8211; A camada de secura total minimiza o tempo de contacto do xixi com a pele do beb\u00e9;<br \/>&#8211; Suave como o algod\u00e3o, para um contacto delicado com a pele do seu beb\u00e9 (n\u00e3o cont\u00e9m algod\u00e3o);<br \/>&#8211; As laterais el\u00e1sticas adaptam-se \u00e0 forma e aos movimentos do beb\u00e9.<\/p>\n","protected":false},"excerpt":{"rendered":"<p>Suave como o algod\u00e3o, para um contacto delicado com a pele do seu beb\u00e9!Descri\u00e7\u00e3o:<br \/>\nDodot beb\u00e9-seco \u00e9 a \u00fanica fralda com canais de ar que cria espa\u00e7o para que o ar circule dentro da fralda mantendo o rabinho seco e arejado toda a noite!Benef\u00edcios:<br \/>\n&#8211; Canais de ar para que o ar circule dentro da fralda, facilit&#8230;<\/p>\n","protected":false},"featured_media":6933,"template":"","meta":{"spay_email":""},"product_cat":[15],"product_tag":[],"class_list":{"0":"post-6932","1":"product","2":"type-product","3":"status-publish","4":"has-post-thumbnail","6":"product_cat-sem-categoria","8":"first","9":"instock","10":"taxable","11":"shipping-taxable","12":"purchasable","13":"product-type-simple"},"acf":[],"jetpack-related-posts":[{"id":6934,"url":"https:\/\/mundo.seashell.pt\/?product=dodot-pants-fraldas-bebe","url_meta":{"origin":6932,"position":0},"title":"Dodot Pants Fraldas B\u00e9b\u00e9","date":"Fevereiro 23, 2022","format":false,"excerpt":"Suave como o algod\u00e3o, para um contacto delicado com a pele do seu beb\u00e9!Descri\u00e7\u00e3o: Quando os beb\u00e9s come\u00e7am a mexer-se, a retorcer-se e a gatinhar, a mudan\u00e7a de fralda torna-se mais complicada. Por isso a marca Dodot cria Dodot Pants. Uma fralda-cueca, com cintura el\u00e1stica e muito f\u00e1cil de p\u00f4r\u2026","rel":"","context":"Similar post","img":{"alt_text":"","src":"https:\/\/i0.wp.com\/mundo.seashell.pt\/wp-content\/uploads\/2022\/02\/DODOT_PANTS_T3_36_8001841677118.png?resize=350%2C200&ssl=1","width":350,"height":200},"classes":[]},{"id":6940,"url":"https:\/\/mundo.seashell.pt\/?product=dodot-tampa-azul-64-toalhitas","url_meta":{"origin":6932,"position":1},"title":"Dodot Tampa Azul 64 Toalhitas","date":"Fevereiro 23, 2022","format":false,"excerpt":"Descri\u00e7\u00e3o: As toalhitas Dodot limpam e hidratam em cada passagem, gra\u00e7as \u00e0 exclusiva textura com ondas deslizantes. A sua lo\u00e7\u00e3o exclusiva oferece a hidrata\u00e7\u00e3o adequada para a pele do beb\u00e9 e ajuda a recuperar o pH natural da pele de forma instant\u00e2nea. Para al\u00e9m disso, a sua fresca fragr\u00e2ncia far\u00e1\u2026","rel":"","context":"Similar post","img":{"alt_text":"","src":"https:\/\/i0.wp.com\/mundo.seashell.pt\/wp-content\/uploads\/2022\/02\/DODOT_TOALHITA_AZUL_1x64_C_TAMPA_8001090134226.png?resize=350%2C200&ssl=1","width":350,"height":200},"classes":[]},{"id":6944,"url":"https:\/\/mundo.seashell.pt\/?product=dodot-sensitive-quad-pack-216-toalhitas","url_meta":{"origin":6932,"position":2},"title":"Dodot Sensitive Quad Pack 216 Toalhitas","date":"Fevereiro 23, 2022","format":false,"excerpt":"A m\u00e1xima prote\u00e7\u00e3o da Dodot para a pele !Descri\u00e7\u00e3o: Envolve o seu beb\u00e9 na m\u00e1xima prote\u00e7\u00e3o da Dodot. Dodot Sensitive \u00e9 suave como penas, pelo que proporciona uma incr\u00edvel sensa\u00e7\u00e3o de suavidade para a sua pele. Al\u00e9m disso, gra\u00e7as \u00e0 sua camada absorvente Cora-soft, oferece a m\u00e1xima absor\u00e7\u00e3o de coc\u00f3\u2026","rel":"","context":"Similar post","img":{"alt_text":"","src":"https:\/\/i0.wp.com\/mundo.seashell.pt\/wp-content\/uploads\/2022\/02\/DODOT_SENSITIVE_RECARGA_QUATROPACK_54_X_4_8410108122535.png?resize=350%2C200&ssl=1","width":350,"height":200},"classes":[]},{"id":6946,"url":"https:\/\/mundo.seashell.pt\/?product=dodot-activity-quad-pack-192-toalhitas","url_meta":{"origin":6932,"position":3},"title":"Dodot Activity Quad Pack 192 Toalhitas","date":"Fevereiro 23, 2022","format":false,"excerpt":"A m\u00e1xima prote\u00e7\u00e3o da Dodot para a pele ! Descri\u00e7\u00e3o: Envolve o seu beb\u00e9 na m\u00e1xima prote\u00e7\u00e3o da Dodot. Dodot Sensitive \u00e9 suave como penas, pelo que proporciona uma incr\u00edvel sensa\u00e7\u00e3o de suavidade para a sua pele. Al\u00e9m disso, gra\u00e7as \u00e0 sua camada absorvente Cora-soft, oferece a m\u00e1xima absor\u00e7\u00e3o de\u2026","rel":"","context":"Similar post","img":{"alt_text":"","src":"https:\/\/i0.wp.com\/mundo.seashell.pt\/wp-content\/uploads\/2022\/02\/DODOT_ACTIVITY_RECARGA_QUATROPACK_54_X_4.png?resize=350%2C200&ssl=1","width":350,"height":200},"classes":[]},{"id":6938,"url":"https:\/\/mundo.seashell.pt\/?product=dodot-pure-aqua-48-toalhitas","url_meta":{"origin":6932,"position":4},"title":"Dodot Pure Aqua 48 Toalhitas","date":"Fevereiro 23, 2022","format":false,"excerpt":"Adequadas para a pele delicada do rec\u00e9m-nascido, incluindo rabinho, m\u00e3os, p\u00e9s e cara !Descri\u00e7\u00e3o: As toalhitas Aqua Pure Dodot s\u00e3o compostas por 99% de \u00e1gua para uma limpeza delicada da pele do seu beb\u00e9. O restante 1% inclui ingredientes delicados com a pele que ajudam a recuperar o pH natural\u2026","rel":"","context":"Similar post","img":{"alt_text":"","src":"https:\/\/i0.wp.com\/mundo.seashell.pt\/wp-content\/uploads\/2022\/02\/DODOT_PURE_48_UNID_8001841115498.png?resize=350%2C200&ssl=1","width":350,"height":200},"classes":[]},{"id":6942,"url":"https:\/\/mundo.seashell.pt\/?product=dodot-maos-limpas-40-toalhitas","url_meta":{"origin":6932,"position":5},"title":"Dodot M\u00e3os Limpas 40 Toalhitas","date":"Fevereiro 23, 2022","format":false,"excerpt":"Limpa e hidrata a cada passagem !Descri\u00e7\u00e3o: As toalhitas Dodot limpam e hidratam em cada passagem, gra\u00e7as \u00e0 exclusiva textura com ondas deslizantes. A sua lo\u00e7\u00e3o exclusiva oferece a hidrata\u00e7\u00e3o adequada para a pele do beb\u00e9 e ajuda a recuperar o pH natural da pele de forma instant\u00e2nea. Para al\u00e9m\u2026","rel":"","context":"Similar post","img":{"alt_text":"","src":"https:\/\/i0.wp.com\/mundo.seashell.pt\/wp-content\/uploads\/2022\/02\/DODOT_TOALHITAS_MA_OS_LIMPAS_40Unid_8006540222287.png?resize=350%2C200&ssl=1","width":350,"height":200},"classes":[]}],"_links":{"self":[{"href":"https:\/\/mundo.seashell.pt\/index.php?rest_route=\/wp\/v2\/product\/6932","targetHints":{"allow":["GET"]}}],"collection":[{"href":"https:\/\/mundo.seashell.pt\/index.php?rest_route=\/wp\/v2\/product"}],"about":[{"href":"https:\/\/mundo.seashell.pt\/index.php?rest_route=\/wp\/v2\/types\/product"}],"wp:featuredmedia":[{"embeddable":true,"href":"https:\/\/mundo.seashell.pt\/index.php?rest_route=\/wp\/v2\/media\/6933"}],"wp:attachment":[{"href":"https:\/\/mundo.seashell.pt\/index.php?rest_route=%2Fwp%2Fv2%2Fmedia&parent=6932"}],"wp:term":[{"taxonomy":"product_cat","embeddable":true,"href":"https:\/\/mundo.seashell.pt\/index.php?rest_route=%2Fwp%2Fv2%2Fproduct_cat&post=6932"},{"taxonomy":"product_tag","embeddable":true,"href":"https:\/\/mundo.seashell.pt\/index.php?rest_route=%2Fwp%2Fv2%2Fproduct_tag&post=6932"}],"curies":[{"name":"wp","href":"https:\/\/api.w.org\/{rel}","templated":true}]}}