{"id":6930,"date":"2022-02-23T19:00:58","date_gmt":"2022-02-23T19:00:58","guid":{"rendered":"https:\/\/mundo.seashell.pt\/?post_type=product&#038;p=6930"},"modified":"2022-02-23T19:01:03","modified_gmt":"2022-02-23T19:01:03","slug":"oral-b-menta-fio-dental-50mts","status":"publish","type":"product","link":"https:\/\/mundo.seashell.pt\/?product=oral-b-menta-fio-dental-50mts","title":{"rendered":"Oral B Menta Fio Dental 50mts"},"content":{"rendered":"<p>O uso regular de Oral B Menta&nbsp;Fio Dent\u00e1rio pode ajudar a proteger as gengivas de problemas que podem causar sensibilidade dent\u00e1ria.<\/p>\n<p>As fibras texturizadas comprimidas alcan\u00e7am o espa\u00e7o entre os dentes onde se expandem ganhando volume, permitindo uma limpeza extra dos dentes e gengivas.<\/p>\n<h3>Benef\u00edcios:<\/h3>\n<p>&#8211; Limpeza dent\u00e1ria;<br \/>&#8211; Expansiva;<br \/>&#8211; Limpeza gengival;<br \/>&#8211; Fibras texturizadas.<\/p>\n","protected":false},"excerpt":{"rendered":"<p>O uso regular de Oral B Menta\u00a0Fio Dent\u00e1rio pode ajudar a proteger as gengivas de problemas que podem causar sensibilidade dent\u00e1ria.<br \/>\nAs fibras texturizadas comprimidas alcan\u00e7am o espa\u00e7o entre os dentes onde se expandem ganhando volume, permitindo uma limpeza extra dos dentes e gengivas.Benef\u00edcios:<br \/>\n&#8211; Limpeza dent\u00e1ria&#8230;<\/p>\n","protected":false},"featured_media":6931,"template":"","meta":{"spay_email":""},"product_cat":[15],"product_tag":[],"class_list":{"0":"post-6930","1":"product","2":"type-product","3":"status-publish","4":"has-post-thumbnail","6":"product_cat-sem-categoria","8":"first","9":"instock","10":"taxable","11":"shipping-taxable","12":"purchasable","13":"product-type-simple"},"acf":[],"jetpack-related-posts":[{"id":6900,"url":"https:\/\/mundo.seashell.pt\/?product=oral-b-123-menta-75ml","url_meta":{"origin":6930,"position":0},"title":"Oral B 123 Menta 75ml","date":"Fevereiro 23, 2022","format":false,"excerpt":"Pasta de dentes Oral-B com fluoreto e sabor a menta fresca. Descri\u00e7\u00e3o: Uma pasta de limpeza da marca de escovas de dentes recomendada por mais dentistas em todo o mundo. Tipo de produto: Pasta de Dentes Frescura Benef\u00edcios: - Prote\u00e7\u00e3o antic\u00e1ries;- Branqueamento;- Frescura. Conselhos...","rel":"","context":"Similar post","img":{"alt_text":"","src":"https:\/\/i0.wp.com\/mundo.seashell.pt\/wp-content\/uploads\/2022\/02\/Oral_B_PASTA_123_75ML_5410076960699.png?resize=350%2C200&ssl=1","width":350,"height":200},"classes":[]},{"id":6920,"url":"https:\/\/mundo.seashell.pt\/?product=colgate-total-original-75ml","url_meta":{"origin":6930,"position":1},"title":"Colgate Total Original 75ml","date":"Fevereiro 23, 2022","format":false,"excerpt":"24H de prote\u00e7\u00e3o superior para a sa\u00fade da bocaDescri\u00e7\u00e3o: A pasta de dentes Colgate Total Original, com ingredientes antibacterianos, combate as bact\u00e9rias nos dentes, l\u00edngua, bochechas e gengivas, para 24h de prote\u00e7\u00e3o superior para a sa\u00fade da boca*.*redu\u00e7\u00e3o das bact\u00e9rias (nos dentes, l\u00edngua, bochechas e gengivas), ap\u00f3s 4...","rel":"","context":"Similar post","img":{"alt_text":"","src":"https:\/\/i0.wp.com\/mundo.seashell.pt\/wp-content\/uploads\/2022\/02\/Colgate_Total_Prot_Placa_Bacteriana_75ml_8718951227033.png?resize=350%2C200&ssl=1","width":350,"height":200},"classes":[]},{"id":6892,"url":"https:\/\/mundo.seashell.pt\/?product=oral-b-gengivas-1un","url_meta":{"origin":6930,"position":2},"title":"Oral B Gengivas 1un","date":"Fevereiro 23, 2022","format":false,"excerpt":"Escova de Dentes Manual Conselhos de utiliza\u00e7\u00e3o: Escove os dentes com a escova de dentes manual Oral-B e a pasta dentr\u00edfica Oral-B, 3 vezes por dia.","rel":"","context":"Similar post","img":{"alt_text":"","src":"https:\/\/i0.wp.com\/mundo.seashell.pt\/wp-content\/uploads\/2022\/02\/ORAL-B_ULTRATHIN_CUIDADO_GENGIVAS_SOFT_3014260094393-1.png?resize=350%2C200&ssl=1","width":350,"height":200},"classes":[]},{"id":6906,"url":"https:\/\/mundo.seashell.pt\/?product=oral-b-complete-75ml","url_meta":{"origin":6930,"position":3},"title":"Oral B Complete 75ml","date":"Fevereiro 23, 2022","format":false,"excerpt":"A pasta dent\u00edfrica Oral-B Complete Limpeza Refrescante com elixir oral limpa mesmo em zonas dif\u00edceis de alcan\u00e7ar e proporciona uma sensa\u00e7\u00e3o duradoura de h\u00e1lito fresco. A espuma ativa limpa mesmo em \u00e1reas dif\u00edceis de alcan\u00e7ar e o agente antibacteriano ajuda a combater a placa para uma boca limpa e fresca.\u2026","rel":"","context":"Similar post","img":{"alt_text":"","src":"https:\/\/i0.wp.com\/mundo.seashell.pt\/wp-content\/uploads\/2022\/02\/ORAL-B_COMPLETE_ELIXIR_LIMPEZA_REFRESCANTE_75ML_5410076960651.png?resize=350%2C200&ssl=1","width":350,"height":200},"classes":[]},{"id":6902,"url":"https:\/\/mundo.seashell.pt\/?product=oral-b-3d-white-brancura-revitalizante-75ml","url_meta":{"origin":6930,"position":4},"title":"Oral B 3D White Brancura Revitalizante 75ml","date":"Fevereiro 23, 2022","format":false,"excerpt":"Oral-B, a marca n.\u00ba 1 recomendada por m\u00e9dicos dentistas em todo o mundo.Tipo de produto: Pasta de Dentes Oral B White Brancura RevitalizanteBenef\u00edcios: - Limpa em zonas de dif\u00edcil acesso;- Frescura duradoura;- Previne o t\u00e1rtaro;- Previne as c\u00e1ries;- Sabor a hortel\u00e3. Conselhos de util...","rel":"","context":"Similar post","img":{"alt_text":"","src":"https:\/\/i0.wp.com\/mundo.seashell.pt\/wp-content\/uploads\/2022\/02\/ORAL-B_3DW_BRANCURA_REVITALIZANTE_75ML__8001090673848.png?resize=350%2C200&ssl=1","width":350,"height":200},"classes":[]},{"id":6910,"url":"https:\/\/mundo.seashell.pt\/?product=colgate-herbal-75ml","url_meta":{"origin":6930,"position":5},"title":"Colgate Herbal 75ml","date":"Fevereiro 23, 2022","format":false,"excerpt":"Colgate Herbal cont\u00e9m uma combina\u00e7\u00e3o de sais minerais com uma mistura \u00fanica de extractos de plantas com propriedades reconhecidas.Descri\u00e7\u00e3o: Combina o conhecimento cient\u00edfico da Colgate sobre higiene oral com as propriedades das melhores plantas da natureza, para dentes e gengivas mais saud\u00e1veis. Tipo de produto:","rel":"","context":"Similar post","img":{"alt_text":"","src":"https:\/\/i0.wp.com\/mundo.seashell.pt\/wp-content\/uploads\/2022\/02\/Colgate_Herbal_75ml_8714789064406.png?resize=350%2C200&ssl=1","width":350,"height":200},"classes":[]}],"_links":{"self":[{"href":"https:\/\/mundo.seashell.pt\/index.php?rest_route=\/wp\/v2\/product\/6930","targetHints":{"allow":["GET"]}}],"collection":[{"href":"https:\/\/mundo.seashell.pt\/index.php?rest_route=\/wp\/v2\/product"}],"about":[{"href":"https:\/\/mundo.seashell.pt\/index.php?rest_route=\/wp\/v2\/types\/product"}],"wp:featuredmedia":[{"embeddable":true,"href":"https:\/\/mundo.seashell.pt\/index.php?rest_route=\/wp\/v2\/media\/6931"}],"wp:attachment":[{"href":"https:\/\/mundo.seashell.pt\/index.php?rest_route=%2Fwp%2Fv2%2Fmedia&parent=6930"}],"wp:term":[{"taxonomy":"product_cat","embeddable":true,"href":"https:\/\/mundo.seashell.pt\/index.php?rest_route=%2Fwp%2Fv2%2Fproduct_cat&post=6930"},{"taxonomy":"product_tag","embeddable":true,"href":"https:\/\/mundo.seashell.pt\/index.php?rest_route=%2Fwp%2Fv2%2Fproduct_tag&post=6930"}],"curies":[{"name":"wp","href":"https:\/\/api.w.org\/{rel}","templated":true}]}}