{"id":6928,"date":"2022-02-23T19:00:55","date_gmt":"2022-02-23T19:00:55","guid":{"rendered":"https:\/\/mundo.seashell.pt\/?post_type=product&#038;p=6928"},"modified":"2022-02-23T19:00:58","modified_gmt":"2022-02-23T19:00:58","slug":"colgate-plax-menta-05l","status":"publish","type":"product","link":"https:\/\/mundo.seashell.pt\/?product=colgate-plax-menta-05l","title":{"rendered":"Colgate Plax Menta 0,5L"},"content":{"rendered":"<p>Combate 99% das bact\u00e9rias para sensa\u00e7\u00e3o de frescura que dura 10 vezes mais do que a simples escovagem!<\/p>\n<h3>Descri\u00e7\u00e3o:<\/h3>\n<p>Prote\u00e7\u00e3o Extra Contra as Bact\u00e9rias &#8211; combate 99% das bact\u00e9rias e assegura prote\u00e7\u00e3o contra a placa 24 horas por dia para uma sensa\u00e7\u00e3o de frescura que dura 10 vezes mais do que a simples escovagem!**<br \/>*bact\u00e9rias da placa bacteriana, comparado com apenas escovagem<br \/>**quando utilizado duas vezes por dia<\/p>\n<h3>Benef\u00edcios:<\/h3>\n<p>&#8211; Ajuda a combater o mau h\u00e1lito.<br \/>&#8211; Combate eficazmente 99% das bact\u00e9rias.<br \/>&#8211; Prote\u00e7\u00e3o contra a placa 24 horas por dia.<br \/>&#8211; Sensa\u00e7\u00e3o de frescura que dura 10 vezes mais do que a simples escovagem.<\/p>\n<h3>Conselhos de utiliza\u00e7\u00e3o:<\/h3>\n<p>Utilizar Colgate Plax duas vezes por dia depois da escovagem para uma boca mais saud\u00e1vel e fresca.<br \/>Utilizar 20 ml duas vezes por dia. Enxaguar bem a boca durante 30 segundos. N\u00e3o engolir.<\/p>\n","protected":false},"excerpt":{"rendered":"<p>Combate 99% das bact\u00e9rias para sensa\u00e7\u00e3o de frescura que dura 10 vezes mais do que a simples escovagem!Descri\u00e7\u00e3o:<br \/>\nProte\u00e7\u00e3o Extra Contra as Bact\u00e9rias &#8211; combate 99% das bact\u00e9rias e assegura prote\u00e7\u00e3o contra a placa 24 horas por dia para uma sensa\u00e7\u00e3o de frescura que dura 10 vezes mais do que a simples escovagem!***bact\u00e9rias&#8230;<\/p>\n","protected":false},"featured_media":6929,"template":"","meta":{"spay_email":""},"product_cat":[15],"product_tag":[],"class_list":{"0":"post-6928","1":"product","2":"type-product","3":"status-publish","4":"has-post-thumbnail","6":"product_cat-sem-categoria","8":"first","9":"instock","10":"taxable","11":"shipping-taxable","12":"purchasable","13":"product-type-simple"},"acf":[],"jetpack-related-posts":[{"id":6920,"url":"https:\/\/mundo.seashell.pt\/?product=colgate-total-original-75ml","url_meta":{"origin":6928,"position":0},"title":"Colgate Total Original 75ml","date":"Fevereiro 23, 2022","format":false,"excerpt":"24H de prote\u00e7\u00e3o superior para a sa\u00fade da bocaDescri\u00e7\u00e3o: A pasta de dentes Colgate Total Original, com ingredientes antibacterianos, combate as bact\u00e9rias nos dentes, l\u00edngua, bochechas e gengivas, para 24h de prote\u00e7\u00e3o superior para a sa\u00fade da boca*.*redu\u00e7\u00e3o das bact\u00e9rias (nos dentes, l\u00edngua, bochechas e gengivas), ap\u00f3s 4...","rel":"","context":"Similar post","img":{"alt_text":"","src":"https:\/\/i0.wp.com\/mundo.seashell.pt\/wp-content\/uploads\/2022\/02\/Colgate_Total_Prot_Placa_Bacteriana_75ml_8718951227033.png?resize=350%2C200&ssl=1","width":350,"height":200},"classes":[]},{"id":6846,"url":"https:\/\/mundo.seashell.pt\/?product=rexona-active-fresh-0-150ml","url_meta":{"origin":6928,"position":1},"title":"Rexona Active Fresh 0% 150ml","date":"Fevereiro 23, 2022","format":false,"excerpt":"48h de Prote\u00e7\u00e3o contra o odor corporal \u2013 Prote\u00e7\u00e3o extra enquanto te moves. \u2022 Uma fragr\u00e2ncia fresca de ervas e bergamota. Para que te sintas seco e confiante todo o dia.\u2022 0% sais de Aluminio. Uma sensa\u00e7\u00e3o duradoura de frescura e 48 horas de prote\u00e7\u00e3o contra o odor corporal: este\u2026","rel":"","context":"Similar post","img":{"alt_text":"","src":"https:\/\/i0.wp.com\/mundo.seashell.pt\/wp-content\/uploads\/2022\/02\/REXONA_MEN_AERO_ACT.FRESH_0_ALUM_150ML.png?resize=350%2C200&ssl=1","width":350,"height":200},"classes":[]},{"id":6922,"url":"https:\/\/mundo.seashell.pt\/?product=colgate-naturals-limao-75ml","url_meta":{"origin":6928,"position":2},"title":"Colgate Naturals Lim\u00e3o 75ml","date":"Fevereiro 23, 2022","format":false,"excerpt":"Colgate Naturals Lim\u00e3o, inspirado em ingredientes tradicionais asi\u00e1ticos para dentes e gengivas saud\u00e1veis. Descri\u00e7\u00e3o: A sua f\u00f3rmula exclusiva cont\u00e9m extratos naturais de plantas e minerais para prote\u00e7\u00e3o di\u00e1ria da boca. Cont\u00e9m \u00f3leo de lim\u00e3o e extrato de alo\u00e9 vera para uma sensa\u00e7\u00e3o de frescura revigorante, com sabor a lim\u00e3o-me...","rel":"","context":"Similar post","img":{"alt_text":"","src":"https:\/\/i0.wp.com\/mundo.seashell.pt\/wp-content\/uploads\/2022\/02\/Colgate_NATURALS_FRESH__Lima_o__75ml_8718951131606.png?resize=350%2C200&ssl=1","width":350,"height":200},"classes":[]},{"id":6724,"url":"https:\/\/mundo.seashell.pt\/?product=linic-men-champo-0225l","url_meta":{"origin":6928,"position":3},"title":"Linic Men Champ\u00f4 225ml","date":"Fevereiro 23, 2022","format":false,"excerpt":"Linic \u00a0Legends -\u00a0Um champ\u00f4 criado por uma lenda s\u00f3 podia ser imbat\u00edvel. Legend by CR7 \u00e9 implac\u00e1vel no combate \u00e0 caspa e tem uma fragr\u00e2ncia \u00fanica e duradoura, escolhida pelo pr\u00f3prio CR7. Esta f\u00f3rmula inovadora cont\u00e9m sal marinho, que melhora a textura e o volume do cabelo, e carv\u00e3o ativo\u2026","rel":"","context":"Similar post","img":{"alt_text":"","src":"https:\/\/i0.wp.com\/mundo.seashell.pt\/wp-content\/uploads\/2022\/02\/LINIC_CH._MEN_LEGEND_CR7_225ML.png?resize=350%2C200&ssl=1","width":350,"height":200},"classes":[]},{"id":6914,"url":"https:\/\/mundo.seashell.pt\/?product=colgate-dentagard-plantas-75ml","url_meta":{"origin":6928,"position":4},"title":"Colgate Dentagard Plantas 75ml","date":"Fevereiro 23, 2022","format":false,"excerpt":"Colgate Dentagard \u00e9 um dent\u00edfrico com fl\u00faor e extratos naturais de camomila, hortel\u00e3, mirra e salva.Descri\u00e7\u00e3o: A escovagem regular com Dentagard mant\u00e9m os dentes fortes, previna a forma\u00e7\u00e3o de placa bacteriana e previne eficazmente a c\u00e1rie. Tipo de produto: Pasta de Dentes Anti-c\u00e1riesBenef\u00edcios:...","rel":"","context":"Similar post","img":{"alt_text":"","src":"https:\/\/i0.wp.com\/mundo.seashell.pt\/wp-content\/uploads\/2022\/02\/Dentagard_Plantas_75_ml_5601123425104.png?resize=350%2C200&ssl=1","width":350,"height":200},"classes":[]},{"id":7056,"url":"https:\/\/mundo.seashell.pt\/?product=sanytol-desinfetante-150ml","url_meta":{"origin":6928,"position":5},"title":"Sanytol Desinfetante 150ml","date":"Fevereiro 23, 2022","format":false,"excerpt":"Higiene e frescura para todo o tipo de cal\u00e7ado.Descri\u00e7\u00e3o: As bact\u00e9rias, o mofo e os fungos que existem nos sapatos s\u00e3o respons\u00e1veis pelos maus odores e podem provocar doen\u00e7as ou irrita\u00e7\u00f5es na pele. Desinfete e desodorize o cal\u00e7ado, eliminando os micr\u00f3bios respons\u00e1veis pelos maus odores, prevenindo assim o aparecimento de\u2026","rel":"","context":"Similar post","img":{"alt_text":"","src":"https:\/\/i0.wp.com\/mundo.seashell.pt\/wp-content\/uploads\/2022\/02\/transferir__15_.jpeg?resize=350%2C200&ssl=1","width":350,"height":200},"classes":[]}],"_links":{"self":[{"href":"https:\/\/mundo.seashell.pt\/index.php?rest_route=\/wp\/v2\/product\/6928","targetHints":{"allow":["GET"]}}],"collection":[{"href":"https:\/\/mundo.seashell.pt\/index.php?rest_route=\/wp\/v2\/product"}],"about":[{"href":"https:\/\/mundo.seashell.pt\/index.php?rest_route=\/wp\/v2\/types\/product"}],"wp:featuredmedia":[{"embeddable":true,"href":"https:\/\/mundo.seashell.pt\/index.php?rest_route=\/wp\/v2\/media\/6929"}],"wp:attachment":[{"href":"https:\/\/mundo.seashell.pt\/index.php?rest_route=%2Fwp%2Fv2%2Fmedia&parent=6928"}],"wp:term":[{"taxonomy":"product_cat","embeddable":true,"href":"https:\/\/mundo.seashell.pt\/index.php?rest_route=%2Fwp%2Fv2%2Fproduct_cat&post=6928"},{"taxonomy":"product_tag","embeddable":true,"href":"https:\/\/mundo.seashell.pt\/index.php?rest_route=%2Fwp%2Fv2%2Fproduct_tag&post=6928"}],"curies":[{"name":"wp","href":"https:\/\/api.w.org\/{rel}","templated":true}]}}