{"id":6926,"date":"2022-02-23T19:00:53","date_gmt":"2022-02-23T19:00:53","guid":{"rendered":"https:\/\/mundo.seashell.pt\/?post_type=product&#038;p=6926"},"modified":"2022-02-23T19:00:55","modified_gmt":"2022-02-23T19:00:55","slug":"colgate-max-white-05l","status":"publish","type":"product","link":"https:\/\/mundo.seashell.pt\/?product=colgate-max-white-05l","title":{"rendered":"Colgate Max White 500ml"},"content":{"rendered":"<p>O elixir sem \u00e1lcool Max White Instant White possui uma tecnologia avan\u00e7ada para preven\u00e7\u00e3o de manchas para manter os dentes brancos durante mais tempo.<\/p>\n<h3>Conselhos de utiliza\u00e7\u00e3o:<\/h3>\n<p>Bocheche 2 vezes por dia com Elixir para uma melhor sa\u00fade oral.<\/p>\n<p><\/p>\n","protected":false},"excerpt":{"rendered":"<p>O elixir sem \u00e1lcool Max White Instant White possui uma tecnologia avan\u00e7ada para preven\u00e7\u00e3o de manchas para manter os dentes brancos durante mais tempo.Conselhos de utiliza\u00e7\u00e3o:<br \/>\nBocheche 2 vezes por dia com Elixir para uma melhor sa\u00fade oral.<\/p>\n","protected":false},"featured_media":6927,"template":"","meta":{"spay_email":""},"product_cat":[15],"product_tag":[],"class_list":{"0":"post-6926","1":"product","2":"type-product","3":"status-publish","4":"has-post-thumbnail","6":"product_cat-sem-categoria","8":"first","9":"instock","10":"taxable","11":"shipping-taxable","12":"purchasable","13":"product-type-simple"},"acf":[],"jetpack-related-posts":[{"id":6924,"url":"https:\/\/mundo.seashell.pt\/?product=oral-b-elixir-complete-05l","url_meta":{"origin":6926,"position":0},"title":"Oral B Elixir Complete 500ml","date":"Fevereiro 23, 2022","format":false,"excerpt":"O elixir oral Oral-B Complete limpa a boca em profundidade e proporciona um h\u00e1lito fresco!Benef\u00edcios: - O elixir oral ajuda a proteger contra a placa bacteriana;- Frescura duradoura;- Sabor a menta fresca;- Sem \u00e1lcool. Conselhos de utiliza\u00e7\u00e3o: Encha a tampa at\u00e9 \u00e0 linha dos 20 ml, como marcado. B...","rel":"","context":"Similar post","img":{"alt_text":"","src":"https:\/\/i0.wp.com\/mundo.seashell.pt\/wp-content\/uploads\/2022\/02\/ORAL-B_ELIXIR_COMPLETE_500ML_8470001673435.png?resize=350%2C200&ssl=1","width":350,"height":200},"classes":[]},{"id":6916,"url":"https:\/\/mundo.seashell.pt\/?product=colgate-max-white-one-75ml","url_meta":{"origin":6926,"position":1},"title":"Colgate Max White One 75ml","date":"Fevereiro 23, 2022","format":false,"excerpt":"Consegue um tom de dentes mais branco em apenas uma semana! A sua f\u00f3rmula \u00fanica com aceleradores de branqueamento elimina suavemente as manchas e previne o aparecimento de t\u00e1rtaro. Tipo de produto: Pasta de Dentes BranqueamentoBenef\u00edcios: - Clinicamente comprovado para eliminar at\u00e9 100% das manchas s...","rel":"","context":"Similar post","img":{"alt_text":"","src":"https:\/\/i0.wp.com\/mundo.seashell.pt\/wp-content\/uploads\/2022\/02\/Colgate_Max_White_ONE_75ml_8714789574820.png?resize=350%2C200&ssl=1","width":350,"height":200},"classes":[]},{"id":6920,"url":"https:\/\/mundo.seashell.pt\/?product=colgate-total-original-75ml","url_meta":{"origin":6926,"position":2},"title":"Colgate Total Original 75ml","date":"Fevereiro 23, 2022","format":false,"excerpt":"24H de prote\u00e7\u00e3o superior para a sa\u00fade da bocaDescri\u00e7\u00e3o: A pasta de dentes Colgate Total Original, com ingredientes antibacterianos, combate as bact\u00e9rias nos dentes, l\u00edngua, bochechas e gengivas, para 24h de prote\u00e7\u00e3o superior para a sa\u00fade da boca*.*redu\u00e7\u00e3o das bact\u00e9rias (nos dentes, l\u00edngua, bochechas e gengivas), ap\u00f3s 4...","rel":"","context":"Similar post","img":{"alt_text":"","src":"https:\/\/i0.wp.com\/mundo.seashell.pt\/wp-content\/uploads\/2022\/02\/Colgate_Total_Prot_Placa_Bacteriana_75ml_8718951227033.png?resize=350%2C200&ssl=1","width":350,"height":200},"classes":[]},{"id":6906,"url":"https:\/\/mundo.seashell.pt\/?product=oral-b-complete-75ml","url_meta":{"origin":6926,"position":3},"title":"Oral B Complete 75ml","date":"Fevereiro 23, 2022","format":false,"excerpt":"A pasta dent\u00edfrica Oral-B Complete Limpeza Refrescante com elixir oral limpa mesmo em zonas dif\u00edceis de alcan\u00e7ar e proporciona uma sensa\u00e7\u00e3o duradoura de h\u00e1lito fresco. A espuma ativa limpa mesmo em \u00e1reas dif\u00edceis de alcan\u00e7ar e o agente antibacteriano ajuda a combater a placa para uma boca limpa e fresca.\u2026","rel":"","context":"Similar post","img":{"alt_text":"","src":"https:\/\/i0.wp.com\/mundo.seashell.pt\/wp-content\/uploads\/2022\/02\/ORAL-B_COMPLETE_ELIXIR_LIMPEZA_REFRESCANTE_75ML_5410076960651.png?resize=350%2C200&ssl=1","width":350,"height":200},"classes":[]},{"id":6902,"url":"https:\/\/mundo.seashell.pt\/?product=oral-b-3d-white-brancura-revitalizante-75ml","url_meta":{"origin":6926,"position":4},"title":"Oral B 3D White Brancura Revitalizante 75ml","date":"Fevereiro 23, 2022","format":false,"excerpt":"Oral-B, a marca n.\u00ba 1 recomendada por m\u00e9dicos dentistas em todo o mundo.Tipo de produto: Pasta de Dentes Oral B White Brancura RevitalizanteBenef\u00edcios: - Limpa em zonas de dif\u00edcil acesso;- Frescura duradoura;- Previne o t\u00e1rtaro;- Previne as c\u00e1ries;- Sabor a hortel\u00e3. Conselhos de util...","rel":"","context":"Similar post","img":{"alt_text":"","src":"https:\/\/i0.wp.com\/mundo.seashell.pt\/wp-content\/uploads\/2022\/02\/ORAL-B_3DW_BRANCURA_REVITALIZANTE_75ML__8001090673848.png?resize=350%2C200&ssl=1","width":350,"height":200},"classes":[]},{"id":6918,"url":"https:\/\/mundo.seashell.pt\/?product=colgate-max-white-one-carvao-75ml","url_meta":{"origin":6926,"position":5},"title":"Colgate Max White One Carv\u00e3o 75ml","date":"Fevereiro 23, 2022","format":false,"excerpt":"Com carv\u00e3o ativado e micropart\u00edculas minerais para um branqueamento mineral suave!Descri\u00e7\u00e3o: Tenha um sorriso branco com a pasta de dentes Colgate Max White Carv\u00e3o. A sua f\u00f3rmula clinicamente comprovada com carv\u00e3o ativado e micropart\u00edculas minerais que removem suavemente at\u00e9 100% das manchas superficiais e restabelecem a b...","rel":"","context":"Similar post","img":{"alt_text":"","src":"https:\/\/i0.wp.com\/mundo.seashell.pt\/wp-content\/uploads\/2022\/02\/Colgate_Max_White_ONE_CARVA_O_75ml_8718951249950.png?resize=350%2C200&ssl=1","width":350,"height":200},"classes":[]}],"_links":{"self":[{"href":"https:\/\/mundo.seashell.pt\/index.php?rest_route=\/wp\/v2\/product\/6926","targetHints":{"allow":["GET"]}}],"collection":[{"href":"https:\/\/mundo.seashell.pt\/index.php?rest_route=\/wp\/v2\/product"}],"about":[{"href":"https:\/\/mundo.seashell.pt\/index.php?rest_route=\/wp\/v2\/types\/product"}],"wp:featuredmedia":[{"embeddable":true,"href":"https:\/\/mundo.seashell.pt\/index.php?rest_route=\/wp\/v2\/media\/6927"}],"wp:attachment":[{"href":"https:\/\/mundo.seashell.pt\/index.php?rest_route=%2Fwp%2Fv2%2Fmedia&parent=6926"}],"wp:term":[{"taxonomy":"product_cat","embeddable":true,"href":"https:\/\/mundo.seashell.pt\/index.php?rest_route=%2Fwp%2Fv2%2Fproduct_cat&post=6926"},{"taxonomy":"product_tag","embeddable":true,"href":"https:\/\/mundo.seashell.pt\/index.php?rest_route=%2Fwp%2Fv2%2Fproduct_tag&post=6926"}],"curies":[{"name":"wp","href":"https:\/\/api.w.org\/{rel}","templated":true}]}}