{"id":6924,"date":"2022-02-23T19:00:50","date_gmt":"2022-02-23T19:00:50","guid":{"rendered":"https:\/\/mundo.seashell.pt\/?post_type=product&#038;p=6924"},"modified":"2022-02-23T19:00:52","modified_gmt":"2022-02-23T19:00:52","slug":"oral-b-elixir-complete-05l","status":"publish","type":"product","link":"https:\/\/mundo.seashell.pt\/?product=oral-b-elixir-complete-05l","title":{"rendered":"Oral B Elixir Complete 500ml"},"content":{"rendered":"<p>O elixir oral Oral-B Complete limpa a boca em profundidade e proporciona um h\u00e1lito fresco!<\/p>\n<h3>Benef\u00edcios:<\/h3>\n<p>&#8211; O elixir oral ajuda a proteger contra a placa bacteriana;<br \/>&#8211; Frescura duradoura;<br \/>&#8211; Sabor a menta fresca;<br \/>&#8211; Sem \u00e1lcool.<\/p>\n<h3>Conselhos de utiliza\u00e7\u00e3o:<\/h3>\n<p>Encha a tampa at\u00e9 \u00e0 linha dos 20 ml, como marcado. Bocheche durante 30 segundos e deite fora. Usar 2 vezes ao dia.<\/p>\n<p><\/p>\n","protected":false},"excerpt":{"rendered":"<p>O elixir oral Oral-B Complete limpa a boca em profundidade e proporciona um h\u00e1lito fresco!Benef\u00edcios:<br \/>\n&#8211; O elixir oral ajuda a proteger contra a placa bacteriana;- Frescura duradoura;- Sabor a menta fresca;- Sem \u00e1lcool.<br \/>\nConselhos de utiliza\u00e7\u00e3o:<br \/>\nEncha a tampa at\u00e9 \u00e0 linha dos 20 ml, como marcado. B&#8230;<\/p>\n","protected":false},"featured_media":6925,"template":"","meta":{"spay_email":""},"product_cat":[15],"product_tag":[],"class_list":{"0":"post-6924","1":"product","2":"type-product","3":"status-publish","4":"has-post-thumbnail","6":"product_cat-sem-categoria","8":"first","9":"instock","10":"taxable","11":"shipping-taxable","12":"purchasable","13":"product-type-simple"},"acf":[],"jetpack-related-posts":[{"id":6906,"url":"https:\/\/mundo.seashell.pt\/?product=oral-b-complete-75ml","url_meta":{"origin":6924,"position":0},"title":"Oral B Complete 75ml","date":"Fevereiro 23, 2022","format":false,"excerpt":"A pasta dent\u00edfrica Oral-B Complete Limpeza Refrescante com elixir oral limpa mesmo em zonas dif\u00edceis de alcan\u00e7ar e proporciona uma sensa\u00e7\u00e3o duradoura de h\u00e1lito fresco. A espuma ativa limpa mesmo em \u00e1reas dif\u00edceis de alcan\u00e7ar e o agente antibacteriano ajuda a combater a placa para uma boca limpa e fresca.\u2026","rel":"","context":"Similar post","img":{"alt_text":"","src":"https:\/\/i0.wp.com\/mundo.seashell.pt\/wp-content\/uploads\/2022\/02\/ORAL-B_COMPLETE_ELIXIR_LIMPEZA_REFRESCANTE_75ML_5410076960651.png?resize=350%2C200&ssl=1","width":350,"height":200},"classes":[]},{"id":6902,"url":"https:\/\/mundo.seashell.pt\/?product=oral-b-3d-white-brancura-revitalizante-75ml","url_meta":{"origin":6924,"position":1},"title":"Oral B 3D White Brancura Revitalizante 75ml","date":"Fevereiro 23, 2022","format":false,"excerpt":"Oral-B, a marca n.\u00ba 1 recomendada por m\u00e9dicos dentistas em todo o mundo.Tipo de produto: Pasta de Dentes Oral B White Brancura RevitalizanteBenef\u00edcios: - Limpa em zonas de dif\u00edcil acesso;- Frescura duradoura;- Previne o t\u00e1rtaro;- Previne as c\u00e1ries;- Sabor a hortel\u00e3. Conselhos de util...","rel":"","context":"Similar post","img":{"alt_text":"","src":"https:\/\/i0.wp.com\/mundo.seashell.pt\/wp-content\/uploads\/2022\/02\/ORAL-B_3DW_BRANCURA_REVITALIZANTE_75ML__8001090673848.png?resize=350%2C200&ssl=1","width":350,"height":200},"classes":[]},{"id":6900,"url":"https:\/\/mundo.seashell.pt\/?product=oral-b-123-menta-75ml","url_meta":{"origin":6924,"position":2},"title":"Oral B 123 Menta 75ml","date":"Fevereiro 23, 2022","format":false,"excerpt":"Pasta de dentes Oral-B com fluoreto e sabor a menta fresca. Descri\u00e7\u00e3o: Uma pasta de limpeza da marca de escovas de dentes recomendada por mais dentistas em todo o mundo. Tipo de produto: Pasta de Dentes Frescura Benef\u00edcios: - Prote\u00e7\u00e3o antic\u00e1ries;- Branqueamento;- Frescura. Conselhos...","rel":"","context":"Similar post","img":{"alt_text":"","src":"https:\/\/i0.wp.com\/mundo.seashell.pt\/wp-content\/uploads\/2022\/02\/Oral_B_PASTA_123_75ML_5410076960699.png?resize=350%2C200&ssl=1","width":350,"height":200},"classes":[]},{"id":6926,"url":"https:\/\/mundo.seashell.pt\/?product=colgate-max-white-05l","url_meta":{"origin":6924,"position":3},"title":"Colgate Max White 500ml","date":"Fevereiro 23, 2022","format":false,"excerpt":"O elixir sem \u00e1lcool Max White Instant White possui uma tecnologia avan\u00e7ada para preven\u00e7\u00e3o de manchas para manter os dentes brancos durante mais tempo.Conselhos de utiliza\u00e7\u00e3o: Bocheche 2 vezes por dia com Elixir para uma melhor sa\u00fade oral.","rel":"","context":"Similar post","img":{"alt_text":"","src":"https:\/\/i0.wp.com\/mundo.seashell.pt\/wp-content\/uploads\/2022\/02\/Colgate_Elixir_Colgate_Max_White_500ml_8718951192829.png?resize=350%2C200&ssl=1","width":350,"height":200},"classes":[]},{"id":6920,"url":"https:\/\/mundo.seashell.pt\/?product=colgate-total-original-75ml","url_meta":{"origin":6924,"position":4},"title":"Colgate Total Original 75ml","date":"Fevereiro 23, 2022","format":false,"excerpt":"24H de prote\u00e7\u00e3o superior para a sa\u00fade da bocaDescri\u00e7\u00e3o: A pasta de dentes Colgate Total Original, com ingredientes antibacterianos, combate as bact\u00e9rias nos dentes, l\u00edngua, bochechas e gengivas, para 24h de prote\u00e7\u00e3o superior para a sa\u00fade da boca*.*redu\u00e7\u00e3o das bact\u00e9rias (nos dentes, l\u00edngua, bochechas e gengivas), ap\u00f3s 4...","rel":"","context":"Similar post","img":{"alt_text":"","src":"https:\/\/i0.wp.com\/mundo.seashell.pt\/wp-content\/uploads\/2022\/02\/Colgate_Total_Prot_Placa_Bacteriana_75ml_8718951227033.png?resize=350%2C200&ssl=1","width":350,"height":200},"classes":[]},{"id":6912,"url":"https:\/\/mundo.seashell.pt\/?product=colgate-max-white-75ml","url_meta":{"origin":6924,"position":5},"title":"Colgate Max White 75ml","date":"Fevereiro 23, 2022","format":false,"excerpt":"Liberta uma explos\u00e3o de poder branqueador para revitalizar a brancura natural dos seus dentes. O resultado \u00e9 um sorriso \u201cMax White\u201d. Tipo de produto: Pasta de Dentes Branqueamento Benef\u00edcios: - Restaura a brancura natural dos dentes;- H\u00e1lito fresco;- Previne as c\u00e1ries. Conselhos de utiliza\u00e7\u00e3o:","rel":"","context":"Similar post","img":{"alt_text":"","src":"https:\/\/i0.wp.com\/mundo.seashell.pt\/wp-content\/uploads\/2022\/02\/Colgate_Max_White_75_ml_8718951315365.png?resize=350%2C200&ssl=1","width":350,"height":200},"classes":[]}],"_links":{"self":[{"href":"https:\/\/mundo.seashell.pt\/index.php?rest_route=\/wp\/v2\/product\/6924","targetHints":{"allow":["GET"]}}],"collection":[{"href":"https:\/\/mundo.seashell.pt\/index.php?rest_route=\/wp\/v2\/product"}],"about":[{"href":"https:\/\/mundo.seashell.pt\/index.php?rest_route=\/wp\/v2\/types\/product"}],"wp:featuredmedia":[{"embeddable":true,"href":"https:\/\/mundo.seashell.pt\/index.php?rest_route=\/wp\/v2\/media\/6925"}],"wp:attachment":[{"href":"https:\/\/mundo.seashell.pt\/index.php?rest_route=%2Fwp%2Fv2%2Fmedia&parent=6924"}],"wp:term":[{"taxonomy":"product_cat","embeddable":true,"href":"https:\/\/mundo.seashell.pt\/index.php?rest_route=%2Fwp%2Fv2%2Fproduct_cat&post=6924"},{"taxonomy":"product_tag","embeddable":true,"href":"https:\/\/mundo.seashell.pt\/index.php?rest_route=%2Fwp%2Fv2%2Fproduct_tag&post=6924"}],"curies":[{"name":"wp","href":"https:\/\/api.w.org\/{rel}","templated":true}]}}