{"id":6922,"date":"2022-02-23T19:00:34","date_gmt":"2022-02-23T19:00:34","guid":{"rendered":"https:\/\/mundo.seashell.pt\/?post_type=product&#038;p=6922"},"modified":"2022-02-23T19:00:36","modified_gmt":"2022-02-23T19:00:36","slug":"colgate-naturals-limao-75ml","status":"publish","type":"product","link":"https:\/\/mundo.seashell.pt\/?product=colgate-naturals-limao-75ml","title":{"rendered":"Colgate Naturals Lim\u00e3o 75ml"},"content":{"rendered":"<p>Colgate Naturals Lim\u00e3o, inspirado em ingredientes tradicionais asi\u00e1ticos para dentes e gengivas saud\u00e1veis.<\/p>\n<p>Descri\u00e7\u00e3o:<\/p>\n<p>A sua f\u00f3rmula exclusiva cont\u00e9m extratos naturais de plantas e minerais para prote\u00e7\u00e3o di\u00e1ria da boca. Cont\u00e9m \u00f3leo de lim\u00e3o e extrato de alo\u00e9 vera para uma sensa\u00e7\u00e3o de frescura revigorante, com sabor a lim\u00e3o-menta energizante.<\/p>\n<p>Tipo de produto:<\/p>\n<p>Pasta de Dentes Frescura<\/p>\n<p>Benef\u00edcios:<\/p>\n<p>&#8211; Com extratos de alo\u00e9 vera e \u00f3leo de lim\u00e3o;<br \/>&#8211; Sabor energizante a citr\u00edcos e menta;<br \/>&#8211; Experi\u00eancia revigorante e refrescante.<\/p>\n<p>Conselhos de utiliza\u00e7\u00e3o:<\/p>\n<p>Escove cuidadosamente, pelo menos duas vezes por dia, ou de acordo com as indica\u00e7\u00f5es de um profissional de sa\u00fade oral.<\/p>\n<p><\/p>\n","protected":false},"excerpt":{"rendered":"<p>Colgate Naturals Lim\u00e3o, inspirado em ingredientes tradicionais asi\u00e1ticos para dentes e gengivas saud\u00e1veis.<br \/>\nDescri\u00e7\u00e3o:<br \/>\nA sua f\u00f3rmula exclusiva cont\u00e9m extratos naturais de plantas e minerais para prote\u00e7\u00e3o di\u00e1ria da boca. Cont\u00e9m \u00f3leo de lim\u00e3o e extrato de alo\u00e9 vera para uma sensa\u00e7\u00e3o de frescura revigorante, com sabor a lim\u00e3o-me&#8230;<\/p>\n","protected":false},"featured_media":6923,"template":"","meta":{"spay_email":""},"product_cat":[15],"product_tag":[],"class_list":{"0":"post-6922","1":"product","2":"type-product","3":"status-publish","4":"has-post-thumbnail","6":"product_cat-sem-categoria","8":"first","9":"instock","10":"taxable","11":"shipping-taxable","12":"purchasable","13":"product-type-simple"},"acf":[],"jetpack-related-posts":[{"id":6910,"url":"https:\/\/mundo.seashell.pt\/?product=colgate-herbal-75ml","url_meta":{"origin":6922,"position":0},"title":"Colgate Herbal 75ml","date":"Fevereiro 23, 2022","format":false,"excerpt":"Colgate Herbal cont\u00e9m uma combina\u00e7\u00e3o de sais minerais com uma mistura \u00fanica de extractos de plantas com propriedades reconhecidas.Descri\u00e7\u00e3o: Combina o conhecimento cient\u00edfico da Colgate sobre higiene oral com as propriedades das melhores plantas da natureza, para dentes e gengivas mais saud\u00e1veis. Tipo de produto:","rel":"","context":"Similar post","img":{"alt_text":"","src":"https:\/\/i0.wp.com\/mundo.seashell.pt\/wp-content\/uploads\/2022\/02\/Colgate_Herbal_75ml_8714789064406.png?resize=350%2C200&ssl=1","width":350,"height":200},"classes":[]},{"id":6914,"url":"https:\/\/mundo.seashell.pt\/?product=colgate-dentagard-plantas-75ml","url_meta":{"origin":6922,"position":1},"title":"Colgate Dentagard Plantas 75ml","date":"Fevereiro 23, 2022","format":false,"excerpt":"Colgate Dentagard \u00e9 um dent\u00edfrico com fl\u00faor e extratos naturais de camomila, hortel\u00e3, mirra e salva.Descri\u00e7\u00e3o: A escovagem regular com Dentagard mant\u00e9m os dentes fortes, previna a forma\u00e7\u00e3o de placa bacteriana e previne eficazmente a c\u00e1rie. Tipo de produto: Pasta de Dentes Anti-c\u00e1riesBenef\u00edcios:...","rel":"","context":"Similar post","img":{"alt_text":"","src":"https:\/\/i0.wp.com\/mundo.seashell.pt\/wp-content\/uploads\/2022\/02\/Dentagard_Plantas_75_ml_5601123425104.png?resize=350%2C200&ssl=1","width":350,"height":200},"classes":[]},{"id":6920,"url":"https:\/\/mundo.seashell.pt\/?product=colgate-total-original-75ml","url_meta":{"origin":6922,"position":2},"title":"Colgate Total Original 75ml","date":"Fevereiro 23, 2022","format":false,"excerpt":"24H de prote\u00e7\u00e3o superior para a sa\u00fade da bocaDescri\u00e7\u00e3o: A pasta de dentes Colgate Total Original, com ingredientes antibacterianos, combate as bact\u00e9rias nos dentes, l\u00edngua, bochechas e gengivas, para 24h de prote\u00e7\u00e3o superior para a sa\u00fade da boca*.*redu\u00e7\u00e3o das bact\u00e9rias (nos dentes, l\u00edngua, bochechas e gengivas), ap\u00f3s 4...","rel":"","context":"Similar post","img":{"alt_text":"","src":"https:\/\/i0.wp.com\/mundo.seashell.pt\/wp-content\/uploads\/2022\/02\/Colgate_Total_Prot_Placa_Bacteriana_75ml_8718951227033.png?resize=350%2C200&ssl=1","width":350,"height":200},"classes":[]},{"id":6720,"url":"https:\/\/mundo.seashell.pt\/?product=palmolive-champo-035l","url_meta":{"origin":6922,"position":3},"title":"Palmolive Champ\u00f4 350ml","date":"Fevereiro 23, 2022","format":false,"excerpt":"Champ\u00f4 Anti Caspa Palmolive Naturals Quantidade: 350mL O Champ\u00f4 Palmolive Naturals combate eficazmente a caspa e previne o reaparecimento. A f\u00f3rmula \u00fanica, enriquecida com extractos 100% naturais de menta selvagem e urtiga branca purificam delicadamente o couro cabeludo, ajudando a aliviar a comich\u00e3o e a caspa. Para um couro c...","rel":"","context":"Similar post","img":{"alt_text":"","src":"https:\/\/i0.wp.com\/mundo.seashell.pt\/wp-content\/uploads\/2022\/02\/Palmolive_Shampoo_Anti_Caspa_350ml_8714789880495.png?resize=350%2C200&ssl=1","width":350,"height":200},"classes":[]},{"id":6908,"url":"https:\/\/mundo.seashell.pt\/?product=colgate-anti-caries-75ml","url_meta":{"origin":6922,"position":4},"title":"Colgate Anti-C\u00e1ries 75ml","date":"Fevereiro 23, 2022","format":false,"excerpt":"Combate as c\u00e1ries na superf\u00edcie dos dentes e nas ra\u00edzes expostas.Descri\u00e7\u00e3o: Colgate Protection Caries \u00e9 uma pasta de dentes clinicamente comprovada com fl\u00faor que combate as c\u00e1ries na superf\u00edcie dos dentes e nas ra\u00edzes expostas. A f\u00f3rmula de c\u00e1lcio l\u00edquido fortalece os dentes e repara os pontos fracos do esmalte\u2026","rel":"","context":"Similar post","img":{"alt_text":"","src":"https:\/\/i0.wp.com\/mundo.seashell.pt\/wp-content\/uploads\/2022\/02\/ColgateAnti-Ca_ries_75_ml_8410372152306.png?resize=350%2C200&ssl=1","width":350,"height":200},"classes":[]},{"id":6918,"url":"https:\/\/mundo.seashell.pt\/?product=colgate-max-white-one-carvao-75ml","url_meta":{"origin":6922,"position":5},"title":"Colgate Max White One Carv\u00e3o 75ml","date":"Fevereiro 23, 2022","format":false,"excerpt":"Com carv\u00e3o ativado e micropart\u00edculas minerais para um branqueamento mineral suave!Descri\u00e7\u00e3o: Tenha um sorriso branco com a pasta de dentes Colgate Max White Carv\u00e3o. A sua f\u00f3rmula clinicamente comprovada com carv\u00e3o ativado e micropart\u00edculas minerais que removem suavemente at\u00e9 100% das manchas superficiais e restabelecem a b...","rel":"","context":"Similar post","img":{"alt_text":"","src":"https:\/\/i0.wp.com\/mundo.seashell.pt\/wp-content\/uploads\/2022\/02\/Colgate_Max_White_ONE_CARVA_O_75ml_8718951249950.png?resize=350%2C200&ssl=1","width":350,"height":200},"classes":[]}],"_links":{"self":[{"href":"https:\/\/mundo.seashell.pt\/index.php?rest_route=\/wp\/v2\/product\/6922","targetHints":{"allow":["GET"]}}],"collection":[{"href":"https:\/\/mundo.seashell.pt\/index.php?rest_route=\/wp\/v2\/product"}],"about":[{"href":"https:\/\/mundo.seashell.pt\/index.php?rest_route=\/wp\/v2\/types\/product"}],"wp:featuredmedia":[{"embeddable":true,"href":"https:\/\/mundo.seashell.pt\/index.php?rest_route=\/wp\/v2\/media\/6923"}],"wp:attachment":[{"href":"https:\/\/mundo.seashell.pt\/index.php?rest_route=%2Fwp%2Fv2%2Fmedia&parent=6922"}],"wp:term":[{"taxonomy":"product_cat","embeddable":true,"href":"https:\/\/mundo.seashell.pt\/index.php?rest_route=%2Fwp%2Fv2%2Fproduct_cat&post=6922"},{"taxonomy":"product_tag","embeddable":true,"href":"https:\/\/mundo.seashell.pt\/index.php?rest_route=%2Fwp%2Fv2%2Fproduct_tag&post=6922"}],"curies":[{"name":"wp","href":"https:\/\/api.w.org\/{rel}","templated":true}]}}