{"id":6918,"date":"2022-02-23T19:00:30","date_gmt":"2022-02-23T19:00:30","guid":{"rendered":"https:\/\/mundo.seashell.pt\/?post_type=product&#038;p=6918"},"modified":"2022-02-23T19:00:32","modified_gmt":"2022-02-23T19:00:32","slug":"colgate-max-white-one-carvao-75ml","status":"publish","type":"product","link":"https:\/\/mundo.seashell.pt\/?product=colgate-max-white-one-carvao-75ml","title":{"rendered":"Colgate Max White One Carv\u00e3o 75ml"},"content":{"rendered":"<p>Com carv\u00e3o ativado e micropart\u00edculas minerais para um branqueamento mineral suave!<\/p>\n<h3>Descri\u00e7\u00e3o:<\/h3>\n<p>Tenha um sorriso branco com a pasta de dentes Colgate Max White Carv\u00e3o. A sua f\u00f3rmula clinicamente comprovada com carv\u00e3o ativado e micropart\u00edculas minerais que removem suavemente at\u00e9 100% das manchas superficiais e restabelecem a brancura natural dos dentes.<\/p>\n<h3>Tipo de produto:<\/h3>\n<p>Pasta de Dentes Branqueamento<\/p>\n<h3>Benef\u00edcios:<\/h3>\n<p>&#8211; Carv\u00e3o ativado e microparticulas para polir e remover manchas.<br \/>&#8211; Branqueamento mineral suave.<br \/>&#8211; Eliminar at\u00e9 100% das manchas superficiais.<br \/>&#8211; Refresca o h\u00e1lito.<\/p>\n<h3>Conselhos de utiliza\u00e7\u00e3o:<\/h3>\n<p>Aplicar o dent\u00edfrico na cabe\u00e7a da escova de dentes. Escovar durante dois minutos, duas vezes por dia.<\/p><\/p>\n","protected":false},"excerpt":{"rendered":"<p>Com carv\u00e3o ativado e micropart\u00edculas minerais para um branqueamento mineral suave!Descri\u00e7\u00e3o:<br \/>\nTenha um sorriso branco com a pasta de dentes Colgate Max White Carv\u00e3o. A sua f\u00f3rmula clinicamente comprovada com carv\u00e3o ativado e micropart\u00edculas minerais que removem suavemente at\u00e9 100% das manchas superficiais e restabelecem a b&#8230;<\/p>\n","protected":false},"featured_media":6919,"template":"","meta":{"spay_email":""},"product_cat":[15],"product_tag":[],"class_list":{"0":"post-6918","1":"product","2":"type-product","3":"status-publish","4":"has-post-thumbnail","6":"product_cat-sem-categoria","8":"first","9":"instock","10":"taxable","11":"shipping-taxable","12":"purchasable","13":"product-type-simple"},"acf":[],"jetpack-related-posts":[{"id":6916,"url":"https:\/\/mundo.seashell.pt\/?product=colgate-max-white-one-75ml","url_meta":{"origin":6918,"position":0},"title":"Colgate Max White One 75ml","date":"Fevereiro 23, 2022","format":false,"excerpt":"Consegue um tom de dentes mais branco em apenas uma semana! A sua f\u00f3rmula \u00fanica com aceleradores de branqueamento elimina suavemente as manchas e previne o aparecimento de t\u00e1rtaro. Tipo de produto: Pasta de Dentes BranqueamentoBenef\u00edcios: - Clinicamente comprovado para eliminar at\u00e9 100% das manchas s...","rel":"","context":"Similar post","img":{"alt_text":"","src":"https:\/\/i0.wp.com\/mundo.seashell.pt\/wp-content\/uploads\/2022\/02\/Colgate_Max_White_ONE_75ml_8714789574820.png?resize=350%2C200&ssl=1","width":350,"height":200},"classes":[]},{"id":6912,"url":"https:\/\/mundo.seashell.pt\/?product=colgate-max-white-75ml","url_meta":{"origin":6918,"position":1},"title":"Colgate Max White 75ml","date":"Fevereiro 23, 2022","format":false,"excerpt":"Liberta uma explos\u00e3o de poder branqueador para revitalizar a brancura natural dos seus dentes. O resultado \u00e9 um sorriso \u201cMax White\u201d. Tipo de produto: Pasta de Dentes Branqueamento Benef\u00edcios: - Restaura a brancura natural dos dentes;- H\u00e1lito fresco;- Previne as c\u00e1ries. Conselhos de utiliza\u00e7\u00e3o:","rel":"","context":"Similar post","img":{"alt_text":"","src":"https:\/\/i0.wp.com\/mundo.seashell.pt\/wp-content\/uploads\/2022\/02\/Colgate_Max_White_75_ml_8718951315365.png?resize=350%2C200&ssl=1","width":350,"height":200},"classes":[]},{"id":6902,"url":"https:\/\/mundo.seashell.pt\/?product=oral-b-3d-white-brancura-revitalizante-75ml","url_meta":{"origin":6918,"position":2},"title":"Oral B 3D White Brancura Revitalizante 75ml","date":"Fevereiro 23, 2022","format":false,"excerpt":"Oral-B, a marca n.\u00ba 1 recomendada por m\u00e9dicos dentistas em todo o mundo.Tipo de produto: Pasta de Dentes Oral B White Brancura RevitalizanteBenef\u00edcios: - Limpa em zonas de dif\u00edcil acesso;- Frescura duradoura;- Previne o t\u00e1rtaro;- Previne as c\u00e1ries;- Sabor a hortel\u00e3. Conselhos de util...","rel":"","context":"Similar post","img":{"alt_text":"","src":"https:\/\/i0.wp.com\/mundo.seashell.pt\/wp-content\/uploads\/2022\/02\/ORAL-B_3DW_BRANCURA_REVITALIZANTE_75ML__8001090673848.png?resize=350%2C200&ssl=1","width":350,"height":200},"classes":[]},{"id":6894,"url":"https:\/\/mundo.seashell.pt\/?product=colgate-escova-premier-white-1un","url_meta":{"origin":6918,"position":3},"title":"Colgate Escova Premier White 1un","date":"Fevereiro 23, 2022","format":false,"excerpt":"Escova de Dentes ManualBenef\u00edcios: - Limpa os dentes: Filamentos com extremidade de limpeza desenhados para alcan\u00e7ar e limpar eficazmente os dentes de tr\u00e1s;- Remove as manchas superficiais: Os filamentos circulares ajudam a remover as manchas e a revelar a brancura natural dos dentes.- Refresca o h\u00e1lito: com Limpa l\u00edng...","rel":"","context":"Similar post","img":{"alt_text":"","src":"https:\/\/i0.wp.com\/mundo.seashell.pt\/wp-content\/uploads\/2022\/02\/Colgate_Escova_PREMIER_WHITE_8714789733487.png?resize=350%2C200&ssl=1","width":350,"height":200},"classes":[]},{"id":6910,"url":"https:\/\/mundo.seashell.pt\/?product=colgate-herbal-75ml","url_meta":{"origin":6918,"position":4},"title":"Colgate Herbal 75ml","date":"Fevereiro 23, 2022","format":false,"excerpt":"Colgate Herbal cont\u00e9m uma combina\u00e7\u00e3o de sais minerais com uma mistura \u00fanica de extractos de plantas com propriedades reconhecidas.Descri\u00e7\u00e3o: Combina o conhecimento cient\u00edfico da Colgate sobre higiene oral com as propriedades das melhores plantas da natureza, para dentes e gengivas mais saud\u00e1veis. Tipo de produto:","rel":"","context":"Similar post","img":{"alt_text":"","src":"https:\/\/i0.wp.com\/mundo.seashell.pt\/wp-content\/uploads\/2022\/02\/Colgate_Herbal_75ml_8714789064406.png?resize=350%2C200&ssl=1","width":350,"height":200},"classes":[]},{"id":6922,"url":"https:\/\/mundo.seashell.pt\/?product=colgate-naturals-limao-75ml","url_meta":{"origin":6918,"position":5},"title":"Colgate Naturals Lim\u00e3o 75ml","date":"Fevereiro 23, 2022","format":false,"excerpt":"Colgate Naturals Lim\u00e3o, inspirado em ingredientes tradicionais asi\u00e1ticos para dentes e gengivas saud\u00e1veis. Descri\u00e7\u00e3o: A sua f\u00f3rmula exclusiva cont\u00e9m extratos naturais de plantas e minerais para prote\u00e7\u00e3o di\u00e1ria da boca. Cont\u00e9m \u00f3leo de lim\u00e3o e extrato de alo\u00e9 vera para uma sensa\u00e7\u00e3o de frescura revigorante, com sabor a lim\u00e3o-me...","rel":"","context":"Similar post","img":{"alt_text":"","src":"https:\/\/i0.wp.com\/mundo.seashell.pt\/wp-content\/uploads\/2022\/02\/Colgate_NATURALS_FRESH__Lima_o__75ml_8718951131606.png?resize=350%2C200&ssl=1","width":350,"height":200},"classes":[]}],"_links":{"self":[{"href":"https:\/\/mundo.seashell.pt\/index.php?rest_route=\/wp\/v2\/product\/6918","targetHints":{"allow":["GET"]}}],"collection":[{"href":"https:\/\/mundo.seashell.pt\/index.php?rest_route=\/wp\/v2\/product"}],"about":[{"href":"https:\/\/mundo.seashell.pt\/index.php?rest_route=\/wp\/v2\/types\/product"}],"wp:featuredmedia":[{"embeddable":true,"href":"https:\/\/mundo.seashell.pt\/index.php?rest_route=\/wp\/v2\/media\/6919"}],"wp:attachment":[{"href":"https:\/\/mundo.seashell.pt\/index.php?rest_route=%2Fwp%2Fv2%2Fmedia&parent=6918"}],"wp:term":[{"taxonomy":"product_cat","embeddable":true,"href":"https:\/\/mundo.seashell.pt\/index.php?rest_route=%2Fwp%2Fv2%2Fproduct_cat&post=6918"},{"taxonomy":"product_tag","embeddable":true,"href":"https:\/\/mundo.seashell.pt\/index.php?rest_route=%2Fwp%2Fv2%2Fproduct_tag&post=6918"}],"curies":[{"name":"wp","href":"https:\/\/api.w.org\/{rel}","templated":true}]}}