{"id":6916,"date":"2022-02-23T19:00:27","date_gmt":"2022-02-23T19:00:27","guid":{"rendered":"https:\/\/mundo.seashell.pt\/?post_type=product&#038;p=6916"},"modified":"2022-02-23T19:00:30","modified_gmt":"2022-02-23T19:00:30","slug":"colgate-max-white-one-75ml","status":"publish","type":"product","link":"https:\/\/mundo.seashell.pt\/?product=colgate-max-white-one-75ml","title":{"rendered":"Colgate Max White One 75ml"},"content":{"rendered":"<p>Consegue um tom de dentes mais branco em apenas uma semana!<\/p>\n<p>A sua f\u00f3rmula \u00fanica com aceleradores de branqueamento elimina suavemente as manchas e previne o aparecimento de t\u00e1rtaro.<\/p>\n<h3>Tipo de produto:<\/h3>\n<p>Pasta de Dentes Branqueamento<\/p>\n<h3>Benef\u00edcios:<\/h3>\n<p>&#8211; Clinicamente comprovado para eliminar at\u00e9 100% das manchas superficiais;<br \/>&#8211; Dentes um tom mais branco numa semana.<\/p>\n<h3>Conselhos de utiliza\u00e7\u00e3o:<\/h3>\n<p>Escove cuidadosamente, pelo menos duas vezes por dia, ou de acordo com as indica\u00e7\u00f5es de um profissional de sa\u00fade oral.<\/p><\/p>\n","protected":false},"excerpt":{"rendered":"<p>Consegue um tom de dentes mais branco em apenas uma semana!<br \/>\nA sua f\u00f3rmula \u00fanica com aceleradores de branqueamento elimina suavemente as manchas e previne o aparecimento de t\u00e1rtaro.<br \/>\nTipo de produto:<br \/>\nPasta de Dentes BranqueamentoBenef\u00edcios:<br \/>\n&#8211; Clinicamente comprovado para eliminar at\u00e9 100% das manchas s&#8230;<\/p>\n","protected":false},"featured_media":6917,"template":"","meta":{"spay_email":""},"product_cat":[15],"product_tag":[],"class_list":{"0":"post-6916","1":"product","2":"type-product","3":"status-publish","4":"has-post-thumbnail","6":"product_cat-sem-categoria","8":"first","9":"instock","10":"taxable","11":"shipping-taxable","12":"purchasable","13":"product-type-simple"},"acf":[],"jetpack-related-posts":[{"id":6918,"url":"https:\/\/mundo.seashell.pt\/?product=colgate-max-white-one-carvao-75ml","url_meta":{"origin":6916,"position":0},"title":"Colgate Max White One Carv\u00e3o 75ml","date":"Fevereiro 23, 2022","format":false,"excerpt":"Com carv\u00e3o ativado e micropart\u00edculas minerais para um branqueamento mineral suave!Descri\u00e7\u00e3o: Tenha um sorriso branco com a pasta de dentes Colgate Max White Carv\u00e3o. A sua f\u00f3rmula clinicamente comprovada com carv\u00e3o ativado e micropart\u00edculas minerais que removem suavemente at\u00e9 100% das manchas superficiais e restabelecem a b...","rel":"","context":"Similar post","img":{"alt_text":"","src":"https:\/\/i0.wp.com\/mundo.seashell.pt\/wp-content\/uploads\/2022\/02\/Colgate_Max_White_ONE_CARVA_O_75ml_8718951249950.png?resize=350%2C200&ssl=1","width":350,"height":200},"classes":[]},{"id":6902,"url":"https:\/\/mundo.seashell.pt\/?product=oral-b-3d-white-brancura-revitalizante-75ml","url_meta":{"origin":6916,"position":1},"title":"Oral B 3D White Brancura Revitalizante 75ml","date":"Fevereiro 23, 2022","format":false,"excerpt":"Oral-B, a marca n.\u00ba 1 recomendada por m\u00e9dicos dentistas em todo o mundo.Tipo de produto: Pasta de Dentes Oral B White Brancura RevitalizanteBenef\u00edcios: - Limpa em zonas de dif\u00edcil acesso;- Frescura duradoura;- Previne o t\u00e1rtaro;- Previne as c\u00e1ries;- Sabor a hortel\u00e3. Conselhos de util...","rel":"","context":"Similar post","img":{"alt_text":"","src":"https:\/\/i0.wp.com\/mundo.seashell.pt\/wp-content\/uploads\/2022\/02\/ORAL-B_3DW_BRANCURA_REVITALIZANTE_75ML__8001090673848.png?resize=350%2C200&ssl=1","width":350,"height":200},"classes":[]},{"id":6912,"url":"https:\/\/mundo.seashell.pt\/?product=colgate-max-white-75ml","url_meta":{"origin":6916,"position":2},"title":"Colgate Max White 75ml","date":"Fevereiro 23, 2022","format":false,"excerpt":"Liberta uma explos\u00e3o de poder branqueador para revitalizar a brancura natural dos seus dentes. O resultado \u00e9 um sorriso \u201cMax White\u201d. Tipo de produto: Pasta de Dentes Branqueamento Benef\u00edcios: - Restaura a brancura natural dos dentes;- H\u00e1lito fresco;- Previne as c\u00e1ries. Conselhos de utiliza\u00e7\u00e3o:","rel":"","context":"Similar post","img":{"alt_text":"","src":"https:\/\/i0.wp.com\/mundo.seashell.pt\/wp-content\/uploads\/2022\/02\/Colgate_Max_White_75_ml_8718951315365.png?resize=350%2C200&ssl=1","width":350,"height":200},"classes":[]},{"id":6914,"url":"https:\/\/mundo.seashell.pt\/?product=colgate-dentagard-plantas-75ml","url_meta":{"origin":6916,"position":3},"title":"Colgate Dentagard Plantas 75ml","date":"Fevereiro 23, 2022","format":false,"excerpt":"Colgate Dentagard \u00e9 um dent\u00edfrico com fl\u00faor e extratos naturais de camomila, hortel\u00e3, mirra e salva.Descri\u00e7\u00e3o: A escovagem regular com Dentagard mant\u00e9m os dentes fortes, previna a forma\u00e7\u00e3o de placa bacteriana e previne eficazmente a c\u00e1rie. Tipo de produto: Pasta de Dentes Anti-c\u00e1riesBenef\u00edcios:...","rel":"","context":"Similar post","img":{"alt_text":"","src":"https:\/\/i0.wp.com\/mundo.seashell.pt\/wp-content\/uploads\/2022\/02\/Dentagard_Plantas_75_ml_5601123425104.png?resize=350%2C200&ssl=1","width":350,"height":200},"classes":[]},{"id":6920,"url":"https:\/\/mundo.seashell.pt\/?product=colgate-total-original-75ml","url_meta":{"origin":6916,"position":4},"title":"Colgate Total Original 75ml","date":"Fevereiro 23, 2022","format":false,"excerpt":"24H de prote\u00e7\u00e3o superior para a sa\u00fade da bocaDescri\u00e7\u00e3o: A pasta de dentes Colgate Total Original, com ingredientes antibacterianos, combate as bact\u00e9rias nos dentes, l\u00edngua, bochechas e gengivas, para 24h de prote\u00e7\u00e3o superior para a sa\u00fade da boca*.*redu\u00e7\u00e3o das bact\u00e9rias (nos dentes, l\u00edngua, bochechas e gengivas), ap\u00f3s 4...","rel":"","context":"Similar post","img":{"alt_text":"","src":"https:\/\/i0.wp.com\/mundo.seashell.pt\/wp-content\/uploads\/2022\/02\/Colgate_Total_Prot_Placa_Bacteriana_75ml_8718951227033.png?resize=350%2C200&ssl=1","width":350,"height":200},"classes":[]},{"id":6910,"url":"https:\/\/mundo.seashell.pt\/?product=colgate-herbal-75ml","url_meta":{"origin":6916,"position":5},"title":"Colgate Herbal 75ml","date":"Fevereiro 23, 2022","format":false,"excerpt":"Colgate Herbal cont\u00e9m uma combina\u00e7\u00e3o de sais minerais com uma mistura \u00fanica de extractos de plantas com propriedades reconhecidas.Descri\u00e7\u00e3o: Combina o conhecimento cient\u00edfico da Colgate sobre higiene oral com as propriedades das melhores plantas da natureza, para dentes e gengivas mais saud\u00e1veis. Tipo de produto:","rel":"","context":"Similar post","img":{"alt_text":"","src":"https:\/\/i0.wp.com\/mundo.seashell.pt\/wp-content\/uploads\/2022\/02\/Colgate_Herbal_75ml_8714789064406.png?resize=350%2C200&ssl=1","width":350,"height":200},"classes":[]}],"_links":{"self":[{"href":"https:\/\/mundo.seashell.pt\/index.php?rest_route=\/wp\/v2\/product\/6916","targetHints":{"allow":["GET"]}}],"collection":[{"href":"https:\/\/mundo.seashell.pt\/index.php?rest_route=\/wp\/v2\/product"}],"about":[{"href":"https:\/\/mundo.seashell.pt\/index.php?rest_route=\/wp\/v2\/types\/product"}],"wp:featuredmedia":[{"embeddable":true,"href":"https:\/\/mundo.seashell.pt\/index.php?rest_route=\/wp\/v2\/media\/6917"}],"wp:attachment":[{"href":"https:\/\/mundo.seashell.pt\/index.php?rest_route=%2Fwp%2Fv2%2Fmedia&parent=6916"}],"wp:term":[{"taxonomy":"product_cat","embeddable":true,"href":"https:\/\/mundo.seashell.pt\/index.php?rest_route=%2Fwp%2Fv2%2Fproduct_cat&post=6916"},{"taxonomy":"product_tag","embeddable":true,"href":"https:\/\/mundo.seashell.pt\/index.php?rest_route=%2Fwp%2Fv2%2Fproduct_tag&post=6916"}],"curies":[{"name":"wp","href":"https:\/\/api.w.org\/{rel}","templated":true}]}}